{"id":21409,"date":"2024-04-12T18:03:31","date_gmt":"2024-04-12T16:03:31","guid":{"rendered":"https:\/\/www.akuplastics.com\/raklaphegeszto-gepek\/"},"modified":"2025-03-29T16:41:29","modified_gmt":"2025-03-29T15:41:29","slug":"raklaphegeszto-gepek","status":"publish","type":"page","link":"https:\/\/www.akuplastics.com\/hu\/raklaphegeszto-gepek\/","title":{"rendered":"Raklaphegeszt\u0151 g\u00e9pek"},"content":{"rendered":"\t\t<div data-elementor-type=\"wp-page\" data-elementor-id=\"21409\" class=\"elementor elementor-21409 elementor-21378\" data-elementor-post-type=\"page\">\n\t\t\t\t\t\t<section class=\"elementor-section elementor-top-section elementor-element elementor-element-20ab3f5 elementor-section-boxed elementor-section-height-default elementor-section-height-default\" data-id=\"20ab3f5\" data-element_type=\"section\" data-e-type=\"section\">\n\t\t\t\t\t\t<div class=\"elementor-container elementor-column-gap-default\">\n\t\t\t\t\t<div class=\"elementor-column elementor-col-50 elementor-top-column elementor-element elementor-element-0c3e5d5\" data-id=\"0c3e5d5\" data-element_type=\"column\" data-e-type=\"column\">\n\t\t\t<div class=\"elementor-widget-wrap elementor-element-populated\">\n\t\t\t\t\t\t<div class=\"elementor-element elementor-element-b47ab76 elementor-widget__width-initial elementor-widget elementor-widget-text-editor\" data-id=\"b47ab76\" data-element_type=\"widget\" data-e-type=\"widget\" data-widget_type=\"text-editor.default\">\n\t\t\t\t<div class=\"elementor-widget-container\">\n\t\t\t\t\t\t\t\t\t<h1>Automatiz\u00e1lt raklaphegeszt\u0151 g\u00e9p nagym\u00e9ret\u0171 raklapok, raklapalapok \u00e9s fedelek hegeszt\u00e9s\u00e9hez<\/h1>\n<\/p>\n<p>Az SP raklaphegeszt\u0151 g\u00e9pek <span style=\"color: var( --e-global-color-text ); font-family: var( --e-global-typography-text-font-family ), arial; font-size: var( --e-global-typography-text-font-size ); font-weight: var( --e-global-typography-text-font-weight ); letter-spacing: 0px;\">robusztus, speci\u00e1lis g\u00e9pek, amelyeket kifejezetten nagym\u00e9ret\u0171 raklapok, valamint raklapalapok \u00e9s -fedelek hegeszt\u00e9s\u00e9re fejlesztettek ki<\/span>.<\/p>\n<p><span style=\"color: var( --e-global-color-text ); font-family: var( --e-global-typography-text-font-family ), arial; font-size: var( --e-global-typography-text-font-size ); font-weight: var( --e-global-typography-text-font-weight ); letter-spacing: 0px;\"> <\/span><\/p>\n<p><strong>A hegeszt\u00e9si ciklus teljesen automatikusan zajlik, \u00e9s a legfontosabb hegeszt\u00e9si param\u00e9terek opcion\u00e1lisan meghat\u00e1rozhat\u00f3k a f\u0151sz\u00e1m\u00edt\u00f3g\u00e9pen kereszt\u00fcl.<\/strong><\/p>\n<p><strong> <\/strong><\/p>\n<p>A sz\u00e1m\u00edt\u00f3g\u00e9p \u00e1ltal javasolt \u00e9rt\u00e9keket a kezel\u0151 korrig\u00e1lhatja vagy m\u00f3dos\u00edthatja.<\/p>\n<p>A standard g\u00e9pen a k\u00f6t\u0151er\u0151t k\u00e9zzel, egy nyom\u00e1sszab\u00e1lyoz\u00f3 szelep seg\u00edts\u00e9g\u00e9vel \u00e1ll\u00edtj\u00e1k be.<\/p>\n<\/p>\n<p><strong>Ha az asztali er\u0151k vez\u00e9rl\u00e9s\u00e9t a f\u0151sz\u00e1m\u00edt\u00f3g\u00e9pnek kell \u00e1tvennie, akkor fel\u00e1r ellen\u00e9ben az er\u0151szab\u00e1lyoz\u00e1st egy ar\u00e1nyos szeleppel b\u0151v\u00edthetj\u00fck.<\/strong><\/p>\n<p><strong> <\/strong><\/p>\n<p>A munkasz\u00e9less\u00e9g v\u00e1laszthat\u00f3an 1,2 m, 1,5 m vagy 2,0 m, ahol a legnagyobb hegesztend\u0151 v\u00e1g\u00e1si fel\u00fclet 300 mm.<\/p>\n<\/p>\n<p><strong>A g\u00e9pek alkalmasak az \u00f6sszes szok\u00e1sos h\u0151re l\u00e1gyul\u00f3 anyag megmunk\u00e1l\u00e1s\u00e1ra.<\/strong><\/p>\n\t\t\t\t\t\t\t\t<\/div>\n\t\t\t\t<\/div>\n\t\t\t\t\t<\/div>\n\t\t<\/div>\n\t\t\t\t<div class=\"elementor-column elementor-col-50 elementor-top-column elementor-element elementor-element-28dbbbc\" data-id=\"28dbbbc\" data-element_type=\"column\" data-e-type=\"column\">\n\t\t\t<div class=\"elementor-widget-wrap elementor-element-populated\">\n\t\t\t\t\t\t<div class=\"elementor-element elementor-element-ed8acd1 elementor-widget elementor-widget-image\" data-id=\"ed8acd1\" data-element_type=\"widget\" data-e-type=\"widget\" data-widget_type=\"image.default\">\n\t\t\t\t<div class=\"elementor-widget-container\">\n\t\t\t\t\t\t\t\t\t\t\t\t<figure class=\"wp-caption\">\n\t\t\t\t\t\t\t\t\t\t<img loading=\"lazy\" decoding=\"async\" width=\"300\" height=\"267\" src=\"https:\/\/www.akuplastics.com\/wp-content\/uploads\/2024\/04\/Serienschweissanlage-Kunststoffformteile-1-300x267.jpg\" class=\"attachment-medium size-medium wp-image-21382\" alt=\"Palettenschwei\u00dfmaschinen\" srcset=\"https:\/\/www.akuplastics.com\/wp-content\/uploads\/2024\/04\/Serienschweissanlage-Kunststoffformteile-1-300x267.jpg 300w, https:\/\/www.akuplastics.com\/wp-content\/uploads\/2024\/04\/Serienschweissanlage-Kunststoffformteile-1-768x684.jpg 768w, https:\/\/www.akuplastics.com\/wp-content\/uploads\/2024\/04\/Serienschweissanlage-Kunststoffformteile-1.jpg 1024w\" sizes=\"auto, (max-width: 300px) 100vw, 300px\" \/>\t\t\t\t\t\t\t\t\t\t\t<figcaption class=\"widget-image-caption wp-caption-text\">Raklaphegeszt\u0151 g\u00e9pek nagym\u00e9ret\u0171 m\u0171anyag raklapok \u00e9s raklapalapok vagy fedelek hegeszt\u00e9s\u00e9re.<\/figcaption>\n\t\t\t\t\t\t\t\t\t\t<\/figure>\n\t\t\t\t\t\t\t\t\t<\/div>\n\t\t\t\t<\/div>\n\t\t\t\t<div class=\"elementor-element elementor-element-9c6da01 elementor-widget elementor-widget-video\" data-id=\"9c6da01\" data-element_type=\"widget\" data-e-type=\"widget\" data-settings=\"{&quot;video_type&quot;:&quot;hosted&quot;,&quot;controls&quot;:&quot;yes&quot;}\" data-widget_type=\"video.default\">\n\t\t\t\t<div class=\"elementor-widget-container\">\n\t\t\t\t\t\t\t<div class=\"e-hosted-video elementor-wrapper elementor-open-inline\">\n\t\t\t\t\t<video class=\"elementor-video\" src=\"https:\/\/www.akuplastics.com\/wp-content\/uploads\/2025\/03\/AKU-KG-Palettenschweissanlage.webm\" controls=\"\" preload=\"metadata\" controlsList=\"nodownload\" poster=\"https:\/\/www.akuplastics.com\/wp-content\/uploads\/2024\/04\/Serienschweissanlage-Kunststoffformteile-1.jpg\"><\/video>\n\t\t\t\t<\/div>\n\t\t\t\t\t\t<\/div>\n\t\t\t\t<\/div>\n\t\t\t\t\t<\/div>\n\t\t<\/div>\n\t\t\t\t\t<\/div>\n\t\t<\/section>\n\t\t\t\t<\/div>\n\t\t","protected":false},"excerpt":{"rendered":"<p>Automatiz\u00e1lt raklaphegeszt\u0151 g\u00e9p nagym\u00e9ret\u0171 raklapok, raklapalapok \u00e9s fedelek hegeszt\u00e9s\u00e9hez Az SP raklaphegeszt\u0151 g\u00e9pek robusztus, speci\u00e1lis g\u00e9pek, amelyeket kifejezetten nagym\u00e9ret\u0171 raklapok, valamint raklapalapok \u00e9s -fedelek hegeszt\u00e9s\u00e9re fejlesztettek ki. A hegeszt\u00e9si ciklus teljesen automatikusan zajlik, \u00e9s a legfontosabb hegeszt\u00e9si param\u00e9terek opcion\u00e1lisan meghat\u00e1rozhat\u00f3k a f\u0151sz\u00e1m\u00edt\u00f3g\u00e9pen kereszt\u00fcl. A sz\u00e1m\u00edt\u00f3g\u00e9p \u00e1ltal javasolt \u00e9rt\u00e9keket a kezel\u0151 korrig\u00e1lhatja vagy m\u00f3dos\u00edthatja. A standard [&hellip;]<\/p>\n","protected":false},"author":3,"featured_media":0,"parent":0,"menu_order":0,"comment_status":"closed","ping_status":"closed","template":"elementor_header_footer","meta":{"iawp_total_views":9,"footnotes":""},"class_list":["post-21409","page","type-page","status-publish","hentry"],"yoast_head":"<!-- This site is optimized with the Yoast SEO Premium plugin v27.4 (Yoast SEO v27.5) - https:\/\/yoast.com\/product\/yoast-seo-premium-wordpress\/ -->\n<title>Raklap m\u0171anyag hegeszt\u0151g\u00e9p Hegeszt\u00e9si rendszer Hegeszt\u00e9s m\u0171anyagb\u00f3l<\/title>\n<meta name=\"description\" content=\"Az SP raklaphegeszt\u0151 g\u00e9pek robusztus, speci\u00e1lis g\u00e9pek, amelyeket kifejezetten nagym\u00e9ret\u0171 raklapok, valamint raklapalapok \u00e9s -fedelek hegeszt\u00e9s\u00e9re fejlesztettek ki. A hegeszt\u00e9si ciklus teljesen automatikusan fut\" \/>\n<meta name=\"robots\" content=\"index, follow, max-snippet:-1, max-image-preview:large, max-video-preview:-1\" \/>\n<link rel=\"canonical\" href=\"https:\/\/www.akuplastics.com\/hu\/raklaphegeszto-gepek\/\" \/>\n<script type=\"application\/ld+json\" class=\"yoast-schema-graph\">{\"@context\":\"https:\\\/\\\/schema.org\",\"@graph\":[{\"@type\":\"WebPage\",\"@id\":\"https:\\\/\\\/www.akuplastics.com\\\/hu\\\/raklaphegeszto-gepek\\\/\",\"url\":\"https:\\\/\\\/www.akuplastics.com\\\/hu\\\/raklaphegeszto-gepek\\\/\",\"name\":\"Raklap m\u0171anyag hegeszt\u0151g\u00e9p Hegeszt\u00e9si rendszer Hegeszt\u00e9s m\u0171anyagb\u00f3l\",\"isPartOf\":{\"@id\":\"https:\\\/\\\/www.akuplastics.com\\\/hu\\\/#website\"},\"primaryImageOfPage\":{\"@id\":\"https:\\\/\\\/www.akuplastics.com\\\/hu\\\/raklaphegeszto-gepek\\\/#primaryimage\"},\"image\":{\"@id\":\"https:\\\/\\\/www.akuplastics.com\\\/hu\\\/raklaphegeszto-gepek\\\/#primaryimage\"},\"thumbnailUrl\":\"https:\\\/\\\/www.akuplastics.com\\\/wp-content\\\/uploads\\\/2024\\\/04\\\/Serienschweissanlage-Kunststoffformteile-1-300x267.jpg\",\"datePublished\":\"2024-04-12T16:03:31+00:00\",\"dateModified\":\"2025-03-29T15:41:29+00:00\",\"description\":\"Az SP raklaphegeszt\u0151 g\u00e9pek robusztus, speci\u00e1lis g\u00e9pek, amelyeket kifejezetten nagym\u00e9ret\u0171 raklapok, valamint raklapalapok \u00e9s -fedelek hegeszt\u00e9s\u00e9re fejlesztettek ki. A hegeszt\u00e9si ciklus teljesen automatikusan fut\",\"breadcrumb\":{\"@id\":\"https:\\\/\\\/www.akuplastics.com\\\/hu\\\/raklaphegeszto-gepek\\\/#breadcrumb\"},\"inLanguage\":\"hu\",\"potentialAction\":[{\"@type\":\"ReadAction\",\"target\":[\"https:\\\/\\\/www.akuplastics.com\\\/hu\\\/raklaphegeszto-gepek\\\/\"]}]},{\"@type\":\"ImageObject\",\"inLanguage\":\"hu\",\"@id\":\"https:\\\/\\\/www.akuplastics.com\\\/hu\\\/raklaphegeszto-gepek\\\/#primaryimage\",\"url\":\"https:\\\/\\\/www.akuplastics.com\\\/wp-content\\\/uploads\\\/2024\\\/04\\\/Serienschweissanlage-Kunststoffformteile-1-300x267.jpg\",\"contentUrl\":\"https:\\\/\\\/www.akuplastics.com\\\/wp-content\\\/uploads\\\/2024\\\/04\\\/Serienschweissanlage-Kunststoffformteile-1-300x267.jpg\"},{\"@type\":\"BreadcrumbList\",\"@id\":\"https:\\\/\\\/www.akuplastics.com\\\/hu\\\/raklaphegeszto-gepek\\\/#breadcrumb\",\"itemListElement\":[{\"@type\":\"ListItem\",\"position\":1,\"name\":\"Kezd\u0151lap\",\"item\":\"https:\\\/\\\/www.akuplastics.com\\\/hu\\\/\"},{\"@type\":\"ListItem\",\"position\":2,\"name\":\"Raklaphegeszt\u0151 g\u00e9pek\"}]},{\"@type\":\"WebSite\",\"@id\":\"https:\\\/\\\/www.akuplastics.com\\\/hu\\\/#website\",\"url\":\"https:\\\/\\\/www.akuplastics.com\\\/hu\\\/\",\"name\":\"Semi-Finished Products \u2013 Finished Parts \u2013 Ventilation Moulded Parts \u2013 Machines\",\"description\":\"Halbzeuge, Halbfabrikate, Kunststoffhalbzeuge, Kunststoffhalbfabrikate\",\"publisher\":{\"@id\":\"https:\\\/\\\/www.akuplastics.com\\\/hu\\\/#organization\"},\"alternateName\":\"AKUPLASTICS \u2013 Engineering in Plastics\",\"potentialAction\":[{\"@type\":\"SearchAction\",\"target\":{\"@type\":\"EntryPoint\",\"urlTemplate\":\"https:\\\/\\\/www.akuplastics.com\\\/hu\\\/?s={search_term_string}\"},\"query-input\":{\"@type\":\"PropertyValueSpecification\",\"valueRequired\":true,\"valueName\":\"search_term_string\"}}],\"inLanguage\":\"hu\"},{\"@type\":\"Organization\",\"@id\":\"https:\\\/\\\/www.akuplastics.com\\\/hu\\\/#organization\",\"name\":\"Ing. Christian Ahlborn e.U.\",\"alternateName\":\"AKU\",\"url\":\"https:\\\/\\\/www.akuplastics.com\\\/hu\\\/\",\"logo\":{\"@type\":\"ImageObject\",\"inLanguage\":\"hu\",\"@id\":\"https:\\\/\\\/www.akuplastics.com\\\/hu\\\/#\\\/schema\\\/logo\\\/image\\\/\",\"url\":\"https:\\\/\\\/www.akuplastics.com\\\/wp-content\\\/uploads\\\/2020\\\/07\\\/Grafik14-inkl-r.png\",\"contentUrl\":\"https:\\\/\\\/www.akuplastics.com\\\/wp-content\\\/uploads\\\/2020\\\/07\\\/Grafik14-inkl-r.png\",\"width\":1994,\"height\":743,\"caption\":\"Ing. Christian Ahlborn e.U.\"},\"image\":{\"@id\":\"https:\\\/\\\/www.akuplastics.com\\\/hu\\\/#\\\/schema\\\/logo\\\/image\\\/\"}}]}<\/script>\n<!-- \/ Yoast SEO Premium plugin. -->","yoast_head_json":{"title":"Raklap m\u0171anyag hegeszt\u0151g\u00e9p Hegeszt\u00e9si rendszer Hegeszt\u00e9s m\u0171anyagb\u00f3l","description":"Az SP raklaphegeszt\u0151 g\u00e9pek robusztus, speci\u00e1lis g\u00e9pek, amelyeket kifejezetten nagym\u00e9ret\u0171 raklapok, valamint raklapalapok \u00e9s -fedelek hegeszt\u00e9s\u00e9re fejlesztettek ki. A hegeszt\u00e9si ciklus teljesen automatikusan fut","robots":{"index":"index","follow":"follow","max-snippet":"max-snippet:-1","max-image-preview":"max-image-preview:large","max-video-preview":"max-video-preview:-1"},"canonical":"https:\/\/www.akuplastics.com\/hu\/raklaphegeszto-gepek\/","schema":{"@context":"https:\/\/schema.org","@graph":[{"@type":"WebPage","@id":"https:\/\/www.akuplastics.com\/hu\/raklaphegeszto-gepek\/","url":"https:\/\/www.akuplastics.com\/hu\/raklaphegeszto-gepek\/","name":"Raklap m\u0171anyag hegeszt\u0151g\u00e9p Hegeszt\u00e9si rendszer Hegeszt\u00e9s m\u0171anyagb\u00f3l","isPartOf":{"@id":"https:\/\/www.akuplastics.com\/hu\/#website"},"primaryImageOfPage":{"@id":"https:\/\/www.akuplastics.com\/hu\/raklaphegeszto-gepek\/#primaryimage"},"image":{"@id":"https:\/\/www.akuplastics.com\/hu\/raklaphegeszto-gepek\/#primaryimage"},"thumbnailUrl":"https:\/\/www.akuplastics.com\/wp-content\/uploads\/2024\/04\/Serienschweissanlage-Kunststoffformteile-1-300x267.jpg","datePublished":"2024-04-12T16:03:31+00:00","dateModified":"2025-03-29T15:41:29+00:00","description":"Az SP raklaphegeszt\u0151 g\u00e9pek robusztus, speci\u00e1lis g\u00e9pek, amelyeket kifejezetten nagym\u00e9ret\u0171 raklapok, valamint raklapalapok \u00e9s -fedelek hegeszt\u00e9s\u00e9re fejlesztettek ki. A hegeszt\u00e9si ciklus teljesen automatikusan fut","breadcrumb":{"@id":"https:\/\/www.akuplastics.com\/hu\/raklaphegeszto-gepek\/#breadcrumb"},"inLanguage":"hu","potentialAction":[{"@type":"ReadAction","target":["https:\/\/www.akuplastics.com\/hu\/raklaphegeszto-gepek\/"]}]},{"@type":"ImageObject","inLanguage":"hu","@id":"https:\/\/www.akuplastics.com\/hu\/raklaphegeszto-gepek\/#primaryimage","url":"https:\/\/www.akuplastics.com\/wp-content\/uploads\/2024\/04\/Serienschweissanlage-Kunststoffformteile-1-300x267.jpg","contentUrl":"https:\/\/www.akuplastics.com\/wp-content\/uploads\/2024\/04\/Serienschweissanlage-Kunststoffformteile-1-300x267.jpg"},{"@type":"BreadcrumbList","@id":"https:\/\/www.akuplastics.com\/hu\/raklaphegeszto-gepek\/#breadcrumb","itemListElement":[{"@type":"ListItem","position":1,"name":"Kezd\u0151lap","item":"https:\/\/www.akuplastics.com\/hu\/"},{"@type":"ListItem","position":2,"name":"Raklaphegeszt\u0151 g\u00e9pek"}]},{"@type":"WebSite","@id":"https:\/\/www.akuplastics.com\/hu\/#website","url":"https:\/\/www.akuplastics.com\/hu\/","name":"Semi-Finished Products \u2013 Finished Parts \u2013 Ventilation Moulded Parts \u2013 Machines","description":"Halbzeuge, Halbfabrikate, Kunststoffhalbzeuge, Kunststoffhalbfabrikate","publisher":{"@id":"https:\/\/www.akuplastics.com\/hu\/#organization"},"alternateName":"AKUPLASTICS \u2013 Engineering in Plastics","potentialAction":[{"@type":"SearchAction","target":{"@type":"EntryPoint","urlTemplate":"https:\/\/www.akuplastics.com\/hu\/?s={search_term_string}"},"query-input":{"@type":"PropertyValueSpecification","valueRequired":true,"valueName":"search_term_string"}}],"inLanguage":"hu"},{"@type":"Organization","@id":"https:\/\/www.akuplastics.com\/hu\/#organization","name":"Ing. Christian Ahlborn e.U.","alternateName":"AKU","url":"https:\/\/www.akuplastics.com\/hu\/","logo":{"@type":"ImageObject","inLanguage":"hu","@id":"https:\/\/www.akuplastics.com\/hu\/#\/schema\/logo\/image\/","url":"https:\/\/www.akuplastics.com\/wp-content\/uploads\/2020\/07\/Grafik14-inkl-r.png","contentUrl":"https:\/\/www.akuplastics.com\/wp-content\/uploads\/2020\/07\/Grafik14-inkl-r.png","width":1994,"height":743,"caption":"Ing. Christian Ahlborn e.U."},"image":{"@id":"https:\/\/www.akuplastics.com\/hu\/#\/schema\/logo\/image\/"}}]}},"_links":{"self":[{"href":"https:\/\/www.akuplastics.com\/hu\/wp-json\/wp\/v2\/pages\/21409","targetHints":{"allow":["GET"]}}],"collection":[{"href":"https:\/\/www.akuplastics.com\/hu\/wp-json\/wp\/v2\/pages"}],"about":[{"href":"https:\/\/www.akuplastics.com\/hu\/wp-json\/wp\/v2\/types\/page"}],"author":[{"embeddable":true,"href":"https:\/\/www.akuplastics.com\/hu\/wp-json\/wp\/v2\/users\/3"}],"replies":[{"embeddable":true,"href":"https:\/\/www.akuplastics.com\/hu\/wp-json\/wp\/v2\/comments?post=21409"}],"version-history":[{"count":7,"href":"https:\/\/www.akuplastics.com\/hu\/wp-json\/wp\/v2\/pages\/21409\/revisions"}],"predecessor-version":[{"id":26532,"href":"https:\/\/www.akuplastics.com\/hu\/wp-json\/wp\/v2\/pages\/21409\/revisions\/26532"}],"wp:attachment":[{"href":"https:\/\/www.akuplastics.com\/hu\/wp-json\/wp\/v2\/media?parent=21409"}],"curies":[{"name":"wp","href":"https:\/\/api.w.org\/{rel}","templated":true}]}}