{"id":21365,"date":"2024-04-12T17:53:26","date_gmt":"2024-04-12T15:53:26","guid":{"rendered":"https:\/\/www.akuplastics.com\/muanyag-oentoett-alkatresz-sorozathegeszto-gep\/"},"modified":"2024-04-18T16:02:49","modified_gmt":"2024-04-18T14:02:49","slug":"muanyag-oentoett-alkatresz-sorozathegeszto-gep","status":"publish","type":"page","link":"https:\/\/www.akuplastics.com\/hu\/muanyag-oentoett-alkatresz-sorozathegeszto-gep\/","title":{"rendered":"M\u0171anyag \u00f6nt\u00f6tt alkatr\u00e9sz sorozathegeszt\u0151 g\u00e9p"},"content":{"rendered":"\t\t<div data-elementor-type=\"wp-page\" data-elementor-id=\"21365\" class=\"elementor elementor-21365 elementor-21334\" data-elementor-post-type=\"page\">\n\t\t\t\t\t\t<section class=\"elementor-section elementor-top-section elementor-element elementor-element-20ab3f5 elementor-section-boxed elementor-section-height-default elementor-section-height-default\" data-id=\"20ab3f5\" data-element_type=\"section\" data-e-type=\"section\">\n\t\t\t\t\t\t<div class=\"elementor-container elementor-column-gap-default\">\n\t\t\t\t\t<div class=\"elementor-column elementor-col-50 elementor-top-column elementor-element elementor-element-0c3e5d5\" data-id=\"0c3e5d5\" data-element_type=\"column\" data-e-type=\"column\">\n\t\t\t<div class=\"elementor-widget-wrap elementor-element-populated\">\n\t\t\t\t\t\t<div class=\"elementor-element elementor-element-b47ab76 elementor-widget__width-initial elementor-widget elementor-widget-text-editor\" data-id=\"b47ab76\" data-element_type=\"widget\" data-e-type=\"widget\" data-widget_type=\"text-editor.default\">\n\t\t\t\t<div class=\"elementor-widget-container\">\n\t\t\t\t\t\t\t\t\t<h1>Automatiz\u00e1lt sorozathegeszt\u0151 g\u00e9p m\u0171anyag alkatr\u00e9szekhez<\/h1>\n<p>Az X-SSM modellsorozat m\u0171anyag \u00f6nt\u00f6tt alkatr\u00e9sz hegeszt\u0151g\u00e9pei a k\u00f6vetkez\u0151k<\/p>\n<\/p>\n<ul>\n<li>modul\u00e1ris g\u00e9pek, amelyek alkalmasak<\/li>\n<li>Automatiz\u00e1lt sorozathegeszt\u00e9s<\/li>\n<li>form\u00e1zott alkatr\u00e9szek tervez\u00e9se.<\/li>\n<\/ul>\n<p><strong>A vez\u00e9rl\u00e9s egy integr\u00e1lt PLC-n kereszt\u00fcl t\u00f6rt\u00e9nik, a hegeszt\u00e9si ciklus teljesen automatikusan fut. <\/strong><\/p>\n<p><strong> <\/strong><\/p>\n<p>A param\u00e9terek a kijelz\u0151n \u00e9s m\u00e1s kezel\u0151elemeken kereszt\u00fcl \u00e1ll\u00edthat\u00f3k be.<\/p>\n<p><span style=\"color: var( --e-global-color-text ); font-family: var( --e-global-typography-text-font-family ), arial; font-size: var( --e-global-typography-text-font-size ); font-weight: var( --e-global-typography-text-font-weight ); letter-spacing: 0px;\">Az olvad\u00e1si \u00e9s az illeszt\u00e9si \u00fatvonal mechanikus v\u00e9g\u00e1ll\u00e1sok seg\u00edts\u00e9g\u00e9vel van be\u00e1ll\u00edtva.<\/span><\/p>\n\t\t\t\t\t\t\t\t<\/div>\n\t\t\t\t<\/div>\n\t\t\t\t\t<\/div>\n\t\t<\/div>\n\t\t\t\t<div class=\"elementor-column elementor-col-50 elementor-top-column elementor-element elementor-element-28dbbbc\" data-id=\"28dbbbc\" data-element_type=\"column\" data-e-type=\"column\">\n\t\t\t<div class=\"elementor-widget-wrap elementor-element-populated\">\n\t\t\t\t\t\t<div class=\"elementor-element elementor-element-ed8acd1 elementor-widget elementor-widget-image\" data-id=\"ed8acd1\" data-element_type=\"widget\" data-e-type=\"widget\" data-widget_type=\"image.default\">\n\t\t\t\t<div class=\"elementor-widget-container\">\n\t\t\t\t\t\t\t\t\t\t\t\t<figure class=\"wp-caption\">\n\t\t\t\t\t\t\t\t\t\t<img loading=\"lazy\" decoding=\"async\" width=\"300\" height=\"267\" src=\"https:\/\/www.akuplastics.com\/wp-content\/uploads\/2024\/04\/Serienschweissanlage-Kunststoffformteile-300x267.jpg\" class=\"attachment-medium size-medium wp-image-21338\" alt=\"Automatisierte  Serienschwei\u00dfmaschine f\u00fcr Kunststoffformteile\" srcset=\"https:\/\/www.akuplastics.com\/wp-content\/uploads\/2024\/04\/Serienschweissanlage-Kunststoffformteile-300x267.jpg 300w, https:\/\/www.akuplastics.com\/wp-content\/uploads\/2024\/04\/Serienschweissanlage-Kunststoffformteile-768x684.jpg 768w, https:\/\/www.akuplastics.com\/wp-content\/uploads\/2024\/04\/Serienschweissanlage-Kunststoffformteile.jpg 1024w\" sizes=\"auto, (max-width: 300px) 100vw, 300px\" \/>\t\t\t\t\t\t\t\t\t\t\t<figcaption class=\"widget-image-caption wp-caption-text\">Automatiz\u00e1lt sorozathegeszt\u0151 g\u00e9p m\u0171anyag \u00f6nt\u00f6tt alkatr\u00e9szekhez<\/figcaption>\n\t\t\t\t\t\t\t\t\t\t<\/figure>\n\t\t\t\t\t\t\t\t\t<\/div>\n\t\t\t\t<\/div>\n\t\t\t\t\t<\/div>\n\t\t<\/div>\n\t\t\t\t\t<\/div>\n\t\t<\/section>\n\t\t\t\t<\/div>\n\t\t","protected":false},"excerpt":{"rendered":"<p>Automatiz\u00e1lt sorozathegeszt\u0151 g\u00e9p m\u0171anyag alkatr\u00e9szekhez Az X-SSM modellsorozat m\u0171anyag \u00f6nt\u00f6tt alkatr\u00e9sz hegeszt\u0151g\u00e9pei a k\u00f6vetkez\u0151k modul\u00e1ris g\u00e9pek, amelyek alkalmasak Automatiz\u00e1lt sorozathegeszt\u00e9s form\u00e1zott alkatr\u00e9szek tervez\u00e9se. A vez\u00e9rl\u00e9s egy integr\u00e1lt PLC-n kereszt\u00fcl t\u00f6rt\u00e9nik, a hegeszt\u00e9si ciklus teljesen automatikusan fut. A param\u00e9terek a kijelz\u0151n \u00e9s m\u00e1s kezel\u0151elemeken kereszt\u00fcl \u00e1ll\u00edthat\u00f3k be. Az olvad\u00e1si \u00e9s az illeszt\u00e9si \u00fatvonal mechanikus v\u00e9g\u00e1ll\u00e1sok seg\u00edts\u00e9g\u00e9vel [&hellip;]<\/p>\n","protected":false},"author":3,"featured_media":0,"parent":0,"menu_order":0,"comment_status":"closed","ping_status":"closed","template":"elementor_header_footer","meta":{"iawp_total_views":7,"footnotes":""},"class_list":["post-21365","page","type-page","status-publish","hentry"],"yoast_head":"<!-- This site is optimized with the Yoast SEO Premium plugin v27.3 (Yoast SEO v27.4) - https:\/\/yoast.com\/product\/yoast-seo-premium-wordpress\/ -->\n<title>M\u0171anyag \u00f6nt\u00f6tt alkatr\u00e9sz Sorozat hegeszt\u0151g\u00e9p Hegeszt\u00e9si rendszer Hegeszt\u00e9s m\u0171anyagb\u00f3l<\/title>\n<meta name=\"description\" content=\"Az X-SSM modellsorozat m\u0171anyag \u00f6nt\u00f6tt alkatr\u00e9szek sorozathegeszt\u0151 g\u00e9pei modul\u00e1ris fel\u00e9p\u00edt\u00e9s\u0171 g\u00e9pek, amelyeket \u00f6nt\u00f6tt alkatr\u00e9szek automatiz\u00e1lt sorozathegeszt\u00e9s\u00e9re terveztek. Vez\u00e9rl\u00e9se integr\u00e1lt PLC-n kereszt\u00fcl t\u00f6rt\u00e9nik, a hegeszt\u00e9si ciklus teljesen automatikusan fut.\" \/>\n<meta name=\"robots\" content=\"index, follow, max-snippet:-1, max-image-preview:large, max-video-preview:-1\" \/>\n<link rel=\"canonical\" href=\"https:\/\/www.akuplastics.com\/hu\/muanyag-oentoett-alkatresz-sorozathegeszto-gep\/\" \/>\n<script type=\"application\/ld+json\" class=\"yoast-schema-graph\">{\"@context\":\"https:\\\/\\\/schema.org\",\"@graph\":[{\"@type\":\"WebPage\",\"@id\":\"https:\\\/\\\/www.akuplastics.com\\\/hu\\\/muanyag-oentoett-alkatresz-sorozathegeszto-gep\\\/\",\"url\":\"https:\\\/\\\/www.akuplastics.com\\\/hu\\\/muanyag-oentoett-alkatresz-sorozathegeszto-gep\\\/\",\"name\":\"M\u0171anyag \u00f6nt\u00f6tt alkatr\u00e9sz Sorozat hegeszt\u0151g\u00e9p Hegeszt\u00e9si rendszer Hegeszt\u00e9s m\u0171anyagb\u00f3l\",\"isPartOf\":{\"@id\":\"https:\\\/\\\/www.akuplastics.com\\\/hu\\\/#website\"},\"primaryImageOfPage\":{\"@id\":\"https:\\\/\\\/www.akuplastics.com\\\/hu\\\/muanyag-oentoett-alkatresz-sorozathegeszto-gep\\\/#primaryimage\"},\"image\":{\"@id\":\"https:\\\/\\\/www.akuplastics.com\\\/hu\\\/muanyag-oentoett-alkatresz-sorozathegeszto-gep\\\/#primaryimage\"},\"thumbnailUrl\":\"https:\\\/\\\/www.akuplastics.com\\\/wp-content\\\/uploads\\\/2024\\\/04\\\/Serienschweissanlage-Kunststoffformteile-300x267.jpg\",\"datePublished\":\"2024-04-12T15:53:26+00:00\",\"dateModified\":\"2024-04-18T14:02:49+00:00\",\"description\":\"Az X-SSM modellsorozat m\u0171anyag \u00f6nt\u00f6tt alkatr\u00e9szek sorozathegeszt\u0151 g\u00e9pei modul\u00e1ris fel\u00e9p\u00edt\u00e9s\u0171 g\u00e9pek, amelyeket \u00f6nt\u00f6tt alkatr\u00e9szek automatiz\u00e1lt sorozathegeszt\u00e9s\u00e9re terveztek. Vez\u00e9rl\u00e9se integr\u00e1lt PLC-n kereszt\u00fcl t\u00f6rt\u00e9nik, a hegeszt\u00e9si ciklus teljesen automatikusan fut.\",\"breadcrumb\":{\"@id\":\"https:\\\/\\\/www.akuplastics.com\\\/hu\\\/muanyag-oentoett-alkatresz-sorozathegeszto-gep\\\/#breadcrumb\"},\"inLanguage\":\"hu\",\"potentialAction\":[{\"@type\":\"ReadAction\",\"target\":[\"https:\\\/\\\/www.akuplastics.com\\\/hu\\\/muanyag-oentoett-alkatresz-sorozathegeszto-gep\\\/\"]}]},{\"@type\":\"ImageObject\",\"inLanguage\":\"hu\",\"@id\":\"https:\\\/\\\/www.akuplastics.com\\\/hu\\\/muanyag-oentoett-alkatresz-sorozathegeszto-gep\\\/#primaryimage\",\"url\":\"https:\\\/\\\/www.akuplastics.com\\\/wp-content\\\/uploads\\\/2024\\\/04\\\/Serienschweissanlage-Kunststoffformteile-300x267.jpg\",\"contentUrl\":\"https:\\\/\\\/www.akuplastics.com\\\/wp-content\\\/uploads\\\/2024\\\/04\\\/Serienschweissanlage-Kunststoffformteile-300x267.jpg\"},{\"@type\":\"BreadcrumbList\",\"@id\":\"https:\\\/\\\/www.akuplastics.com\\\/hu\\\/muanyag-oentoett-alkatresz-sorozathegeszto-gep\\\/#breadcrumb\",\"itemListElement\":[{\"@type\":\"ListItem\",\"position\":1,\"name\":\"Kezd\u0151lap\",\"item\":\"https:\\\/\\\/www.akuplastics.com\\\/hu\\\/\"},{\"@type\":\"ListItem\",\"position\":2,\"name\":\"M\u0171anyag \u00f6nt\u00f6tt alkatr\u00e9sz sorozathegeszt\u0151 g\u00e9p\"}]},{\"@type\":\"WebSite\",\"@id\":\"https:\\\/\\\/www.akuplastics.com\\\/hu\\\/#website\",\"url\":\"https:\\\/\\\/www.akuplastics.com\\\/hu\\\/\",\"name\":\"Semi-Finished Products \u2013 Finished Parts \u2013 Ventilation Moulded Parts \u2013 Machines\",\"description\":\"Halbzeuge, Halbfabrikate, Kunststoffhalbzeuge, Kunststoffhalbfabrikate\",\"publisher\":{\"@id\":\"https:\\\/\\\/www.akuplastics.com\\\/hu\\\/#organization\"},\"alternateName\":\"AKUPLASTICS \u2013 Engineering in Plastics\",\"potentialAction\":[{\"@type\":\"SearchAction\",\"target\":{\"@type\":\"EntryPoint\",\"urlTemplate\":\"https:\\\/\\\/www.akuplastics.com\\\/hu\\\/?s={search_term_string}\"},\"query-input\":{\"@type\":\"PropertyValueSpecification\",\"valueRequired\":true,\"valueName\":\"search_term_string\"}}],\"inLanguage\":\"hu\"},{\"@type\":\"Organization\",\"@id\":\"https:\\\/\\\/www.akuplastics.com\\\/hu\\\/#organization\",\"name\":\"Ing. Christian Ahlborn e.U.\",\"alternateName\":\"AKU\",\"url\":\"https:\\\/\\\/www.akuplastics.com\\\/hu\\\/\",\"logo\":{\"@type\":\"ImageObject\",\"inLanguage\":\"hu\",\"@id\":\"https:\\\/\\\/www.akuplastics.com\\\/hu\\\/#\\\/schema\\\/logo\\\/image\\\/\",\"url\":\"https:\\\/\\\/www.akuplastics.com\\\/wp-content\\\/uploads\\\/2020\\\/07\\\/Grafik14-inkl-r.png\",\"contentUrl\":\"https:\\\/\\\/www.akuplastics.com\\\/wp-content\\\/uploads\\\/2020\\\/07\\\/Grafik14-inkl-r.png\",\"width\":1994,\"height\":743,\"caption\":\"Ing. Christian Ahlborn e.U.\"},\"image\":{\"@id\":\"https:\\\/\\\/www.akuplastics.com\\\/hu\\\/#\\\/schema\\\/logo\\\/image\\\/\"}}]}<\/script>\n<!-- \/ Yoast SEO Premium plugin. -->","yoast_head_json":{"title":"M\u0171anyag \u00f6nt\u00f6tt alkatr\u00e9sz Sorozat hegeszt\u0151g\u00e9p Hegeszt\u00e9si rendszer Hegeszt\u00e9s m\u0171anyagb\u00f3l","description":"Az X-SSM modellsorozat m\u0171anyag \u00f6nt\u00f6tt alkatr\u00e9szek sorozathegeszt\u0151 g\u00e9pei modul\u00e1ris fel\u00e9p\u00edt\u00e9s\u0171 g\u00e9pek, amelyeket \u00f6nt\u00f6tt alkatr\u00e9szek automatiz\u00e1lt sorozathegeszt\u00e9s\u00e9re terveztek. Vez\u00e9rl\u00e9se integr\u00e1lt PLC-n kereszt\u00fcl t\u00f6rt\u00e9nik, a hegeszt\u00e9si ciklus teljesen automatikusan fut.","robots":{"index":"index","follow":"follow","max-snippet":"max-snippet:-1","max-image-preview":"max-image-preview:large","max-video-preview":"max-video-preview:-1"},"canonical":"https:\/\/www.akuplastics.com\/hu\/muanyag-oentoett-alkatresz-sorozathegeszto-gep\/","schema":{"@context":"https:\/\/schema.org","@graph":[{"@type":"WebPage","@id":"https:\/\/www.akuplastics.com\/hu\/muanyag-oentoett-alkatresz-sorozathegeszto-gep\/","url":"https:\/\/www.akuplastics.com\/hu\/muanyag-oentoett-alkatresz-sorozathegeszto-gep\/","name":"M\u0171anyag \u00f6nt\u00f6tt alkatr\u00e9sz Sorozat hegeszt\u0151g\u00e9p Hegeszt\u00e9si rendszer Hegeszt\u00e9s m\u0171anyagb\u00f3l","isPartOf":{"@id":"https:\/\/www.akuplastics.com\/hu\/#website"},"primaryImageOfPage":{"@id":"https:\/\/www.akuplastics.com\/hu\/muanyag-oentoett-alkatresz-sorozathegeszto-gep\/#primaryimage"},"image":{"@id":"https:\/\/www.akuplastics.com\/hu\/muanyag-oentoett-alkatresz-sorozathegeszto-gep\/#primaryimage"},"thumbnailUrl":"https:\/\/www.akuplastics.com\/wp-content\/uploads\/2024\/04\/Serienschweissanlage-Kunststoffformteile-300x267.jpg","datePublished":"2024-04-12T15:53:26+00:00","dateModified":"2024-04-18T14:02:49+00:00","description":"Az X-SSM modellsorozat m\u0171anyag \u00f6nt\u00f6tt alkatr\u00e9szek sorozathegeszt\u0151 g\u00e9pei modul\u00e1ris fel\u00e9p\u00edt\u00e9s\u0171 g\u00e9pek, amelyeket \u00f6nt\u00f6tt alkatr\u00e9szek automatiz\u00e1lt sorozathegeszt\u00e9s\u00e9re terveztek. Vez\u00e9rl\u00e9se integr\u00e1lt PLC-n kereszt\u00fcl t\u00f6rt\u00e9nik, a hegeszt\u00e9si ciklus teljesen automatikusan fut.","breadcrumb":{"@id":"https:\/\/www.akuplastics.com\/hu\/muanyag-oentoett-alkatresz-sorozathegeszto-gep\/#breadcrumb"},"inLanguage":"hu","potentialAction":[{"@type":"ReadAction","target":["https:\/\/www.akuplastics.com\/hu\/muanyag-oentoett-alkatresz-sorozathegeszto-gep\/"]}]},{"@type":"ImageObject","inLanguage":"hu","@id":"https:\/\/www.akuplastics.com\/hu\/muanyag-oentoett-alkatresz-sorozathegeszto-gep\/#primaryimage","url":"https:\/\/www.akuplastics.com\/wp-content\/uploads\/2024\/04\/Serienschweissanlage-Kunststoffformteile-300x267.jpg","contentUrl":"https:\/\/www.akuplastics.com\/wp-content\/uploads\/2024\/04\/Serienschweissanlage-Kunststoffformteile-300x267.jpg"},{"@type":"BreadcrumbList","@id":"https:\/\/www.akuplastics.com\/hu\/muanyag-oentoett-alkatresz-sorozathegeszto-gep\/#breadcrumb","itemListElement":[{"@type":"ListItem","position":1,"name":"Kezd\u0151lap","item":"https:\/\/www.akuplastics.com\/hu\/"},{"@type":"ListItem","position":2,"name":"M\u0171anyag \u00f6nt\u00f6tt alkatr\u00e9sz sorozathegeszt\u0151 g\u00e9p"}]},{"@type":"WebSite","@id":"https:\/\/www.akuplastics.com\/hu\/#website","url":"https:\/\/www.akuplastics.com\/hu\/","name":"Semi-Finished Products \u2013 Finished Parts \u2013 Ventilation Moulded Parts \u2013 Machines","description":"Halbzeuge, Halbfabrikate, Kunststoffhalbzeuge, Kunststoffhalbfabrikate","publisher":{"@id":"https:\/\/www.akuplastics.com\/hu\/#organization"},"alternateName":"AKUPLASTICS \u2013 Engineering in Plastics","potentialAction":[{"@type":"SearchAction","target":{"@type":"EntryPoint","urlTemplate":"https:\/\/www.akuplastics.com\/hu\/?s={search_term_string}"},"query-input":{"@type":"PropertyValueSpecification","valueRequired":true,"valueName":"search_term_string"}}],"inLanguage":"hu"},{"@type":"Organization","@id":"https:\/\/www.akuplastics.com\/hu\/#organization","name":"Ing. Christian Ahlborn e.U.","alternateName":"AKU","url":"https:\/\/www.akuplastics.com\/hu\/","logo":{"@type":"ImageObject","inLanguage":"hu","@id":"https:\/\/www.akuplastics.com\/hu\/#\/schema\/logo\/image\/","url":"https:\/\/www.akuplastics.com\/wp-content\/uploads\/2020\/07\/Grafik14-inkl-r.png","contentUrl":"https:\/\/www.akuplastics.com\/wp-content\/uploads\/2020\/07\/Grafik14-inkl-r.png","width":1994,"height":743,"caption":"Ing. Christian Ahlborn e.U."},"image":{"@id":"https:\/\/www.akuplastics.com\/hu\/#\/schema\/logo\/image\/"}}]}},"_links":{"self":[{"href":"https:\/\/www.akuplastics.com\/hu\/wp-json\/wp\/v2\/pages\/21365","targetHints":{"allow":["GET"]}}],"collection":[{"href":"https:\/\/www.akuplastics.com\/hu\/wp-json\/wp\/v2\/pages"}],"about":[{"href":"https:\/\/www.akuplastics.com\/hu\/wp-json\/wp\/v2\/types\/page"}],"author":[{"embeddable":true,"href":"https:\/\/www.akuplastics.com\/hu\/wp-json\/wp\/v2\/users\/3"}],"replies":[{"embeddable":true,"href":"https:\/\/www.akuplastics.com\/hu\/wp-json\/wp\/v2\/comments?post=21365"}],"version-history":[{"count":4,"href":"https:\/\/www.akuplastics.com\/hu\/wp-json\/wp\/v2\/pages\/21365\/revisions"}],"predecessor-version":[{"id":22127,"href":"https:\/\/www.akuplastics.com\/hu\/wp-json\/wp\/v2\/pages\/21365\/revisions\/22127"}],"wp:attachment":[{"href":"https:\/\/www.akuplastics.com\/hu\/wp-json\/wp\/v2\/media?parent=21365"}],"curies":[{"name":"wp","href":"https:\/\/api.w.org\/{rel}","templated":true}]}}