{"id":21242,"date":"2024-04-12T14:05:06","date_gmt":"2024-04-12T12:05:06","guid":{"rendered":"https:\/\/www.akuplastics.com\/gepek-es-eszkoezoek\/vizsgalati-technologia-hajlitasi-tesztelo\/"},"modified":"2024-05-26T19:59:05","modified_gmt":"2024-05-26T17:59:05","slug":"vizsgalati-technologia-hajlitasi-tesztelo","status":"publish","type":"page","link":"https:\/\/www.akuplastics.com\/hu\/gepek-es-eszkoezoek\/vizsgalati-technologia-hajlitasi-tesztelo\/","title":{"rendered":"Vizsg\u00e1lati technol\u00f3gia Hajl\u00edt\u00e1si tesztel\u0151"},"content":{"rendered":"\t\t<div data-elementor-type=\"wp-page\" data-elementor-id=\"21242\" class=\"elementor elementor-21242 elementor-21226\" data-elementor-post-type=\"page\">\n\t\t\t\t\t\t<section class=\"elementor-section elementor-top-section elementor-element elementor-element-707a9239 elementor-section-boxed elementor-section-height-default elementor-section-height-default\" data-id=\"707a9239\" data-element_type=\"section\" data-e-type=\"section\">\n\t\t\t\t\t\t<div class=\"elementor-container elementor-column-gap-default\">\n\t\t\t\t\t<div class=\"elementor-column elementor-col-100 elementor-top-column elementor-element elementor-element-6db969d7\" data-id=\"6db969d7\" data-element_type=\"column\" data-e-type=\"column\">\n\t\t\t<div class=\"elementor-widget-wrap elementor-element-populated\">\n\t\t\t\t\t\t<div class=\"elementor-element elementor-element-1694d4f0 elementor-widget elementor-widget-text-editor\" data-id=\"1694d4f0\" data-element_type=\"widget\" data-e-type=\"widget\" data-widget_type=\"text-editor.default\">\n\t\t\t\t<div class=\"elementor-widget-container\">\n\t\t\t\t\t\t\t\t\t<h1>Hajl\u00edthat\u00f3s\u00e1gi vizsg\u00e1l\u00f3 \u00e9s vizsg\u00e1lati technol\u00f3gia m\u0171anyag-feldolgoz\u00f3k sz\u00e1m\u00e1ra a DVS-ir\u00e1nyelveknek megfelel\u0151en<\/h1>\n\t\t\t\t\t\t\t\t<\/div>\n\t\t\t\t<\/div>\n\t\t\t\t<section class=\"elementor-section elementor-inner-section elementor-element elementor-element-42189da3 elementor-section-boxed elementor-section-height-default elementor-section-height-default\" data-id=\"42189da3\" data-element_type=\"section\" data-e-type=\"section\">\n\t\t\t\t\t\t<div class=\"elementor-container elementor-column-gap-default\">\n\t\t\t\t\t<div class=\"elementor-column elementor-col-50 elementor-inner-column elementor-element elementor-element-7193794f\" data-id=\"7193794f\" data-element_type=\"column\" data-e-type=\"column\">\n\t\t\t<div class=\"elementor-widget-wrap elementor-element-populated\">\n\t\t\t\t\t\t<div class=\"elementor-element elementor-element-5616eb76 elementor-widget elementor-widget-text-editor\" data-id=\"5616eb76\" data-element_type=\"widget\" data-e-type=\"widget\" data-widget_type=\"text-editor.default\">\n\t\t\t\t<div class=\"elementor-widget-container\">\n\t\t\t\t\t\t\t\t\t<p>A min\u0151s\u00e9gellen\u0151rz\u00e9s a modern gy\u00e1rt\u00e1si folyamatok elengedhetetlen r\u00e9sze.<\/p>\n<\/p>\n<p>A h\u0151re l\u00e1gyul\u00f3 m\u0171anyag hegeszt\u00e9si varratok min\u0151s\u00e9g\u00e9nek ellen\u0151rz\u00e9s\u00e9re a N\u00e9met Hegeszt\u00e9si \u00e9s kapcsol\u00f3d\u00f3 elj\u00e1r\u00e1sok sz\u00f6vets\u00e9ge (DVS) illetve a megfelel\u0151 EN-ir\u00e1nyelv a technol\u00f3giai hajl\u00edt\u00e1si sz\u00f6gvizsg\u00e1latot \u00edrja el\u0151.<\/p>\n<\/p>\n<p><strong>Erre a c\u00e9lra fejlesztett\u00e9k ki a 01.30 BP hajl\u00edt\u00e1svizsg\u00e1l\u00f3t.<\/strong><\/p>\n<\/p>\n<p>A 01.30 BP hajl\u00edt\u00e1svizsg\u00e1l\u00f3t szigor\u00faan a DVS-ir\u00e1nyelv k\u00f6vetelm\u00e9nyeinek megfelel\u0151en tervezt\u00e9k.<\/p>\n<p><strong>Lehet\u0151v\u00e9 teszi k\u00fcl\u00f6nb\u00f6z\u0151 hegesztett pr\u00f3batestek vizsg\u00e1lat\u00e1t a k\u00f6vetkez\u0151 specifik\u00e1ci\u00f3kkal:<\/strong><\/p>\n<\/p>\n<ul>\n<li>PE-HD: vastags\u00e1g 3 \u00e9s 30 mm k\u00f6z\u00f6tt<\/li>\n<li>PP-H: Vastags\u00e1g 3-25 mm k\u00f6z\u00f6tt<\/li>\n<li>PVDF: vastags\u00e1g 3-25 mm<\/li>\n<li>PVC-U: vastags\u00e1g 3-15 mm<\/li>\n<\/ul>\n<p>A 01.30 BP lehet\u0151v\u00e9 teszi a hegeszt\u00e9si varrat min\u0151s\u00e9g\u00e9nek meghat\u00e1roz\u00e1s\u00e1t az elmozdul\u00e1s \u00e9s\/vagy a hajl\u00edt\u00e1si sz\u00f6g m\u00e9r\u00e9s\u00e9vel.<\/p>\n\t\t\t\t\t\t\t\t<\/div>\n\t\t\t\t<\/div>\n\t\t\t\t\t<\/div>\n\t\t<\/div>\n\t\t\t\t<div class=\"elementor-column elementor-col-50 elementor-inner-column elementor-element elementor-element-1cf13d0d\" data-id=\"1cf13d0d\" data-element_type=\"column\" data-e-type=\"column\">\n\t\t\t<div class=\"elementor-widget-wrap elementor-element-populated\">\n\t\t\t\t\t\t<div class=\"elementor-element elementor-element-069d661 elementor-widget elementor-widget-image\" data-id=\"069d661\" data-element_type=\"widget\" data-e-type=\"widget\" data-widget_type=\"image.default\">\n\t\t\t\t<div class=\"elementor-widget-container\">\n\t\t\t\t\t\t\t\t\t\t\t\t<figure class=\"wp-caption\">\n\t\t\t\t\t\t\t\t\t\t<img loading=\"lazy\" decoding=\"async\" width=\"251\" height=\"300\" src=\"https:\/\/www.akuplastics.com\/wp-content\/uploads\/2024\/04\/DVS-Biegepruefgeraet--251x300.jpg\" class=\"attachment-medium size-medium wp-image-21231\" alt=\"Hajl\u00edt\u00e1si tesztel\u0151 min\u0151s\u00e9gellen\u0151rz\u00e9s DVS m\u0171anyag-feldolgoz\u00e1s\" srcset=\"https:\/\/www.akuplastics.com\/wp-content\/uploads\/2024\/04\/DVS-Biegepruefgeraet--251x300.jpg 251w, https:\/\/www.akuplastics.com\/wp-content\/uploads\/2024\/04\/DVS-Biegepruefgeraet--768x917.jpg 768w, https:\/\/www.akuplastics.com\/wp-content\/uploads\/2024\/04\/DVS-Biegepruefgeraet-.jpg 858w\" sizes=\"auto, (max-width: 251px) 100vw, 251px\" \/>\t\t\t\t\t\t\t\t\t\t\t<figcaption class=\"widget-image-caption wp-caption-text\">Hajl\u00edt\u00e1si tesztel\u0151 min\u0151s\u00e9gellen\u0151rz\u00e9s DVS m\u0171anyag-feldolgoz\u00e1s<\/figcaption>\n\t\t\t\t\t\t\t\t\t\t<\/figure>\n\t\t\t\t\t\t\t\t\t<\/div>\n\t\t\t\t<\/div>\n\t\t\t\t\t<\/div>\n\t\t<\/div>\n\t\t\t\t\t<\/div>\n\t\t<\/section>\n\t\t\t\t\t<\/div>\n\t\t<\/div>\n\t\t\t\t\t<\/div>\n\t\t<\/section>\n\t\t\t\t<\/div>\n\t\t","protected":false},"excerpt":{"rendered":"<p>Hajl\u00edthat\u00f3s\u00e1gi vizsg\u00e1l\u00f3 \u00e9s vizsg\u00e1lati technol\u00f3gia m\u0171anyag-feldolgoz\u00f3k sz\u00e1m\u00e1ra a DVS-ir\u00e1nyelveknek megfelel\u0151en A min\u0151s\u00e9gellen\u0151rz\u00e9s a modern gy\u00e1rt\u00e1si folyamatok elengedhetetlen r\u00e9sze. A h\u0151re l\u00e1gyul\u00f3 m\u0171anyag hegeszt\u00e9si varratok min\u0151s\u00e9g\u00e9nek ellen\u0151rz\u00e9s\u00e9re a N\u00e9met Hegeszt\u00e9si \u00e9s kapcsol\u00f3d\u00f3 elj\u00e1r\u00e1sok sz\u00f6vets\u00e9ge (DVS) illetve a megfelel\u0151 EN-ir\u00e1nyelv a technol\u00f3giai hajl\u00edt\u00e1si sz\u00f6gvizsg\u00e1latot \u00edrja el\u0151. Erre a c\u00e9lra fejlesztett\u00e9k ki a 01.30 BP hajl\u00edt\u00e1svizsg\u00e1l\u00f3t. A 01.30 [&hellip;]<\/p>\n","protected":false},"author":3,"featured_media":0,"parent":9403,"menu_order":0,"comment_status":"closed","ping_status":"closed","template":"elementor_header_footer","meta":{"iawp_total_views":3,"footnotes":""},"class_list":["post-21242","page","type-page","status-publish","hentry"],"yoast_head":"<!-- This site is optimized with the Yoast SEO Premium plugin v27.4 (Yoast SEO v27.5) - https:\/\/yoast.com\/product\/yoast-seo-premium-wordpress\/ -->\n<title>Hajl\u00edt\u00e1svizsg\u00e1l\u00f3 Vizsg\u00e1lati technol\u00f3gia Hegeszt\u00e9si varratszil\u00e1rds\u00e1g DVS M\u0171anyagfeldolgoz\u00f3k<\/title>\n<meta name=\"description\" content=\"A min\u0151s\u00e9gellen\u0151rz\u00e9s a modern gy\u00e1rt\u00e1si folyamatok elengedhetetlen r\u00e9sze. A h\u0151re l\u00e1gyul\u00f3 m\u0171anyag hegeszt\u00e9si varratok min\u0151s\u00e9g\u00e9nek ellen\u0151rz\u00e9s\u00e9re a N\u00e9met Hegeszt\u00e9si \u00e9s kapcsol\u00f3d\u00f3 elj\u00e1r\u00e1sok sz\u00f6vets\u00e9ge (DVS) illetve a megfelel\u0151 EN-ir\u00e1nyelv a technol\u00f3giai hajl\u00edt\u00e1si sz\u00f6gvizsg\u00e1latot \u00edrja el\u0151. Erre a c\u00e9lra fejlesztett\u00e9k ki a 01.30 BP hajl\u00edt\u00e1svizsg\u00e1l\u00f3t.\" \/>\n<meta name=\"robots\" content=\"index, follow, max-snippet:-1, max-image-preview:large, max-video-preview:-1\" \/>\n<link rel=\"canonical\" href=\"https:\/\/www.akuplastics.com\/hu\/gepek-es-eszkoezoek\/vizsgalati-technologia-hajlitasi-tesztelo\/\" \/>\n<script type=\"application\/ld+json\" class=\"yoast-schema-graph\">{\"@context\":\"https:\\\/\\\/schema.org\",\"@graph\":[{\"@type\":\"WebPage\",\"@id\":\"https:\\\/\\\/www.akuplastics.com\\\/hu\\\/gepek-es-eszkoezoek\\\/vizsgalati-technologia-hajlitasi-tesztelo\\\/\",\"url\":\"https:\\\/\\\/www.akuplastics.com\\\/hu\\\/gepek-es-eszkoezoek\\\/vizsgalati-technologia-hajlitasi-tesztelo\\\/\",\"name\":\"Hajl\u00edt\u00e1svizsg\u00e1l\u00f3 Vizsg\u00e1lati technol\u00f3gia Hegeszt\u00e9si varratszil\u00e1rds\u00e1g DVS M\u0171anyagfeldolgoz\u00f3k\",\"isPartOf\":{\"@id\":\"https:\\\/\\\/www.akuplastics.com\\\/hu\\\/#website\"},\"primaryImageOfPage\":{\"@id\":\"https:\\\/\\\/www.akuplastics.com\\\/hu\\\/gepek-es-eszkoezoek\\\/vizsgalati-technologia-hajlitasi-tesztelo\\\/#primaryimage\"},\"image\":{\"@id\":\"https:\\\/\\\/www.akuplastics.com\\\/hu\\\/gepek-es-eszkoezoek\\\/vizsgalati-technologia-hajlitasi-tesztelo\\\/#primaryimage\"},\"thumbnailUrl\":\"https:\\\/\\\/www.akuplastics.com\\\/wp-content\\\/uploads\\\/2024\\\/04\\\/DVS-Biegepruefgeraet--251x300.jpg\",\"datePublished\":\"2024-04-12T12:05:06+00:00\",\"dateModified\":\"2024-05-26T17:59:05+00:00\",\"description\":\"A min\u0151s\u00e9gellen\u0151rz\u00e9s a modern gy\u00e1rt\u00e1si folyamatok elengedhetetlen r\u00e9sze. A h\u0151re l\u00e1gyul\u00f3 m\u0171anyag hegeszt\u00e9si varratok min\u0151s\u00e9g\u00e9nek ellen\u0151rz\u00e9s\u00e9re a N\u00e9met Hegeszt\u00e9si \u00e9s kapcsol\u00f3d\u00f3 elj\u00e1r\u00e1sok sz\u00f6vets\u00e9ge (DVS) illetve a megfelel\u0151 EN-ir\u00e1nyelv a technol\u00f3giai hajl\u00edt\u00e1si sz\u00f6gvizsg\u00e1latot \u00edrja el\u0151. Erre a c\u00e9lra fejlesztett\u00e9k ki a 01.30 BP hajl\u00edt\u00e1svizsg\u00e1l\u00f3t.\",\"breadcrumb\":{\"@id\":\"https:\\\/\\\/www.akuplastics.com\\\/hu\\\/gepek-es-eszkoezoek\\\/vizsgalati-technologia-hajlitasi-tesztelo\\\/#breadcrumb\"},\"inLanguage\":\"hu\",\"potentialAction\":[{\"@type\":\"ReadAction\",\"target\":[\"https:\\\/\\\/www.akuplastics.com\\\/hu\\\/gepek-es-eszkoezoek\\\/vizsgalati-technologia-hajlitasi-tesztelo\\\/\"]}]},{\"@type\":\"ImageObject\",\"inLanguage\":\"hu\",\"@id\":\"https:\\\/\\\/www.akuplastics.com\\\/hu\\\/gepek-es-eszkoezoek\\\/vizsgalati-technologia-hajlitasi-tesztelo\\\/#primaryimage\",\"url\":\"https:\\\/\\\/www.akuplastics.com\\\/wp-content\\\/uploads\\\/2024\\\/04\\\/DVS-Biegepruefgeraet--251x300.jpg\",\"contentUrl\":\"https:\\\/\\\/www.akuplastics.com\\\/wp-content\\\/uploads\\\/2024\\\/04\\\/DVS-Biegepruefgeraet--251x300.jpg\"},{\"@type\":\"BreadcrumbList\",\"@id\":\"https:\\\/\\\/www.akuplastics.com\\\/hu\\\/gepek-es-eszkoezoek\\\/vizsgalati-technologia-hajlitasi-tesztelo\\\/#breadcrumb\",\"itemListElement\":[{\"@type\":\"ListItem\",\"position\":1,\"name\":\"Kezd\u0151lap\",\"item\":\"https:\\\/\\\/www.akuplastics.com\\\/hu\\\/\"},{\"@type\":\"ListItem\",\"position\":2,\"name\":\"G\u00e9pek \u00e9s eszk\u00f6z\u00f6k\",\"item\":\"https:\\\/\\\/www.akuplastics.com\\\/hu\\\/gepek-es-eszkoezoek\\\/\"},{\"@type\":\"ListItem\",\"position\":3,\"name\":\"Vizsg\u00e1lati technol\u00f3gia Hajl\u00edt\u00e1si tesztel\u0151\"}]},{\"@type\":\"WebSite\",\"@id\":\"https:\\\/\\\/www.akuplastics.com\\\/hu\\\/#website\",\"url\":\"https:\\\/\\\/www.akuplastics.com\\\/hu\\\/\",\"name\":\"Semi-Finished Products \u2013 Finished Parts \u2013 Ventilation Moulded Parts \u2013 Machines\",\"description\":\"Halbzeuge, Halbfabrikate, Kunststoffhalbzeuge, Kunststoffhalbfabrikate\",\"publisher\":{\"@id\":\"https:\\\/\\\/www.akuplastics.com\\\/hu\\\/#organization\"},\"alternateName\":\"AKUPLASTICS \u2013 Engineering in Plastics\",\"potentialAction\":[{\"@type\":\"SearchAction\",\"target\":{\"@type\":\"EntryPoint\",\"urlTemplate\":\"https:\\\/\\\/www.akuplastics.com\\\/hu\\\/?s={search_term_string}\"},\"query-input\":{\"@type\":\"PropertyValueSpecification\",\"valueRequired\":true,\"valueName\":\"search_term_string\"}}],\"inLanguage\":\"hu\"},{\"@type\":\"Organization\",\"@id\":\"https:\\\/\\\/www.akuplastics.com\\\/hu\\\/#organization\",\"name\":\"Ing. Christian Ahlborn e.U.\",\"alternateName\":\"AKU\",\"url\":\"https:\\\/\\\/www.akuplastics.com\\\/hu\\\/\",\"logo\":{\"@type\":\"ImageObject\",\"inLanguage\":\"hu\",\"@id\":\"https:\\\/\\\/www.akuplastics.com\\\/hu\\\/#\\\/schema\\\/logo\\\/image\\\/\",\"url\":\"https:\\\/\\\/www.akuplastics.com\\\/wp-content\\\/uploads\\\/2020\\\/07\\\/Grafik14-inkl-r.png\",\"contentUrl\":\"https:\\\/\\\/www.akuplastics.com\\\/wp-content\\\/uploads\\\/2020\\\/07\\\/Grafik14-inkl-r.png\",\"width\":1994,\"height\":743,\"caption\":\"Ing. Christian Ahlborn e.U.\"},\"image\":{\"@id\":\"https:\\\/\\\/www.akuplastics.com\\\/hu\\\/#\\\/schema\\\/logo\\\/image\\\/\"}}]}<\/script>\n<!-- \/ Yoast SEO Premium plugin. -->","yoast_head_json":{"title":"Hajl\u00edt\u00e1svizsg\u00e1l\u00f3 Vizsg\u00e1lati technol\u00f3gia Hegeszt\u00e9si varratszil\u00e1rds\u00e1g DVS M\u0171anyagfeldolgoz\u00f3k","description":"A min\u0151s\u00e9gellen\u0151rz\u00e9s a modern gy\u00e1rt\u00e1si folyamatok elengedhetetlen r\u00e9sze. A h\u0151re l\u00e1gyul\u00f3 m\u0171anyag hegeszt\u00e9si varratok min\u0151s\u00e9g\u00e9nek ellen\u0151rz\u00e9s\u00e9re a N\u00e9met Hegeszt\u00e9si \u00e9s kapcsol\u00f3d\u00f3 elj\u00e1r\u00e1sok sz\u00f6vets\u00e9ge (DVS) illetve a megfelel\u0151 EN-ir\u00e1nyelv a technol\u00f3giai hajl\u00edt\u00e1si sz\u00f6gvizsg\u00e1latot \u00edrja el\u0151. Erre a c\u00e9lra fejlesztett\u00e9k ki a 01.30 BP hajl\u00edt\u00e1svizsg\u00e1l\u00f3t.","robots":{"index":"index","follow":"follow","max-snippet":"max-snippet:-1","max-image-preview":"max-image-preview:large","max-video-preview":"max-video-preview:-1"},"canonical":"https:\/\/www.akuplastics.com\/hu\/gepek-es-eszkoezoek\/vizsgalati-technologia-hajlitasi-tesztelo\/","schema":{"@context":"https:\/\/schema.org","@graph":[{"@type":"WebPage","@id":"https:\/\/www.akuplastics.com\/hu\/gepek-es-eszkoezoek\/vizsgalati-technologia-hajlitasi-tesztelo\/","url":"https:\/\/www.akuplastics.com\/hu\/gepek-es-eszkoezoek\/vizsgalati-technologia-hajlitasi-tesztelo\/","name":"Hajl\u00edt\u00e1svizsg\u00e1l\u00f3 Vizsg\u00e1lati technol\u00f3gia Hegeszt\u00e9si varratszil\u00e1rds\u00e1g DVS M\u0171anyagfeldolgoz\u00f3k","isPartOf":{"@id":"https:\/\/www.akuplastics.com\/hu\/#website"},"primaryImageOfPage":{"@id":"https:\/\/www.akuplastics.com\/hu\/gepek-es-eszkoezoek\/vizsgalati-technologia-hajlitasi-tesztelo\/#primaryimage"},"image":{"@id":"https:\/\/www.akuplastics.com\/hu\/gepek-es-eszkoezoek\/vizsgalati-technologia-hajlitasi-tesztelo\/#primaryimage"},"thumbnailUrl":"https:\/\/www.akuplastics.com\/wp-content\/uploads\/2024\/04\/DVS-Biegepruefgeraet--251x300.jpg","datePublished":"2024-04-12T12:05:06+00:00","dateModified":"2024-05-26T17:59:05+00:00","description":"A min\u0151s\u00e9gellen\u0151rz\u00e9s a modern gy\u00e1rt\u00e1si folyamatok elengedhetetlen r\u00e9sze. A h\u0151re l\u00e1gyul\u00f3 m\u0171anyag hegeszt\u00e9si varratok min\u0151s\u00e9g\u00e9nek ellen\u0151rz\u00e9s\u00e9re a N\u00e9met Hegeszt\u00e9si \u00e9s kapcsol\u00f3d\u00f3 elj\u00e1r\u00e1sok sz\u00f6vets\u00e9ge (DVS) illetve a megfelel\u0151 EN-ir\u00e1nyelv a technol\u00f3giai hajl\u00edt\u00e1si sz\u00f6gvizsg\u00e1latot \u00edrja el\u0151. Erre a c\u00e9lra fejlesztett\u00e9k ki a 01.30 BP hajl\u00edt\u00e1svizsg\u00e1l\u00f3t.","breadcrumb":{"@id":"https:\/\/www.akuplastics.com\/hu\/gepek-es-eszkoezoek\/vizsgalati-technologia-hajlitasi-tesztelo\/#breadcrumb"},"inLanguage":"hu","potentialAction":[{"@type":"ReadAction","target":["https:\/\/www.akuplastics.com\/hu\/gepek-es-eszkoezoek\/vizsgalati-technologia-hajlitasi-tesztelo\/"]}]},{"@type":"ImageObject","inLanguage":"hu","@id":"https:\/\/www.akuplastics.com\/hu\/gepek-es-eszkoezoek\/vizsgalati-technologia-hajlitasi-tesztelo\/#primaryimage","url":"https:\/\/www.akuplastics.com\/wp-content\/uploads\/2024\/04\/DVS-Biegepruefgeraet--251x300.jpg","contentUrl":"https:\/\/www.akuplastics.com\/wp-content\/uploads\/2024\/04\/DVS-Biegepruefgeraet--251x300.jpg"},{"@type":"BreadcrumbList","@id":"https:\/\/www.akuplastics.com\/hu\/gepek-es-eszkoezoek\/vizsgalati-technologia-hajlitasi-tesztelo\/#breadcrumb","itemListElement":[{"@type":"ListItem","position":1,"name":"Kezd\u0151lap","item":"https:\/\/www.akuplastics.com\/hu\/"},{"@type":"ListItem","position":2,"name":"G\u00e9pek \u00e9s eszk\u00f6z\u00f6k","item":"https:\/\/www.akuplastics.com\/hu\/gepek-es-eszkoezoek\/"},{"@type":"ListItem","position":3,"name":"Vizsg\u00e1lati technol\u00f3gia Hajl\u00edt\u00e1si tesztel\u0151"}]},{"@type":"WebSite","@id":"https:\/\/www.akuplastics.com\/hu\/#website","url":"https:\/\/www.akuplastics.com\/hu\/","name":"Semi-Finished Products \u2013 Finished Parts \u2013 Ventilation Moulded Parts \u2013 Machines","description":"Halbzeuge, Halbfabrikate, Kunststoffhalbzeuge, Kunststoffhalbfabrikate","publisher":{"@id":"https:\/\/www.akuplastics.com\/hu\/#organization"},"alternateName":"AKUPLASTICS \u2013 Engineering in Plastics","potentialAction":[{"@type":"SearchAction","target":{"@type":"EntryPoint","urlTemplate":"https:\/\/www.akuplastics.com\/hu\/?s={search_term_string}"},"query-input":{"@type":"PropertyValueSpecification","valueRequired":true,"valueName":"search_term_string"}}],"inLanguage":"hu"},{"@type":"Organization","@id":"https:\/\/www.akuplastics.com\/hu\/#organization","name":"Ing. Christian Ahlborn e.U.","alternateName":"AKU","url":"https:\/\/www.akuplastics.com\/hu\/","logo":{"@type":"ImageObject","inLanguage":"hu","@id":"https:\/\/www.akuplastics.com\/hu\/#\/schema\/logo\/image\/","url":"https:\/\/www.akuplastics.com\/wp-content\/uploads\/2020\/07\/Grafik14-inkl-r.png","contentUrl":"https:\/\/www.akuplastics.com\/wp-content\/uploads\/2020\/07\/Grafik14-inkl-r.png","width":1994,"height":743,"caption":"Ing. Christian Ahlborn e.U."},"image":{"@id":"https:\/\/www.akuplastics.com\/hu\/#\/schema\/logo\/image\/"}}]}},"_links":{"self":[{"href":"https:\/\/www.akuplastics.com\/hu\/wp-json\/wp\/v2\/pages\/21242","targetHints":{"allow":["GET"]}}],"collection":[{"href":"https:\/\/www.akuplastics.com\/hu\/wp-json\/wp\/v2\/pages"}],"about":[{"href":"https:\/\/www.akuplastics.com\/hu\/wp-json\/wp\/v2\/types\/page"}],"author":[{"embeddable":true,"href":"https:\/\/www.akuplastics.com\/hu\/wp-json\/wp\/v2\/users\/3"}],"replies":[{"embeddable":true,"href":"https:\/\/www.akuplastics.com\/hu\/wp-json\/wp\/v2\/comments?post=21242"}],"version-history":[{"count":4,"href":"https:\/\/www.akuplastics.com\/hu\/wp-json\/wp\/v2\/pages\/21242\/revisions"}],"predecessor-version":[{"id":23581,"href":"https:\/\/www.akuplastics.com\/hu\/wp-json\/wp\/v2\/pages\/21242\/revisions\/23581"}],"up":[{"embeddable":true,"href":"https:\/\/www.akuplastics.com\/hu\/wp-json\/wp\/v2\/pages\/9403"}],"wp:attachment":[{"href":"https:\/\/www.akuplastics.com\/hu\/wp-json\/wp\/v2\/media?parent=21242"}],"curies":[{"name":"wp","href":"https:\/\/api.w.org\/{rel}","templated":true}]}}