{"id":21220,"date":"2024-04-12T13:49:45","date_gmt":"2024-04-12T11:49:45","guid":{"rendered":"https:\/\/www.akuplastics.com\/gepek-es-eszkoezoek\/kerek-huzoberendezes-hegesztogepekhez\/"},"modified":"2024-04-12T17:33:48","modified_gmt":"2024-04-12T15:33:48","slug":"kerekito-berendezes-hegesztogepek-palackok-idomegtakaritas-kerekito-tartalyok-biztonsag","status":"publish","type":"page","link":"https:\/\/www.akuplastics.com\/hu\/gepek-es-eszkoezoek\/kerekito-berendezes-hegesztogepek-palackok-idomegtakaritas-kerekito-tartalyok-biztonsag\/","title":{"rendered":"Kerek h\u00faz\u00f3berendez\u00e9s hegeszt\u0151g\u00e9pekhez"},"content":{"rendered":"\t\t<div data-elementor-type=\"wp-page\" data-elementor-id=\"21220\" class=\"elementor elementor-21220 elementor-21201\" data-elementor-post-type=\"page\">\n\t\t\t\t\t\t<section class=\"elementor-section elementor-top-section elementor-element elementor-element-179b1adf elementor-section-boxed elementor-section-height-default elementor-section-height-default\" data-id=\"179b1adf\" data-element_type=\"section\" data-e-type=\"section\">\n\t\t\t\t\t\t<div class=\"elementor-container elementor-column-gap-default\">\n\t\t\t\t\t<div class=\"elementor-column elementor-col-100 elementor-top-column elementor-element elementor-element-32c2275b\" data-id=\"32c2275b\" data-element_type=\"column\" data-e-type=\"column\">\n\t\t\t<div class=\"elementor-widget-wrap elementor-element-populated\">\n\t\t\t\t\t\t<div class=\"elementor-element elementor-element-6bc259db elementor-widget elementor-widget-text-editor\" data-id=\"6bc259db\" data-element_type=\"widget\" data-e-type=\"widget\" data-widget_type=\"text-editor.default\">\n\t\t\t\t<div class=\"elementor-widget-container\">\n\t\t\t\t\t\t\t\t\t<h1>Kerek tart\u00e1lyok gy\u00e1rt\u00e1s\u00e1hoz haszn\u00e1lt hegeszt\u0151g\u00e9pekhez val\u00f3 kerek h\u00faz\u00f3berendez\u00e9s.<\/h1>\n\t\t\t\t\t\t\t\t<\/div>\n\t\t\t\t<\/div>\n\t\t\t\t<section class=\"elementor-section elementor-inner-section elementor-element elementor-element-1ae8d342 elementor-section-boxed elementor-section-height-default elementor-section-height-default\" data-id=\"1ae8d342\" data-element_type=\"section\" data-e-type=\"section\">\n\t\t\t\t\t\t<div class=\"elementor-container elementor-column-gap-default\">\n\t\t\t\t\t<div class=\"elementor-column elementor-col-50 elementor-inner-column elementor-element elementor-element-5c380b3c\" data-id=\"5c380b3c\" data-element_type=\"column\" data-e-type=\"column\">\n\t\t\t<div class=\"elementor-widget-wrap elementor-element-populated\">\n\t\t\t\t\t\t<div class=\"elementor-element elementor-element-6ea17d91 elementor-widget elementor-widget-text-editor\" data-id=\"6ea17d91\" data-element_type=\"widget\" data-e-type=\"widget\" data-widget_type=\"text-editor.default\">\n\t\t\t\t<div class=\"elementor-widget-container\">\n\t\t\t\t\t\t\t\t\t<p>A hegeszt\u0151g\u00e9pekhez val\u00f3 k\u00f6r alak\u00fa h\u00faz\u00f3k\u00e9sz\u00fcl\u00e9k a hegeszt\u00e9stechnol\u00f3gia n\u00e9lk\u00fcl\u00f6zhetetlen eszk\u00f6ze, amelyet kifejezetten a kerek munkadarabok pontos igaz\u00edt\u00e1s\u00e1ra \u00e9s r\u00f6gz\u00edt\u00e9s\u00e9re fejlesztettek ki.<\/p>\n<p>Ez a k\u00e9sz\u00fcl\u00e9k lehet\u0151v\u00e9 teszi a kerek vagy hengeres alkatr\u00e9szek biztons\u00e1gos \u00e9s stabil pozicion\u00e1l\u00e1s\u00e1t a hegeszt\u00e9si folyamat sor\u00e1n, ami pontos \u00e9s kiv\u00e1l\u00f3 min\u0151s\u00e9g\u0171 hegeszt\u00e9si varratokat eredm\u00e9nyez.<\/p>\n<p>A k\u00f6rh\u00faz\u00f3 haszn\u00e1lat\u00e1val a hegeszt\u0151k n\u00f6velhetik hat\u00e9konys\u00e1gukat \u00e9s cs\u00f6kkenthetik a munkaterhel\u00e9st, mivel minim\u00e1lisra cs\u00f6kkenti a k\u00e9zi be\u00e1ll\u00edt\u00e1sok vagy tov\u00e1bbi r\u00f6gz\u00edt\u00e9sek sz\u00fcks\u00e9gess\u00e9g\u00e9t.<\/p>\n<\/p>\n<p>Ezenk\u00edv\u00fcl a munkadarabok pontos igaz\u00edt\u00e1sa seg\u00edt elker\u00fclni az anyagpazarl\u00e1st \u00e9s cs\u00f6kkenti a hegeszt\u00e9si folyamat teljes k\u00f6lts\u00e9g\u00e9t.<\/p>\n<\/p>\n<p>A hegeszt\u0151g\u00e9pekhez val\u00f3 kerek h\u00faz\u00f3berendez\u00e9s sokoldal\u00faan haszn\u00e1lhat\u00f3, \u00e9s a m\u0171anyag-feldolgoz\u00e1s k\u00fcl\u00f6nb\u00f6z\u0151 alkalmaz\u00e1saihoz haszn\u00e1lhat\u00f3. A maxim\u00e1lis pontoss\u00e1gra \u00e9s hat\u00e9konys\u00e1gra t\u00f6rekv\u0151 hegeszt\u0151k n\u00e9lk\u00fcl\u00f6zhetetlen eszk\u00f6ze.<\/p>\n<\/p>\n<p><strong>Ez\u00e9rt ide\u00e1lis t\u00e1maszt\u00e9kot jelentenek a kerek tart\u00e1lyok gy\u00e1rt\u00e1s\u00e1hoz.<\/strong><\/p>\n<\/p>\n<p>Ez a megold\u00e1s tov\u00e1bbi biztons\u00e1got garant\u00e1l \u00e9s jelent\u0151s id\u0151t takar\u00edt meg. M\u00e9g a nagym\u00e9ret\u0171 hengerek is minim\u00e1lis munkaer\u0151-r\u00e1ford\u00edt\u00e1ssal gy\u00e1rthat\u00f3k.<\/p>\n\t\t\t\t\t\t\t\t<\/div>\n\t\t\t\t<\/div>\n\t\t\t\t<div class=\"elementor-element elementor-element-d31fd90 elementor-widget elementor-widget-text-editor\" data-id=\"d31fd90\" data-element_type=\"widget\" data-e-type=\"widget\" data-widget_type=\"text-editor.default\">\n\t\t\t\t<div class=\"elementor-widget-container\">\n\t\t\t\t\t\t\t\t\t<p><strong>KZ-V modell<\/strong><\/p>\n<p>V\u00e1ltoztathat\u00f3 kerek h\u00faz\u00f3berendez\u00e9s, amely minden hegeszt\u0151g\u00e9phez alkalmas.<\/p>\n<p><strong>6-30 mm-es lemezekhez \u00e9s 1000-5000 mm \u00e1tm\u00e9r\u0151j\u0171 lemezekhez.<\/strong><\/p>\n<p><strong>Ez a kerek h\u00faz\u00f3berendez\u00e9s csak belt\u00e9ri daruval egy\u00fctt m\u0171k\u00f6dik.<\/strong><\/p>\n<p><strong>RZ-V modell<\/strong><br \/>1.2-es verzi\u00f3 (2x pneumatikus emel\u0151kar, 2x cs\u00f6rl\u0151 \u00e9s motor)<\/p>\n<p>Alkalmas minden hegeszt\u0151g\u00e9phez, 5-25 mm-es lemezekhez \u00e9s 500-2.500 mm \u00e1tm\u00e9r\u0151j\u0171 lemezekhez.<\/p>\n<p>V\u00e1ltoz\u00f3an \u00e1ll\u00edthat\u00f3 pneumatikus emel\u0151karok \u00e9s cs\u00f6rl\u0151k. <\/p>\n<p><strong>A munkasz\u00e9less\u00e9gt\u0151l \u00e9s az \u00fcgyf\u00e9l k\u00f6vetelm\u00e9nyprofilj\u00e1t\u00f3l f\u00fcgg\u0151en vari\u00e1lhat\u00f3an meghosszabb\u00edthat\u00f3.<\/strong><\/p>\n<p><strong>RZ-VM modell<\/strong><br \/>1.2-es verzi\u00f3 (2x cs\u00f6rl\u0151 \u00e9s motor) a g\u00e9phez csatlakoztatva 4 &#8211; 25 mm-es \u00e9s<strong>kb. 600 &#8211; 3.000 mm \u00e1tm\u00e9r\u0151j\u0171<\/strong> t\u00e1bl\u00e1khoz.<\/p>\n\t\t\t\t\t\t\t\t<\/div>\n\t\t\t\t<\/div>\n\t\t\t\t\t<\/div>\n\t\t<\/div>\n\t\t\t\t<div class=\"elementor-column elementor-col-50 elementor-inner-column elementor-element elementor-element-38814438\" data-id=\"38814438\" data-element_type=\"column\" data-e-type=\"column\">\n\t\t\t<div class=\"elementor-widget-wrap elementor-element-populated\">\n\t\t\t\t\t\t<div class=\"elementor-element elementor-element-6cdd4005 elementor-widget elementor-widget-image\" data-id=\"6cdd4005\" data-element_type=\"widget\" data-e-type=\"widget\" data-widget_type=\"image.default\">\n\t\t\t\t<div class=\"elementor-widget-container\">\n\t\t\t\t\t\t\t\t\t\t\t\t<figure class=\"wp-caption\">\n\t\t\t\t\t\t\t\t\t\t<img loading=\"lazy\" decoding=\"async\" width=\"300\" height=\"225\" src=\"https:\/\/www.akuplastics.com\/wp-content\/uploads\/2024\/04\/Rundziehvorrichtung-Schweissmaschine-mit-1.0-RZ-V_frei-1024x768-1-300x225.jpg\" class=\"attachment-medium size-medium wp-image-21212\" alt=\"Rundziehvorrichtung Schweissmaschine-mit-1.0-RZ-V_frei-\" srcset=\"https:\/\/www.akuplastics.com\/wp-content\/uploads\/2024\/04\/Rundziehvorrichtung-Schweissmaschine-mit-1.0-RZ-V_frei-1024x768-1-300x225.jpg 300w, https:\/\/www.akuplastics.com\/wp-content\/uploads\/2024\/04\/Rundziehvorrichtung-Schweissmaschine-mit-1.0-RZ-V_frei-1024x768-1-768x576.jpg 768w, https:\/\/www.akuplastics.com\/wp-content\/uploads\/2024\/04\/Rundziehvorrichtung-Schweissmaschine-mit-1.0-RZ-V_frei-1024x768-1.jpg 1024w\" sizes=\"auto, (max-width: 300px) 100vw, 300px\" \/>\t\t\t\t\t\t\t\t\t\t\t<figcaption class=\"widget-image-caption wp-caption-text\">Kerek h\u00faz\u00f3berendez\u00e9s hegeszt\u0151g\u00e9phez 1.0 RZ-V<\/figcaption>\n\t\t\t\t\t\t\t\t\t\t<\/figure>\n\t\t\t\t\t\t\t\t\t<\/div>\n\t\t\t\t<\/div>\n\t\t\t\t<div class=\"elementor-element elementor-element-5d1c4bb elementor-invisible elementor-widget elementor-widget-image\" data-id=\"5d1c4bb\" data-element_type=\"widget\" data-e-type=\"widget\" data-settings=\"{&quot;_animation&quot;:&quot;fadeInDown&quot;}\" data-widget_type=\"image.default\">\n\t\t\t\t<div class=\"elementor-widget-container\">\n\t\t\t\t\t\t\t\t\t\t\t\t<figure class=\"wp-caption\">\n\t\t\t\t\t\t\t\t\t\t<img loading=\"lazy\" decoding=\"async\" width=\"300\" height=\"225\" src=\"https:\/\/www.akuplastics.com\/wp-content\/uploads\/2024\/04\/Rundziehvorrichtung-Schweissmaschine_und_1.2-RZ-VM_frei-1024x768-1-300x225.jpg\" class=\"attachment-medium size-medium wp-image-21209\" alt=\"Rundziehvorrichtung Schweissmaschine_und_1.2-RZ-VM_frei-\" srcset=\"https:\/\/www.akuplastics.com\/wp-content\/uploads\/2024\/04\/Rundziehvorrichtung-Schweissmaschine_und_1.2-RZ-VM_frei-1024x768-1-300x225.jpg 300w, https:\/\/www.akuplastics.com\/wp-content\/uploads\/2024\/04\/Rundziehvorrichtung-Schweissmaschine_und_1.2-RZ-VM_frei-1024x768-1-768x576.jpg 768w, https:\/\/www.akuplastics.com\/wp-content\/uploads\/2024\/04\/Rundziehvorrichtung-Schweissmaschine_und_1.2-RZ-VM_frei-1024x768-1.jpg 1024w\" sizes=\"auto, (max-width: 300px) 100vw, 300px\" \/>\t\t\t\t\t\t\t\t\t\t\t<figcaption class=\"widget-image-caption wp-caption-text\">Kerek rajzol\u00f3berendez\u00e9s hegeszt\u0151g\u00e9p 1.2 RZ-VM<\/figcaption>\n\t\t\t\t\t\t\t\t\t\t<\/figure>\n\t\t\t\t\t\t\t\t\t<\/div>\n\t\t\t\t<\/div>\n\t\t\t\t<div class=\"elementor-element elementor-element-753905a elementor-invisible elementor-widget elementor-widget-image\" data-id=\"753905a\" data-element_type=\"widget\" data-e-type=\"widget\" data-settings=\"{&quot;_animation&quot;:&quot;fadeInRight&quot;}\" data-widget_type=\"image.default\">\n\t\t\t\t<div class=\"elementor-widget-container\">\n\t\t\t\t\t\t\t\t\t\t\t\t<figure class=\"wp-caption\">\n\t\t\t\t\t\t\t\t\t\t<img loading=\"lazy\" decoding=\"async\" width=\"300\" height=\"224\" src=\"https:\/\/www.akuplastics.com\/wp-content\/uploads\/2024\/04\/Rundziehvorrichtung-Modell-KZ-V-1024x766-1-300x224.jpg\" class=\"attachment-medium size-medium wp-image-21206\" alt=\"Rundziehvorrichtung Modell KZ-V\" srcset=\"https:\/\/www.akuplastics.com\/wp-content\/uploads\/2024\/04\/Rundziehvorrichtung-Modell-KZ-V-1024x766-1-300x224.jpg 300w, https:\/\/www.akuplastics.com\/wp-content\/uploads\/2024\/04\/Rundziehvorrichtung-Modell-KZ-V-1024x766-1-768x575.jpg 768w, https:\/\/www.akuplastics.com\/wp-content\/uploads\/2024\/04\/Rundziehvorrichtung-Modell-KZ-V-1024x766-1.jpg 1024w\" sizes=\"auto, (max-width: 300px) 100vw, 300px\" \/>\t\t\t\t\t\t\t\t\t\t\t<figcaption class=\"widget-image-caption wp-caption-text\">Kerek h\u00faz\u00f3eszk\u00f6z KZ-V modell<\/figcaption>\n\t\t\t\t\t\t\t\t\t\t<\/figure>\n\t\t\t\t\t\t\t\t\t<\/div>\n\t\t\t\t<\/div>\n\t\t\t\t\t<\/div>\n\t\t<\/div>\n\t\t\t\t\t<\/div>\n\t\t<\/section>\n\t\t\t\t\t<\/div>\n\t\t<\/div>\n\t\t\t\t\t<\/div>\n\t\t<\/section>\n\t\t\t\t<\/div>\n\t\t","protected":false},"excerpt":{"rendered":"<p>Kerek tart\u00e1lyok gy\u00e1rt\u00e1s\u00e1hoz haszn\u00e1lt hegeszt\u0151g\u00e9pekhez val\u00f3 kerek h\u00faz\u00f3berendez\u00e9s. A hegeszt\u0151g\u00e9pekhez val\u00f3 k\u00f6r alak\u00fa h\u00faz\u00f3k\u00e9sz\u00fcl\u00e9k a hegeszt\u00e9stechnol\u00f3gia n\u00e9lk\u00fcl\u00f6zhetetlen eszk\u00f6ze, amelyet kifejezetten a kerek munkadarabok pontos igaz\u00edt\u00e1s\u00e1ra \u00e9s r\u00f6gz\u00edt\u00e9s\u00e9re fejlesztettek ki. Ez a k\u00e9sz\u00fcl\u00e9k lehet\u0151v\u00e9 teszi a kerek vagy hengeres alkatr\u00e9szek biztons\u00e1gos \u00e9s stabil pozicion\u00e1l\u00e1s\u00e1t a hegeszt\u00e9si folyamat sor\u00e1n, ami pontos \u00e9s kiv\u00e1l\u00f3 min\u0151s\u00e9g\u0171 hegeszt\u00e9si varratokat eredm\u00e9nyez. [&hellip;]<\/p>\n","protected":false},"author":3,"featured_media":0,"parent":9403,"menu_order":0,"comment_status":"closed","ping_status":"closed","template":"elementor_header_footer","meta":{"iawp_total_views":5,"footnotes":""},"class_list":["post-21220","page","type-page","status-publish","hentry"],"yoast_head":"<!-- This site is optimized with the Yoast SEO Premium plugin v27.4 (Yoast SEO v27.5) - https:\/\/yoast.com\/product\/yoast-seo-premium-wordpress\/ -->\n<title>Kerek\u00edt\u0151 berendez\u00e9s Hegeszt\u0151g\u00e9pek Palackok Id\u0151megtakar\u00edt\u00e1s Kerek\u00edt\u0151 tart\u00e1lyok Biztons\u00e1g<\/title>\n<meta name=\"description\" content=\"A hegeszt\u0151g\u00e9pekhez val\u00f3 k\u00f6r alak\u00fa h\u00faz\u00f3k\u00e9sz\u00fcl\u00e9k a hegeszt\u00e9stechnol\u00f3gia n\u00e9lk\u00fcl\u00f6zhetetlen eszk\u00f6ze, amelyet kifejezetten a kerek munkadarabok pontos igaz\u00edt\u00e1s\u00e1ra \u00e9s r\u00f6gz\u00edt\u00e9s\u00e9re fejlesztettek ki. Ez a k\u00e9sz\u00fcl\u00e9k lehet\u0151v\u00e9 teszi a kerek vagy hengeres alkatr\u00e9szek biztons\u00e1gos \u00e9s stabil pozicion\u00e1l\u00e1s\u00e1t a hegeszt\u00e9si folyamat sor\u00e1n, ami pontos \u00e9s kiv\u00e1l\u00f3 min\u0151s\u00e9g\u0171 hegeszt\u00e9si varratokat eredm\u00e9nyez.\" \/>\n<meta name=\"robots\" content=\"index, follow, max-snippet:-1, max-image-preview:large, max-video-preview:-1\" \/>\n<link rel=\"canonical\" href=\"https:\/\/www.akuplastics.com\/hu\/gepek-es-eszkoezoek\/kerekito-berendezes-hegesztogepek-palackok-idomegtakaritas-kerekito-tartalyok-biztonsag\/\" \/>\n<script type=\"application\/ld+json\" class=\"yoast-schema-graph\">{\"@context\":\"https:\\\/\\\/schema.org\",\"@graph\":[{\"@type\":\"WebPage\",\"@id\":\"https:\\\/\\\/www.akuplastics.com\\\/hu\\\/gepek-es-eszkoezoek\\\/kerekito-berendezes-hegesztogepek-palackok-idomegtakaritas-kerekito-tartalyok-biztonsag\\\/\",\"url\":\"https:\\\/\\\/www.akuplastics.com\\\/hu\\\/gepek-es-eszkoezoek\\\/kerekito-berendezes-hegesztogepek-palackok-idomegtakaritas-kerekito-tartalyok-biztonsag\\\/\",\"name\":\"Kerek\u00edt\u0151 berendez\u00e9s Hegeszt\u0151g\u00e9pek Palackok Id\u0151megtakar\u00edt\u00e1s Kerek\u00edt\u0151 tart\u00e1lyok Biztons\u00e1g\",\"isPartOf\":{\"@id\":\"https:\\\/\\\/www.akuplastics.com\\\/hu\\\/#website\"},\"primaryImageOfPage\":{\"@id\":\"https:\\\/\\\/www.akuplastics.com\\\/hu\\\/gepek-es-eszkoezoek\\\/kerekito-berendezes-hegesztogepek-palackok-idomegtakaritas-kerekito-tartalyok-biztonsag\\\/#primaryimage\"},\"image\":{\"@id\":\"https:\\\/\\\/www.akuplastics.com\\\/hu\\\/gepek-es-eszkoezoek\\\/kerekito-berendezes-hegesztogepek-palackok-idomegtakaritas-kerekito-tartalyok-biztonsag\\\/#primaryimage\"},\"thumbnailUrl\":\"https:\\\/\\\/www.akuplastics.com\\\/wp-content\\\/uploads\\\/2024\\\/04\\\/Rundziehvorrichtung-Schweissmaschine-mit-1.0-RZ-V_frei-1024x768-1-300x225.jpg\",\"datePublished\":\"2024-04-12T11:49:45+00:00\",\"dateModified\":\"2024-04-12T15:33:48+00:00\",\"description\":\"A hegeszt\u0151g\u00e9pekhez val\u00f3 k\u00f6r alak\u00fa h\u00faz\u00f3k\u00e9sz\u00fcl\u00e9k a hegeszt\u00e9stechnol\u00f3gia n\u00e9lk\u00fcl\u00f6zhetetlen eszk\u00f6ze, amelyet kifejezetten a kerek munkadarabok pontos igaz\u00edt\u00e1s\u00e1ra \u00e9s r\u00f6gz\u00edt\u00e9s\u00e9re fejlesztettek ki. Ez a k\u00e9sz\u00fcl\u00e9k lehet\u0151v\u00e9 teszi a kerek vagy hengeres alkatr\u00e9szek biztons\u00e1gos \u00e9s stabil pozicion\u00e1l\u00e1s\u00e1t a hegeszt\u00e9si folyamat sor\u00e1n, ami pontos \u00e9s kiv\u00e1l\u00f3 min\u0151s\u00e9g\u0171 hegeszt\u00e9si varratokat eredm\u00e9nyez.\",\"breadcrumb\":{\"@id\":\"https:\\\/\\\/www.akuplastics.com\\\/hu\\\/gepek-es-eszkoezoek\\\/kerekito-berendezes-hegesztogepek-palackok-idomegtakaritas-kerekito-tartalyok-biztonsag\\\/#breadcrumb\"},\"inLanguage\":\"hu\",\"potentialAction\":[{\"@type\":\"ReadAction\",\"target\":[\"https:\\\/\\\/www.akuplastics.com\\\/hu\\\/gepek-es-eszkoezoek\\\/kerekito-berendezes-hegesztogepek-palackok-idomegtakaritas-kerekito-tartalyok-biztonsag\\\/\"]}]},{\"@type\":\"ImageObject\",\"inLanguage\":\"hu\",\"@id\":\"https:\\\/\\\/www.akuplastics.com\\\/hu\\\/gepek-es-eszkoezoek\\\/kerekito-berendezes-hegesztogepek-palackok-idomegtakaritas-kerekito-tartalyok-biztonsag\\\/#primaryimage\",\"url\":\"https:\\\/\\\/www.akuplastics.com\\\/wp-content\\\/uploads\\\/2024\\\/04\\\/Rundziehvorrichtung-Schweissmaschine-mit-1.0-RZ-V_frei-1024x768-1-300x225.jpg\",\"contentUrl\":\"https:\\\/\\\/www.akuplastics.com\\\/wp-content\\\/uploads\\\/2024\\\/04\\\/Rundziehvorrichtung-Schweissmaschine-mit-1.0-RZ-V_frei-1024x768-1-300x225.jpg\"},{\"@type\":\"BreadcrumbList\",\"@id\":\"https:\\\/\\\/www.akuplastics.com\\\/hu\\\/gepek-es-eszkoezoek\\\/kerekito-berendezes-hegesztogepek-palackok-idomegtakaritas-kerekito-tartalyok-biztonsag\\\/#breadcrumb\",\"itemListElement\":[{\"@type\":\"ListItem\",\"position\":1,\"name\":\"Kezd\u0151lap\",\"item\":\"https:\\\/\\\/www.akuplastics.com\\\/hu\\\/\"},{\"@type\":\"ListItem\",\"position\":2,\"name\":\"G\u00e9pek \u00e9s eszk\u00f6z\u00f6k\",\"item\":\"https:\\\/\\\/www.akuplastics.com\\\/hu\\\/gepek-es-eszkoezoek\\\/\"},{\"@type\":\"ListItem\",\"position\":3,\"name\":\"Kerek h\u00faz\u00f3berendez\u00e9s hegeszt\u0151g\u00e9pekhez\"}]},{\"@type\":\"WebSite\",\"@id\":\"https:\\\/\\\/www.akuplastics.com\\\/hu\\\/#website\",\"url\":\"https:\\\/\\\/www.akuplastics.com\\\/hu\\\/\",\"name\":\"Semi-Finished Products \u2013 Finished Parts \u2013 Ventilation Moulded Parts \u2013 Machines\",\"description\":\"Halbzeuge, Halbfabrikate, Kunststoffhalbzeuge, Kunststoffhalbfabrikate\",\"publisher\":{\"@id\":\"https:\\\/\\\/www.akuplastics.com\\\/hu\\\/#organization\"},\"alternateName\":\"AKUPLASTICS \u2013 Engineering in Plastics\",\"potentialAction\":[{\"@type\":\"SearchAction\",\"target\":{\"@type\":\"EntryPoint\",\"urlTemplate\":\"https:\\\/\\\/www.akuplastics.com\\\/hu\\\/?s={search_term_string}\"},\"query-input\":{\"@type\":\"PropertyValueSpecification\",\"valueRequired\":true,\"valueName\":\"search_term_string\"}}],\"inLanguage\":\"hu\"},{\"@type\":\"Organization\",\"@id\":\"https:\\\/\\\/www.akuplastics.com\\\/hu\\\/#organization\",\"name\":\"Ing. Christian Ahlborn e.U.\",\"alternateName\":\"AKU\",\"url\":\"https:\\\/\\\/www.akuplastics.com\\\/hu\\\/\",\"logo\":{\"@type\":\"ImageObject\",\"inLanguage\":\"hu\",\"@id\":\"https:\\\/\\\/www.akuplastics.com\\\/hu\\\/#\\\/schema\\\/logo\\\/image\\\/\",\"url\":\"https:\\\/\\\/www.akuplastics.com\\\/wp-content\\\/uploads\\\/2020\\\/07\\\/Grafik14-inkl-r.png\",\"contentUrl\":\"https:\\\/\\\/www.akuplastics.com\\\/wp-content\\\/uploads\\\/2020\\\/07\\\/Grafik14-inkl-r.png\",\"width\":1994,\"height\":743,\"caption\":\"Ing. Christian Ahlborn e.U.\"},\"image\":{\"@id\":\"https:\\\/\\\/www.akuplastics.com\\\/hu\\\/#\\\/schema\\\/logo\\\/image\\\/\"}}]}<\/script>\n<!-- \/ Yoast SEO Premium plugin. -->","yoast_head_json":{"title":"Kerek\u00edt\u0151 berendez\u00e9s Hegeszt\u0151g\u00e9pek Palackok Id\u0151megtakar\u00edt\u00e1s Kerek\u00edt\u0151 tart\u00e1lyok Biztons\u00e1g","description":"A hegeszt\u0151g\u00e9pekhez val\u00f3 k\u00f6r alak\u00fa h\u00faz\u00f3k\u00e9sz\u00fcl\u00e9k a hegeszt\u00e9stechnol\u00f3gia n\u00e9lk\u00fcl\u00f6zhetetlen eszk\u00f6ze, amelyet kifejezetten a kerek munkadarabok pontos igaz\u00edt\u00e1s\u00e1ra \u00e9s r\u00f6gz\u00edt\u00e9s\u00e9re fejlesztettek ki. Ez a k\u00e9sz\u00fcl\u00e9k lehet\u0151v\u00e9 teszi a kerek vagy hengeres alkatr\u00e9szek biztons\u00e1gos \u00e9s stabil pozicion\u00e1l\u00e1s\u00e1t a hegeszt\u00e9si folyamat sor\u00e1n, ami pontos \u00e9s kiv\u00e1l\u00f3 min\u0151s\u00e9g\u0171 hegeszt\u00e9si varratokat eredm\u00e9nyez.","robots":{"index":"index","follow":"follow","max-snippet":"max-snippet:-1","max-image-preview":"max-image-preview:large","max-video-preview":"max-video-preview:-1"},"canonical":"https:\/\/www.akuplastics.com\/hu\/gepek-es-eszkoezoek\/kerekito-berendezes-hegesztogepek-palackok-idomegtakaritas-kerekito-tartalyok-biztonsag\/","schema":{"@context":"https:\/\/schema.org","@graph":[{"@type":"WebPage","@id":"https:\/\/www.akuplastics.com\/hu\/gepek-es-eszkoezoek\/kerekito-berendezes-hegesztogepek-palackok-idomegtakaritas-kerekito-tartalyok-biztonsag\/","url":"https:\/\/www.akuplastics.com\/hu\/gepek-es-eszkoezoek\/kerekito-berendezes-hegesztogepek-palackok-idomegtakaritas-kerekito-tartalyok-biztonsag\/","name":"Kerek\u00edt\u0151 berendez\u00e9s Hegeszt\u0151g\u00e9pek Palackok Id\u0151megtakar\u00edt\u00e1s Kerek\u00edt\u0151 tart\u00e1lyok Biztons\u00e1g","isPartOf":{"@id":"https:\/\/www.akuplastics.com\/hu\/#website"},"primaryImageOfPage":{"@id":"https:\/\/www.akuplastics.com\/hu\/gepek-es-eszkoezoek\/kerekito-berendezes-hegesztogepek-palackok-idomegtakaritas-kerekito-tartalyok-biztonsag\/#primaryimage"},"image":{"@id":"https:\/\/www.akuplastics.com\/hu\/gepek-es-eszkoezoek\/kerekito-berendezes-hegesztogepek-palackok-idomegtakaritas-kerekito-tartalyok-biztonsag\/#primaryimage"},"thumbnailUrl":"https:\/\/www.akuplastics.com\/wp-content\/uploads\/2024\/04\/Rundziehvorrichtung-Schweissmaschine-mit-1.0-RZ-V_frei-1024x768-1-300x225.jpg","datePublished":"2024-04-12T11:49:45+00:00","dateModified":"2024-04-12T15:33:48+00:00","description":"A hegeszt\u0151g\u00e9pekhez val\u00f3 k\u00f6r alak\u00fa h\u00faz\u00f3k\u00e9sz\u00fcl\u00e9k a hegeszt\u00e9stechnol\u00f3gia n\u00e9lk\u00fcl\u00f6zhetetlen eszk\u00f6ze, amelyet kifejezetten a kerek munkadarabok pontos igaz\u00edt\u00e1s\u00e1ra \u00e9s r\u00f6gz\u00edt\u00e9s\u00e9re fejlesztettek ki. Ez a k\u00e9sz\u00fcl\u00e9k lehet\u0151v\u00e9 teszi a kerek vagy hengeres alkatr\u00e9szek biztons\u00e1gos \u00e9s stabil pozicion\u00e1l\u00e1s\u00e1t a hegeszt\u00e9si folyamat sor\u00e1n, ami pontos \u00e9s kiv\u00e1l\u00f3 min\u0151s\u00e9g\u0171 hegeszt\u00e9si varratokat eredm\u00e9nyez.","breadcrumb":{"@id":"https:\/\/www.akuplastics.com\/hu\/gepek-es-eszkoezoek\/kerekito-berendezes-hegesztogepek-palackok-idomegtakaritas-kerekito-tartalyok-biztonsag\/#breadcrumb"},"inLanguage":"hu","potentialAction":[{"@type":"ReadAction","target":["https:\/\/www.akuplastics.com\/hu\/gepek-es-eszkoezoek\/kerekito-berendezes-hegesztogepek-palackok-idomegtakaritas-kerekito-tartalyok-biztonsag\/"]}]},{"@type":"ImageObject","inLanguage":"hu","@id":"https:\/\/www.akuplastics.com\/hu\/gepek-es-eszkoezoek\/kerekito-berendezes-hegesztogepek-palackok-idomegtakaritas-kerekito-tartalyok-biztonsag\/#primaryimage","url":"https:\/\/www.akuplastics.com\/wp-content\/uploads\/2024\/04\/Rundziehvorrichtung-Schweissmaschine-mit-1.0-RZ-V_frei-1024x768-1-300x225.jpg","contentUrl":"https:\/\/www.akuplastics.com\/wp-content\/uploads\/2024\/04\/Rundziehvorrichtung-Schweissmaschine-mit-1.0-RZ-V_frei-1024x768-1-300x225.jpg"},{"@type":"BreadcrumbList","@id":"https:\/\/www.akuplastics.com\/hu\/gepek-es-eszkoezoek\/kerekito-berendezes-hegesztogepek-palackok-idomegtakaritas-kerekito-tartalyok-biztonsag\/#breadcrumb","itemListElement":[{"@type":"ListItem","position":1,"name":"Kezd\u0151lap","item":"https:\/\/www.akuplastics.com\/hu\/"},{"@type":"ListItem","position":2,"name":"G\u00e9pek \u00e9s eszk\u00f6z\u00f6k","item":"https:\/\/www.akuplastics.com\/hu\/gepek-es-eszkoezoek\/"},{"@type":"ListItem","position":3,"name":"Kerek h\u00faz\u00f3berendez\u00e9s hegeszt\u0151g\u00e9pekhez"}]},{"@type":"WebSite","@id":"https:\/\/www.akuplastics.com\/hu\/#website","url":"https:\/\/www.akuplastics.com\/hu\/","name":"Semi-Finished Products \u2013 Finished Parts \u2013 Ventilation Moulded Parts \u2013 Machines","description":"Halbzeuge, Halbfabrikate, Kunststoffhalbzeuge, Kunststoffhalbfabrikate","publisher":{"@id":"https:\/\/www.akuplastics.com\/hu\/#organization"},"alternateName":"AKUPLASTICS \u2013 Engineering in Plastics","potentialAction":[{"@type":"SearchAction","target":{"@type":"EntryPoint","urlTemplate":"https:\/\/www.akuplastics.com\/hu\/?s={search_term_string}"},"query-input":{"@type":"PropertyValueSpecification","valueRequired":true,"valueName":"search_term_string"}}],"inLanguage":"hu"},{"@type":"Organization","@id":"https:\/\/www.akuplastics.com\/hu\/#organization","name":"Ing. Christian Ahlborn e.U.","alternateName":"AKU","url":"https:\/\/www.akuplastics.com\/hu\/","logo":{"@type":"ImageObject","inLanguage":"hu","@id":"https:\/\/www.akuplastics.com\/hu\/#\/schema\/logo\/image\/","url":"https:\/\/www.akuplastics.com\/wp-content\/uploads\/2020\/07\/Grafik14-inkl-r.png","contentUrl":"https:\/\/www.akuplastics.com\/wp-content\/uploads\/2020\/07\/Grafik14-inkl-r.png","width":1994,"height":743,"caption":"Ing. Christian Ahlborn e.U."},"image":{"@id":"https:\/\/www.akuplastics.com\/hu\/#\/schema\/logo\/image\/"}}]}},"_links":{"self":[{"href":"https:\/\/www.akuplastics.com\/hu\/wp-json\/wp\/v2\/pages\/21220","targetHints":{"allow":["GET"]}}],"collection":[{"href":"https:\/\/www.akuplastics.com\/hu\/wp-json\/wp\/v2\/pages"}],"about":[{"href":"https:\/\/www.akuplastics.com\/hu\/wp-json\/wp\/v2\/types\/page"}],"author":[{"embeddable":true,"href":"https:\/\/www.akuplastics.com\/hu\/wp-json\/wp\/v2\/users\/3"}],"replies":[{"embeddable":true,"href":"https:\/\/www.akuplastics.com\/hu\/wp-json\/wp\/v2\/comments?post=21220"}],"version-history":[{"count":3,"href":"https:\/\/www.akuplastics.com\/hu\/wp-json\/wp\/v2\/pages\/21220\/revisions"}],"predecessor-version":[{"id":21273,"href":"https:\/\/www.akuplastics.com\/hu\/wp-json\/wp\/v2\/pages\/21220\/revisions\/21273"}],"up":[{"embeddable":true,"href":"https:\/\/www.akuplastics.com\/hu\/wp-json\/wp\/v2\/pages\/9403"}],"wp:attachment":[{"href":"https:\/\/www.akuplastics.com\/hu\/wp-json\/wp\/v2\/media?parent=21220"}],"curies":[{"name":"wp","href":"https:\/\/api.w.org\/{rel}","templated":true}]}}