{"id":21186,"date":"2024-04-12T13:06:50","date_gmt":"2024-04-12T11:06:50","guid":{"rendered":"https:\/\/www.akuplastics.com\/gepek-es-eszkoezoek\/hegesztesi-gyoengy-eltavolito\/"},"modified":"2024-06-02T20:38:00","modified_gmt":"2024-06-02T18:38:00","slug":"hegesztesi-gyoengy-eltavolito","status":"publish","type":"page","link":"https:\/\/www.akuplastics.com\/hu\/gepek-es-eszkoezoek\/hegesztesi-gyoengy-eltavolito\/","title":{"rendered":"Hegeszt\u00e9si dudor elt\u00e1vol\u00edt\u00f3"},"content":{"rendered":"\t\t<div data-elementor-type=\"wp-page\" data-elementor-id=\"21186\" class=\"elementor elementor-21186 elementor-21177\" data-elementor-post-type=\"page\">\n\t\t\t\t\t\t<section class=\"elementor-section elementor-top-section elementor-element elementor-element-d02ad43 elementor-section-boxed elementor-section-height-default elementor-section-height-default\" data-id=\"d02ad43\" data-element_type=\"section\" data-e-type=\"section\">\n\t\t\t\t\t\t<div class=\"elementor-container elementor-column-gap-default\">\n\t\t\t\t\t<div class=\"elementor-column elementor-col-100 elementor-top-column elementor-element elementor-element-506c282\" data-id=\"506c282\" data-element_type=\"column\" data-e-type=\"column\">\n\t\t\t<div class=\"elementor-widget-wrap elementor-element-populated\">\n\t\t\t\t\t\t<div class=\"elementor-element elementor-element-5f525cad elementor-widget elementor-widget-text-editor\" data-id=\"5f525cad\" data-element_type=\"widget\" data-e-type=\"widget\" data-widget_type=\"text-editor.default\">\n\t\t\t\t<div class=\"elementor-widget-container\">\n\t\t\t\t\t\t\t\t\t<h1>Hegeszt\u00e9si dudorok elt\u00e1vol\u00edt\u00f3ja m\u0171anyagfeldolgoz\u00f3k sz\u00e1m\u00e1ra<\/h1>\n\t\t\t\t\t\t\t\t<\/div>\n\t\t\t\t<\/div>\n\t\t\t\t<section class=\"elementor-section elementor-inner-section elementor-element elementor-element-38493aa1 elementor-section-boxed elementor-section-height-default elementor-section-height-default\" data-id=\"38493aa1\" data-element_type=\"section\" data-e-type=\"section\">\n\t\t\t\t\t\t<div class=\"elementor-container elementor-column-gap-default\">\n\t\t\t\t\t<div class=\"elementor-column elementor-col-50 elementor-inner-column elementor-element elementor-element-314298b7\" data-id=\"314298b7\" data-element_type=\"column\" data-e-type=\"column\">\n\t\t\t<div class=\"elementor-widget-wrap elementor-element-populated\">\n\t\t\t\t\t\t<div class=\"elementor-element elementor-element-15167ade elementor-widget elementor-widget-text-editor\" data-id=\"15167ade\" data-element_type=\"widget\" data-e-type=\"widget\" data-widget_type=\"text-editor.default\">\n\t\t\t\t<div class=\"elementor-widget-container\">\n\t\t\t\t\t\t\t\t\t<p>A hegeszt\u00e9si varratok dombor\u00fa r\u00e9szeinek elt\u00e1vol\u00edt\u00f3i elengedhetetlen eszk\u00f6z\u00f6k a m\u0171anyagfeldolgoz\u00e1sban, amelyek seg\u00edtenek a hegeszt\u00e9si varratokr\u00f3l a felesleges anyagot vagy nem k\u00edv\u00e1nt dudorokat elt\u00e1vol\u00edtani.<\/p>\n<\/p>\n<p>Ezek az eszk\u00f6z\u00f6k seg\u00edtenek jav\u00edtani a hegesztett k\u00f6t\u00e9sek min\u0151s\u00e9g\u00e9t \u00e9s eszt\u00e9tik\u00e1j\u00e1t az\u00e1ltal, hogy sima \u00e9s egyenletes fel\u00fcletet hoznak l\u00e9tre.<\/p>\n<\/p>\n<p>A hegeszt\u0151 dudor pontos elt\u00e1vol\u00edt\u00e1sa minimaliz\u00e1lja az ut\u00f3munk\u00e1latokat \u00e9s ler\u00f6vid\u00edti a gy\u00e1rt\u00e1si id\u0151t.<\/p>\n<\/p>\n<p>A hegeszt\u00e9si dudorok elt\u00e1vol\u00edt\u00f3i k\u00fcl\u00f6nb\u00f6z\u0151 v\u00e1ltozatokban kaphat\u00f3k, \u00e9s a m\u0171anyagfeldolgoz\u00e1s k\u00f6vetelm\u00e9nyeinek megfelel\u0151en testre szabhat\u00f3k a hat\u00e9kony \u00e9s min\u0151s\u00e9gi feldolgoz\u00e1s biztos\u00edt\u00e1sa \u00e9rdek\u00e9ben.<\/p>\n<p><strong>A hegeszt\u00e9si folyamatok eredm\u00e9nyeinek optimaliz\u00e1l\u00e1sa \u00e9rdek\u00e9ben a hegeszt\u00e9si varratok befejez\u00e9s\u00e9hez a tartoz\u00e9kok sz\u00e9les v\u00e1laszt\u00e9k\u00e1t k\u00edn\u00e1ljuk.<\/strong><\/p>\n<\/p>\n<p>Ezt az ut\u00f3lagos befejez\u00e9st a N\u00e9met Hegeszt\u00e9si \u00e9s Kapcsol\u00f3d\u00f3 Elj\u00e1r\u00e1sok Sz\u00f6vets\u00e9ge E.V-ir\u00e1nyelvek \u00edrj\u00e1k el\u0151, csak\u00fagy, mint a hegeszt\u0151p\u00e1lc\u00e1k el\u0151k\u00e9sz\u00edt\u00e9s\u00e9t.<\/p>\n<\/p>\n<p><strong>Ezek az innovat\u00edv hegeszt\u00e9si varratmar\u00f3 g\u00e9pek lehet\u0151v\u00e9 teszik a varratok nagyon egyszer\u0171, tiszta \u00e9s gyors ut\u00f3munk\u00e1j\u00e1t.<\/strong><\/p>\n<\/p>\n<p><strong> <\/strong>A k\u00f6lts\u00e9ghat\u00e9kony k\u00e9sz\u00fcl\u00e9kek <strong>90\u00b0-os<\/strong><strong> vagy <\/strong><strong>120\u00b0-os<\/strong> <strong>bels\u0151 \u00e9lsarkokhoz<\/strong>, <strong>lapos<\/strong> <strong>V-, X- vagy tompahegeszt\u00e9si varratokhoz, <\/strong><strong>270\u00b0-os<\/strong> <strong>k\u00fcls\u0151 \u00e9lvarratokhoz <\/strong>vagy<strong>90\u00b0-os<\/strong><strong> vagy<\/strong><strong>180\u00b0-os<\/strong> <strong>varratk\u00e9sz\u00edt\u00e9shez<\/strong> \u00e1llnak rendelkez\u00e9sre.<\/p>\n<p><span style=\"color: var( --e-global-color-text ); font-family: var( --e-global-typography-text-font-family ), arial; font-size: var( --e-global-typography-text-font-size ); font-weight: var( --e-global-typography-text-font-weight ); letter-spacing: 0px;\">K\u00e9r\u00e9sre m\u00e1s sz\u00f6gek is rendelkez\u00e9sre \u00e1llnak.<\/span><\/p>\n\t\t\t\t\t\t\t\t<\/div>\n\t\t\t\t<\/div>\n\t\t\t\t<div class=\"elementor-element elementor-element-da65e10 elementor-widget elementor-widget-text-editor\" data-id=\"da65e10\" data-element_type=\"widget\" data-e-type=\"widget\" data-widget_type=\"text-editor.default\">\n\t\t\t\t<div class=\"elementor-widget-container\">\n\t\t\t\t\t\t\t\t\t<table>\n<tbody>\n<tr>\n<td width=\"201\">\n<p><strong>Modell<\/strong><\/p>\n<\/td>\n<td width=\"201\">\n<p><strong>Munkasz\u00e9less\u00e9g<\/strong><\/p>\n<\/td>\n<\/tr>\n<tr>\n<td width=\"201\">\n<p>Debby 90<\/p>\n<\/td>\n<td width=\"201\">\n<p>90\u00b0<\/p>\n<\/td>\n<\/tr>\n<tr>\n<td width=\"201\">\n<p>Debby 180<\/p>\n<\/td>\n<td width=\"201\">\n<p>180\u00b0<\/p>\n<\/td>\n<\/tr>\n<tr>\n<td width=\"201\">\n<p>Debby 270<\/p>\n<\/td>\n<td width=\"201\">\n<p>270\u00b0<\/p>\n<\/td>\n<\/tr>\n<\/tbody>\n<\/table>\n\t\t\t\t\t\t\t\t<\/div>\n\t\t\t\t<\/div>\n\t\t\t\t\t<\/div>\n\t\t<\/div>\n\t\t\t\t<div class=\"elementor-column elementor-col-50 elementor-inner-column elementor-element elementor-element-5917dbf4\" data-id=\"5917dbf4\" data-element_type=\"column\" data-e-type=\"column\">\n\t\t\t<div class=\"elementor-widget-wrap elementor-element-populated\">\n\t\t\t\t\t\t<div class=\"elementor-element elementor-element-79537d5b elementor-invisible elementor-widget elementor-widget-image\" data-id=\"79537d5b\" data-element_type=\"widget\" data-e-type=\"widget\" data-settings=\"{&quot;_animation&quot;:&quot;fadeInDown&quot;}\" data-widget_type=\"image.default\">\n\t\t\t\t<div class=\"elementor-widget-container\">\n\t\t\t\t\t\t\t\t\t\t\t\t<figure class=\"wp-caption\">\n\t\t\t\t\t\t\t\t\t\t<img loading=\"lazy\" decoding=\"async\" width=\"300\" height=\"225\" src=\"https:\/\/www.akuplastics.com\/wp-content\/uploads\/2021\/06\/Debby-90-120-300x225.jpg\" class=\"attachment-medium size-medium wp-image-13086\" alt=\"Seg\u00e9deszk\u00f6z m\u0171anyagtechnol\u00f3gia Debby-90-120\" srcset=\"https:\/\/www.akuplastics.com\/wp-content\/uploads\/2021\/06\/Debby-90-120-300x225.jpg 300w, https:\/\/www.akuplastics.com\/wp-content\/uploads\/2021\/06\/Debby-90-120.jpg 400w\" sizes=\"auto, (max-width: 300px) 100vw, 300px\" \/>\t\t\t\t\t\t\t\t\t\t\t<figcaption class=\"widget-image-caption wp-caption-text\">Seg\u00e9deszk\u00f6z m\u0171anyagtechnol\u00f3gia Debby-90-120<\/figcaption>\n\t\t\t\t\t\t\t\t\t\t<\/figure>\n\t\t\t\t\t\t\t\t\t<\/div>\n\t\t\t\t<\/div>\n\t\t\t\t<div class=\"elementor-element elementor-element-905cd54 elementor-invisible elementor-widget elementor-widget-image\" data-id=\"905cd54\" data-element_type=\"widget\" data-e-type=\"widget\" data-settings=\"{&quot;_animation&quot;:&quot;fadeInDown&quot;}\" data-widget_type=\"image.default\">\n\t\t\t\t<div class=\"elementor-widget-container\">\n\t\t\t\t\t\t\t\t\t\t\t\t<figure class=\"wp-caption\">\n\t\t\t\t\t\t\t\t\t\t<img loading=\"lazy\" decoding=\"async\" width=\"233\" height=\"300\" src=\"https:\/\/www.akuplastics.com\/wp-content\/uploads\/2021\/06\/Schweisswulstentf-DEBBY180-233x300.jpg\" class=\"attachment-medium size-medium wp-image-13084\" alt=\"Seg\u00e9deszk\u00f6z m\u0171anyagtechnol\u00f3gia Heggeszt\u00e9si dudor elt\u00e1vol\u00edt\u00f3 DEBBY 180\" srcset=\"https:\/\/www.akuplastics.com\/wp-content\/uploads\/2021\/06\/Schweisswulstentf-DEBBY180-233x300.jpg 233w, https:\/\/www.akuplastics.com\/wp-content\/uploads\/2021\/06\/Schweisswulstentf-DEBBY180.jpg 311w\" sizes=\"auto, (max-width: 233px) 100vw, 233px\" \/>\t\t\t\t\t\t\t\t\t\t\t<figcaption class=\"widget-image-caption wp-caption-text\">Seg\u00e9deszk\u00f6z m\u0171anyagtechnol\u00f3gia Heggeszt\u00e9si dudor elt\u00e1vol\u00edt\u00f3 DEBBY 180<\/figcaption>\n\t\t\t\t\t\t\t\t\t\t<\/figure>\n\t\t\t\t\t\t\t\t\t<\/div>\n\t\t\t\t<\/div>\n\t\t\t\t<div class=\"elementor-element elementor-element-bad89db elementor-invisible elementor-widget elementor-widget-image\" data-id=\"bad89db\" data-element_type=\"widget\" data-e-type=\"widget\" data-settings=\"{&quot;_animation&quot;:&quot;fadeInDown&quot;}\" data-widget_type=\"image.default\">\n\t\t\t\t<div class=\"elementor-widget-container\">\n\t\t\t\t\t\t\t\t\t\t\t\t<figure class=\"wp-caption\">\n\t\t\t\t\t\t\t\t\t\t<img loading=\"lazy\" decoding=\"async\" width=\"300\" height=\"225\" src=\"https:\/\/www.akuplastics.com\/wp-content\/uploads\/2024\/04\/Debby-90-300x225.jpg\" class=\"attachment-medium size-medium wp-image-21181\" alt=\"Wulstentferner Debby\n90\" srcset=\"https:\/\/www.akuplastics.com\/wp-content\/uploads\/2024\/04\/Debby-90-300x225.jpg 300w, https:\/\/www.akuplastics.com\/wp-content\/uploads\/2024\/04\/Debby-90-768x576.jpg 768w, https:\/\/www.akuplastics.com\/wp-content\/uploads\/2024\/04\/Debby-90.jpg 1024w\" sizes=\"auto, (max-width: 300px) 100vw, 300px\" \/>\t\t\t\t\t\t\t\t\t\t\t<figcaption class=\"widget-image-caption wp-caption-text\">Heggeszt\u00e9si dudor elt\u00e1vol\u00edt\u00f3 Debby 90 M\u0171anyagfeldolgoz\u00e1s A hegeszt\u00e9si varrat optimaliz\u00e1l\u00e1sa <\/figcaption>\n\t\t\t\t\t\t\t\t\t\t<\/figure>\n\t\t\t\t\t\t\t\t\t<\/div>\n\t\t\t\t<\/div>\n\t\t\t\t\t<\/div>\n\t\t<\/div>\n\t\t\t\t\t<\/div>\n\t\t<\/section>\n\t\t\t\t\t<\/div>\n\t\t<\/div>\n\t\t\t\t\t<\/div>\n\t\t<\/section>\n\t\t\t\t<\/div>\n\t\t","protected":false},"excerpt":{"rendered":"<p>Hegeszt\u00e9si dudorok elt\u00e1vol\u00edt\u00f3ja m\u0171anyagfeldolgoz\u00f3k sz\u00e1m\u00e1ra A hegeszt\u00e9si varratok dombor\u00fa r\u00e9szeinek elt\u00e1vol\u00edt\u00f3i elengedhetetlen eszk\u00f6z\u00f6k a m\u0171anyagfeldolgoz\u00e1sban, amelyek seg\u00edtenek a hegeszt\u00e9si varratokr\u00f3l a felesleges anyagot vagy nem k\u00edv\u00e1nt dudorokat elt\u00e1vol\u00edtani. Ezek az eszk\u00f6z\u00f6k seg\u00edtenek jav\u00edtani a hegesztett k\u00f6t\u00e9sek min\u0151s\u00e9g\u00e9t \u00e9s eszt\u00e9tik\u00e1j\u00e1t az\u00e1ltal, hogy sima \u00e9s egyenletes fel\u00fcletet hoznak l\u00e9tre. A hegeszt\u0151 dudor pontos elt\u00e1vol\u00edt\u00e1sa minimaliz\u00e1lja az ut\u00f3munk\u00e1latokat [&hellip;]<\/p>\n","protected":false},"author":3,"featured_media":0,"parent":9403,"menu_order":0,"comment_status":"closed","ping_status":"closed","template":"elementor_header_footer","meta":{"iawp_total_views":13,"footnotes":""},"class_list":["post-21186","page","type-page","status-publish","hentry"],"yoast_head":"<!-- This site is optimized with the Yoast SEO Premium plugin v27.4 (Yoast SEO v27.5) - https:\/\/yoast.com\/product\/yoast-seo-premium-wordpress\/ -->\n<title>Hegeszt\u00e9si dudor elt\u00e1vol\u00edt\u00f3 Bels\u0151 \u00e9l Lapos varrat K\u00fcls\u0151 \u00e9l M\u0171anyagok Hegeszt\u00e9si varrat<\/title>\n<meta name=\"description\" content=\"A hegeszt\u00e9si varratok dombor\u00fa r\u00e9szeinek elt\u00e1vol\u00edt\u00f3i elengedhetetlen eszk\u00f6z\u00f6k a m\u0171anyagfeldolgoz\u00e1sban, amelyek seg\u00edtenek a hegeszt\u00e9si varratokr\u00f3l a felesleges anyagot vagy nem k\u00edv\u00e1nt dudorokat elt\u00e1vol\u00edtani. Ezek az eszk\u00f6z\u00f6k seg\u00edtenek jav\u00edtani a hegesztett k\u00f6t\u00e9sek min\u0151s\u00e9g\u00e9t \u00e9s eszt\u00e9tik\u00e1j\u00e1t az\u00e1ltal, hogy sima \u00e9s egyenletes fel\u00fcletet hoznak l\u00e9tre.\" \/>\n<meta name=\"robots\" content=\"index, follow, max-snippet:-1, max-image-preview:large, max-video-preview:-1\" \/>\n<link rel=\"canonical\" href=\"https:\/\/www.akuplastics.com\/hu\/gepek-es-eszkoezoek\/hegesztesi-gyoengy-eltavolito\/\" \/>\n<script type=\"application\/ld+json\" class=\"yoast-schema-graph\">{\"@context\":\"https:\\\/\\\/schema.org\",\"@graph\":[{\"@type\":\"WebPage\",\"@id\":\"https:\\\/\\\/www.akuplastics.com\\\/hu\\\/gepek-es-eszkoezoek\\\/hegesztesi-gyoengy-eltavolito\\\/\",\"url\":\"https:\\\/\\\/www.akuplastics.com\\\/hu\\\/gepek-es-eszkoezoek\\\/hegesztesi-gyoengy-eltavolito\\\/\",\"name\":\"Hegeszt\u00e9si dudor elt\u00e1vol\u00edt\u00f3 Bels\u0151 \u00e9l Lapos varrat K\u00fcls\u0151 \u00e9l M\u0171anyagok Hegeszt\u00e9si varrat\",\"isPartOf\":{\"@id\":\"https:\\\/\\\/www.akuplastics.com\\\/hu\\\/#website\"},\"primaryImageOfPage\":{\"@id\":\"https:\\\/\\\/www.akuplastics.com\\\/hu\\\/gepek-es-eszkoezoek\\\/hegesztesi-gyoengy-eltavolito\\\/#primaryimage\"},\"image\":{\"@id\":\"https:\\\/\\\/www.akuplastics.com\\\/hu\\\/gepek-es-eszkoezoek\\\/hegesztesi-gyoengy-eltavolito\\\/#primaryimage\"},\"thumbnailUrl\":\"https:\\\/\\\/www.akuplastics.com\\\/wp-content\\\/uploads\\\/2021\\\/06\\\/Debby-90-120-300x225.jpg\",\"datePublished\":\"2024-04-12T11:06:50+00:00\",\"dateModified\":\"2024-06-02T18:38:00+00:00\",\"description\":\"A hegeszt\u00e9si varratok dombor\u00fa r\u00e9szeinek elt\u00e1vol\u00edt\u00f3i elengedhetetlen eszk\u00f6z\u00f6k a m\u0171anyagfeldolgoz\u00e1sban, amelyek seg\u00edtenek a hegeszt\u00e9si varratokr\u00f3l a felesleges anyagot vagy nem k\u00edv\u00e1nt dudorokat elt\u00e1vol\u00edtani. Ezek az eszk\u00f6z\u00f6k seg\u00edtenek jav\u00edtani a hegesztett k\u00f6t\u00e9sek min\u0151s\u00e9g\u00e9t \u00e9s eszt\u00e9tik\u00e1j\u00e1t az\u00e1ltal, hogy sima \u00e9s egyenletes fel\u00fcletet hoznak l\u00e9tre.\",\"breadcrumb\":{\"@id\":\"https:\\\/\\\/www.akuplastics.com\\\/hu\\\/gepek-es-eszkoezoek\\\/hegesztesi-gyoengy-eltavolito\\\/#breadcrumb\"},\"inLanguage\":\"hu\",\"potentialAction\":[{\"@type\":\"ReadAction\",\"target\":[\"https:\\\/\\\/www.akuplastics.com\\\/hu\\\/gepek-es-eszkoezoek\\\/hegesztesi-gyoengy-eltavolito\\\/\"]}]},{\"@type\":\"ImageObject\",\"inLanguage\":\"hu\",\"@id\":\"https:\\\/\\\/www.akuplastics.com\\\/hu\\\/gepek-es-eszkoezoek\\\/hegesztesi-gyoengy-eltavolito\\\/#primaryimage\",\"url\":\"https:\\\/\\\/www.akuplastics.com\\\/wp-content\\\/uploads\\\/2021\\\/06\\\/Debby-90-120-300x225.jpg\",\"contentUrl\":\"https:\\\/\\\/www.akuplastics.com\\\/wp-content\\\/uploads\\\/2021\\\/06\\\/Debby-90-120-300x225.jpg\"},{\"@type\":\"BreadcrumbList\",\"@id\":\"https:\\\/\\\/www.akuplastics.com\\\/hu\\\/gepek-es-eszkoezoek\\\/hegesztesi-gyoengy-eltavolito\\\/#breadcrumb\",\"itemListElement\":[{\"@type\":\"ListItem\",\"position\":1,\"name\":\"Kezd\u0151lap\",\"item\":\"https:\\\/\\\/www.akuplastics.com\\\/hu\\\/\"},{\"@type\":\"ListItem\",\"position\":2,\"name\":\"G\u00e9pek \u00e9s eszk\u00f6z\u00f6k\",\"item\":\"https:\\\/\\\/www.akuplastics.com\\\/hu\\\/gepek-es-eszkoezoek\\\/\"},{\"@type\":\"ListItem\",\"position\":3,\"name\":\"Hegeszt\u00e9si dudor elt\u00e1vol\u00edt\u00f3\"}]},{\"@type\":\"WebSite\",\"@id\":\"https:\\\/\\\/www.akuplastics.com\\\/hu\\\/#website\",\"url\":\"https:\\\/\\\/www.akuplastics.com\\\/hu\\\/\",\"name\":\"Semi-Finished Products \u2013 Finished Parts \u2013 Ventilation Moulded Parts \u2013 Machines\",\"description\":\"Halbzeuge, Halbfabrikate, Kunststoffhalbzeuge, Kunststoffhalbfabrikate\",\"publisher\":{\"@id\":\"https:\\\/\\\/www.akuplastics.com\\\/hu\\\/#organization\"},\"alternateName\":\"AKUPLASTICS \u2013 Engineering in Plastics\",\"potentialAction\":[{\"@type\":\"SearchAction\",\"target\":{\"@type\":\"EntryPoint\",\"urlTemplate\":\"https:\\\/\\\/www.akuplastics.com\\\/hu\\\/?s={search_term_string}\"},\"query-input\":{\"@type\":\"PropertyValueSpecification\",\"valueRequired\":true,\"valueName\":\"search_term_string\"}}],\"inLanguage\":\"hu\"},{\"@type\":\"Organization\",\"@id\":\"https:\\\/\\\/www.akuplastics.com\\\/hu\\\/#organization\",\"name\":\"Ing. Christian Ahlborn e.U.\",\"alternateName\":\"AKU\",\"url\":\"https:\\\/\\\/www.akuplastics.com\\\/hu\\\/\",\"logo\":{\"@type\":\"ImageObject\",\"inLanguage\":\"hu\",\"@id\":\"https:\\\/\\\/www.akuplastics.com\\\/hu\\\/#\\\/schema\\\/logo\\\/image\\\/\",\"url\":\"https:\\\/\\\/www.akuplastics.com\\\/wp-content\\\/uploads\\\/2020\\\/07\\\/Grafik14-inkl-r.png\",\"contentUrl\":\"https:\\\/\\\/www.akuplastics.com\\\/wp-content\\\/uploads\\\/2020\\\/07\\\/Grafik14-inkl-r.png\",\"width\":1994,\"height\":743,\"caption\":\"Ing. Christian Ahlborn e.U.\"},\"image\":{\"@id\":\"https:\\\/\\\/www.akuplastics.com\\\/hu\\\/#\\\/schema\\\/logo\\\/image\\\/\"}}]}<\/script>\n<!-- \/ Yoast SEO Premium plugin. -->","yoast_head_json":{"title":"Hegeszt\u00e9si dudor elt\u00e1vol\u00edt\u00f3 Bels\u0151 \u00e9l Lapos varrat K\u00fcls\u0151 \u00e9l M\u0171anyagok Hegeszt\u00e9si varrat","description":"A hegeszt\u00e9si varratok dombor\u00fa r\u00e9szeinek elt\u00e1vol\u00edt\u00f3i elengedhetetlen eszk\u00f6z\u00f6k a m\u0171anyagfeldolgoz\u00e1sban, amelyek seg\u00edtenek a hegeszt\u00e9si varratokr\u00f3l a felesleges anyagot vagy nem k\u00edv\u00e1nt dudorokat elt\u00e1vol\u00edtani. Ezek az eszk\u00f6z\u00f6k seg\u00edtenek jav\u00edtani a hegesztett k\u00f6t\u00e9sek min\u0151s\u00e9g\u00e9t \u00e9s eszt\u00e9tik\u00e1j\u00e1t az\u00e1ltal, hogy sima \u00e9s egyenletes fel\u00fcletet hoznak l\u00e9tre.","robots":{"index":"index","follow":"follow","max-snippet":"max-snippet:-1","max-image-preview":"max-image-preview:large","max-video-preview":"max-video-preview:-1"},"canonical":"https:\/\/www.akuplastics.com\/hu\/gepek-es-eszkoezoek\/hegesztesi-gyoengy-eltavolito\/","schema":{"@context":"https:\/\/schema.org","@graph":[{"@type":"WebPage","@id":"https:\/\/www.akuplastics.com\/hu\/gepek-es-eszkoezoek\/hegesztesi-gyoengy-eltavolito\/","url":"https:\/\/www.akuplastics.com\/hu\/gepek-es-eszkoezoek\/hegesztesi-gyoengy-eltavolito\/","name":"Hegeszt\u00e9si dudor elt\u00e1vol\u00edt\u00f3 Bels\u0151 \u00e9l Lapos varrat K\u00fcls\u0151 \u00e9l M\u0171anyagok Hegeszt\u00e9si varrat","isPartOf":{"@id":"https:\/\/www.akuplastics.com\/hu\/#website"},"primaryImageOfPage":{"@id":"https:\/\/www.akuplastics.com\/hu\/gepek-es-eszkoezoek\/hegesztesi-gyoengy-eltavolito\/#primaryimage"},"image":{"@id":"https:\/\/www.akuplastics.com\/hu\/gepek-es-eszkoezoek\/hegesztesi-gyoengy-eltavolito\/#primaryimage"},"thumbnailUrl":"https:\/\/www.akuplastics.com\/wp-content\/uploads\/2021\/06\/Debby-90-120-300x225.jpg","datePublished":"2024-04-12T11:06:50+00:00","dateModified":"2024-06-02T18:38:00+00:00","description":"A hegeszt\u00e9si varratok dombor\u00fa r\u00e9szeinek elt\u00e1vol\u00edt\u00f3i elengedhetetlen eszk\u00f6z\u00f6k a m\u0171anyagfeldolgoz\u00e1sban, amelyek seg\u00edtenek a hegeszt\u00e9si varratokr\u00f3l a felesleges anyagot vagy nem k\u00edv\u00e1nt dudorokat elt\u00e1vol\u00edtani. Ezek az eszk\u00f6z\u00f6k seg\u00edtenek jav\u00edtani a hegesztett k\u00f6t\u00e9sek min\u0151s\u00e9g\u00e9t \u00e9s eszt\u00e9tik\u00e1j\u00e1t az\u00e1ltal, hogy sima \u00e9s egyenletes fel\u00fcletet hoznak l\u00e9tre.","breadcrumb":{"@id":"https:\/\/www.akuplastics.com\/hu\/gepek-es-eszkoezoek\/hegesztesi-gyoengy-eltavolito\/#breadcrumb"},"inLanguage":"hu","potentialAction":[{"@type":"ReadAction","target":["https:\/\/www.akuplastics.com\/hu\/gepek-es-eszkoezoek\/hegesztesi-gyoengy-eltavolito\/"]}]},{"@type":"ImageObject","inLanguage":"hu","@id":"https:\/\/www.akuplastics.com\/hu\/gepek-es-eszkoezoek\/hegesztesi-gyoengy-eltavolito\/#primaryimage","url":"https:\/\/www.akuplastics.com\/wp-content\/uploads\/2021\/06\/Debby-90-120-300x225.jpg","contentUrl":"https:\/\/www.akuplastics.com\/wp-content\/uploads\/2021\/06\/Debby-90-120-300x225.jpg"},{"@type":"BreadcrumbList","@id":"https:\/\/www.akuplastics.com\/hu\/gepek-es-eszkoezoek\/hegesztesi-gyoengy-eltavolito\/#breadcrumb","itemListElement":[{"@type":"ListItem","position":1,"name":"Kezd\u0151lap","item":"https:\/\/www.akuplastics.com\/hu\/"},{"@type":"ListItem","position":2,"name":"G\u00e9pek \u00e9s eszk\u00f6z\u00f6k","item":"https:\/\/www.akuplastics.com\/hu\/gepek-es-eszkoezoek\/"},{"@type":"ListItem","position":3,"name":"Hegeszt\u00e9si dudor elt\u00e1vol\u00edt\u00f3"}]},{"@type":"WebSite","@id":"https:\/\/www.akuplastics.com\/hu\/#website","url":"https:\/\/www.akuplastics.com\/hu\/","name":"Semi-Finished Products \u2013 Finished Parts \u2013 Ventilation Moulded Parts \u2013 Machines","description":"Halbzeuge, Halbfabrikate, Kunststoffhalbzeuge, Kunststoffhalbfabrikate","publisher":{"@id":"https:\/\/www.akuplastics.com\/hu\/#organization"},"alternateName":"AKUPLASTICS \u2013 Engineering in Plastics","potentialAction":[{"@type":"SearchAction","target":{"@type":"EntryPoint","urlTemplate":"https:\/\/www.akuplastics.com\/hu\/?s={search_term_string}"},"query-input":{"@type":"PropertyValueSpecification","valueRequired":true,"valueName":"search_term_string"}}],"inLanguage":"hu"},{"@type":"Organization","@id":"https:\/\/www.akuplastics.com\/hu\/#organization","name":"Ing. Christian Ahlborn e.U.","alternateName":"AKU","url":"https:\/\/www.akuplastics.com\/hu\/","logo":{"@type":"ImageObject","inLanguage":"hu","@id":"https:\/\/www.akuplastics.com\/hu\/#\/schema\/logo\/image\/","url":"https:\/\/www.akuplastics.com\/wp-content\/uploads\/2020\/07\/Grafik14-inkl-r.png","contentUrl":"https:\/\/www.akuplastics.com\/wp-content\/uploads\/2020\/07\/Grafik14-inkl-r.png","width":1994,"height":743,"caption":"Ing. Christian Ahlborn e.U."},"image":{"@id":"https:\/\/www.akuplastics.com\/hu\/#\/schema\/logo\/image\/"}}]}},"_links":{"self":[{"href":"https:\/\/www.akuplastics.com\/hu\/wp-json\/wp\/v2\/pages\/21186","targetHints":{"allow":["GET"]}}],"collection":[{"href":"https:\/\/www.akuplastics.com\/hu\/wp-json\/wp\/v2\/pages"}],"about":[{"href":"https:\/\/www.akuplastics.com\/hu\/wp-json\/wp\/v2\/types\/page"}],"author":[{"embeddable":true,"href":"https:\/\/www.akuplastics.com\/hu\/wp-json\/wp\/v2\/users\/3"}],"replies":[{"embeddable":true,"href":"https:\/\/www.akuplastics.com\/hu\/wp-json\/wp\/v2\/comments?post=21186"}],"version-history":[{"count":12,"href":"https:\/\/www.akuplastics.com\/hu\/wp-json\/wp\/v2\/pages\/21186\/revisions"}],"predecessor-version":[{"id":23598,"href":"https:\/\/www.akuplastics.com\/hu\/wp-json\/wp\/v2\/pages\/21186\/revisions\/23598"}],"up":[{"embeddable":true,"href":"https:\/\/www.akuplastics.com\/hu\/wp-json\/wp\/v2\/pages\/9403"}],"wp:attachment":[{"href":"https:\/\/www.akuplastics.com\/hu\/wp-json\/wp\/v2\/media?parent=21186"}],"curies":[{"name":"wp","href":"https:\/\/api.w.org\/{rel}","templated":true}]}}