{"id":21171,"date":"2024-04-12T12:47:08","date_gmt":"2024-04-12T10:47:08","guid":{"rendered":"https:\/\/www.akuplastics.com\/gepek-es-eszkoezoek\/vegighegeszto-gep-ps-econo-hegesztogep\/"},"modified":"2024-04-18T16:13:57","modified_gmt":"2024-04-18T14:13:57","slug":"vegighegeszto-gep-hegesztogep-teljesen-automata-integralt-plc-2m-3m-4m","status":"publish","type":"page","link":"https:\/\/www.akuplastics.com\/hu\/gepek-es-eszkoezoek\/vegighegeszto-gep-hegesztogep-teljesen-automata-integralt-plc-2m-3m-4m\/","title":{"rendered":"v\u00e9gighegeszt\u0151 g\u00e9p PS econo hegeszt\u0151g\u00e9p"},"content":{"rendered":"\t\t<div data-elementor-type=\"wp-page\" data-elementor-id=\"21171\" class=\"elementor elementor-21171 elementor-21155\" data-elementor-post-type=\"page\">\n\t\t\t\t\t\t<section class=\"elementor-section elementor-top-section elementor-element elementor-element-179b1adf elementor-section-boxed elementor-section-height-default elementor-section-height-default\" data-id=\"179b1adf\" data-element_type=\"section\" data-e-type=\"section\">\n\t\t\t\t\t\t<div class=\"elementor-container elementor-column-gap-default\">\n\t\t\t\t\t<div class=\"elementor-column elementor-col-100 elementor-top-column elementor-element elementor-element-32c2275b\" data-id=\"32c2275b\" data-element_type=\"column\" data-e-type=\"column\">\n\t\t\t<div class=\"elementor-widget-wrap elementor-element-populated\">\n\t\t\t\t\t\t<div class=\"elementor-element elementor-element-6bc259db elementor-widget elementor-widget-text-editor\" data-id=\"6bc259db\" data-element_type=\"widget\" data-e-type=\"widget\" data-widget_type=\"text-editor.default\">\n\t\t\t\t<div class=\"elementor-widget-container\">\n\t\t\t\t\t\t\t\t\t<h1>v\u00e9gighegeszt\u0151 g\u00e9p PS econo hegeszt\u0151g\u00e9p integr\u00e1lt PLC vez\u00e9rl\u00e9ssel \u00e9s CNC asztal er\u0151szab\u00e1lyoz\u00e1ssal<\/h1>\n\t\t\t\t\t\t\t\t<\/div>\n\t\t\t\t<\/div>\n\t\t\t\t<section class=\"elementor-section elementor-inner-section elementor-element elementor-element-1ae8d342 elementor-section-boxed elementor-section-height-default elementor-section-height-default\" data-id=\"1ae8d342\" data-element_type=\"section\" data-e-type=\"section\">\n\t\t\t\t\t\t<div class=\"elementor-container elementor-column-gap-default\">\n\t\t\t\t\t<div class=\"elementor-column elementor-col-50 elementor-inner-column elementor-element elementor-element-5c380b3c\" data-id=\"5c380b3c\" data-element_type=\"column\" data-e-type=\"column\">\n\t\t\t<div class=\"elementor-widget-wrap elementor-element-populated\">\n\t\t\t\t\t\t<div class=\"elementor-element elementor-element-6ea17d91 elementor-widget elementor-widget-text-editor\" data-id=\"6ea17d91\" data-element_type=\"widget\" data-e-type=\"widget\" data-widget_type=\"text-editor.default\">\n\t\t\t\t<div class=\"elementor-widget-container\">\n\t\t\t\t\t\t\t\t\t<p>A v\u00e9gighegeszt\u0151 g\u00e9p PS econo hegeszt\u0151g\u00e9pet kifejezetten a k\u00f6z\u00e9pkateg\u00f3ri\u00e1ban val\u00f3 haszn\u00e1latra tervezt\u00e9k. <\/p>\n<p>A be\u00e9p\u00edtett PLC-vez\u00e9rl\u00e9snek k\u00f6sz\u00f6nhet\u0151en a kezel\u0151 a hegeszt\u00e9si folyamat sor\u00e1n egyszer\u0171en gombnyom\u00e1sra meghosszabb\u00edthatja vagy ler\u00f6vid\u00edtheti az \u00f6sszes be\u00e1ll\u00edtott id\u0151t. <\/p>\n<\/p>\n<p>Az ebbe a sorozatba tartoz\u00f3 g\u00e9pek integr\u00e1lt adatb\u00e1zissal rendelkez\u0151 CNC-asztal-er\u0151szab\u00e1lyz\u00f3val is fel vannak szerelve. <\/p>\n<\/p>\n<p>Az \u00fcgyf\u00e9l k\u00e9r\u00e9s\u00e9re a g\u00e9p teljesen automatikus 90\u00b0-os hegeszt\u0151berendez\u00e9ssel is felszerelhet\u0151.<\/p>\n<\/p>\n<p>A PS econo sorozat k\u00fcl\u00f6nb\u00f6z\u0151 v\u00e1ltozatokban, t\u00f6bbek k\u00f6z\u00f6tt 2 m, 3 m \u00e9s 4 m-es, valamint egyedi kivitelben is kaphat\u00f3. <\/p>\n<\/p>\n<p>3-25 mm vastags\u00e1g\u00fa anyagok hegeszt\u00e9s\u00e9t teszi lehet\u0151v\u00e9.<\/p>\n\t\t\t\t\t\t\t\t<\/div>\n\t\t\t\t<\/div>\n\t\t\t\t<div class=\"elementor-element elementor-element-982315d elementor-widget elementor-widget-text-editor\" data-id=\"982315d\" data-element_type=\"widget\" data-e-type=\"widget\" data-widget_type=\"text-editor.default\">\n\t\t\t\t<div class=\"elementor-widget-container\">\n\t\t\t\t\t\t\t\t\t<table>\n<tbody>\n<tr>\n<td width=\"201\">\n<p><strong>Modell<\/strong><\/p>\n<\/td>\n<td width=\"201\">\n<p><strong>Munkasz\u00e9less\u00e9g<\/strong><\/p>\n<\/td>\n<td width=\"201\">\n<p><strong>Anyagvastags\u00e1g<\/strong><\/p>\n<\/td>\n<\/tr>\n<tr>\n<td width=\"201\">\n<p>15.25 PS econo<\/p>\n<\/td>\n<td width=\"201\">\n<p>1,500 mm<\/p>\n<\/td>\n<td width=\"201\">\n<p>25 mm<\/p>\n<\/td>\n<\/tr>\n<tr>\n<td width=\"201\">\n<p>20.25 PS econo<\/p>\n<\/td>\n<td width=\"201\">\n<p>2,000 mm<\/p>\n<\/td>\n<td width=\"201\">\n<p>25 mm<\/p>\n<\/td>\n<\/tr>\n<tr>\n<td width=\"201\">\n<p>30.25 PS econo<\/p>\n<\/td>\n<td width=\"201\">\n<p>3,000 mm<\/p>\n<\/td>\n<td width=\"201\">\n<p>25 mm<\/p>\n<\/td>\n<\/tr>\n<tr>\n<td width=\"201\">\n<p>40,25 PS econo<\/p>\n<\/td>\n<td width=\"201\">\n<p>4,000 mm<\/p>\n<\/td>\n<td width=\"201\">\n<p>25 mm<\/p>\n<\/td>\n<\/tr>\n<\/tbody>\n<\/table>\n\t\t\t\t\t\t\t\t<\/div>\n\t\t\t\t<\/div>\n\t\t\t\t<div class=\"elementor-element elementor-element-7fecec4 elementor-widget elementor-widget-text-editor\" data-id=\"7fecec4\" data-element_type=\"widget\" data-e-type=\"widget\" data-widget_type=\"text-editor.default\">\n\t\t\t\t<div class=\"elementor-widget-container\">\n\t\t\t\t\t\t\t\t\t<p><strong>Tov\u00e1bbi felszerelts\u00e9g&nbsp;PS econo<\/strong><\/p>\n<p><\/p>\n<ul>\n<li>Online diagnosztikai rendszer<\/li>\n<li>A hegeszt\u00e9si ter\u00fclet megvil\u00e1g\u00edt\u00e1sa<\/li>\n<li>M\u00e9retez\u00e9s az asztal mindk\u00e9t oldal\u00e1n<\/li>\n<li>65 mm-es befog\u00e1si magass\u00e1gig t\u00f6rt\u00e9n\u0151 meghosszabb\u00edt\u00e1s, pl. \u00fcreges kamr\u00e1s panelekhez<\/li>\n<li>Lemezemel\u00e9s (csak az egyik oldalon)<\/li>\n<li>Berendez\u00e9sek betonv\u00e9d\u0151 membr\u00e1nokhoz, bele\u00e9rtve a k\u00f6vetkez\u0151ket. Lemezemel\u0151, r\u00f6gz\u00edt\u0151 gerendaemel\u0151 \u00e9s szersz\u00e1mk\u00e9szlet<\/li>\n<li>T\u00e1vir\u00e1ny\u00edt\u00f3 vagy l\u00e1bped\u00e1l a fesz\u00edt\u00e9shez<\/li>\n<li>Hangjelz\u00e9s a hegeszt\u00e9si ciklus v\u00e9g\u00e9n<\/li>\n<li>Tov\u00e1bbi szor\u00edt\u00f3tartom\u00e1ny mindk\u00e9t oldalra (2 tartom\u00e1ny)<\/li>\n<li>Automatikus 90\u00b0-os L-sz\u00f6g\u0171 hegeszt\u0151berendez\u00e9s<\/li>\n<li>Kerek h\u00faz\u00f3eszk\u00f6z<\/li>\n<li>K\u00fcl\u00f6nleges fest\u00e9s<\/li>\n<\/ul>\t\t\t\t\t\t\t\t<\/div>\n\t\t\t\t<\/div>\n\t\t\t\t<div class=\"elementor-element elementor-element-d31fd90 elementor-widget elementor-widget-text-editor\" data-id=\"d31fd90\" data-element_type=\"widget\" data-e-type=\"widget\" data-widget_type=\"text-editor.default\">\n\t\t\t\t<div class=\"elementor-widget-container\">\n\t\t\t\t\t\t\t\t\t<p><strong>M\u0171anyaglemezek prec\u00edz hegeszt\u00e9se sz\u00e1mos alkalmaz\u00e1shoz<br><br><\/strong><\/p>\n<p>A lemezhegeszt\u0151 g\u00e9pek nagy teljes\u00edtm\u00e9ny\u0171 eszk\u00f6z\u00f6ket jelentenek nagy <b>teljes\u00edtm\u00e9ny\u0171 eszk\u00f6z\u00f6ke<\/b>t, amelyek a m\u0171anyaglemezek <b>prec\u00edz hegeszt\u00e9ssel<\/b> t\u00f6rt\u00e9n\u0151 \u00f6sszekapcsol\u00e1s\u00e1ra specializ\u00e1l\u00f3dtak. <br>Ezek a g\u00e9pek <b>hat\u00e9kony megold\u00e1st<\/b> k\u00edn\u00e1lnak k\u00fcl\u00f6nb\u00f6z\u0151 alkalmaz\u00e1sokhoz, a rekl\u00e1mt\u00e1bl\u00e1k gy\u00e1rt\u00e1s\u00e1t\u00f3l az ipari alkatr\u00e9szek el\u0151\u00e1ll\u00edt\u00e1s\u00e1ig.<br><br><\/p>\n<p><b>A lemezhegeszt\u0151 g\u00e9pek jellemz\u0151i \u00e9s alkalmaz\u00e1sai<\/b>:<br><br><\/p>\n<p><strong>Tulajdons\u00e1gok:<br><br><\/strong><\/p>\n<ul>\n<li>\n<p><strong>Automatiz\u00e1lt vez\u00e9rl\u00e9s:<\/strong> <br>A modern lemezhegeszt\u0151 g\u00e9pek automatiz\u00e1lt vez\u00e9rl\u0151rendszerekkel vannak felszerelve, amelyek lehet\u0151v\u00e9 teszik a hegeszt\u00e9si folyamat pontos nyomon k\u00f6vet\u00e9s\u00e9t \u00e9s vez\u00e9rl\u00e9s\u00e9t.<\/p>\n<\/li>\n<li>\n<p><strong>F\u0171t\u0151elem-technol\u00f3gia:<\/strong> <br>A korszer\u0171 f\u0171t\u0151elemek biztos\u00edtj\u00e1k a m\u0171anyag lemezek egyenletes felmeleged\u00e9s\u00e9t, ami stabil \u00e9s megb\u00edzhat\u00f3 hegesztett k\u00f6t\u00e9seket eredm\u00e9nyez.<\/p>\n<\/li>\n<li>\n<p><strong>Nyom\u00e1s vagy pr\u00e9sel\u0151 rendszer:<\/strong> <br>Egy integr\u00e1lt nyom\u00f3- vagy pr\u00e9srendszer biztos\u00edtja, hogy a hegesztend\u0151 m\u0171anyaglemezek a hegeszt\u00e9si folyamat sor\u00e1n stabilan \u00f6sszetartanak.<\/p>\n<\/li>\n<li>\n<p><strong>H\u0151m\u00e9rs\u00e9klet-szab\u00e1lyoz\u00e1s:<\/strong> <br>A h\u0151m\u00e9rs\u00e9klet pontosan be\u00e1ll\u00edthat\u00f3 \u00e9s ellen\u0151rizhet\u0151, hogy megfeleljen a k\u00fcl\u00f6nb\u00f6z\u0151 m\u0171anyagok speci\u00e1lis k\u00f6vetelm\u00e9nyeinek.<\/p>\n<\/li>\n<li>\n<p><strong>K\u00fcl\u00f6nb\u00f6z\u0151 hegeszt\u00e9si profilok:<\/strong> <br>A lemezhegeszt\u0151 g\u00e9pek gyakran k\u00edn\u00e1lnak lehet\u0151s\u00e9get k\u00fcl\u00f6nb\u00f6z\u0151 hegeszt\u00e9si profilok haszn\u00e1lat\u00e1ra a k\u00fcl\u00f6nb\u00f6z\u0151 m\u0171anyagvastags\u00e1gokhoz \u00e9s -t\u00edpusokhoz.<br><br><\/p>\n<\/li>\n<\/ul>\n<p><strong>El\u0151ny\u00f6k:<br><br><\/strong><\/p>\n<ul>\n<li>\n<p><strong>Pontos hegesztett k\u00f6t\u00e9sek:<\/strong> <br>Az automatiz\u00e1lt vez\u00e9rl\u0151rendszer prec\u00edz \u00e9s egyenletes hegeszt\u00e9si varratokat biztos\u00edt, amelyek er\u0151sek, stabilak \u00e9s tart\u00f3sak.<\/p>\n<\/li>\n<li>\n<p><strong>Nagy termel\u00e9kenys\u00e9g:<\/strong> <br>A lemezhegeszt\u0151 g\u00e9pek lehet\u0151v\u00e9 teszik a hegesztett m\u0171anyag lemezek hat\u00e9kony t\u00f6meggy\u00e1rt\u00e1s\u00e1t, ami n\u00f6veli az \u00e1ltal\u00e1nos termel\u00e9kenys\u00e9get.<\/p>\n<\/li>\n<li>\n<p><strong>Sokoldal\u00fas\u00e1g:<\/strong> <br>A k\u00fcl\u00f6nb\u00f6z\u0151 m\u0171anyagokhoz \u00e9s vastags\u00e1gokhoz val\u00f3 alkalmazkod\u00f3k\u00e9pess\u00e9g\u00fcknek k\u00f6sz\u00f6nhet\u0151en a lemezhegeszt\u0151 g\u00e9pek sokoldal\u00faak, \u00e9s sz\u00e1mos ipar\u00e1gban haszn\u00e1lhat\u00f3k.<\/p>\n<\/li>\n<li>\n<p><strong>Hat\u00e9konys\u00e1g:<\/strong> <br>Az automatiz\u00e1lt hegeszt\u00e9si folyamat a munkaid\u0151 \u00e9s az energia hat\u00e9kony kihaszn\u00e1l\u00e1s\u00e1t eredm\u00e9nyezi, ami k\u00f6lts\u00e9gmegtakar\u00edt\u00e1st eredm\u00e9nyezhet.<br><br><\/p>\n<\/li>\n<\/ul>\n<p><strong>Alkalmaz\u00e1sok:<br><br><\/strong><\/p>\n<ul>\n<li>\n<p><strong>Rekl\u00e1mtechnol\u00f3gia:<\/strong> <br>A panelhegeszt\u0151 g\u00e9peket stabiliz\u00e1lt t\u00e1bl\u00e1k, kijelz\u0151k \u00e9s grafikai elemek gy\u00e1rt\u00e1s\u00e1ra haszn\u00e1lj\u00e1k a rekl\u00e1mtechnik\u00e1ban.<\/p>\n<\/li>\n<li>\n<p><strong>\u00e9p\u00edt\u0151ipar:<\/strong> <br>Az \u00e9p\u00edt\u0151ipari projektek gy\u00e1rt\u00e1sa sor\u00e1n a panelhegeszt\u0151 g\u00e9peket m\u0171anyag panelek \u00f6sszek\u00f6t\u00e9s\u00e9re haszn\u00e1lj\u00e1k k\u00fcl\u00f6nb\u00f6z\u0151 alkalmaz\u00e1sokban, p\u00e9ld\u00e1ul tet\u0151k, falburkolatok \u00e9s t\u00e1bl\u00e1k eset\u00e9ben.<\/p>\n<\/li>\n<li>\n<p><strong>csomagol\u00f3ipar:<\/strong> <br>A lemezhegeszt\u0151 g\u00e9peket a m\u0171anyag csomagol\u00e1sok gy\u00e1rt\u00e1sa sor\u00e1n haszn\u00e1lj\u00e1k, ahol t\u00f6bb lapot hegesztenek \u00f6ssze, hogy egy robusztus burkolatot alkossanak.<\/p>\n<\/li>\n<li>\n<p><strong>Aut\u00f3ipar:<\/strong> <br>Az aut\u00f3iparban ezeket a g\u00e9peket m\u0171anyag alkatr\u00e9szek \u00e9s burkolatok gy\u00e1rt\u00e1s\u00e1ra haszn\u00e1lj\u00e1k.<\/p>\n<\/li>\n<li>\n<p><strong>elektronikai ipar:<\/strong> <br>A panelhegeszt\u0151 g\u00e9peket az elektronikai gy\u00e1rt\u00e1s sor\u00e1n az elektronikus eszk\u00f6z\u00f6k h\u00e1zainak \u00e9s burkolatainak gy\u00e1rt\u00e1s\u00e1ra haszn\u00e1lj\u00e1k.<br><br><\/p>\n<\/li>\n<\/ul>\n<p>A lemezhegeszt\u0151 g\u00e9pek <b>d\u00f6nt\u0151 szerepet j\u00e1tszanak a d\u00f6nt\u0151 szerepet<\/b>, k\u00fcl\u00f6n\u00f6sen, ha <b>nagym\u00e9ret\u0171 vagy \u00f6sszetett m\u0171anyag alkatr\u00e9szek<\/b> gy\u00e1rt\u00e1s\u00e1r\u00f3l van sz\u00f3. <br>A lemezhegeszt\u0151 g\u00e9pek <b>pontoss\u00e1guknak, hat\u00e9konys\u00e1guknak \u00e9s sokoldal\u00fas\u00e1guknak<\/b> k\u00f6sz\u00f6nhet\u0151en az ipar k\u00fcl\u00f6nb\u00f6z\u0151 \u00e1gazataiban <b>n\u00e9lk\u00fcl\u00f6zhetetlen eszk\u00f6z\u00f6k<\/b>.<\/p>\t\t\t\t\t\t\t\t<\/div>\n\t\t\t\t<\/div>\n\t\t\t\t\t<\/div>\n\t\t<\/div>\n\t\t\t\t<div class=\"elementor-column elementor-col-50 elementor-inner-column elementor-element elementor-element-38814438\" data-id=\"38814438\" data-element_type=\"column\" data-e-type=\"column\">\n\t\t\t<div class=\"elementor-widget-wrap elementor-element-populated\">\n\t\t\t\t\t\t<div class=\"elementor-element elementor-element-6cdd4005 elementor-widget elementor-widget-image\" data-id=\"6cdd4005\" data-element_type=\"widget\" data-e-type=\"widget\" data-widget_type=\"image.default\">\n\t\t\t\t<div class=\"elementor-widget-container\">\n\t\t\t\t\t\t\t\t\t\t\t\t<figure class=\"wp-caption\">\n\t\t\t\t\t\t\t\t\t\t<img loading=\"lazy\" decoding=\"async\" width=\"300\" height=\"243\" src=\"https:\/\/www.akuplastics.com\/wp-content\/uploads\/2024\/04\/Stumpfschweissmaschine-Econo-1024x829-2-300x243.jpg\" class=\"attachment-medium size-medium wp-image-21162\" alt=\"Stumpf Schwei\u00dfmaschine PS econo\" srcset=\"https:\/\/www.akuplastics.com\/wp-content\/uploads\/2024\/04\/Stumpfschweissmaschine-Econo-1024x829-2-300x243.jpg 300w, https:\/\/www.akuplastics.com\/wp-content\/uploads\/2024\/04\/Stumpfschweissmaschine-Econo-1024x829-2-768x622.jpg 768w, https:\/\/www.akuplastics.com\/wp-content\/uploads\/2024\/04\/Stumpfschweissmaschine-Econo-1024x829-2.jpg 1024w\" sizes=\"auto, (max-width: 300px) 100vw, 300px\" \/>\t\t\t\t\t\t\t\t\t\t\t<figcaption class=\"widget-image-caption wp-caption-text\">v\u00e9gighegeszt\u0151 g\u00e9p PS econo hegeszt\u0151g\u00e9p <\/figcaption>\n\t\t\t\t\t\t\t\t\t\t<\/figure>\n\t\t\t\t\t\t\t\t\t<\/div>\n\t\t\t\t<\/div>\n\t\t\t\t\t<\/div>\n\t\t<\/div>\n\t\t\t\t\t<\/div>\n\t\t<\/section>\n\t\t\t\t\t<\/div>\n\t\t<\/div>\n\t\t\t\t\t<\/div>\n\t\t<\/section>\n\t\t\t\t<\/div>\n\t\t","protected":false},"excerpt":{"rendered":"<p>v\u00e9gighegeszt\u0151 g\u00e9p PS econo hegeszt\u0151g\u00e9p integr\u00e1lt PLC vez\u00e9rl\u00e9ssel \u00e9s CNC asztal er\u0151szab\u00e1lyoz\u00e1ssal A v\u00e9gighegeszt\u0151 g\u00e9p PS econo hegeszt\u0151g\u00e9pet kifejezetten a k\u00f6z\u00e9pkateg\u00f3ri\u00e1ban val\u00f3 haszn\u00e1latra tervezt\u00e9k. A be\u00e9p\u00edtett PLC-vez\u00e9rl\u00e9snek k\u00f6sz\u00f6nhet\u0151en a kezel\u0151 a hegeszt\u00e9si folyamat sor\u00e1n egyszer\u0171en gombnyom\u00e1sra meghosszabb\u00edthatja vagy ler\u00f6vid\u00edtheti az \u00f6sszes be\u00e1ll\u00edtott id\u0151t. Az ebbe a sorozatba tartoz\u00f3 g\u00e9pek integr\u00e1lt adatb\u00e1zissal rendelkez\u0151 CNC-asztal-er\u0151szab\u00e1lyz\u00f3val is fel [&hellip;]<\/p>\n","protected":false},"author":3,"featured_media":0,"parent":9403,"menu_order":0,"comment_status":"closed","ping_status":"closed","template":"elementor_header_footer","meta":{"iawp_total_views":0,"footnotes":""},"class_list":["post-21171","page","type-page","status-publish","hentry"],"yoast_head":"<!-- This site is optimized with the Yoast SEO Premium plugin v27.4 (Yoast SEO v27.5) - https:\/\/yoast.com\/product\/yoast-seo-premium-wordpress\/ -->\n<title>v\u00e9gighegeszt\u0151 g\u00e9p hegeszt\u0151g\u00e9p teljesen automata integr\u00e1lt PLC 2m 3m 4m<\/title>\n<meta name=\"description\" content=\"A PS econo tompahegeszt\u0151g\u00e9pet kifejezetten a k\u00f6z\u00e9pkateg\u00f3ri\u00e1ban val\u00f3 haszn\u00e1latra tervezt\u00e9k. A be\u00e9p\u00edtett PLC-vez\u00e9rl\u00e9snek k\u00f6sz\u00f6nhet\u0151en a kezel\u0151 a hegeszt\u00e9si folyamat sor\u00e1n egyszer\u0171en gombnyom\u00e1sra meghosszabb\u00edthatja vagy ler\u00f6vid\u00edtheti az \u00f6sszes be\u00e1ll\u00edtott id\u0151t.\" \/>\n<meta name=\"robots\" content=\"index, follow, max-snippet:-1, max-image-preview:large, max-video-preview:-1\" \/>\n<link rel=\"canonical\" href=\"https:\/\/www.akuplastics.com\/hu\/gepek-es-eszkoezoek\/vegighegeszto-gep-hegesztogep-teljesen-automata-integralt-plc-2m-3m-4m\/\" \/>\n<script type=\"application\/ld+json\" class=\"yoast-schema-graph\">{\"@context\":\"https:\\\/\\\/schema.org\",\"@graph\":[{\"@type\":\"WebPage\",\"@id\":\"https:\\\/\\\/www.akuplastics.com\\\/hu\\\/gepek-es-eszkoezoek\\\/vegighegeszto-gep-hegesztogep-teljesen-automata-integralt-plc-2m-3m-4m\\\/\",\"url\":\"https:\\\/\\\/www.akuplastics.com\\\/hu\\\/gepek-es-eszkoezoek\\\/vegighegeszto-gep-hegesztogep-teljesen-automata-integralt-plc-2m-3m-4m\\\/\",\"name\":\"v\u00e9gighegeszt\u0151 g\u00e9p hegeszt\u0151g\u00e9p teljesen automata integr\u00e1lt PLC 2m 3m 4m\",\"isPartOf\":{\"@id\":\"https:\\\/\\\/www.akuplastics.com\\\/hu\\\/#website\"},\"primaryImageOfPage\":{\"@id\":\"https:\\\/\\\/www.akuplastics.com\\\/hu\\\/gepek-es-eszkoezoek\\\/vegighegeszto-gep-hegesztogep-teljesen-automata-integralt-plc-2m-3m-4m\\\/#primaryimage\"},\"image\":{\"@id\":\"https:\\\/\\\/www.akuplastics.com\\\/hu\\\/gepek-es-eszkoezoek\\\/vegighegeszto-gep-hegesztogep-teljesen-automata-integralt-plc-2m-3m-4m\\\/#primaryimage\"},\"thumbnailUrl\":\"https:\\\/\\\/www.akuplastics.com\\\/wp-content\\\/uploads\\\/2024\\\/04\\\/Stumpfschweissmaschine-Econo-1024x829-2-300x243.jpg\",\"datePublished\":\"2024-04-12T10:47:08+00:00\",\"dateModified\":\"2024-04-18T14:13:57+00:00\",\"description\":\"A PS econo tompahegeszt\u0151g\u00e9pet kifejezetten a k\u00f6z\u00e9pkateg\u00f3ri\u00e1ban val\u00f3 haszn\u00e1latra tervezt\u00e9k. A be\u00e9p\u00edtett PLC-vez\u00e9rl\u00e9snek k\u00f6sz\u00f6nhet\u0151en a kezel\u0151 a hegeszt\u00e9si folyamat sor\u00e1n egyszer\u0171en gombnyom\u00e1sra meghosszabb\u00edthatja vagy ler\u00f6vid\u00edtheti az \u00f6sszes be\u00e1ll\u00edtott id\u0151t.\",\"breadcrumb\":{\"@id\":\"https:\\\/\\\/www.akuplastics.com\\\/hu\\\/gepek-es-eszkoezoek\\\/vegighegeszto-gep-hegesztogep-teljesen-automata-integralt-plc-2m-3m-4m\\\/#breadcrumb\"},\"inLanguage\":\"hu\",\"potentialAction\":[{\"@type\":\"ReadAction\",\"target\":[\"https:\\\/\\\/www.akuplastics.com\\\/hu\\\/gepek-es-eszkoezoek\\\/vegighegeszto-gep-hegesztogep-teljesen-automata-integralt-plc-2m-3m-4m\\\/\"]}]},{\"@type\":\"ImageObject\",\"inLanguage\":\"hu\",\"@id\":\"https:\\\/\\\/www.akuplastics.com\\\/hu\\\/gepek-es-eszkoezoek\\\/vegighegeszto-gep-hegesztogep-teljesen-automata-integralt-plc-2m-3m-4m\\\/#primaryimage\",\"url\":\"https:\\\/\\\/www.akuplastics.com\\\/wp-content\\\/uploads\\\/2024\\\/04\\\/Stumpfschweissmaschine-Econo-1024x829-2-300x243.jpg\",\"contentUrl\":\"https:\\\/\\\/www.akuplastics.com\\\/wp-content\\\/uploads\\\/2024\\\/04\\\/Stumpfschweissmaschine-Econo-1024x829-2-300x243.jpg\"},{\"@type\":\"BreadcrumbList\",\"@id\":\"https:\\\/\\\/www.akuplastics.com\\\/hu\\\/gepek-es-eszkoezoek\\\/vegighegeszto-gep-hegesztogep-teljesen-automata-integralt-plc-2m-3m-4m\\\/#breadcrumb\",\"itemListElement\":[{\"@type\":\"ListItem\",\"position\":1,\"name\":\"Kezd\u0151lap\",\"item\":\"https:\\\/\\\/www.akuplastics.com\\\/hu\\\/\"},{\"@type\":\"ListItem\",\"position\":2,\"name\":\"G\u00e9pek \u00e9s eszk\u00f6z\u00f6k\",\"item\":\"https:\\\/\\\/www.akuplastics.com\\\/hu\\\/gepek-es-eszkoezoek\\\/\"},{\"@type\":\"ListItem\",\"position\":3,\"name\":\"v\u00e9gighegeszt\u0151 g\u00e9p PS econo hegeszt\u0151g\u00e9p\"}]},{\"@type\":\"WebSite\",\"@id\":\"https:\\\/\\\/www.akuplastics.com\\\/hu\\\/#website\",\"url\":\"https:\\\/\\\/www.akuplastics.com\\\/hu\\\/\",\"name\":\"Semi-Finished Products \u2013 Finished Parts \u2013 Ventilation Moulded Parts \u2013 Machines\",\"description\":\"Halbzeuge, Halbfabrikate, Kunststoffhalbzeuge, Kunststoffhalbfabrikate\",\"publisher\":{\"@id\":\"https:\\\/\\\/www.akuplastics.com\\\/hu\\\/#organization\"},\"alternateName\":\"AKUPLASTICS \u2013 Engineering in Plastics\",\"potentialAction\":[{\"@type\":\"SearchAction\",\"target\":{\"@type\":\"EntryPoint\",\"urlTemplate\":\"https:\\\/\\\/www.akuplastics.com\\\/hu\\\/?s={search_term_string}\"},\"query-input\":{\"@type\":\"PropertyValueSpecification\",\"valueRequired\":true,\"valueName\":\"search_term_string\"}}],\"inLanguage\":\"hu\"},{\"@type\":\"Organization\",\"@id\":\"https:\\\/\\\/www.akuplastics.com\\\/hu\\\/#organization\",\"name\":\"Ing. Christian Ahlborn e.U.\",\"alternateName\":\"AKU\",\"url\":\"https:\\\/\\\/www.akuplastics.com\\\/hu\\\/\",\"logo\":{\"@type\":\"ImageObject\",\"inLanguage\":\"hu\",\"@id\":\"https:\\\/\\\/www.akuplastics.com\\\/hu\\\/#\\\/schema\\\/logo\\\/image\\\/\",\"url\":\"https:\\\/\\\/www.akuplastics.com\\\/wp-content\\\/uploads\\\/2020\\\/07\\\/Grafik14-inkl-r.png\",\"contentUrl\":\"https:\\\/\\\/www.akuplastics.com\\\/wp-content\\\/uploads\\\/2020\\\/07\\\/Grafik14-inkl-r.png\",\"width\":1994,\"height\":743,\"caption\":\"Ing. Christian Ahlborn e.U.\"},\"image\":{\"@id\":\"https:\\\/\\\/www.akuplastics.com\\\/hu\\\/#\\\/schema\\\/logo\\\/image\\\/\"}}]}<\/script>\n<!-- \/ Yoast SEO Premium plugin. -->","yoast_head_json":{"title":"v\u00e9gighegeszt\u0151 g\u00e9p hegeszt\u0151g\u00e9p teljesen automata integr\u00e1lt PLC 2m 3m 4m","description":"A PS econo tompahegeszt\u0151g\u00e9pet kifejezetten a k\u00f6z\u00e9pkateg\u00f3ri\u00e1ban val\u00f3 haszn\u00e1latra tervezt\u00e9k. A be\u00e9p\u00edtett PLC-vez\u00e9rl\u00e9snek k\u00f6sz\u00f6nhet\u0151en a kezel\u0151 a hegeszt\u00e9si folyamat sor\u00e1n egyszer\u0171en gombnyom\u00e1sra meghosszabb\u00edthatja vagy ler\u00f6vid\u00edtheti az \u00f6sszes be\u00e1ll\u00edtott id\u0151t.","robots":{"index":"index","follow":"follow","max-snippet":"max-snippet:-1","max-image-preview":"max-image-preview:large","max-video-preview":"max-video-preview:-1"},"canonical":"https:\/\/www.akuplastics.com\/hu\/gepek-es-eszkoezoek\/vegighegeszto-gep-hegesztogep-teljesen-automata-integralt-plc-2m-3m-4m\/","schema":{"@context":"https:\/\/schema.org","@graph":[{"@type":"WebPage","@id":"https:\/\/www.akuplastics.com\/hu\/gepek-es-eszkoezoek\/vegighegeszto-gep-hegesztogep-teljesen-automata-integralt-plc-2m-3m-4m\/","url":"https:\/\/www.akuplastics.com\/hu\/gepek-es-eszkoezoek\/vegighegeszto-gep-hegesztogep-teljesen-automata-integralt-plc-2m-3m-4m\/","name":"v\u00e9gighegeszt\u0151 g\u00e9p hegeszt\u0151g\u00e9p teljesen automata integr\u00e1lt PLC 2m 3m 4m","isPartOf":{"@id":"https:\/\/www.akuplastics.com\/hu\/#website"},"primaryImageOfPage":{"@id":"https:\/\/www.akuplastics.com\/hu\/gepek-es-eszkoezoek\/vegighegeszto-gep-hegesztogep-teljesen-automata-integralt-plc-2m-3m-4m\/#primaryimage"},"image":{"@id":"https:\/\/www.akuplastics.com\/hu\/gepek-es-eszkoezoek\/vegighegeszto-gep-hegesztogep-teljesen-automata-integralt-plc-2m-3m-4m\/#primaryimage"},"thumbnailUrl":"https:\/\/www.akuplastics.com\/wp-content\/uploads\/2024\/04\/Stumpfschweissmaschine-Econo-1024x829-2-300x243.jpg","datePublished":"2024-04-12T10:47:08+00:00","dateModified":"2024-04-18T14:13:57+00:00","description":"A PS econo tompahegeszt\u0151g\u00e9pet kifejezetten a k\u00f6z\u00e9pkateg\u00f3ri\u00e1ban val\u00f3 haszn\u00e1latra tervezt\u00e9k. A be\u00e9p\u00edtett PLC-vez\u00e9rl\u00e9snek k\u00f6sz\u00f6nhet\u0151en a kezel\u0151 a hegeszt\u00e9si folyamat sor\u00e1n egyszer\u0171en gombnyom\u00e1sra meghosszabb\u00edthatja vagy ler\u00f6vid\u00edtheti az \u00f6sszes be\u00e1ll\u00edtott id\u0151t.","breadcrumb":{"@id":"https:\/\/www.akuplastics.com\/hu\/gepek-es-eszkoezoek\/vegighegeszto-gep-hegesztogep-teljesen-automata-integralt-plc-2m-3m-4m\/#breadcrumb"},"inLanguage":"hu","potentialAction":[{"@type":"ReadAction","target":["https:\/\/www.akuplastics.com\/hu\/gepek-es-eszkoezoek\/vegighegeszto-gep-hegesztogep-teljesen-automata-integralt-plc-2m-3m-4m\/"]}]},{"@type":"ImageObject","inLanguage":"hu","@id":"https:\/\/www.akuplastics.com\/hu\/gepek-es-eszkoezoek\/vegighegeszto-gep-hegesztogep-teljesen-automata-integralt-plc-2m-3m-4m\/#primaryimage","url":"https:\/\/www.akuplastics.com\/wp-content\/uploads\/2024\/04\/Stumpfschweissmaschine-Econo-1024x829-2-300x243.jpg","contentUrl":"https:\/\/www.akuplastics.com\/wp-content\/uploads\/2024\/04\/Stumpfschweissmaschine-Econo-1024x829-2-300x243.jpg"},{"@type":"BreadcrumbList","@id":"https:\/\/www.akuplastics.com\/hu\/gepek-es-eszkoezoek\/vegighegeszto-gep-hegesztogep-teljesen-automata-integralt-plc-2m-3m-4m\/#breadcrumb","itemListElement":[{"@type":"ListItem","position":1,"name":"Kezd\u0151lap","item":"https:\/\/www.akuplastics.com\/hu\/"},{"@type":"ListItem","position":2,"name":"G\u00e9pek \u00e9s eszk\u00f6z\u00f6k","item":"https:\/\/www.akuplastics.com\/hu\/gepek-es-eszkoezoek\/"},{"@type":"ListItem","position":3,"name":"v\u00e9gighegeszt\u0151 g\u00e9p PS econo hegeszt\u0151g\u00e9p"}]},{"@type":"WebSite","@id":"https:\/\/www.akuplastics.com\/hu\/#website","url":"https:\/\/www.akuplastics.com\/hu\/","name":"Semi-Finished Products \u2013 Finished Parts \u2013 Ventilation Moulded Parts \u2013 Machines","description":"Halbzeuge, Halbfabrikate, Kunststoffhalbzeuge, Kunststoffhalbfabrikate","publisher":{"@id":"https:\/\/www.akuplastics.com\/hu\/#organization"},"alternateName":"AKUPLASTICS \u2013 Engineering in Plastics","potentialAction":[{"@type":"SearchAction","target":{"@type":"EntryPoint","urlTemplate":"https:\/\/www.akuplastics.com\/hu\/?s={search_term_string}"},"query-input":{"@type":"PropertyValueSpecification","valueRequired":true,"valueName":"search_term_string"}}],"inLanguage":"hu"},{"@type":"Organization","@id":"https:\/\/www.akuplastics.com\/hu\/#organization","name":"Ing. Christian Ahlborn e.U.","alternateName":"AKU","url":"https:\/\/www.akuplastics.com\/hu\/","logo":{"@type":"ImageObject","inLanguage":"hu","@id":"https:\/\/www.akuplastics.com\/hu\/#\/schema\/logo\/image\/","url":"https:\/\/www.akuplastics.com\/wp-content\/uploads\/2020\/07\/Grafik14-inkl-r.png","contentUrl":"https:\/\/www.akuplastics.com\/wp-content\/uploads\/2020\/07\/Grafik14-inkl-r.png","width":1994,"height":743,"caption":"Ing. Christian Ahlborn e.U."},"image":{"@id":"https:\/\/www.akuplastics.com\/hu\/#\/schema\/logo\/image\/"}}]}},"_links":{"self":[{"href":"https:\/\/www.akuplastics.com\/hu\/wp-json\/wp\/v2\/pages\/21171","targetHints":{"allow":["GET"]}}],"collection":[{"href":"https:\/\/www.akuplastics.com\/hu\/wp-json\/wp\/v2\/pages"}],"about":[{"href":"https:\/\/www.akuplastics.com\/hu\/wp-json\/wp\/v2\/types\/page"}],"author":[{"embeddable":true,"href":"https:\/\/www.akuplastics.com\/hu\/wp-json\/wp\/v2\/users\/3"}],"replies":[{"embeddable":true,"href":"https:\/\/www.akuplastics.com\/hu\/wp-json\/wp\/v2\/comments?post=21171"}],"version-history":[{"count":4,"href":"https:\/\/www.akuplastics.com\/hu\/wp-json\/wp\/v2\/pages\/21171\/revisions"}],"predecessor-version":[{"id":22129,"href":"https:\/\/www.akuplastics.com\/hu\/wp-json\/wp\/v2\/pages\/21171\/revisions\/22129"}],"up":[{"embeddable":true,"href":"https:\/\/www.akuplastics.com\/hu\/wp-json\/wp\/v2\/pages\/9403"}],"wp:attachment":[{"href":"https:\/\/www.akuplastics.com\/hu\/wp-json\/wp\/v2\/media?parent=21171"}],"curies":[{"name":"wp","href":"https:\/\/api.w.org\/{rel}","templated":true}]}}