{"id":20913,"date":"2024-04-10T11:37:35","date_gmt":"2024-04-10T09:37:35","guid":{"rendered":"https:\/\/www.akuplastics.com\/felkesz-termekek-lemezek-tomor-rudak-ureges-rudak-profilok-csovek-hegesztesi-rudak\/fenntarthato-muanyagok\/"},"modified":"2024-04-19T09:21:38","modified_gmt":"2024-04-19T07:21:38","slug":"fenntarthato-muanyagok","status":"publish","type":"page","link":"https:\/\/www.akuplastics.com\/hu\/felkesz-termekek-lemezek-tomor-rudak-ureges-rudak-profilok-csovek-hegesztesi-rudak\/fenntarthato-muanyagok\/","title":{"rendered":"Fenntarthat\u00f3 m\u0171anyagok"},"content":{"rendered":"\t\t<div data-elementor-type=\"wp-page\" data-elementor-id=\"20913\" class=\"elementor elementor-20913 elementor-20873\" data-elementor-post-type=\"page\">\n\t\t\t\t\t\t<section class=\"elementor-section elementor-top-section elementor-element elementor-element-51e007f7 elementor-section-full_width elementor-section-height-default elementor-section-height-default\" data-id=\"51e007f7\" data-element_type=\"section\" data-e-type=\"section\" data-settings=\"{&quot;background_background&quot;:&quot;gradient&quot;}\">\n\t\t\t\t\t\t<div class=\"elementor-container elementor-column-gap-default\">\n\t\t\t\t\t<div class=\"elementor-column elementor-col-100 elementor-top-column elementor-element elementor-element-797d1c0c\" data-id=\"797d1c0c\" data-element_type=\"column\" data-e-type=\"column\">\n\t\t\t<div class=\"elementor-widget-wrap elementor-element-populated\">\n\t\t\t\t\t\t<section class=\"elementor-section elementor-inner-section elementor-element elementor-element-2b0b0237 elementor-section-boxed elementor-section-height-default elementor-section-height-default\" data-id=\"2b0b0237\" data-element_type=\"section\" data-e-type=\"section\">\n\t\t\t\t\t\t<div class=\"elementor-container elementor-column-gap-default\">\n\t\t\t\t\t<div class=\"elementor-column elementor-col-50 elementor-inner-column elementor-element elementor-element-6d267812\" data-id=\"6d267812\" data-element_type=\"column\" data-e-type=\"column\">\n\t\t\t<div class=\"elementor-widget-wrap elementor-element-populated\">\n\t\t\t\t\t\t<div class=\"elementor-element elementor-element-1373e6c elementor-widget elementor-widget-text-editor\" data-id=\"1373e6c\" data-element_type=\"widget\" data-e-type=\"widget\" data-widget_type=\"text-editor.default\">\n\t\t\t\t<div class=\"elementor-widget-container\">\n\t\t\t\t\t\t\t\t\t<h1>Fenntarthat\u00f3s\u00e1g biopolimerek \u00e9s regener\u00e1tumok, p\u00e9ld\u00e1ul \u00fajrahasznos\u00edtott m\u0171anyagok r\u00e9v\u00e9n<\/h1>\n\t\t\t\t\t\t\t\t<\/div>\n\t\t\t\t<\/div>\n\t\t\t\t<div class=\"elementor-element elementor-element-a2abac3 elementor-widget elementor-widget-text-editor\" data-id=\"a2abac3\" data-element_type=\"widget\" data-e-type=\"widget\" data-widget_type=\"text-editor.default\">\n\t\t\t\t<div class=\"elementor-widget-container\">\n\t\t\t\t\t\t\t\t\t<p><span style=\"color: var( --e-global-color-text ); letter-spacing: 0px;\">Az Ahlborn Kunststoffe-n\u00e1l a fenntarthat\u00f3s\u00e1got v\u00e1llalatunk egyik alappill\u00e9r\u00e9nek tekintj\u00fck.<\/span><\/p><p>\u00a0<\/p><p>M\u0171anyagterm\u00e9kek besz\u00e1ll\u00edt\u00f3jak\u00e9nt felismerj\u00fck a k\u00f6rnyezet \u00e9s a j\u00f6v\u0151 gener\u00e1ci\u00f3k ir\u00e1nti felel\u0151ss\u00e9g\u00fcnket.<\/p><p>\u00a0<\/p><p>Ez\u00e9rt \u00fagy d\u00f6nt\u00f6tt\u00fcnk, hogy a fenntarthat\u00f3 term\u00e9keket be\u00e9p\u00edtj\u00fck a portf\u00f3li\u00f3nkba.<\/p><p>Az \u00f6kol\u00f3giai l\u00e1bnyom cs\u00f6kkent\u00e9se kulcsfontoss\u00e1g\u00fa.<\/p><p>Elk\u00f6telezettek vagyunk a m\u0171anyagok felhaszn\u00e1l\u00e1s\u00e1nak optimaliz\u00e1l\u00e1sa \u00e9s a k\u00f6rnyezetre gyakorolt hat\u00e1suk minimaliz\u00e1l\u00e1sa mellett.<br \/>Ezt a k\u00f6vetkez\u0151k el\u0151mozd\u00edt\u00e1s\u00e1val \u00e9rj\u00fck el <strong><a href=\"https:\/\/www.akuplastics.com\/hu\/felkesz-termekek-lemezek-tomor-rudak-ureges-rudak-profilok-csovek-hegesztesi-rudak\/regeneralt-ujrahasznositott-muanyagok\/\">\u00fajrahasznos\u00edtott term\u00e9kek <\/a><\/strong>innovat\u00edv anyagok kifejleszt\u00e9se \u00e9s a piaci elfogadotts\u00e1g jav\u00edt\u00e1sa az er\u0151forr\u00e1sok hat\u00e9konyabb felhaszn\u00e1l\u00e1sa \u00e9rdek\u00e9ben.<\/p><p>\u00a0<\/p><p>Az \u00fajrahasznos\u00edt\u00e1s a k\u00f6rnyezetv\u00e9delem alapvet\u0151 eleme. Akt\u00edvan t\u00e1mogatjuk a k\u00f6rforg\u00e1sos gazdas\u00e1got az\u00e1ltal, hogy \u00fajrahasznos\u00edtott m\u0171anyagokat \u00e1rulunk term\u00e9kk\u00e9nt, \u00e9s arra \u00f6szt\u00f6n\u00f6zz\u00fck \u00fcgyfeleinket, hogy szint\u00e9n \u00fajrahasznos\u00edthat\u00f3 anyagokat haszn\u00e1ljanak.<\/p><p>\u00a0<\/p><p>A m\u0171anyagok \u00fajrafelhaszn\u00e1l\u00e1s\u00e1val cs\u00f6kken a hullad\u00e9k mennyis\u00e9ge \u00e9s k\u00edm\u00e9lik a term\u00e9szeti er\u0151forr\u00e1sokat.<\/p><p>A hagyom\u00e1nyos m\u0171anyagok fenntarthat\u00f3bb alternat\u00edv\u00e1it is k\u00edn\u00e1ljuk <strong><a href=\"https:\/\/www.akuplastics.com\/hu\/felkesz-termekek-lemezek-tomor-rudak-ureges-rudak-profilok-csovek-hegesztesi-rudak\/biopolimerek\/\">biopolimerek<\/a><\/strong> form\u00e1j\u00e1ban.<br \/>Ez olyan biol\u00f3giailag leboml\u00f3 anyagokb\u00f3l k\u00e9sz\u00fclt f\u00e9lk\u00e9sz term\u00e9kek form\u00e1j\u00e1ban val\u00f3sul meg, amelyek \u00e9lettartamuk v\u00e9g\u00e9n hat\u00e9konyan \u00fajrahasznos\u00edthat\u00f3k vagy komposzt\u00e1lhat\u00f3k.<\/p><p>\u00a0<\/p><p>Az Ahlborn Kunststoffe c\u00e9lja, hogy \u00fcgyfeleinknek kiv\u00e1l\u00f3 min\u0151s\u00e9g\u0171 term\u00e9keket k\u00edn\u00e1ljunk. Ezeknek nem csak a k\u00f6vetelm\u00e9nyeknek kell megfelelni\u00fck, hanem pozit\u00edvan kell hozz\u00e1j\u00e1rulniuk a k\u00f6rnyezethez is.<br \/>Szil\u00e1rdan hisz\u00fcnk abban, hogy a fenntarthat\u00f3s\u00e1g \u00e9s a gazdas\u00e1gi siker k\u00e9z a k\u00e9zben j\u00e1rhat, \u00e9s elk\u00f6telezettek vagyunk egy fenntarthat\u00f3bb j\u00f6v\u0151 kialak\u00edt\u00e1sa mellett.<\/p>\t\t\t\t\t\t\t\t<\/div>\n\t\t\t\t<\/div>\n\t\t\t\t\t<\/div>\n\t\t<\/div>\n\t\t\t\t<div class=\"elementor-column elementor-col-50 elementor-inner-column elementor-element elementor-element-503898d\" data-id=\"503898d\" data-element_type=\"column\" data-e-type=\"column\">\n\t\t\t<div class=\"elementor-widget-wrap elementor-element-populated\">\n\t\t\t\t\t\t<div class=\"elementor-element elementor-element-2b67b79 elementor-widget elementor-widget-image\" data-id=\"2b67b79\" data-element_type=\"widget\" data-e-type=\"widget\" data-widget_type=\"image.default\">\n\t\t\t\t<div class=\"elementor-widget-container\">\n\t\t\t\t\t\t\t\t\t\t\t\t<figure class=\"wp-caption\">\n\t\t\t\t\t\t\t\t\t\t<img loading=\"lazy\" decoding=\"async\" width=\"300\" height=\"105\" src=\"https:\/\/www.akuplastics.com\/wp-content\/uploads\/2024\/02\/GEHR-PLA-L-300x105.webp\" class=\"attachment-medium size-medium wp-image-17197\" alt=\"Biokunststoffe biopolymere biohalbzeug PLA-HI CL WPC-PP PA 6.10\" srcset=\"https:\/\/www.akuplastics.com\/wp-content\/uploads\/2024\/02\/GEHR-PLA-L-300x105.webp 300w, https:\/\/www.akuplastics.com\/wp-content\/uploads\/2024\/02\/GEHR-PLA-L-1024x358.webp 1024w, https:\/\/www.akuplastics.com\/wp-content\/uploads\/2024\/02\/GEHR-PLA-L-768x269.webp 768w, https:\/\/www.akuplastics.com\/wp-content\/uploads\/2024\/02\/GEHR-PLA-L-1536x538.webp 1536w, https:\/\/www.akuplastics.com\/wp-content\/uploads\/2024\/02\/GEHR-PLA-L.webp 1920w\" sizes=\"auto, (max-width: 300px) 100vw, 300px\" \/>\t\t\t\t\t\t\t\t\t\t\t<figcaption class=\"widget-image-caption wp-caption-text\">Biopolimerek Bio f\u00e9lk\u00e9sz term\u00e9kek<\/figcaption>\n\t\t\t\t\t\t\t\t\t\t<\/figure>\n\t\t\t\t\t\t\t\t\t<\/div>\n\t\t\t\t<\/div>\n\t\t\t\t\t<\/div>\n\t\t<\/div>\n\t\t\t\t\t<\/div>\n\t\t<\/section>\n\t\t\t\t\t<\/div>\n\t\t<\/div>\n\t\t\t\t\t<\/div>\n\t\t<\/section>\n\t\t\t\t<\/div>\n\t\t","protected":false},"excerpt":{"rendered":"<p>Fenntarthat\u00f3s\u00e1g biopolimerek \u00e9s regener\u00e1tumok, p\u00e9ld\u00e1ul \u00fajrahasznos\u00edtott m\u0171anyagok r\u00e9v\u00e9n Az Ahlborn Kunststoffe-n\u00e1l a fenntarthat\u00f3s\u00e1got v\u00e1llalatunk egyik alappill\u00e9r\u00e9nek tekintj\u00fck. \u00a0 M\u0171anyagterm\u00e9kek besz\u00e1ll\u00edt\u00f3jak\u00e9nt felismerj\u00fck a k\u00f6rnyezet \u00e9s a j\u00f6v\u0151 gener\u00e1ci\u00f3k ir\u00e1nti felel\u0151ss\u00e9g\u00fcnket. \u00a0 Ez\u00e9rt \u00fagy d\u00f6nt\u00f6tt\u00fcnk, hogy a fenntarthat\u00f3 term\u00e9keket be\u00e9p\u00edtj\u00fck a portf\u00f3li\u00f3nkba. Az \u00f6kol\u00f3giai l\u00e1bnyom cs\u00f6kkent\u00e9se kulcsfontoss\u00e1g\u00fa. Elk\u00f6telezettek vagyunk a m\u0171anyagok felhaszn\u00e1l\u00e1s\u00e1nak optimaliz\u00e1l\u00e1sa \u00e9s a k\u00f6rnyezetre gyakorolt [&hellip;]<\/p>\n","protected":false},"author":3,"featured_media":0,"parent":9213,"menu_order":0,"comment_status":"closed","ping_status":"closed","template":"","meta":{"iawp_total_views":1,"footnotes":""},"class_list":["post-20913","page","type-page","status-publish","hentry"],"yoast_head":"<!-- This site is optimized with the Yoast SEO Premium plugin v27.4 (Yoast SEO v27.5) - https:\/\/yoast.com\/product\/yoast-seo-premium-wordpress\/ -->\n<title>F\u00e9lk\u00e9sz term\u00e9kek fenntarthat\u00f3 \u00fajrahasznos\u00edt\u00e1s M\u0171anyagok Biopolimerek<\/title>\n<meta name=\"description\" content=\"Az \u00fajrahasznos\u00edt\u00e1s a k\u00f6rnyezetv\u00e9delem alapvet\u0151 eleme. A hagyom\u00e1nyos m\u0171anyagok fenntarthat\u00f3 alternat\u00edv\u00e1it k\u00edn\u00e1ljuk biopolimerek vagy \u00fajrahasznos\u00edtott m\u0171anyagok form\u00e1j\u00e1ban. Ez olyan biopolimerekb\u0151l, mint a PLA-LF, WPC-PP \u00e9s PA 6.10, vagy olyan regener\u00e1tumokb\u00f3l, mint a PVDF vagy a POM, k\u00e9sz\u00fclt f\u00e9lk\u00e9sz term\u00e9kek form\u00e1j\u00e1ban val\u00f3sul meg.\" \/>\n<meta name=\"robots\" content=\"index, follow, max-snippet:-1, max-image-preview:large, max-video-preview:-1\" \/>\n<link rel=\"canonical\" href=\"https:\/\/www.akuplastics.com\/hu\/felkesz-termekek-lemezek-tomor-rudak-ureges-rudak-profilok-csovek-hegesztesi-rudak\/fenntarthato-muanyagok\/\" \/>\n<script type=\"application\/ld+json\" class=\"yoast-schema-graph\">{\"@context\":\"https:\\\/\\\/schema.org\",\"@graph\":[{\"@type\":\"WebPage\",\"@id\":\"https:\\\/\\\/www.akuplastics.com\\\/hu\\\/felkesz-termekek-lemezek-tomor-rudak-ureges-rudak-profilok-csovek-hegesztesi-rudak\\\/fenntarthato-muanyagok\\\/\",\"url\":\"https:\\\/\\\/www.akuplastics.com\\\/hu\\\/felkesz-termekek-lemezek-tomor-rudak-ureges-rudak-profilok-csovek-hegesztesi-rudak\\\/fenntarthato-muanyagok\\\/\",\"name\":\"F\u00e9lk\u00e9sz term\u00e9kek fenntarthat\u00f3 \u00fajrahasznos\u00edt\u00e1s M\u0171anyagok Biopolimerek\",\"isPartOf\":{\"@id\":\"https:\\\/\\\/www.akuplastics.com\\\/hu\\\/#website\"},\"primaryImageOfPage\":{\"@id\":\"https:\\\/\\\/www.akuplastics.com\\\/hu\\\/felkesz-termekek-lemezek-tomor-rudak-ureges-rudak-profilok-csovek-hegesztesi-rudak\\\/fenntarthato-muanyagok\\\/#primaryimage\"},\"image\":{\"@id\":\"https:\\\/\\\/www.akuplastics.com\\\/hu\\\/felkesz-termekek-lemezek-tomor-rudak-ureges-rudak-profilok-csovek-hegesztesi-rudak\\\/fenntarthato-muanyagok\\\/#primaryimage\"},\"thumbnailUrl\":\"https:\\\/\\\/www.akuplastics.com\\\/wp-content\\\/uploads\\\/2024\\\/02\\\/GEHR-PLA-L-300x105.webp\",\"datePublished\":\"2024-04-10T09:37:35+00:00\",\"dateModified\":\"2024-04-19T07:21:38+00:00\",\"description\":\"Az \u00fajrahasznos\u00edt\u00e1s a k\u00f6rnyezetv\u00e9delem alapvet\u0151 eleme. A hagyom\u00e1nyos m\u0171anyagok fenntarthat\u00f3 alternat\u00edv\u00e1it k\u00edn\u00e1ljuk biopolimerek vagy \u00fajrahasznos\u00edtott m\u0171anyagok form\u00e1j\u00e1ban. Ez olyan biopolimerekb\u0151l, mint a PLA-LF, WPC-PP \u00e9s PA 6.10, vagy olyan regener\u00e1tumokb\u00f3l, mint a PVDF vagy a POM, k\u00e9sz\u00fclt f\u00e9lk\u00e9sz term\u00e9kek form\u00e1j\u00e1ban val\u00f3sul meg.\",\"breadcrumb\":{\"@id\":\"https:\\\/\\\/www.akuplastics.com\\\/hu\\\/felkesz-termekek-lemezek-tomor-rudak-ureges-rudak-profilok-csovek-hegesztesi-rudak\\\/fenntarthato-muanyagok\\\/#breadcrumb\"},\"inLanguage\":\"hu\",\"potentialAction\":[{\"@type\":\"ReadAction\",\"target\":[\"https:\\\/\\\/www.akuplastics.com\\\/hu\\\/felkesz-termekek-lemezek-tomor-rudak-ureges-rudak-profilok-csovek-hegesztesi-rudak\\\/fenntarthato-muanyagok\\\/\"]}]},{\"@type\":\"ImageObject\",\"inLanguage\":\"hu\",\"@id\":\"https:\\\/\\\/www.akuplastics.com\\\/hu\\\/felkesz-termekek-lemezek-tomor-rudak-ureges-rudak-profilok-csovek-hegesztesi-rudak\\\/fenntarthato-muanyagok\\\/#primaryimage\",\"url\":\"https:\\\/\\\/www.akuplastics.com\\\/wp-content\\\/uploads\\\/2024\\\/02\\\/GEHR-PLA-L-300x105.webp\",\"contentUrl\":\"https:\\\/\\\/www.akuplastics.com\\\/wp-content\\\/uploads\\\/2024\\\/02\\\/GEHR-PLA-L-300x105.webp\"},{\"@type\":\"BreadcrumbList\",\"@id\":\"https:\\\/\\\/www.akuplastics.com\\\/hu\\\/felkesz-termekek-lemezek-tomor-rudak-ureges-rudak-profilok-csovek-hegesztesi-rudak\\\/fenntarthato-muanyagok\\\/#breadcrumb\",\"itemListElement\":[{\"@type\":\"ListItem\",\"position\":1,\"name\":\"Kezd\u0151lap\",\"item\":\"https:\\\/\\\/www.akuplastics.com\\\/hu\\\/\"},{\"@type\":\"ListItem\",\"position\":2,\"name\":\"F\u00e9lk\u00e9sz term\u00e9kek\",\"item\":\"https:\\\/\\\/www.akuplastics.com\\\/hu\\\/felkesz-termekek-lemezek-tomor-rudak-ureges-rudak-profilok-csovek-hegesztesi-rudak\\\/\"},{\"@type\":\"ListItem\",\"position\":3,\"name\":\"Fenntarthat\u00f3 m\u0171anyagok\"}]},{\"@type\":\"WebSite\",\"@id\":\"https:\\\/\\\/www.akuplastics.com\\\/hu\\\/#website\",\"url\":\"https:\\\/\\\/www.akuplastics.com\\\/hu\\\/\",\"name\":\"Semi-Finished Products \u2013 Finished Parts \u2013 Ventilation Moulded Parts \u2013 Machines\",\"description\":\"Halbzeuge, Halbfabrikate, Kunststoffhalbzeuge, Kunststoffhalbfabrikate\",\"publisher\":{\"@id\":\"https:\\\/\\\/www.akuplastics.com\\\/hu\\\/#organization\"},\"alternateName\":\"AKUPLASTICS \u2013 Engineering in Plastics\",\"potentialAction\":[{\"@type\":\"SearchAction\",\"target\":{\"@type\":\"EntryPoint\",\"urlTemplate\":\"https:\\\/\\\/www.akuplastics.com\\\/hu\\\/?s={search_term_string}\"},\"query-input\":{\"@type\":\"PropertyValueSpecification\",\"valueRequired\":true,\"valueName\":\"search_term_string\"}}],\"inLanguage\":\"hu\"},{\"@type\":\"Organization\",\"@id\":\"https:\\\/\\\/www.akuplastics.com\\\/hu\\\/#organization\",\"name\":\"Ing. Christian Ahlborn e.U.\",\"alternateName\":\"AKU\",\"url\":\"https:\\\/\\\/www.akuplastics.com\\\/hu\\\/\",\"logo\":{\"@type\":\"ImageObject\",\"inLanguage\":\"hu\",\"@id\":\"https:\\\/\\\/www.akuplastics.com\\\/hu\\\/#\\\/schema\\\/logo\\\/image\\\/\",\"url\":\"https:\\\/\\\/www.akuplastics.com\\\/wp-content\\\/uploads\\\/2020\\\/07\\\/Grafik14-inkl-r.png\",\"contentUrl\":\"https:\\\/\\\/www.akuplastics.com\\\/wp-content\\\/uploads\\\/2020\\\/07\\\/Grafik14-inkl-r.png\",\"width\":1994,\"height\":743,\"caption\":\"Ing. Christian Ahlborn e.U.\"},\"image\":{\"@id\":\"https:\\\/\\\/www.akuplastics.com\\\/hu\\\/#\\\/schema\\\/logo\\\/image\\\/\"}}]}<\/script>\n<!-- \/ Yoast SEO Premium plugin. -->","yoast_head_json":{"title":"F\u00e9lk\u00e9sz term\u00e9kek fenntarthat\u00f3 \u00fajrahasznos\u00edt\u00e1s M\u0171anyagok Biopolimerek","description":"Az \u00fajrahasznos\u00edt\u00e1s a k\u00f6rnyezetv\u00e9delem alapvet\u0151 eleme. A hagyom\u00e1nyos m\u0171anyagok fenntarthat\u00f3 alternat\u00edv\u00e1it k\u00edn\u00e1ljuk biopolimerek vagy \u00fajrahasznos\u00edtott m\u0171anyagok form\u00e1j\u00e1ban. Ez olyan biopolimerekb\u0151l, mint a PLA-LF, WPC-PP \u00e9s PA 6.10, vagy olyan regener\u00e1tumokb\u00f3l, mint a PVDF vagy a POM, k\u00e9sz\u00fclt f\u00e9lk\u00e9sz term\u00e9kek form\u00e1j\u00e1ban val\u00f3sul meg.","robots":{"index":"index","follow":"follow","max-snippet":"max-snippet:-1","max-image-preview":"max-image-preview:large","max-video-preview":"max-video-preview:-1"},"canonical":"https:\/\/www.akuplastics.com\/hu\/felkesz-termekek-lemezek-tomor-rudak-ureges-rudak-profilok-csovek-hegesztesi-rudak\/fenntarthato-muanyagok\/","schema":{"@context":"https:\/\/schema.org","@graph":[{"@type":"WebPage","@id":"https:\/\/www.akuplastics.com\/hu\/felkesz-termekek-lemezek-tomor-rudak-ureges-rudak-profilok-csovek-hegesztesi-rudak\/fenntarthato-muanyagok\/","url":"https:\/\/www.akuplastics.com\/hu\/felkesz-termekek-lemezek-tomor-rudak-ureges-rudak-profilok-csovek-hegesztesi-rudak\/fenntarthato-muanyagok\/","name":"F\u00e9lk\u00e9sz term\u00e9kek fenntarthat\u00f3 \u00fajrahasznos\u00edt\u00e1s M\u0171anyagok Biopolimerek","isPartOf":{"@id":"https:\/\/www.akuplastics.com\/hu\/#website"},"primaryImageOfPage":{"@id":"https:\/\/www.akuplastics.com\/hu\/felkesz-termekek-lemezek-tomor-rudak-ureges-rudak-profilok-csovek-hegesztesi-rudak\/fenntarthato-muanyagok\/#primaryimage"},"image":{"@id":"https:\/\/www.akuplastics.com\/hu\/felkesz-termekek-lemezek-tomor-rudak-ureges-rudak-profilok-csovek-hegesztesi-rudak\/fenntarthato-muanyagok\/#primaryimage"},"thumbnailUrl":"https:\/\/www.akuplastics.com\/wp-content\/uploads\/2024\/02\/GEHR-PLA-L-300x105.webp","datePublished":"2024-04-10T09:37:35+00:00","dateModified":"2024-04-19T07:21:38+00:00","description":"Az \u00fajrahasznos\u00edt\u00e1s a k\u00f6rnyezetv\u00e9delem alapvet\u0151 eleme. A hagyom\u00e1nyos m\u0171anyagok fenntarthat\u00f3 alternat\u00edv\u00e1it k\u00edn\u00e1ljuk biopolimerek vagy \u00fajrahasznos\u00edtott m\u0171anyagok form\u00e1j\u00e1ban. Ez olyan biopolimerekb\u0151l, mint a PLA-LF, WPC-PP \u00e9s PA 6.10, vagy olyan regener\u00e1tumokb\u00f3l, mint a PVDF vagy a POM, k\u00e9sz\u00fclt f\u00e9lk\u00e9sz term\u00e9kek form\u00e1j\u00e1ban val\u00f3sul meg.","breadcrumb":{"@id":"https:\/\/www.akuplastics.com\/hu\/felkesz-termekek-lemezek-tomor-rudak-ureges-rudak-profilok-csovek-hegesztesi-rudak\/fenntarthato-muanyagok\/#breadcrumb"},"inLanguage":"hu","potentialAction":[{"@type":"ReadAction","target":["https:\/\/www.akuplastics.com\/hu\/felkesz-termekek-lemezek-tomor-rudak-ureges-rudak-profilok-csovek-hegesztesi-rudak\/fenntarthato-muanyagok\/"]}]},{"@type":"ImageObject","inLanguage":"hu","@id":"https:\/\/www.akuplastics.com\/hu\/felkesz-termekek-lemezek-tomor-rudak-ureges-rudak-profilok-csovek-hegesztesi-rudak\/fenntarthato-muanyagok\/#primaryimage","url":"https:\/\/www.akuplastics.com\/wp-content\/uploads\/2024\/02\/GEHR-PLA-L-300x105.webp","contentUrl":"https:\/\/www.akuplastics.com\/wp-content\/uploads\/2024\/02\/GEHR-PLA-L-300x105.webp"},{"@type":"BreadcrumbList","@id":"https:\/\/www.akuplastics.com\/hu\/felkesz-termekek-lemezek-tomor-rudak-ureges-rudak-profilok-csovek-hegesztesi-rudak\/fenntarthato-muanyagok\/#breadcrumb","itemListElement":[{"@type":"ListItem","position":1,"name":"Kezd\u0151lap","item":"https:\/\/www.akuplastics.com\/hu\/"},{"@type":"ListItem","position":2,"name":"F\u00e9lk\u00e9sz term\u00e9kek","item":"https:\/\/www.akuplastics.com\/hu\/felkesz-termekek-lemezek-tomor-rudak-ureges-rudak-profilok-csovek-hegesztesi-rudak\/"},{"@type":"ListItem","position":3,"name":"Fenntarthat\u00f3 m\u0171anyagok"}]},{"@type":"WebSite","@id":"https:\/\/www.akuplastics.com\/hu\/#website","url":"https:\/\/www.akuplastics.com\/hu\/","name":"Semi-Finished Products \u2013 Finished Parts \u2013 Ventilation Moulded Parts \u2013 Machines","description":"Halbzeuge, Halbfabrikate, Kunststoffhalbzeuge, Kunststoffhalbfabrikate","publisher":{"@id":"https:\/\/www.akuplastics.com\/hu\/#organization"},"alternateName":"AKUPLASTICS \u2013 Engineering in Plastics","potentialAction":[{"@type":"SearchAction","target":{"@type":"EntryPoint","urlTemplate":"https:\/\/www.akuplastics.com\/hu\/?s={search_term_string}"},"query-input":{"@type":"PropertyValueSpecification","valueRequired":true,"valueName":"search_term_string"}}],"inLanguage":"hu"},{"@type":"Organization","@id":"https:\/\/www.akuplastics.com\/hu\/#organization","name":"Ing. Christian Ahlborn e.U.","alternateName":"AKU","url":"https:\/\/www.akuplastics.com\/hu\/","logo":{"@type":"ImageObject","inLanguage":"hu","@id":"https:\/\/www.akuplastics.com\/hu\/#\/schema\/logo\/image\/","url":"https:\/\/www.akuplastics.com\/wp-content\/uploads\/2020\/07\/Grafik14-inkl-r.png","contentUrl":"https:\/\/www.akuplastics.com\/wp-content\/uploads\/2020\/07\/Grafik14-inkl-r.png","width":1994,"height":743,"caption":"Ing. Christian Ahlborn e.U."},"image":{"@id":"https:\/\/www.akuplastics.com\/hu\/#\/schema\/logo\/image\/"}}]}},"_links":{"self":[{"href":"https:\/\/www.akuplastics.com\/hu\/wp-json\/wp\/v2\/pages\/20913","targetHints":{"allow":["GET"]}}],"collection":[{"href":"https:\/\/www.akuplastics.com\/hu\/wp-json\/wp\/v2\/pages"}],"about":[{"href":"https:\/\/www.akuplastics.com\/hu\/wp-json\/wp\/v2\/types\/page"}],"author":[{"embeddable":true,"href":"https:\/\/www.akuplastics.com\/hu\/wp-json\/wp\/v2\/users\/3"}],"replies":[{"embeddable":true,"href":"https:\/\/www.akuplastics.com\/hu\/wp-json\/wp\/v2\/comments?post=20913"}],"version-history":[{"count":11,"href":"https:\/\/www.akuplastics.com\/hu\/wp-json\/wp\/v2\/pages\/20913\/revisions"}],"predecessor-version":[{"id":22347,"href":"https:\/\/www.akuplastics.com\/hu\/wp-json\/wp\/v2\/pages\/20913\/revisions\/22347"}],"up":[{"embeddable":true,"href":"https:\/\/www.akuplastics.com\/hu\/wp-json\/wp\/v2\/pages\/9213"}],"wp:attachment":[{"href":"https:\/\/www.akuplastics.com\/hu\/wp-json\/wp\/v2\/media?parent=20913"}],"curies":[{"name":"wp","href":"https:\/\/api.w.org\/{rel}","templated":true}]}}