{"id":20907,"date":"2024-04-10T13:22:31","date_gmt":"2024-04-10T11:22:31","guid":{"rendered":"https:\/\/www.akuplastics.com\/felkesz-termekek-lemezek-tomor-rudak-ureges-rudak-profilok-csovek-hegesztesi-rudak\/regeneralt-ujrahasznositott-muanyagok\/"},"modified":"2024-04-19T09:22:47","modified_gmt":"2024-04-19T07:22:47","slug":"regeneralt-ujrahasznositott-muanyagok","status":"publish","type":"page","link":"https:\/\/www.akuplastics.com\/hu\/felkesz-termekek-lemezek-tomor-rudak-ureges-rudak-profilok-csovek-hegesztesi-rudak\/regeneralt-ujrahasznositott-muanyagok\/","title":{"rendered":"Regener\u00e1lt \u00fajrahasznos\u00edtott m\u0171anyagok"},"content":{"rendered":"\t\t<div data-elementor-type=\"wp-page\" data-elementor-id=\"20907\" class=\"elementor elementor-20907 elementor-20878\" data-elementor-post-type=\"page\">\n\t\t\t\t\t\t<section class=\"elementor-section elementor-top-section elementor-element elementor-element-51e007f7 elementor-section-full_width elementor-section-height-default elementor-section-height-default\" data-id=\"51e007f7\" data-element_type=\"section\" data-e-type=\"section\" data-settings=\"{&quot;background_background&quot;:&quot;gradient&quot;}\">\n\t\t\t\t\t\t<div class=\"elementor-container elementor-column-gap-default\">\n\t\t\t\t\t<div class=\"elementor-column elementor-col-100 elementor-top-column elementor-element elementor-element-797d1c0c\" data-id=\"797d1c0c\" data-element_type=\"column\" data-e-type=\"column\">\n\t\t\t<div class=\"elementor-widget-wrap elementor-element-populated\">\n\t\t\t\t\t\t<section class=\"elementor-section elementor-inner-section elementor-element elementor-element-2b0b0237 elementor-section-boxed elementor-section-height-default elementor-section-height-default\" data-id=\"2b0b0237\" data-element_type=\"section\" data-e-type=\"section\">\n\t\t\t\t\t\t<div class=\"elementor-container elementor-column-gap-default\">\n\t\t\t\t\t<div class=\"elementor-column elementor-col-50 elementor-inner-column elementor-element elementor-element-6d267812\" data-id=\"6d267812\" data-element_type=\"column\" data-e-type=\"column\">\n\t\t\t<div class=\"elementor-widget-wrap elementor-element-populated\">\n\t\t\t\t\t\t<div class=\"elementor-element elementor-element-1373e6c elementor-widget elementor-widget-text-editor\" data-id=\"1373e6c\" data-element_type=\"widget\" data-e-type=\"widget\" data-widget_type=\"text-editor.default\">\n\t\t\t\t<div class=\"elementor-widget-container\">\n\t\t\t\t\t\t\t\t\t<h1>POM-C R \u00e9s PVDF-R regener\u00e1lt vagy \u00fajrahasznos\u00edtott m\u0171anyagok<\/h1>\n\t\t\t\t\t\t\t\t<\/div>\n\t\t\t\t<\/div>\n\t\t\t\t<div class=\"elementor-element elementor-element-8e9ba66 elementor-widget elementor-widget-text-editor\" data-id=\"8e9ba66\" data-element_type=\"widget\" data-e-type=\"widget\" data-widget_type=\"text-editor.default\">\n\t\t\t\t<div class=\"elementor-widget-container\">\n\t\t\t\t\t\t\t\t\t<p>\u00dajrahasznos\u00edtott vagy regener\u00e1lt m\u0171anyagokkal l\u00e9p\u00e9seket k\u00edv\u00e1nunk tenni az er\u0151forr\u00e1s-fogyaszt\u00e1s minimaliz\u00e1l\u00e1s\u00e1ra \u00e9s a hullad\u00e9k cs\u00f6kkent\u00e9s\u00e9re az\u00e1ltal, hogy a term\u00e9keket, anyagokat \u00e9s er\u0151forr\u00e1sokat a lehet\u0151 leghosszabb ideig az \u00e9rt\u00e9kteremt\u0151 ciklusban tartjuk.<\/p><p>\u00a0<\/p><p>A k\u00f6rforg\u00e1sos gazdas\u00e1g ahelyett, hogy line\u00e1ris &#8222;vegy\u00fck-gy\u00e1rtjuk-hullad\u00e9kot&#8221; modelleket k\u00f6vetne, amelyekben az er\u0151forr\u00e1sokat kitermelik, term\u00e9kekk\u00e9 dolgozz\u00e1k fel, majd v\u00e9g\u00fcl \u00e1rtalmatlan\u00edtj\u00e1k, a term\u00e9keket \u00e9s anyagokat \u00fagy tervezi \u00e9s kezeli, hogy azok \u00e9lettartama a lehet\u0151 legnagyobb legyen, \u00e9s haszn\u00e1lat ut\u00e1n visszaker\u00fclhessenek a termel\u00e9si folyamatba.<\/p><p>\u00a0<\/p><p><strong>AKU\u00ae<\/strong> Regenerat f\u00e9lk\u00e9sz term\u00e9kek, amelyek k\u00e9r\u00e9sre ideiglenesen rendelkez\u00e9sre \u00e1llnak az anyagokban, els\u0151sorban lemezek \u00e9s rudak form\u00e1j\u00e1ban.<\/p><ul><li><strong><a href=\"https:\/\/www.akuplastics.com\/halbzeug-platten-vollstabe-hohlstabe-profile-rohre-schweisdrahte\/pvdf-r-regenerat-recycelt-sortenrein-gleichwertig-nachhaltig-als-vollstaebe-platten\/\">PVDF R<\/a><\/strong><\/li><li><strong><a href=\"https:\/\/www.akuplastics.com\/hu\/felkesz-termekek-lemezek-tomor-rudak-ureges-rudak-profilok-csovek-hegesztesi-rudak\/pom-c-ujrahasznositott-anyag-tipusonkent-ujrahasznositva-ugyanolyan-fenntarthato-mint-a-szilard-rudak-lemezek\/\">POM-C R<\/a><\/strong><\/li><li><a href=\"https:\/\/www.akuplastics.com\/hu\/felkesz-termekek-lemezek-tomor-rudak-ureges-rudak-profilok-csovek-hegesztesi-rudak\/pe-1000-r-regeneratum\/\"><strong>PE 1000-R<\/strong><\/a><\/li><\/ul><div>\u00a0<\/div><div><p><span style=\"color: var( --e-global-color-text ); letter-spacing: 0px;\">A k\u00f6rforg\u00e1sos gazdas\u00e1g kulcsfogalmai a k\u00f6vetkez\u0151k<\/span><\/p><p>\u00a0<\/p><p><span style=\"font-weight: bolder;\">Er\u0151forr\u00e1s-hat\u00e9konys\u00e1g<\/span>:<br \/>A fogyaszt\u00e1s minimaliz\u00e1l\u00e1sa az anyagok \u00e9s er\u0151forr\u00e1sok felhaszn\u00e1l\u00e1s\u00e1nak optimaliz\u00e1l\u00e1s\u00e1val t\u00f6rt\u00e9nik.<br \/>Hullad\u00e9k elker\u00fcl\u00e9se: A hangs\u00faly a hullad\u00e9k cs\u00f6kkent\u00e9s\u00e9n van, ak\u00e1r a tervez\u00e9s megv\u00e1ltoztat\u00e1s\u00e1val, ak\u00e1r a term\u00e9k \u00e9lettartam\u00e1nak n\u00f6vel\u00e9s\u00e9vel vagy \u00fajrafelhaszn\u00e1l\u00e1s\u00e1val.<\/p><p><span style=\"font-weight: bolder;\">\u00dajrafelhaszn\u00e1l\u00e1s \u00e9s jav\u00edt\u00e1s:<\/span><\/p><p>A term\u00e9keket \u00fagy tervezik, hogy \u00fajrafelhaszn\u00e1lhat\u00f3k legyenek, \u00e9s a c\u00e9l a hib\u00e1s term\u00e9kek jav\u00edt\u00e1sa ahelyett, hogy kidobn\u00e1k \u0151ket.<\/p><p><span style=\"font-weight: bolder;\">\u00dajrahasznos\u00edt\u00e1s<\/span>:<\/p><p>Az anyagokat \u00faj term\u00e9kek el\u0151\u00e1ll\u00edt\u00e1s\u00e1hoz \u00fajrahasznos\u00edtj\u00e1k, cs\u00f6kkentve ezzel az els\u0151dleges er\u0151forr\u00e1sok ir\u00e1nti ig\u00e9nyt.<\/p><p><span style=\"font-weight: bolder;\">\u00c1ramk\u00f6ri tervez\u00e9s<\/span>:<\/p><p>A term\u00e9keket kezdett\u0151l fogva \u00fagy tervezik, hogy alkatr\u00e9szeik k\u00f6nnyen sz\u00e9tszerelhet\u0151k, \u00fajrahasznos\u00edthat\u00f3k vagy \u00fajrafelhaszn\u00e1lhat\u00f3k legyenek.<\/p><p>A k\u00f6rforg\u00e1sos gazdas\u00e1g c\u00e9lja egy olyan fenntarthat\u00f3 gazdas\u00e1g l\u00e9trehoz\u00e1sa, amelyben az er\u0151forr\u00e1sok hat\u00e9kony felhaszn\u00e1l\u00e1sa, a k\u00f6rnyezeti hat\u00e1sok minimaliz\u00e1l\u00e1sa \u00e9s a hossz\u00fa t\u00e1v\u00fa j\u00f3l\u00e9t megteremt\u00e9se mind a v\u00e1llalatok, mind a t\u00e1rsadalom eg\u00e9sze sz\u00e1m\u00e1ra.<\/p><p>Az AKUplastics 2007 \u00f3ta k\u00e9pviseli ezt a gondolatmenetet, \u00e9s biopolimereket k\u00edn\u00e1l f\u00e9lk\u00e9sz term\u00e9kk\u00e9nt \u00e9s regener\u00e1tumokat <span style=\"color: var( --e-global-color-text ); font-family: var( --e-global-typography-text-font-family ), arial; font-size: var( --e-global-typography-text-font-size ); font-weight: var( --e-global-typography-text-font-weight ); letter-spacing: 0px;\">f\u00e9lk\u00e9sz term\u00e9kk\u00e9nt<\/span>.<\/p><\/div>\t\t\t\t\t\t\t\t<\/div>\n\t\t\t\t<\/div>\n\t\t\t\t\t<\/div>\n\t\t<\/div>\n\t\t\t\t<div class=\"elementor-column elementor-col-50 elementor-inner-column elementor-element elementor-element-503898d\" data-id=\"503898d\" data-element_type=\"column\" data-e-type=\"column\">\n\t\t\t<div class=\"elementor-widget-wrap elementor-element-populated\">\n\t\t\t\t\t\t<div class=\"elementor-element elementor-element-2b67b79 elementor-widget elementor-widget-image\" data-id=\"2b67b79\" data-element_type=\"widget\" data-e-type=\"widget\" data-widget_type=\"image.default\">\n\t\t\t\t<div class=\"elementor-widget-container\">\n\t\t\t\t\t\t\t\t\t\t\t\t<figure class=\"wp-caption\">\n\t\t\t\t\t\t\t\t\t\t<img loading=\"lazy\" decoding=\"async\" width=\"226\" height=\"300\" src=\"https:\/\/www.akuplastics.com\/wp-content\/uploads\/2024\/04\/Akuflon-pvdf-r-regnererat-14-226x300.png\" class=\"attachment-medium size-medium wp-image-20732\" alt=\"AKU\u00ae-FLON PVDF-R Regenerat Platten St\u00e4be\" srcset=\"https:\/\/www.akuplastics.com\/wp-content\/uploads\/2024\/04\/Akuflon-pvdf-r-regnererat-14-226x300.png 226w, https:\/\/www.akuplastics.com\/wp-content\/uploads\/2024\/04\/Akuflon-pvdf-r-regnererat-14.png 608w\" sizes=\"auto, (max-width: 226px) 100vw, 226px\" \/>\t\t\t\t\t\t\t\t\t\t\t<figcaption class=\"widget-image-caption wp-caption-text\">PVDF-R Regener\u00e1tum \u00fajrahasznos\u00edt\u00e1s<\/figcaption>\n\t\t\t\t\t\t\t\t\t\t<\/figure>\n\t\t\t\t\t\t\t\t\t<\/div>\n\t\t\t\t<\/div>\n\t\t\t\t<div class=\"elementor-element elementor-element-864dbcc elementor-widget elementor-widget-image\" data-id=\"864dbcc\" data-element_type=\"widget\" data-e-type=\"widget\" data-widget_type=\"image.default\">\n\t\t\t\t<div class=\"elementor-widget-container\">\n\t\t\t\t\t\t\t\t\t\t\t\t<figure class=\"wp-caption\">\n\t\t\t\t\t\t\t\t\t\t<img loading=\"lazy\" decoding=\"async\" width=\"300\" height=\"168\" src=\"https:\/\/www.akuplastics.com\/wp-content\/uploads\/2024\/02\/Platten-Staebe-Hohlstaebe-Schweissdraht_2038-300x168.webp\" class=\"attachment-medium size-medium wp-image-17696\" alt=\"POM-C Regenerat Recyling\" srcset=\"https:\/\/www.akuplastics.com\/wp-content\/uploads\/2024\/02\/Platten-Staebe-Hohlstaebe-Schweissdraht_2038-300x168.webp 300w, https:\/\/www.akuplastics.com\/wp-content\/uploads\/2024\/02\/Platten-Staebe-Hohlstaebe-Schweissdraht_2038-1024x575.webp 1024w, https:\/\/www.akuplastics.com\/wp-content\/uploads\/2024\/02\/Platten-Staebe-Hohlstaebe-Schweissdraht_2038-768x431.webp 768w, https:\/\/www.akuplastics.com\/wp-content\/uploads\/2024\/02\/Platten-Staebe-Hohlstaebe-Schweissdraht_2038-1536x862.webp 1536w, https:\/\/www.akuplastics.com\/wp-content\/uploads\/2024\/02\/Platten-Staebe-Hohlstaebe-Schweissdraht_2038.webp 1920w\" sizes=\"auto, (max-width: 300px) 100vw, 300px\" \/>\t\t\t\t\t\t\t\t\t\t\t<figcaption class=\"widget-image-caption wp-caption-text\">POM-C Regener\u00e1tum \u00fajrahasznos\u00edt\u00e1s<\/figcaption>\n\t\t\t\t\t\t\t\t\t\t<\/figure>\n\t\t\t\t\t\t\t\t\t<\/div>\n\t\t\t\t<\/div>\n\t\t\t\t\t<\/div>\n\t\t<\/div>\n\t\t\t\t\t<\/div>\n\t\t<\/section>\n\t\t\t\t\t<\/div>\n\t\t<\/div>\n\t\t\t\t\t<\/div>\n\t\t<\/section>\n\t\t\t\t<\/div>\n\t\t","protected":false},"excerpt":{"rendered":"<p>POM-C R \u00e9s PVDF-R regener\u00e1lt vagy \u00fajrahasznos\u00edtott m\u0171anyagok \u00dajrahasznos\u00edtott vagy regener\u00e1lt m\u0171anyagokkal l\u00e9p\u00e9seket k\u00edv\u00e1nunk tenni az er\u0151forr\u00e1s-fogyaszt\u00e1s minimaliz\u00e1l\u00e1s\u00e1ra \u00e9s a hullad\u00e9k cs\u00f6kkent\u00e9s\u00e9re az\u00e1ltal, hogy a term\u00e9keket, anyagokat \u00e9s er\u0151forr\u00e1sokat a lehet\u0151 leghosszabb ideig az \u00e9rt\u00e9kteremt\u0151 ciklusban tartjuk. \u00a0 A k\u00f6rforg\u00e1sos gazdas\u00e1g ahelyett, hogy line\u00e1ris &#8222;vegy\u00fck-gy\u00e1rtjuk-hullad\u00e9kot&#8221; modelleket k\u00f6vetne, amelyekben az er\u0151forr\u00e1sokat kitermelik, term\u00e9kekk\u00e9 dolgozz\u00e1k fel, majd [&hellip;]<\/p>\n","protected":false},"author":3,"featured_media":0,"parent":9213,"menu_order":0,"comment_status":"closed","ping_status":"closed","template":"","meta":{"iawp_total_views":11,"footnotes":""},"class_list":["post-20907","page","type-page","status-publish","hentry"],"yoast_head":"<!-- This site is optimized with the Yoast SEO Premium plugin v27.4 (Yoast SEO v27.5) - https:\/\/yoast.com\/product\/yoast-seo-premium-wordpress\/ -->\n<title>F\u00e9lk\u00e9sz term\u00e9kek Regener\u00e1l\u00e1s \u00dajrahasznos\u00edt\u00e1s M\u0171anyagok K\u00f6rforg\u00e1sos gazdas\u00e1g Fenntarthat\u00f3s\u00e1g<\/title>\n<meta name=\"description\" content=\"Biopolimerekb\u0151l k\u00e9sz\u00fclt f\u00e9lk\u00e9sz term\u00e9kek sz\u00e9les v\u00e1laszt\u00e9ka, mint p\u00e9ld\u00e1ul PLA-LF, WPC-PP \u00e9s PA 6.10. Valamint egy\u00e9b f\u00e9lk\u00e9sz \u00e9s k\u00e9sz alkatr\u00e9szek: PVC-t\u0151l PTFE-ig.\" \/>\n<meta name=\"robots\" content=\"index, follow, max-snippet:-1, max-image-preview:large, max-video-preview:-1\" \/>\n<link rel=\"canonical\" href=\"https:\/\/www.akuplastics.com\/hu\/felkesz-termekek-lemezek-tomor-rudak-ureges-rudak-profilok-csovek-hegesztesi-rudak\/regeneralt-ujrahasznositott-muanyagok\/\" \/>\n<script type=\"application\/ld+json\" class=\"yoast-schema-graph\">{\"@context\":\"https:\\\/\\\/schema.org\",\"@graph\":[{\"@type\":\"WebPage\",\"@id\":\"https:\\\/\\\/www.akuplastics.com\\\/hu\\\/felkesz-termekek-lemezek-tomor-rudak-ureges-rudak-profilok-csovek-hegesztesi-rudak\\\/regeneralt-ujrahasznositott-muanyagok\\\/\",\"url\":\"https:\\\/\\\/www.akuplastics.com\\\/hu\\\/felkesz-termekek-lemezek-tomor-rudak-ureges-rudak-profilok-csovek-hegesztesi-rudak\\\/regeneralt-ujrahasznositott-muanyagok\\\/\",\"name\":\"F\u00e9lk\u00e9sz term\u00e9kek Regener\u00e1l\u00e1s \u00dajrahasznos\u00edt\u00e1s M\u0171anyagok K\u00f6rforg\u00e1sos gazdas\u00e1g Fenntarthat\u00f3s\u00e1g\",\"isPartOf\":{\"@id\":\"https:\\\/\\\/www.akuplastics.com\\\/hu\\\/#website\"},\"primaryImageOfPage\":{\"@id\":\"https:\\\/\\\/www.akuplastics.com\\\/hu\\\/felkesz-termekek-lemezek-tomor-rudak-ureges-rudak-profilok-csovek-hegesztesi-rudak\\\/regeneralt-ujrahasznositott-muanyagok\\\/#primaryimage\"},\"image\":{\"@id\":\"https:\\\/\\\/www.akuplastics.com\\\/hu\\\/felkesz-termekek-lemezek-tomor-rudak-ureges-rudak-profilok-csovek-hegesztesi-rudak\\\/regeneralt-ujrahasznositott-muanyagok\\\/#primaryimage\"},\"thumbnailUrl\":\"https:\\\/\\\/www.akuplastics.com\\\/wp-content\\\/uploads\\\/2024\\\/04\\\/Akuflon-pvdf-r-regnererat-14-226x300.png\",\"datePublished\":\"2024-04-10T11:22:31+00:00\",\"dateModified\":\"2024-04-19T07:22:47+00:00\",\"description\":\"Biopolimerekb\u0151l k\u00e9sz\u00fclt f\u00e9lk\u00e9sz term\u00e9kek sz\u00e9les v\u00e1laszt\u00e9ka, mint p\u00e9ld\u00e1ul PLA-LF, WPC-PP \u00e9s PA 6.10. Valamint egy\u00e9b f\u00e9lk\u00e9sz \u00e9s k\u00e9sz alkatr\u00e9szek: PVC-t\u0151l PTFE-ig.\",\"breadcrumb\":{\"@id\":\"https:\\\/\\\/www.akuplastics.com\\\/hu\\\/felkesz-termekek-lemezek-tomor-rudak-ureges-rudak-profilok-csovek-hegesztesi-rudak\\\/regeneralt-ujrahasznositott-muanyagok\\\/#breadcrumb\"},\"inLanguage\":\"hu\",\"potentialAction\":[{\"@type\":\"ReadAction\",\"target\":[\"https:\\\/\\\/www.akuplastics.com\\\/hu\\\/felkesz-termekek-lemezek-tomor-rudak-ureges-rudak-profilok-csovek-hegesztesi-rudak\\\/regeneralt-ujrahasznositott-muanyagok\\\/\"]}]},{\"@type\":\"ImageObject\",\"inLanguage\":\"hu\",\"@id\":\"https:\\\/\\\/www.akuplastics.com\\\/hu\\\/felkesz-termekek-lemezek-tomor-rudak-ureges-rudak-profilok-csovek-hegesztesi-rudak\\\/regeneralt-ujrahasznositott-muanyagok\\\/#primaryimage\",\"url\":\"https:\\\/\\\/www.akuplastics.com\\\/wp-content\\\/uploads\\\/2024\\\/04\\\/Akuflon-pvdf-r-regnererat-14-226x300.png\",\"contentUrl\":\"https:\\\/\\\/www.akuplastics.com\\\/wp-content\\\/uploads\\\/2024\\\/04\\\/Akuflon-pvdf-r-regnererat-14-226x300.png\"},{\"@type\":\"BreadcrumbList\",\"@id\":\"https:\\\/\\\/www.akuplastics.com\\\/hu\\\/felkesz-termekek-lemezek-tomor-rudak-ureges-rudak-profilok-csovek-hegesztesi-rudak\\\/regeneralt-ujrahasznositott-muanyagok\\\/#breadcrumb\",\"itemListElement\":[{\"@type\":\"ListItem\",\"position\":1,\"name\":\"Kezd\u0151lap\",\"item\":\"https:\\\/\\\/www.akuplastics.com\\\/hu\\\/\"},{\"@type\":\"ListItem\",\"position\":2,\"name\":\"F\u00e9lk\u00e9sz term\u00e9kek\",\"item\":\"https:\\\/\\\/www.akuplastics.com\\\/hu\\\/felkesz-termekek-lemezek-tomor-rudak-ureges-rudak-profilok-csovek-hegesztesi-rudak\\\/\"},{\"@type\":\"ListItem\",\"position\":3,\"name\":\"Regener\u00e1lt \u00fajrahasznos\u00edtott m\u0171anyagok\"}]},{\"@type\":\"WebSite\",\"@id\":\"https:\\\/\\\/www.akuplastics.com\\\/hu\\\/#website\",\"url\":\"https:\\\/\\\/www.akuplastics.com\\\/hu\\\/\",\"name\":\"Semi-Finished Products \u2013 Finished Parts \u2013 Ventilation Moulded Parts \u2013 Machines\",\"description\":\"Halbzeuge, Halbfabrikate, Kunststoffhalbzeuge, Kunststoffhalbfabrikate\",\"publisher\":{\"@id\":\"https:\\\/\\\/www.akuplastics.com\\\/hu\\\/#organization\"},\"alternateName\":\"AKUPLASTICS \u2013 Engineering in Plastics\",\"potentialAction\":[{\"@type\":\"SearchAction\",\"target\":{\"@type\":\"EntryPoint\",\"urlTemplate\":\"https:\\\/\\\/www.akuplastics.com\\\/hu\\\/?s={search_term_string}\"},\"query-input\":{\"@type\":\"PropertyValueSpecification\",\"valueRequired\":true,\"valueName\":\"search_term_string\"}}],\"inLanguage\":\"hu\"},{\"@type\":\"Organization\",\"@id\":\"https:\\\/\\\/www.akuplastics.com\\\/hu\\\/#organization\",\"name\":\"Ing. Christian Ahlborn e.U.\",\"alternateName\":\"AKU\",\"url\":\"https:\\\/\\\/www.akuplastics.com\\\/hu\\\/\",\"logo\":{\"@type\":\"ImageObject\",\"inLanguage\":\"hu\",\"@id\":\"https:\\\/\\\/www.akuplastics.com\\\/hu\\\/#\\\/schema\\\/logo\\\/image\\\/\",\"url\":\"https:\\\/\\\/www.akuplastics.com\\\/wp-content\\\/uploads\\\/2020\\\/07\\\/Grafik14-inkl-r.png\",\"contentUrl\":\"https:\\\/\\\/www.akuplastics.com\\\/wp-content\\\/uploads\\\/2020\\\/07\\\/Grafik14-inkl-r.png\",\"width\":1994,\"height\":743,\"caption\":\"Ing. Christian Ahlborn e.U.\"},\"image\":{\"@id\":\"https:\\\/\\\/www.akuplastics.com\\\/hu\\\/#\\\/schema\\\/logo\\\/image\\\/\"}}]}<\/script>\n<!-- \/ Yoast SEO Premium plugin. -->","yoast_head_json":{"title":"F\u00e9lk\u00e9sz term\u00e9kek Regener\u00e1l\u00e1s \u00dajrahasznos\u00edt\u00e1s M\u0171anyagok K\u00f6rforg\u00e1sos gazdas\u00e1g Fenntarthat\u00f3s\u00e1g","description":"Biopolimerekb\u0151l k\u00e9sz\u00fclt f\u00e9lk\u00e9sz term\u00e9kek sz\u00e9les v\u00e1laszt\u00e9ka, mint p\u00e9ld\u00e1ul PLA-LF, WPC-PP \u00e9s PA 6.10. Valamint egy\u00e9b f\u00e9lk\u00e9sz \u00e9s k\u00e9sz alkatr\u00e9szek: PVC-t\u0151l PTFE-ig.","robots":{"index":"index","follow":"follow","max-snippet":"max-snippet:-1","max-image-preview":"max-image-preview:large","max-video-preview":"max-video-preview:-1"},"canonical":"https:\/\/www.akuplastics.com\/hu\/felkesz-termekek-lemezek-tomor-rudak-ureges-rudak-profilok-csovek-hegesztesi-rudak\/regeneralt-ujrahasznositott-muanyagok\/","schema":{"@context":"https:\/\/schema.org","@graph":[{"@type":"WebPage","@id":"https:\/\/www.akuplastics.com\/hu\/felkesz-termekek-lemezek-tomor-rudak-ureges-rudak-profilok-csovek-hegesztesi-rudak\/regeneralt-ujrahasznositott-muanyagok\/","url":"https:\/\/www.akuplastics.com\/hu\/felkesz-termekek-lemezek-tomor-rudak-ureges-rudak-profilok-csovek-hegesztesi-rudak\/regeneralt-ujrahasznositott-muanyagok\/","name":"F\u00e9lk\u00e9sz term\u00e9kek Regener\u00e1l\u00e1s \u00dajrahasznos\u00edt\u00e1s M\u0171anyagok K\u00f6rforg\u00e1sos gazdas\u00e1g Fenntarthat\u00f3s\u00e1g","isPartOf":{"@id":"https:\/\/www.akuplastics.com\/hu\/#website"},"primaryImageOfPage":{"@id":"https:\/\/www.akuplastics.com\/hu\/felkesz-termekek-lemezek-tomor-rudak-ureges-rudak-profilok-csovek-hegesztesi-rudak\/regeneralt-ujrahasznositott-muanyagok\/#primaryimage"},"image":{"@id":"https:\/\/www.akuplastics.com\/hu\/felkesz-termekek-lemezek-tomor-rudak-ureges-rudak-profilok-csovek-hegesztesi-rudak\/regeneralt-ujrahasznositott-muanyagok\/#primaryimage"},"thumbnailUrl":"https:\/\/www.akuplastics.com\/wp-content\/uploads\/2024\/04\/Akuflon-pvdf-r-regnererat-14-226x300.png","datePublished":"2024-04-10T11:22:31+00:00","dateModified":"2024-04-19T07:22:47+00:00","description":"Biopolimerekb\u0151l k\u00e9sz\u00fclt f\u00e9lk\u00e9sz term\u00e9kek sz\u00e9les v\u00e1laszt\u00e9ka, mint p\u00e9ld\u00e1ul PLA-LF, WPC-PP \u00e9s PA 6.10. Valamint egy\u00e9b f\u00e9lk\u00e9sz \u00e9s k\u00e9sz alkatr\u00e9szek: PVC-t\u0151l PTFE-ig.","breadcrumb":{"@id":"https:\/\/www.akuplastics.com\/hu\/felkesz-termekek-lemezek-tomor-rudak-ureges-rudak-profilok-csovek-hegesztesi-rudak\/regeneralt-ujrahasznositott-muanyagok\/#breadcrumb"},"inLanguage":"hu","potentialAction":[{"@type":"ReadAction","target":["https:\/\/www.akuplastics.com\/hu\/felkesz-termekek-lemezek-tomor-rudak-ureges-rudak-profilok-csovek-hegesztesi-rudak\/regeneralt-ujrahasznositott-muanyagok\/"]}]},{"@type":"ImageObject","inLanguage":"hu","@id":"https:\/\/www.akuplastics.com\/hu\/felkesz-termekek-lemezek-tomor-rudak-ureges-rudak-profilok-csovek-hegesztesi-rudak\/regeneralt-ujrahasznositott-muanyagok\/#primaryimage","url":"https:\/\/www.akuplastics.com\/wp-content\/uploads\/2024\/04\/Akuflon-pvdf-r-regnererat-14-226x300.png","contentUrl":"https:\/\/www.akuplastics.com\/wp-content\/uploads\/2024\/04\/Akuflon-pvdf-r-regnererat-14-226x300.png"},{"@type":"BreadcrumbList","@id":"https:\/\/www.akuplastics.com\/hu\/felkesz-termekek-lemezek-tomor-rudak-ureges-rudak-profilok-csovek-hegesztesi-rudak\/regeneralt-ujrahasznositott-muanyagok\/#breadcrumb","itemListElement":[{"@type":"ListItem","position":1,"name":"Kezd\u0151lap","item":"https:\/\/www.akuplastics.com\/hu\/"},{"@type":"ListItem","position":2,"name":"F\u00e9lk\u00e9sz term\u00e9kek","item":"https:\/\/www.akuplastics.com\/hu\/felkesz-termekek-lemezek-tomor-rudak-ureges-rudak-profilok-csovek-hegesztesi-rudak\/"},{"@type":"ListItem","position":3,"name":"Regener\u00e1lt \u00fajrahasznos\u00edtott m\u0171anyagok"}]},{"@type":"WebSite","@id":"https:\/\/www.akuplastics.com\/hu\/#website","url":"https:\/\/www.akuplastics.com\/hu\/","name":"Semi-Finished Products \u2013 Finished Parts \u2013 Ventilation Moulded Parts \u2013 Machines","description":"Halbzeuge, Halbfabrikate, Kunststoffhalbzeuge, Kunststoffhalbfabrikate","publisher":{"@id":"https:\/\/www.akuplastics.com\/hu\/#organization"},"alternateName":"AKUPLASTICS \u2013 Engineering in Plastics","potentialAction":[{"@type":"SearchAction","target":{"@type":"EntryPoint","urlTemplate":"https:\/\/www.akuplastics.com\/hu\/?s={search_term_string}"},"query-input":{"@type":"PropertyValueSpecification","valueRequired":true,"valueName":"search_term_string"}}],"inLanguage":"hu"},{"@type":"Organization","@id":"https:\/\/www.akuplastics.com\/hu\/#organization","name":"Ing. Christian Ahlborn e.U.","alternateName":"AKU","url":"https:\/\/www.akuplastics.com\/hu\/","logo":{"@type":"ImageObject","inLanguage":"hu","@id":"https:\/\/www.akuplastics.com\/hu\/#\/schema\/logo\/image\/","url":"https:\/\/www.akuplastics.com\/wp-content\/uploads\/2020\/07\/Grafik14-inkl-r.png","contentUrl":"https:\/\/www.akuplastics.com\/wp-content\/uploads\/2020\/07\/Grafik14-inkl-r.png","width":1994,"height":743,"caption":"Ing. Christian Ahlborn e.U."},"image":{"@id":"https:\/\/www.akuplastics.com\/hu\/#\/schema\/logo\/image\/"}}]}},"_links":{"self":[{"href":"https:\/\/www.akuplastics.com\/hu\/wp-json\/wp\/v2\/pages\/20907","targetHints":{"allow":["GET"]}}],"collection":[{"href":"https:\/\/www.akuplastics.com\/hu\/wp-json\/wp\/v2\/pages"}],"about":[{"href":"https:\/\/www.akuplastics.com\/hu\/wp-json\/wp\/v2\/types\/page"}],"author":[{"embeddable":true,"href":"https:\/\/www.akuplastics.com\/hu\/wp-json\/wp\/v2\/users\/3"}],"replies":[{"embeddable":true,"href":"https:\/\/www.akuplastics.com\/hu\/wp-json\/wp\/v2\/comments?post=20907"}],"version-history":[{"count":7,"href":"https:\/\/www.akuplastics.com\/hu\/wp-json\/wp\/v2\/pages\/20907\/revisions"}],"predecessor-version":[{"id":22353,"href":"https:\/\/www.akuplastics.com\/hu\/wp-json\/wp\/v2\/pages\/20907\/revisions\/22353"}],"up":[{"embeddable":true,"href":"https:\/\/www.akuplastics.com\/hu\/wp-json\/wp\/v2\/pages\/9213"}],"wp:attachment":[{"href":"https:\/\/www.akuplastics.com\/hu\/wp-json\/wp\/v2\/media?parent=20907"}],"curies":[{"name":"wp","href":"https:\/\/api.w.org\/{rel}","templated":true}]}}