{"id":20602,"date":"2024-04-04T10:14:40","date_gmt":"2024-04-04T08:14:40","guid":{"rendered":"https:\/\/www.akuplastics.com\/felkesz-termekek-lemezek-tomor-rudak-ureges-rudak-profilok-csovek-hegesztesi-rudak\/pom-c-r-regeneratum\/"},"modified":"2024-04-19T09:30:56","modified_gmt":"2024-04-19T07:30:56","slug":"pom-c-ujrahasznositott-anyag-tipusonkent-ujrahasznositva-ugyanolyan-fenntarthato-mint-a-szilard-rudak-lemezek","status":"publish","type":"page","link":"https:\/\/www.akuplastics.com\/hu\/felkesz-termekek-lemezek-tomor-rudak-ureges-rudak-profilok-csovek-hegesztesi-rudak\/pom-c-ujrahasznositott-anyag-tipusonkent-ujrahasznositva-ugyanolyan-fenntarthato-mint-a-szilard-rudak-lemezek\/","title":{"rendered":"POM-C R Regener\u00e1tum"},"content":{"rendered":"\t\t<div data-elementor-type=\"wp-page\" data-elementor-id=\"20602\" class=\"elementor elementor-20602 elementor-20593\" data-elementor-post-type=\"page\">\n\t\t\t\t\t\t<section class=\"elementor-section elementor-top-section elementor-element elementor-element-51e007f7 elementor-section-full_width elementor-section-height-default elementor-section-height-default\" data-id=\"51e007f7\" data-element_type=\"section\" data-e-type=\"section\" data-settings=\"{&quot;background_background&quot;:&quot;gradient&quot;}\">\n\t\t\t\t\t\t<div class=\"elementor-container elementor-column-gap-default\">\n\t\t\t\t\t<div class=\"elementor-column elementor-col-100 elementor-top-column elementor-element elementor-element-797d1c0c\" data-id=\"797d1c0c\" data-element_type=\"column\" data-e-type=\"column\">\n\t\t\t<div class=\"elementor-widget-wrap elementor-element-populated\">\n\t\t\t\t\t\t<section class=\"elementor-section elementor-inner-section elementor-element elementor-element-2b0b0237 elementor-section-boxed elementor-section-height-default elementor-section-height-default\" data-id=\"2b0b0237\" data-element_type=\"section\" data-e-type=\"section\">\n\t\t\t\t\t\t<div class=\"elementor-container elementor-column-gap-default\">\n\t\t\t\t\t<div class=\"elementor-column elementor-col-50 elementor-inner-column elementor-element elementor-element-6d267812\" data-id=\"6d267812\" data-element_type=\"column\" data-e-type=\"column\">\n\t\t\t<div class=\"elementor-widget-wrap elementor-element-populated\">\n\t\t\t\t\t\t<div class=\"elementor-element elementor-element-1373e6c elementor-widget elementor-widget-text-editor\" data-id=\"1373e6c\" data-element_type=\"widget\" data-e-type=\"widget\" data-widget_type=\"text-editor.default\">\n\t\t\t\t<div class=\"elementor-widget-container\">\n\t\t\t\t\t\t\t\t\t<h1>POM-C regener\u00e1lt lemezek \u00e9s rudak <\/h1>\n\t\t\t\t\t\t\t\t<\/div>\n\t\t\t\t<\/div>\n\t\t\t\t<div class=\"elementor-element elementor-element-a2abac3 elementor-widget elementor-widget-text-editor\" data-id=\"a2abac3\" data-element_type=\"widget\" data-e-type=\"widget\" data-widget_type=\"text-editor.default\">\n\t\t\t\t<div class=\"elementor-widget-container\">\n\t\t\t\t\t\t\t\t\t<p>POM-C regener\u00e1lt lapjaink \u00e9s r\u00fadjaink <b>100 %-ban \u00fajrahasznos\u00edtott POM-C-b\u0151l <\/b>k\u00e9sz\u00fclnek.<\/p><p>\u00a0<\/p><p><span style=\"color: var( --e-global-color-text ); letter-spacing: 0px;\">Ennek a m\u0171szaki m\u0171anyagnak a <b>folyamatos \u00fczemi h\u0151m\u00e9rs\u00e9klete <\/b>-40 \u00b0C \u00e9s +100 \u00b0C k\u00f6z\u00f6tt van. <b>Sz\u00edv\u00f3ss\u00e1g\u00e1nak <\/b>\u00e9s <b>nagyfok\u00fa m\u00e9retstabilit\u00e1s\u00e1nak<\/b> k\u00f6sz\u00f6nhet\u0151en \u00e1ltal\u00e1ban <b>nem hajlamos a fesz\u00fclts\u00e9g okozta reped\u00e9sre<\/b>. <\/span><\/p><p>\u00a0<\/p><p><span style=\"color: var( --e-global-color-text ); letter-spacing: 0px;\">A POM-C kopolimert <b>magas h\u0151stabilit\u00e1s \u00e9s k\u00e9miai ellen\u00e1ll\u00e1s<\/b> jellemzi, k\u00fcl\u00f6n\u00f6sen a <b>fokozott hidrol\u00edzis\u00e1ll\u00f3s\u00e1g<\/b> \u00e9s a <b>sz\u00e1mos old\u00f3szerrel szembeni ellen\u00e1ll\u00e1s<\/b>. <\/span><\/p><p>\u00a0<\/p><p><span style=\"color: var( --e-global-color-text ); letter-spacing: 0px;\"><b>Ez k\u00fcl\u00f6n\u00f6sen alkalmass\u00e1 teszi az alkalmass\u00e1<\/b>, mivel <b>ellen\u00e1ll a forr\u00f3 v\u00edzzel vagy k\u00fcl\u00f6nb\u00f6z\u0151 vegyszerekkel<\/b> t\u00f6rt\u00e9n\u0151 tiszt\u00edt\u00e1si folyamatoknak.<\/span><\/p><p><b>Ennek a visszanyert anyagnak a tulajdons\u00e1gai egyen\u00e9rt\u00e9k\u0171nek tekinthet\u0151k a tiszta POM-C tulajdons\u00e1gaival<\/b>.<\/p>\t\t\t\t\t\t\t\t<\/div>\n\t\t\t\t<\/div>\n\t\t\t\t<div class=\"elementor-element elementor-element-925e4c9 elementor-widget elementor-widget-text-editor\" data-id=\"925e4c9\" data-element_type=\"widget\" data-e-type=\"widget\" data-widget_type=\"text-editor.default\">\n\t\t\t\t<div class=\"elementor-widget-container\">\n\t\t\t\t\t\t\t\t\t<p>\u00dajrahasznos\u00edtott vagy regener\u00e1lt m\u0171anyagokkal <span style=\"color: var( --e-global-color-text ); font-family: var( --e-global-typography-text-font-family ), arial; font-size: var( --e-global-typography-text-font-size ); font-weight: var( --e-global-typography-text-font-weight ); letter-spacing: 0px;\">l\u00e9p\u00e9seket k\u00edv\u00e1nunk tenni az er\u0151forr\u00e1s-fogyaszt\u00e1s minimaliz\u00e1l\u00e1s\u00e1ra \u00e9s a hullad\u00e9k cs\u00f6kkent\u00e9s\u00e9re az\u00e1ltal, hogy a term\u00e9keket, anyagokat \u00e9s er\u0151forr\u00e1sokat a lehet\u0151 leghosszabb ideig az \u00e9rt\u00e9kteremt\u0151 ciklusban tartjuk.<\/span><\/p><p>\u00a0<\/p><p>A k\u00f6rforg\u00e1sos gazdas\u00e1g ahelyett, hogy line\u00e1ris &#8222;vegy\u00fck-gy\u00e1rtjuk-hullad\u00e9kot&#8221; modelleket k\u00f6vetne, amelyekben az er\u0151forr\u00e1sokat kitermelik, term\u00e9kekk\u00e9 dolgozz\u00e1k fel, majd v\u00e9g\u00fcl \u00e1rtalmatlan\u00edtj\u00e1k, a term\u00e9keket \u00e9s anyagokat \u00fagy tervezi \u00e9s kezeli, hogy azok \u00e9lettartama a lehet\u0151 legnagyobb legyen, \u00e9s haszn\u00e1lat ut\u00e1n visszaker\u00fclhessenek a termel\u00e9si folyamatba.<\/p><p>\u00a0<\/p><p>A k\u00f6rforg\u00e1sos gazdas\u00e1g kulcsfogalmai a k\u00f6vetkez\u0151k<\/p><p><b>Er\u0151forr\u00e1s-hat\u00e9konys\u00e1g<\/b>: <br \/>A fogyaszt\u00e1s minimaliz\u00e1l\u00e1sa az anyagok \u00e9s er\u0151forr\u00e1sok felhaszn\u00e1l\u00e1s\u00e1nak optimaliz\u00e1l\u00e1s\u00e1val t\u00f6rt\u00e9nik.<br \/>Hullad\u00e9k elker\u00fcl\u00e9se: A hangs\u00faly a hullad\u00e9k cs\u00f6kkent\u00e9s\u00e9n van, ak\u00e1r a tervez\u00e9s megv\u00e1ltoztat\u00e1s\u00e1val, ak\u00e1r a term\u00e9k \u00e9lettartam\u00e1nak n\u00f6vel\u00e9s\u00e9vel vagy \u00fajrafelhaszn\u00e1l\u00e1s\u00e1val.<br \/><b>\u00dajrafelhaszn\u00e1l\u00e1s \u00e9s jav\u00edt\u00e1s: <\/b><br \/>A term\u00e9keket \u00fagy tervezik, hogy \u00fajrafelhaszn\u00e1lhat\u00f3k legyenek, \u00e9s a c\u00e9l a hib\u00e1s term\u00e9kek jav\u00edt\u00e1sa ahelyett, hogy kidobn\u00e1k \u0151ket.<\/p><p><b>\u00dajrahasznos\u00edt\u00e1s<\/b>:<\/p><p>Az anyagokat \u00faj term\u00e9kek el\u0151\u00e1ll\u00edt\u00e1s\u00e1hoz \u00fajrahasznos\u00edtj\u00e1k, cs\u00f6kkentve ezzel az els\u0151dleges er\u0151forr\u00e1sok ir\u00e1nti ig\u00e9nyt.<br \/><b>\u00c1ramk\u00f6ri tervez\u00e9s<\/b>:<\/p><p>A term\u00e9keket kezdett\u0151l fogva \u00fagy tervezik, hogy alkatr\u00e9szeik k\u00f6nnyen sz\u00e9tszerelhet\u0151k, \u00fajrahasznos\u00edthat\u00f3k vagy \u00fajrafelhaszn\u00e1lhat\u00f3k legyenek.<\/p><p>\u00a0<\/p><p>A k\u00f6rforg\u00e1sos gazdas\u00e1g c\u00e9lja egy olyan fenntarthat\u00f3 gazdas\u00e1g l\u00e9trehoz\u00e1sa, amelyben az er\u0151forr\u00e1sok hat\u00e9kony felhaszn\u00e1l\u00e1sa, a k\u00f6rnyezeti hat\u00e1sok minimaliz\u00e1l\u00e1sa \u00e9s a hossz\u00fa t\u00e1v\u00fa j\u00f3l\u00e9t megteremt\u00e9se mind a v\u00e1llalatok, mind a t\u00e1rsadalom eg\u00e9sze sz\u00e1m\u00e1ra.<\/p><p>\u00a0<\/p><p>Az AKUplastics 2007 \u00f3ta k\u00e9pviseli ezt a gondolatmenetet, \u00e9s biopolimereket k\u00edn\u00e1l f\u00e9lk\u00e9sz term\u00e9kk\u00e9nt \u00e9s regener\u00e1tumokat <span style=\"color: var( --e-global-color-text ); font-family: var( --e-global-typography-text-font-family ), arial; font-size: var( --e-global-typography-text-font-size ); font-weight: var( --e-global-typography-text-font-weight ); letter-spacing: 0px;\">f\u00e9lk\u00e9sz term\u00e9kk\u00e9nt<\/span>.<\/p>\t\t\t\t\t\t\t\t<\/div>\n\t\t\t\t<\/div>\n\t\t\t\t\t<\/div>\n\t\t<\/div>\n\t\t\t\t<div class=\"elementor-column elementor-col-50 elementor-inner-column elementor-element elementor-element-503898d\" data-id=\"503898d\" data-element_type=\"column\" data-e-type=\"column\">\n\t\t\t<div class=\"elementor-widget-wrap elementor-element-populated\">\n\t\t\t\t\t\t<div class=\"elementor-element elementor-element-2b67b79 elementor-widget elementor-widget-image\" data-id=\"2b67b79\" data-element_type=\"widget\" data-e-type=\"widget\" data-widget_type=\"image.default\">\n\t\t\t\t<div class=\"elementor-widget-container\">\n\t\t\t\t\t\t\t\t\t\t\t\t<figure class=\"wp-caption\">\n\t\t\t\t\t\t\t\t\t\t<img loading=\"lazy\" decoding=\"async\" width=\"300\" height=\"300\" src=\"https:\/\/www.akuplastics.com\/wp-content\/uploads\/2024\/02\/GEHR-POM-300x300.webp\" class=\"attachment-medium size-medium wp-image-17215\" alt=\"POM lemezek \u00e9s rudak\" srcset=\"https:\/\/www.akuplastics.com\/wp-content\/uploads\/2024\/02\/GEHR-POM-300x300.webp 300w, https:\/\/www.akuplastics.com\/wp-content\/uploads\/2024\/02\/GEHR-POM-150x150.webp 150w, https:\/\/www.akuplastics.com\/wp-content\/uploads\/2024\/02\/GEHR-POM.webp 709w\" sizes=\"auto, (max-width: 300px) 100vw, 300px\" \/>\t\t\t\t\t\t\t\t\t\t\t<figcaption class=\"widget-image-caption wp-caption-text\">POM-C regener\u00e1lt lemezek rudak<\/figcaption>\n\t\t\t\t\t\t\t\t\t\t<\/figure>\n\t\t\t\t\t\t\t\t\t<\/div>\n\t\t\t\t<\/div>\n\t\t\t\t\t<\/div>\n\t\t<\/div>\n\t\t\t\t\t<\/div>\n\t\t<\/section>\n\t\t\t\t\t<\/div>\n\t\t<\/div>\n\t\t\t\t\t<\/div>\n\t\t<\/section>\n\t\t\t\t<\/div>\n\t\t","protected":false},"excerpt":{"rendered":"<p>POM-C regener\u00e1lt lemezek \u00e9s rudak POM-C regener\u00e1lt lapjaink \u00e9s r\u00fadjaink 100 %-ban \u00fajrahasznos\u00edtott POM-C-b\u0151l k\u00e9sz\u00fclnek. \u00a0 Ennek a m\u0171szaki m\u0171anyagnak a folyamatos \u00fczemi h\u0151m\u00e9rs\u00e9klete -40 \u00b0C \u00e9s +100 \u00b0C k\u00f6z\u00f6tt van. Sz\u00edv\u00f3ss\u00e1g\u00e1nak \u00e9s nagyfok\u00fa m\u00e9retstabilit\u00e1s\u00e1nak k\u00f6sz\u00f6nhet\u0151en \u00e1ltal\u00e1ban nem hajlamos a fesz\u00fclts\u00e9g okozta reped\u00e9sre. \u00a0 A POM-C kopolimert magas h\u0151stabilit\u00e1s \u00e9s k\u00e9miai ellen\u00e1ll\u00e1s jellemzi, k\u00fcl\u00f6n\u00f6sen a [&hellip;]<\/p>\n","protected":false},"author":3,"featured_media":0,"parent":9213,"menu_order":0,"comment_status":"closed","ping_status":"closed","template":"","meta":{"iawp_total_views":23,"footnotes":""},"class_list":["post-20602","page","type-page","status-publish","hentry"],"yoast_head":"<!-- This site is optimized with the Yoast SEO Premium plugin v27.3 (Yoast SEO v27.4) - https:\/\/yoast.com\/product\/yoast-seo-premium-wordpress\/ -->\n<title>POM-C visszanyert, \u00fajrahasznos\u00edtott, egy eredet\u0171, egyen\u00e9rt\u00e9k\u0171, k\u00f6rk\u00f6r\u00f6s gazdas\u00e1g\u00fa, fenntarthat\u00f3, szil\u00e1rd rudakb\u00f3l k\u00e9sz\u00fclt lapok<\/title>\n<meta name=\"description\" content=\"POM-C regener\u00e1lt lemezek \u00e9s rudak POM-C regener\u00e1lt lemezeink \u00e9s r\u00fadjaink 100 %-ban \u00fajrahasznos\u00edtott POM-C-b\u0151l k\u00e9sz\u00fclnek. Ennek a m\u0171szaki m\u0171anyagnak a folyamatos \u00fczemi h\u0151m\u00e9rs\u00e9klete -40 \u00b0C \u00e9s +100 \u00b0C k\u00f6z\u00f6tt van. Sz\u00edv\u00f3ss\u00e1g\u00e1nak \u00e9s nagyfok\u00fa m\u00e9retstabilit\u00e1s\u00e1nak k\u00f6sz\u00f6nhet\u0151en \u00e1ltal\u00e1ban nem hajlamos a fesz\u00fclts\u00e9g okozta reped\u00e9sre.\" \/>\n<meta name=\"robots\" content=\"index, follow, max-snippet:-1, max-image-preview:large, max-video-preview:-1\" \/>\n<link rel=\"canonical\" href=\"https:\/\/www.akuplastics.com\/hu\/felkesz-termekek-lemezek-tomor-rudak-ureges-rudak-profilok-csovek-hegesztesi-rudak\/pom-c-ujrahasznositott-anyag-tipusonkent-ujrahasznositva-ugyanolyan-fenntarthato-mint-a-szilard-rudak-lemezek\/\" \/>\n<script type=\"application\/ld+json\" class=\"yoast-schema-graph\">{\"@context\":\"https:\\\/\\\/schema.org\",\"@graph\":[{\"@type\":\"WebPage\",\"@id\":\"https:\\\/\\\/www.akuplastics.com\\\/hu\\\/felkesz-termekek-lemezek-tomor-rudak-ureges-rudak-profilok-csovek-hegesztesi-rudak\\\/pom-c-ujrahasznositott-anyag-tipusonkent-ujrahasznositva-ugyanolyan-fenntarthato-mint-a-szilard-rudak-lemezek\\\/\",\"url\":\"https:\\\/\\\/www.akuplastics.com\\\/hu\\\/felkesz-termekek-lemezek-tomor-rudak-ureges-rudak-profilok-csovek-hegesztesi-rudak\\\/pom-c-ujrahasznositott-anyag-tipusonkent-ujrahasznositva-ugyanolyan-fenntarthato-mint-a-szilard-rudak-lemezek\\\/\",\"name\":\"POM-C visszanyert, \u00fajrahasznos\u00edtott, egy eredet\u0171, egyen\u00e9rt\u00e9k\u0171, k\u00f6rk\u00f6r\u00f6s gazdas\u00e1g\u00fa, fenntarthat\u00f3, szil\u00e1rd rudakb\u00f3l k\u00e9sz\u00fclt lapok\",\"isPartOf\":{\"@id\":\"https:\\\/\\\/www.akuplastics.com\\\/hu\\\/#website\"},\"primaryImageOfPage\":{\"@id\":\"https:\\\/\\\/www.akuplastics.com\\\/hu\\\/felkesz-termekek-lemezek-tomor-rudak-ureges-rudak-profilok-csovek-hegesztesi-rudak\\\/pom-c-ujrahasznositott-anyag-tipusonkent-ujrahasznositva-ugyanolyan-fenntarthato-mint-a-szilard-rudak-lemezek\\\/#primaryimage\"},\"image\":{\"@id\":\"https:\\\/\\\/www.akuplastics.com\\\/hu\\\/felkesz-termekek-lemezek-tomor-rudak-ureges-rudak-profilok-csovek-hegesztesi-rudak\\\/pom-c-ujrahasznositott-anyag-tipusonkent-ujrahasznositva-ugyanolyan-fenntarthato-mint-a-szilard-rudak-lemezek\\\/#primaryimage\"},\"thumbnailUrl\":\"https:\\\/\\\/www.akuplastics.com\\\/wp-content\\\/uploads\\\/2024\\\/02\\\/GEHR-POM-300x300.webp\",\"datePublished\":\"2024-04-04T08:14:40+00:00\",\"dateModified\":\"2024-04-19T07:30:56+00:00\",\"description\":\"POM-C regener\u00e1lt lemezek \u00e9s rudak POM-C regener\u00e1lt lemezeink \u00e9s r\u00fadjaink 100 %-ban \u00fajrahasznos\u00edtott POM-C-b\u0151l k\u00e9sz\u00fclnek. Ennek a m\u0171szaki m\u0171anyagnak a folyamatos \u00fczemi h\u0151m\u00e9rs\u00e9klete -40 \u00b0C \u00e9s +100 \u00b0C k\u00f6z\u00f6tt van. Sz\u00edv\u00f3ss\u00e1g\u00e1nak \u00e9s nagyfok\u00fa m\u00e9retstabilit\u00e1s\u00e1nak k\u00f6sz\u00f6nhet\u0151en \u00e1ltal\u00e1ban nem hajlamos a fesz\u00fclts\u00e9g okozta reped\u00e9sre.\",\"breadcrumb\":{\"@id\":\"https:\\\/\\\/www.akuplastics.com\\\/hu\\\/felkesz-termekek-lemezek-tomor-rudak-ureges-rudak-profilok-csovek-hegesztesi-rudak\\\/pom-c-ujrahasznositott-anyag-tipusonkent-ujrahasznositva-ugyanolyan-fenntarthato-mint-a-szilard-rudak-lemezek\\\/#breadcrumb\"},\"inLanguage\":\"hu\",\"potentialAction\":[{\"@type\":\"ReadAction\",\"target\":[\"https:\\\/\\\/www.akuplastics.com\\\/hu\\\/felkesz-termekek-lemezek-tomor-rudak-ureges-rudak-profilok-csovek-hegesztesi-rudak\\\/pom-c-ujrahasznositott-anyag-tipusonkent-ujrahasznositva-ugyanolyan-fenntarthato-mint-a-szilard-rudak-lemezek\\\/\"]}]},{\"@type\":\"ImageObject\",\"inLanguage\":\"hu\",\"@id\":\"https:\\\/\\\/www.akuplastics.com\\\/hu\\\/felkesz-termekek-lemezek-tomor-rudak-ureges-rudak-profilok-csovek-hegesztesi-rudak\\\/pom-c-ujrahasznositott-anyag-tipusonkent-ujrahasznositva-ugyanolyan-fenntarthato-mint-a-szilard-rudak-lemezek\\\/#primaryimage\",\"url\":\"https:\\\/\\\/www.akuplastics.com\\\/wp-content\\\/uploads\\\/2024\\\/02\\\/GEHR-POM-300x300.webp\",\"contentUrl\":\"https:\\\/\\\/www.akuplastics.com\\\/wp-content\\\/uploads\\\/2024\\\/02\\\/GEHR-POM-300x300.webp\"},{\"@type\":\"BreadcrumbList\",\"@id\":\"https:\\\/\\\/www.akuplastics.com\\\/hu\\\/felkesz-termekek-lemezek-tomor-rudak-ureges-rudak-profilok-csovek-hegesztesi-rudak\\\/pom-c-ujrahasznositott-anyag-tipusonkent-ujrahasznositva-ugyanolyan-fenntarthato-mint-a-szilard-rudak-lemezek\\\/#breadcrumb\",\"itemListElement\":[{\"@type\":\"ListItem\",\"position\":1,\"name\":\"Kezd\u0151lap\",\"item\":\"https:\\\/\\\/www.akuplastics.com\\\/hu\\\/\"},{\"@type\":\"ListItem\",\"position\":2,\"name\":\"F\u00e9lk\u00e9sz term\u00e9kek\",\"item\":\"https:\\\/\\\/www.akuplastics.com\\\/hu\\\/felkesz-termekek-lemezek-tomor-rudak-ureges-rudak-profilok-csovek-hegesztesi-rudak\\\/\"},{\"@type\":\"ListItem\",\"position\":3,\"name\":\"POM-C R Regener\u00e1tum\"}]},{\"@type\":\"WebSite\",\"@id\":\"https:\\\/\\\/www.akuplastics.com\\\/hu\\\/#website\",\"url\":\"https:\\\/\\\/www.akuplastics.com\\\/hu\\\/\",\"name\":\"Semi-Finished Products \u2013 Finished Parts \u2013 Ventilation Moulded Parts \u2013 Machines\",\"description\":\"Halbzeuge, Halbfabrikate, Kunststoffhalbzeuge, Kunststoffhalbfabrikate\",\"publisher\":{\"@id\":\"https:\\\/\\\/www.akuplastics.com\\\/hu\\\/#organization\"},\"alternateName\":\"AKUPLASTICS \u2013 Engineering in Plastics\",\"potentialAction\":[{\"@type\":\"SearchAction\",\"target\":{\"@type\":\"EntryPoint\",\"urlTemplate\":\"https:\\\/\\\/www.akuplastics.com\\\/hu\\\/?s={search_term_string}\"},\"query-input\":{\"@type\":\"PropertyValueSpecification\",\"valueRequired\":true,\"valueName\":\"search_term_string\"}}],\"inLanguage\":\"hu\"},{\"@type\":\"Organization\",\"@id\":\"https:\\\/\\\/www.akuplastics.com\\\/hu\\\/#organization\",\"name\":\"Ing. Christian Ahlborn e.U.\",\"alternateName\":\"AKU\",\"url\":\"https:\\\/\\\/www.akuplastics.com\\\/hu\\\/\",\"logo\":{\"@type\":\"ImageObject\",\"inLanguage\":\"hu\",\"@id\":\"https:\\\/\\\/www.akuplastics.com\\\/hu\\\/#\\\/schema\\\/logo\\\/image\\\/\",\"url\":\"https:\\\/\\\/www.akuplastics.com\\\/wp-content\\\/uploads\\\/2020\\\/07\\\/Grafik14-inkl-r.png\",\"contentUrl\":\"https:\\\/\\\/www.akuplastics.com\\\/wp-content\\\/uploads\\\/2020\\\/07\\\/Grafik14-inkl-r.png\",\"width\":1994,\"height\":743,\"caption\":\"Ing. Christian Ahlborn e.U.\"},\"image\":{\"@id\":\"https:\\\/\\\/www.akuplastics.com\\\/hu\\\/#\\\/schema\\\/logo\\\/image\\\/\"}}]}<\/script>\n<!-- \/ Yoast SEO Premium plugin. -->","yoast_head_json":{"title":"POM-C visszanyert, \u00fajrahasznos\u00edtott, egy eredet\u0171, egyen\u00e9rt\u00e9k\u0171, k\u00f6rk\u00f6r\u00f6s gazdas\u00e1g\u00fa, fenntarthat\u00f3, szil\u00e1rd rudakb\u00f3l k\u00e9sz\u00fclt lapok","description":"POM-C regener\u00e1lt lemezek \u00e9s rudak POM-C regener\u00e1lt lemezeink \u00e9s r\u00fadjaink 100 %-ban \u00fajrahasznos\u00edtott POM-C-b\u0151l k\u00e9sz\u00fclnek. Ennek a m\u0171szaki m\u0171anyagnak a folyamatos \u00fczemi h\u0151m\u00e9rs\u00e9klete -40 \u00b0C \u00e9s +100 \u00b0C k\u00f6z\u00f6tt van. Sz\u00edv\u00f3ss\u00e1g\u00e1nak \u00e9s nagyfok\u00fa m\u00e9retstabilit\u00e1s\u00e1nak k\u00f6sz\u00f6nhet\u0151en \u00e1ltal\u00e1ban nem hajlamos a fesz\u00fclts\u00e9g okozta reped\u00e9sre.","robots":{"index":"index","follow":"follow","max-snippet":"max-snippet:-1","max-image-preview":"max-image-preview:large","max-video-preview":"max-video-preview:-1"},"canonical":"https:\/\/www.akuplastics.com\/hu\/felkesz-termekek-lemezek-tomor-rudak-ureges-rudak-profilok-csovek-hegesztesi-rudak\/pom-c-ujrahasznositott-anyag-tipusonkent-ujrahasznositva-ugyanolyan-fenntarthato-mint-a-szilard-rudak-lemezek\/","schema":{"@context":"https:\/\/schema.org","@graph":[{"@type":"WebPage","@id":"https:\/\/www.akuplastics.com\/hu\/felkesz-termekek-lemezek-tomor-rudak-ureges-rudak-profilok-csovek-hegesztesi-rudak\/pom-c-ujrahasznositott-anyag-tipusonkent-ujrahasznositva-ugyanolyan-fenntarthato-mint-a-szilard-rudak-lemezek\/","url":"https:\/\/www.akuplastics.com\/hu\/felkesz-termekek-lemezek-tomor-rudak-ureges-rudak-profilok-csovek-hegesztesi-rudak\/pom-c-ujrahasznositott-anyag-tipusonkent-ujrahasznositva-ugyanolyan-fenntarthato-mint-a-szilard-rudak-lemezek\/","name":"POM-C visszanyert, \u00fajrahasznos\u00edtott, egy eredet\u0171, egyen\u00e9rt\u00e9k\u0171, k\u00f6rk\u00f6r\u00f6s gazdas\u00e1g\u00fa, fenntarthat\u00f3, szil\u00e1rd rudakb\u00f3l k\u00e9sz\u00fclt lapok","isPartOf":{"@id":"https:\/\/www.akuplastics.com\/hu\/#website"},"primaryImageOfPage":{"@id":"https:\/\/www.akuplastics.com\/hu\/felkesz-termekek-lemezek-tomor-rudak-ureges-rudak-profilok-csovek-hegesztesi-rudak\/pom-c-ujrahasznositott-anyag-tipusonkent-ujrahasznositva-ugyanolyan-fenntarthato-mint-a-szilard-rudak-lemezek\/#primaryimage"},"image":{"@id":"https:\/\/www.akuplastics.com\/hu\/felkesz-termekek-lemezek-tomor-rudak-ureges-rudak-profilok-csovek-hegesztesi-rudak\/pom-c-ujrahasznositott-anyag-tipusonkent-ujrahasznositva-ugyanolyan-fenntarthato-mint-a-szilard-rudak-lemezek\/#primaryimage"},"thumbnailUrl":"https:\/\/www.akuplastics.com\/wp-content\/uploads\/2024\/02\/GEHR-POM-300x300.webp","datePublished":"2024-04-04T08:14:40+00:00","dateModified":"2024-04-19T07:30:56+00:00","description":"POM-C regener\u00e1lt lemezek \u00e9s rudak POM-C regener\u00e1lt lemezeink \u00e9s r\u00fadjaink 100 %-ban \u00fajrahasznos\u00edtott POM-C-b\u0151l k\u00e9sz\u00fclnek. Ennek a m\u0171szaki m\u0171anyagnak a folyamatos \u00fczemi h\u0151m\u00e9rs\u00e9klete -40 \u00b0C \u00e9s +100 \u00b0C k\u00f6z\u00f6tt van. Sz\u00edv\u00f3ss\u00e1g\u00e1nak \u00e9s nagyfok\u00fa m\u00e9retstabilit\u00e1s\u00e1nak k\u00f6sz\u00f6nhet\u0151en \u00e1ltal\u00e1ban nem hajlamos a fesz\u00fclts\u00e9g okozta reped\u00e9sre.","breadcrumb":{"@id":"https:\/\/www.akuplastics.com\/hu\/felkesz-termekek-lemezek-tomor-rudak-ureges-rudak-profilok-csovek-hegesztesi-rudak\/pom-c-ujrahasznositott-anyag-tipusonkent-ujrahasznositva-ugyanolyan-fenntarthato-mint-a-szilard-rudak-lemezek\/#breadcrumb"},"inLanguage":"hu","potentialAction":[{"@type":"ReadAction","target":["https:\/\/www.akuplastics.com\/hu\/felkesz-termekek-lemezek-tomor-rudak-ureges-rudak-profilok-csovek-hegesztesi-rudak\/pom-c-ujrahasznositott-anyag-tipusonkent-ujrahasznositva-ugyanolyan-fenntarthato-mint-a-szilard-rudak-lemezek\/"]}]},{"@type":"ImageObject","inLanguage":"hu","@id":"https:\/\/www.akuplastics.com\/hu\/felkesz-termekek-lemezek-tomor-rudak-ureges-rudak-profilok-csovek-hegesztesi-rudak\/pom-c-ujrahasznositott-anyag-tipusonkent-ujrahasznositva-ugyanolyan-fenntarthato-mint-a-szilard-rudak-lemezek\/#primaryimage","url":"https:\/\/www.akuplastics.com\/wp-content\/uploads\/2024\/02\/GEHR-POM-300x300.webp","contentUrl":"https:\/\/www.akuplastics.com\/wp-content\/uploads\/2024\/02\/GEHR-POM-300x300.webp"},{"@type":"BreadcrumbList","@id":"https:\/\/www.akuplastics.com\/hu\/felkesz-termekek-lemezek-tomor-rudak-ureges-rudak-profilok-csovek-hegesztesi-rudak\/pom-c-ujrahasznositott-anyag-tipusonkent-ujrahasznositva-ugyanolyan-fenntarthato-mint-a-szilard-rudak-lemezek\/#breadcrumb","itemListElement":[{"@type":"ListItem","position":1,"name":"Kezd\u0151lap","item":"https:\/\/www.akuplastics.com\/hu\/"},{"@type":"ListItem","position":2,"name":"F\u00e9lk\u00e9sz term\u00e9kek","item":"https:\/\/www.akuplastics.com\/hu\/felkesz-termekek-lemezek-tomor-rudak-ureges-rudak-profilok-csovek-hegesztesi-rudak\/"},{"@type":"ListItem","position":3,"name":"POM-C R Regener\u00e1tum"}]},{"@type":"WebSite","@id":"https:\/\/www.akuplastics.com\/hu\/#website","url":"https:\/\/www.akuplastics.com\/hu\/","name":"Semi-Finished Products \u2013 Finished Parts \u2013 Ventilation Moulded Parts \u2013 Machines","description":"Halbzeuge, Halbfabrikate, Kunststoffhalbzeuge, Kunststoffhalbfabrikate","publisher":{"@id":"https:\/\/www.akuplastics.com\/hu\/#organization"},"alternateName":"AKUPLASTICS \u2013 Engineering in Plastics","potentialAction":[{"@type":"SearchAction","target":{"@type":"EntryPoint","urlTemplate":"https:\/\/www.akuplastics.com\/hu\/?s={search_term_string}"},"query-input":{"@type":"PropertyValueSpecification","valueRequired":true,"valueName":"search_term_string"}}],"inLanguage":"hu"},{"@type":"Organization","@id":"https:\/\/www.akuplastics.com\/hu\/#organization","name":"Ing. Christian Ahlborn e.U.","alternateName":"AKU","url":"https:\/\/www.akuplastics.com\/hu\/","logo":{"@type":"ImageObject","inLanguage":"hu","@id":"https:\/\/www.akuplastics.com\/hu\/#\/schema\/logo\/image\/","url":"https:\/\/www.akuplastics.com\/wp-content\/uploads\/2020\/07\/Grafik14-inkl-r.png","contentUrl":"https:\/\/www.akuplastics.com\/wp-content\/uploads\/2020\/07\/Grafik14-inkl-r.png","width":1994,"height":743,"caption":"Ing. Christian Ahlborn e.U."},"image":{"@id":"https:\/\/www.akuplastics.com\/hu\/#\/schema\/logo\/image\/"}}]}},"_links":{"self":[{"href":"https:\/\/www.akuplastics.com\/hu\/wp-json\/wp\/v2\/pages\/20602","targetHints":{"allow":["GET"]}}],"collection":[{"href":"https:\/\/www.akuplastics.com\/hu\/wp-json\/wp\/v2\/pages"}],"about":[{"href":"https:\/\/www.akuplastics.com\/hu\/wp-json\/wp\/v2\/types\/page"}],"author":[{"embeddable":true,"href":"https:\/\/www.akuplastics.com\/hu\/wp-json\/wp\/v2\/users\/3"}],"replies":[{"embeddable":true,"href":"https:\/\/www.akuplastics.com\/hu\/wp-json\/wp\/v2\/comments?post=20602"}],"version-history":[{"count":12,"href":"https:\/\/www.akuplastics.com\/hu\/wp-json\/wp\/v2\/pages\/20602\/revisions"}],"predecessor-version":[{"id":22382,"href":"https:\/\/www.akuplastics.com\/hu\/wp-json\/wp\/v2\/pages\/20602\/revisions\/22382"}],"up":[{"embeddable":true,"href":"https:\/\/www.akuplastics.com\/hu\/wp-json\/wp\/v2\/pages\/9213"}],"wp:attachment":[{"href":"https:\/\/www.akuplastics.com\/hu\/wp-json\/wp\/v2\/media?parent=20602"}],"curies":[{"name":"wp","href":"https:\/\/api.w.org\/{rel}","templated":true}]}}