{"id":8868,"date":"2021-06-20T14:13:38","date_gmt":"2021-06-20T12:13:38","guid":{"rendered":"https:\/\/www.akuplastics.com\/forplast-f\/"},"modified":"2024-02-01T11:14:16","modified_gmt":"2024-02-01T10:14:16","slug":"forplast-f-automatic-welding-machine-for-hot-air-welding-of-floor-coverings","status":"publish","type":"page","link":"https:\/\/www.akuplastics.com\/en\/forplast-f-automatic-welding-machine-for-hot-air-welding-of-floor-coverings\/","title":{"rendered":"Forplast F"},"content":{"rendered":"\t\t<div data-elementor-type=\"wp-page\" data-elementor-id=\"8868\" class=\"elementor elementor-8868 elementor-4374\" data-elementor-post-type=\"page\">\n\t\t\t\t\t\t<section class=\"elementor-section elementor-top-section elementor-element elementor-element-4d60dda elementor-section-boxed elementor-section-height-default elementor-section-height-default\" data-id=\"4d60dda\" data-element_type=\"section\" data-e-type=\"section\">\n\t\t\t\t\t\t<div class=\"elementor-container elementor-column-gap-default\">\n\t\t\t\t\t<div class=\"elementor-column elementor-col-100 elementor-top-column elementor-element elementor-element-3aef583\" data-id=\"3aef583\" data-element_type=\"column\" data-e-type=\"column\">\n\t\t\t<div class=\"elementor-widget-wrap elementor-element-populated\">\n\t\t\t\t\t\t<div class=\"elementor-element elementor-element-9b35d9d elementor-widget elementor-widget-text-editor\" data-id=\"9b35d9d\" data-element_type=\"widget\" data-e-type=\"widget\" data-widget_type=\"text-editor.default\">\n\t\t\t\t<div class=\"elementor-widget-container\">\n\t\t\t\t\t\t\t\t\t<h1>Hot air welding machine for floor coverings<\/h1>\n\t\t\t\t\t\t\t\t<\/div>\n\t\t\t\t<\/div>\n\t\t\t\t<section class=\"elementor-section elementor-inner-section elementor-element elementor-element-cd63f2d elementor-section-boxed elementor-section-height-default elementor-section-height-default\" data-id=\"cd63f2d\" data-element_type=\"section\" data-e-type=\"section\">\n\t\t\t\t\t\t<div class=\"elementor-container elementor-column-gap-default\">\n\t\t\t\t\t<div class=\"elementor-column elementor-col-50 elementor-inner-column elementor-element elementor-element-408abc2\" data-id=\"408abc2\" data-element_type=\"column\" data-e-type=\"column\">\n\t\t\t<div class=\"elementor-widget-wrap elementor-element-populated\">\n\t\t\t\t\t\t<div class=\"elementor-element elementor-element-c26f71e elementor-widget elementor-widget-text-editor\" data-id=\"c26f71e\" data-element_type=\"widget\" data-e-type=\"widget\" data-widget_type=\"text-editor.default\">\n\t\t\t\t<div class=\"elementor-widget-container\">\n\t\t\t\t\t\t\t\t\t<p><span style=\"color: var( --e-global-color-text ); font-family: var( --e-global-typography-text-font-family ), arial; font-size: var( --e-global-typography-text-font-size ); font-weight: var( --e-global-typography-text-font-weight );\">With the <\/span><span style=\"color: var( --e-global-color-text ); font-family: var( --e-global-typography-text-font-family ), arial; font-size: var( --e-global-typography-text-font-size );\"><br \/>\n  <b>automatic welding machine FORPLAST-F <\/b><br \/>\n<\/span><span style=\"color: var( --e-global-color-text ); font-family: var( --e-global-typography-text-font-family ), arial; font-size: var( --e-global-typography-text-font-size ); font-weight: var( --e-global-typography-text-font-weight );\">both <\/span><span style=\"color: var( --e-global-color-text ); font-family: var( --e-global-typography-text-font-family ), arial; font-size: var( --e-global-typography-text-font-size );\"><br \/>\n  <b>PVC<\/b><br \/>\n<\/span><span style=\"color: var( --e-global-color-text ); font-family: var( --e-global-typography-text-font-family ), arial; font-size: var( --e-global-typography-text-font-size ); font-weight: var( --e-global-typography-text-font-weight );\">&#8211;<\/span><b style=\"color: var( --e-global-color-text ); font-family: var( --e-global-typography-text-font-family ), arial; font-size: var( --e-global-typography-text-font-size );\">floor coverings can be welded<\/b><span style=\"color: var( --e-global-color-text ); font-family: var( --e-global-typography-text-font-family ), arial; font-size: var( --e-global-typography-text-font-size ); font-weight: var( --e-global-typography-text-font-weight );\">as well as fusion welding and sealing of linoleum floor coverings.<br \/><\/span><\/p>\n<p>The <b>heating power <\/b>of 4000 W 230 V alternating current is electronically adjustable from 20 to 700\u00b0C.  <br \/>The device also has an <b>infinitely variable speed setting<\/b> from 0 to 19 meters\/min. and can therefore be adapted to the individual material types.<\/p>\n<p>A high-temperature-resistant coating on the pressure roller and wire guide ensures that <b>the welding wire unwinds cleanly<\/b>.  <\/p>\n<p>The universal unwinding device is suitable for all standard wire spools.<\/p>\n<p>The appliance is fully <b>equipped ready for welding<\/b> and also has an <b>automatic wall switch-off<\/b> function.<\/p>\n<p>After the welding head is swiveled in, the machine starts automatically.  <br \/>Safe running is ensured by a <b>three-point support<\/b> of the machine housing.<\/p>\n\t\t\t\t\t\t\t\t<\/div>\n\t\t\t\t<\/div>\n\t\t\t\t<div class=\"elementor-element elementor-element-ddb8ee1 elementor-widget elementor-widget-text-editor\" data-id=\"ddb8ee1\" data-element_type=\"widget\" data-e-type=\"widget\" data-widget_type=\"text-editor.default\">\n\t\t\t\t<div class=\"elementor-widget-container\">\n\t\t\t\t\t\t\t\t\t<div>\n<div>\n<div>\n<div>\n<div data-testid=\"conversation-turn-121\">\n<div>\n<div>\n<div>\n<div>\n<div>\n<div data-message-author-role=\"assistant\" data-message-id=\"b07f2e4e-0f65-439d-88f8-17c859dea8bb\">\n<div>\n<p><b>General information on hot-air welding machines:<br \/><\/b><br \/>A hot air welding machine is an <b>automated welding machine<\/b> that uses hot air welding technology to join different materials together.<\/p>\n<p>These machines are particularly <b>widespread in the plastics processing industry<\/b>, as they offer a <b>precise and efficient method<\/b> of <b>welding plastics<\/b>.<\/p>\n<p><strong>How it works:<\/p>\n<p><\/strong><\/p>\n<ul>\n<li>The hot-air welding machine is based on <b>hot-air welding technology<\/b>, in which a permanent joint is created by heating and melting materials.<\/li>\n<li>A hot air blower generates a <b>controlled air flow<\/b> that is directed through a heating element.<\/li>\n<li>The <b>heated air<\/b> is then directed onto the material to be welded in order to bring it to <b>melting temperature <\/b>.<\/li>\n<li>The <b>materials<\/b> are then <b>pressed together and fused<\/b> to create a solid bond.\n<\/li>\n<\/ul>\n<p><strong>Features of a hot-air welding machine:<\/p>\n<p><\/strong><\/p>\n<ul>\n<li><strong style=\"background-color: transparent; color: var( --e-global-color-text ); font-family: var( --e-global-typography-text-font-family ), arial;\">Temperature control:<\/strong><span style=\"background-color: transparent; color: var( --e-global-color-text ); font-family: var( --e-global-typography-text-font-family ), arial; font-weight: var( --e-global-typography-text-font-weight );\"><br \/>\n  <span style=\"background-color: transparent; color: var( --e-global-color-text ); font-family: var( --e-global-typography-text-font-family ), arial; font-weight: var( --e-global-typography-text-font-weight );\"> <br \/>Modern hot air welding machines have precise temperature controls to ensure the optimum welding temperature for different materials.<\/span><br \/>\n<\/span><\/p>\n<\/li>\n<\/ul>\n<ul>\n<li>\n<p><strong>Air flow control:<\/strong> <br \/>Controlling the air flow is important to ensure that the heated air is directed evenly onto the materials to be welded.<\/p>\n<\/li>\n<li>\n<p><strong>Automation:<\/strong> <br \/>A hot-air welding machine can be partially or fully automated, enabling repeatable and high-precision welding processes.<\/p>\n<\/li>\n<li>\n<p><strong>Pressure control:<\/strong> <br \/>The ability to adjust and control the welding pressure ensures uniform fusion of the materials.<\/p>\n<\/li>\n<li>\n<p><strong>Material adaptation:<\/strong> <br \/>The machine should be able to adapt to different materials and material thicknesses to enable a wide range of applications.<\/p>\n<\/li>\n<li>\n<p><strong>Security features:<\/strong> <br \/>Hot-air welding machines can be equipped with safety functions such as emergency stop switches and overheating protection to ensure safe operation.<\/p>\n<\/li>\n<\/ul>\n<p><strong>Applications of a hot-air welding machine:<\/p>\n<p><\/strong><\/p>\n<ul>\n<li>\n<p><strong>Plastics processing:<\/strong> <br \/>In the plastics industry, hot air welding machines are often used to weld plastic components, whether in the manufacture of containers, pipes, packaging or other plastic products.<\/p>\n<\/li>\n<li>\n<p><strong>textile industry:<\/strong> <br \/>Hot air welding machines are used in the manufacture of textile products, where they can weld lengths of fabric together.<\/p>\n<\/li>\n<li>\n<p><strong>Automotive industry:<\/strong> <br \/>Hot-air welding machines can be used for the production of plastic parts in vehicle construction, such as dashboards or interior trim.<\/p>\n<\/li>\n<li>\n<p><strong>construction industry:<\/strong> <br \/>Hot air welding machines can be used in the production of plastic films, covers or membranes for construction projects.<\/p>\n<\/li>\n<li>\n<p><strong>Medical applications:<\/strong> <br \/>In medical technology, hot-air welding machines are used for the production of medical devices and packaging.<\/p>\n<\/li>\n<\/ul>\n<p>Hot air welding machines offer an <b>efficient and precise method of welding materials<\/b>, especially <b>plastics<\/b>, and are widely used in various industries.<\/p>\n<\/div>\n<\/div>\n<\/div>\n<div>\n<div>\n<div> <\/div>\n<div> <\/div>\n<\/div>\n<\/div>\n<\/div>\n<\/div>\n<\/div>\n<\/div>\n<\/div>\n<\/div>\n<\/div>\n<\/div>\n<\/div>\n<div>\n<form>\n<div>\n<div> <\/div>\n<\/div>\n<\/form>\n<\/div>\n\t\t\t\t\t\t\t\t<\/div>\n\t\t\t\t<\/div>\n\t\t\t\t\t<\/div>\n\t\t<\/div>\n\t\t\t\t<div class=\"elementor-column elementor-col-50 elementor-inner-column elementor-element elementor-element-af91c44\" data-id=\"af91c44\" data-element_type=\"column\" data-e-type=\"column\">\n\t\t\t<div class=\"elementor-widget-wrap elementor-element-populated\">\n\t\t\t\t\t\t<div class=\"elementor-element elementor-element-e5837ab elementor-invisible elementor-widget elementor-widget-image\" data-id=\"e5837ab\" data-element_type=\"widget\" data-e-type=\"widget\" data-settings=\"{&quot;_animation&quot;:&quot;fadeInDown&quot;}\" data-widget_type=\"image.default\">\n\t\t\t\t<div class=\"elementor-widget-container\">\n\t\t\t\t\t\t\t\t\t\t\t\t<figure class=\"wp-caption\">\n\t\t\t\t\t\t\t\t\t\t<img loading=\"lazy\" decoding=\"async\" width=\"240\" height=\"205\" src=\"https:\/\/www.akuplastics.com\/wp-content\/uploads\/2021\/06\/Forplast-F-Fussboden.jpg\" class=\"attachment-medium size-medium wp-image-7966\" alt=\"Forplast-F Hei\u00dfluft Schwei\u00dfautomaten Bodenbelag\" \/>\t\t\t\t\t\t\t\t\t\t\t<figcaption class=\"widget-image-caption wp-caption-text\">Hot air welding machine for floor coverings Forplast-F<\/figcaption>\n\t\t\t\t\t\t\t\t\t\t<\/figure>\n\t\t\t\t\t\t\t\t\t<\/div>\n\t\t\t\t<\/div>\n\t\t\t\t<div class=\"elementor-element elementor-element-50a9eef elementor-invisible elementor-widget elementor-widget-image\" data-id=\"50a9eef\" data-element_type=\"widget\" data-e-type=\"widget\" data-settings=\"{&quot;_animation&quot;:&quot;fadeInUp&quot;}\" data-widget_type=\"image.default\">\n\t\t\t\t<div class=\"elementor-widget-container\">\n\t\t\t\t\t\t\t\t\t\t\t\t<figure class=\"wp-caption\">\n\t\t\t\t\t\t\t\t\t\t<img loading=\"lazy\" decoding=\"async\" width=\"201\" height=\"300\" src=\"https:\/\/www.akuplastics.com\/wp-content\/uploads\/2021\/06\/Forplast-F-Drahteinzug-046-201x300.jpg\" class=\"attachment-medium size-medium wp-image-7963\" alt=\"Hei\u00dfluft Schwei\u00dfautomat f\u00fcr Bodenbel\u00e4ge Forplast-F\" srcset=\"https:\/\/www.akuplastics.com\/wp-content\/uploads\/2021\/06\/Forplast-F-Drahteinzug-046-201x300.jpg 201w, https:\/\/www.akuplastics.com\/wp-content\/uploads\/2021\/06\/Forplast-F-Drahteinzug-046.jpg 622w\" sizes=\"auto, (max-width: 201px) 100vw, 201px\" \/>\t\t\t\t\t\t\t\t\t\t\t<figcaption class=\"widget-image-caption wp-caption-text\">Hot air welding machine for floor coverings Forplast-F wire feeder  <\/figcaption>\n\t\t\t\t\t\t\t\t\t\t<\/figure>\n\t\t\t\t\t\t\t\t\t<\/div>\n\t\t\t\t<\/div>\n\t\t\t\t\t<\/div>\n\t\t<\/div>\n\t\t\t\t\t<\/div>\n\t\t<\/section>\n\t\t\t\t\t<\/div>\n\t\t<\/div>\n\t\t\t\t\t<\/div>\n\t\t<\/section>\n\t\t\t\t<\/div>\n\t\t","protected":false},"excerpt":{"rendered":"<p>Hot air welding machine for floor coverings With the automatic welding machine FORPLAST-F both PVC &#8211;floor coverings can be weldedas well as fusion welding and sealing of linoleum floor coverings. The heating power of 4000 W 230 V alternating current is electronically adjustable from 20 to 700\u00b0C. The device also has an infinitely variable speed [&hellip;]<\/p>\n","protected":false},"author":2,"featured_media":0,"parent":0,"menu_order":0,"comment_status":"closed","ping_status":"closed","template":"","meta":{"iawp_total_views":21,"footnotes":""},"class_list":["post-8868","page","type-page","status-publish","hentry"],"yoast_head":"<!-- This site is optimized with the Yoast SEO Premium plugin v27.4 (Yoast SEO v27.5) - https:\/\/yoast.com\/product\/yoast-seo-premium-wordpress\/ -->\n<title>FORPLAST-F automatic welding machine for hot-air welding of floor coverings<\/title>\n<meta name=\"description\" content=\"The FORPLAST-F automatic welding machine can be used to weld PVC floor coverings as well as for fusion welding and sealing.\" \/>\n<meta name=\"robots\" content=\"index, follow, max-snippet:-1, max-image-preview:large, max-video-preview:-1\" \/>\n<link rel=\"canonical\" href=\"https:\/\/www.akuplastics.com\/en\/forplast-f-automatic-welding-machine-for-hot-air-welding-of-floor-coverings\/\" \/>\n<script type=\"application\/ld+json\" class=\"yoast-schema-graph\">{\"@context\":\"https:\\\/\\\/schema.org\",\"@graph\":[{\"@type\":\"WebPage\",\"@id\":\"https:\\\/\\\/www.akuplastics.com\\\/en\\\/forplast-f-automatic-welding-machine-for-hot-air-welding-of-floor-coverings\\\/\",\"url\":\"https:\\\/\\\/www.akuplastics.com\\\/en\\\/forplast-f-automatic-welding-machine-for-hot-air-welding-of-floor-coverings\\\/\",\"name\":\"FORPLAST-F automatic welding machine for hot-air welding of floor coverings\",\"isPartOf\":{\"@id\":\"https:\\\/\\\/www.akuplastics.com\\\/en\\\/#website\"},\"primaryImageOfPage\":{\"@id\":\"https:\\\/\\\/www.akuplastics.com\\\/en\\\/forplast-f-automatic-welding-machine-for-hot-air-welding-of-floor-coverings\\\/#primaryimage\"},\"image\":{\"@id\":\"https:\\\/\\\/www.akuplastics.com\\\/en\\\/forplast-f-automatic-welding-machine-for-hot-air-welding-of-floor-coverings\\\/#primaryimage\"},\"thumbnailUrl\":\"https:\\\/\\\/www.akuplastics.com\\\/wp-content\\\/uploads\\\/2021\\\/06\\\/Forplast-F-Fussboden.jpg\",\"datePublished\":\"2021-06-20T12:13:38+00:00\",\"dateModified\":\"2024-02-01T10:14:16+00:00\",\"description\":\"The FORPLAST-F automatic welding machine can be used to weld PVC floor coverings as well as for fusion welding and sealing.\",\"breadcrumb\":{\"@id\":\"https:\\\/\\\/www.akuplastics.com\\\/en\\\/forplast-f-automatic-welding-machine-for-hot-air-welding-of-floor-coverings\\\/#breadcrumb\"},\"inLanguage\":\"en-US\",\"potentialAction\":[{\"@type\":\"ReadAction\",\"target\":[\"https:\\\/\\\/www.akuplastics.com\\\/en\\\/forplast-f-automatic-welding-machine-for-hot-air-welding-of-floor-coverings\\\/\"]}]},{\"@type\":\"ImageObject\",\"inLanguage\":\"en-US\",\"@id\":\"https:\\\/\\\/www.akuplastics.com\\\/en\\\/forplast-f-automatic-welding-machine-for-hot-air-welding-of-floor-coverings\\\/#primaryimage\",\"url\":\"https:\\\/\\\/www.akuplastics.com\\\/wp-content\\\/uploads\\\/2021\\\/06\\\/Forplast-F-Fussboden.jpg\",\"contentUrl\":\"https:\\\/\\\/www.akuplastics.com\\\/wp-content\\\/uploads\\\/2021\\\/06\\\/Forplast-F-Fussboden.jpg\"},{\"@type\":\"BreadcrumbList\",\"@id\":\"https:\\\/\\\/www.akuplastics.com\\\/en\\\/forplast-f-automatic-welding-machine-for-hot-air-welding-of-floor-coverings\\\/#breadcrumb\",\"itemListElement\":[{\"@type\":\"ListItem\",\"position\":1,\"name\":\"Homepage\",\"item\":\"https:\\\/\\\/www.akuplastics.com\\\/en\\\/\"},{\"@type\":\"ListItem\",\"position\":2,\"name\":\"Forplast F\"}]},{\"@type\":\"WebSite\",\"@id\":\"https:\\\/\\\/www.akuplastics.com\\\/en\\\/#website\",\"url\":\"https:\\\/\\\/www.akuplastics.com\\\/en\\\/\",\"name\":\"Semi-Finished Products \u2013 Finished Parts \u2013 Ventilation Moulded Parts \u2013 Machines\",\"description\":\"Halbzeuge, Halbfabrikate, Kunststoffhalbzeuge, Kunststoffhalbfabrikate\",\"publisher\":{\"@id\":\"https:\\\/\\\/www.akuplastics.com\\\/en\\\/#organization\"},\"alternateName\":\"AKUPLASTICS \u2013 Engineering in Plastics\",\"potentialAction\":[{\"@type\":\"SearchAction\",\"target\":{\"@type\":\"EntryPoint\",\"urlTemplate\":\"https:\\\/\\\/www.akuplastics.com\\\/en\\\/?s={search_term_string}\"},\"query-input\":{\"@type\":\"PropertyValueSpecification\",\"valueRequired\":true,\"valueName\":\"search_term_string\"}}],\"inLanguage\":\"en-US\"},{\"@type\":\"Organization\",\"@id\":\"https:\\\/\\\/www.akuplastics.com\\\/en\\\/#organization\",\"name\":\"Ing. Christian Ahlborn e.U.\",\"alternateName\":\"AKU\",\"url\":\"https:\\\/\\\/www.akuplastics.com\\\/en\\\/\",\"logo\":{\"@type\":\"ImageObject\",\"inLanguage\":\"en-US\",\"@id\":\"https:\\\/\\\/www.akuplastics.com\\\/en\\\/#\\\/schema\\\/logo\\\/image\\\/\",\"url\":\"https:\\\/\\\/www.akuplastics.com\\\/wp-content\\\/uploads\\\/2020\\\/07\\\/Grafik14-inkl-r.png\",\"contentUrl\":\"https:\\\/\\\/www.akuplastics.com\\\/wp-content\\\/uploads\\\/2020\\\/07\\\/Grafik14-inkl-r.png\",\"width\":1994,\"height\":743,\"caption\":\"Ing. Christian Ahlborn e.U.\"},\"image\":{\"@id\":\"https:\\\/\\\/www.akuplastics.com\\\/en\\\/#\\\/schema\\\/logo\\\/image\\\/\"}}]}<\/script>\n<!-- \/ Yoast SEO Premium plugin. -->","yoast_head_json":{"title":"FORPLAST-F automatic welding machine for hot-air welding of floor coverings","description":"The FORPLAST-F automatic welding machine can be used to weld PVC floor coverings as well as for fusion welding and sealing.","robots":{"index":"index","follow":"follow","max-snippet":"max-snippet:-1","max-image-preview":"max-image-preview:large","max-video-preview":"max-video-preview:-1"},"canonical":"https:\/\/www.akuplastics.com\/en\/forplast-f-automatic-welding-machine-for-hot-air-welding-of-floor-coverings\/","schema":{"@context":"https:\/\/schema.org","@graph":[{"@type":"WebPage","@id":"https:\/\/www.akuplastics.com\/en\/forplast-f-automatic-welding-machine-for-hot-air-welding-of-floor-coverings\/","url":"https:\/\/www.akuplastics.com\/en\/forplast-f-automatic-welding-machine-for-hot-air-welding-of-floor-coverings\/","name":"FORPLAST-F automatic welding machine for hot-air welding of floor coverings","isPartOf":{"@id":"https:\/\/www.akuplastics.com\/en\/#website"},"primaryImageOfPage":{"@id":"https:\/\/www.akuplastics.com\/en\/forplast-f-automatic-welding-machine-for-hot-air-welding-of-floor-coverings\/#primaryimage"},"image":{"@id":"https:\/\/www.akuplastics.com\/en\/forplast-f-automatic-welding-machine-for-hot-air-welding-of-floor-coverings\/#primaryimage"},"thumbnailUrl":"https:\/\/www.akuplastics.com\/wp-content\/uploads\/2021\/06\/Forplast-F-Fussboden.jpg","datePublished":"2021-06-20T12:13:38+00:00","dateModified":"2024-02-01T10:14:16+00:00","description":"The FORPLAST-F automatic welding machine can be used to weld PVC floor coverings as well as for fusion welding and sealing.","breadcrumb":{"@id":"https:\/\/www.akuplastics.com\/en\/forplast-f-automatic-welding-machine-for-hot-air-welding-of-floor-coverings\/#breadcrumb"},"inLanguage":"en-US","potentialAction":[{"@type":"ReadAction","target":["https:\/\/www.akuplastics.com\/en\/forplast-f-automatic-welding-machine-for-hot-air-welding-of-floor-coverings\/"]}]},{"@type":"ImageObject","inLanguage":"en-US","@id":"https:\/\/www.akuplastics.com\/en\/forplast-f-automatic-welding-machine-for-hot-air-welding-of-floor-coverings\/#primaryimage","url":"https:\/\/www.akuplastics.com\/wp-content\/uploads\/2021\/06\/Forplast-F-Fussboden.jpg","contentUrl":"https:\/\/www.akuplastics.com\/wp-content\/uploads\/2021\/06\/Forplast-F-Fussboden.jpg"},{"@type":"BreadcrumbList","@id":"https:\/\/www.akuplastics.com\/en\/forplast-f-automatic-welding-machine-for-hot-air-welding-of-floor-coverings\/#breadcrumb","itemListElement":[{"@type":"ListItem","position":1,"name":"Homepage","item":"https:\/\/www.akuplastics.com\/en\/"},{"@type":"ListItem","position":2,"name":"Forplast F"}]},{"@type":"WebSite","@id":"https:\/\/www.akuplastics.com\/en\/#website","url":"https:\/\/www.akuplastics.com\/en\/","name":"Semi-Finished Products \u2013 Finished Parts \u2013 Ventilation Moulded Parts \u2013 Machines","description":"Halbzeuge, Halbfabrikate, Kunststoffhalbzeuge, Kunststoffhalbfabrikate","publisher":{"@id":"https:\/\/www.akuplastics.com\/en\/#organization"},"alternateName":"AKUPLASTICS \u2013 Engineering in Plastics","potentialAction":[{"@type":"SearchAction","target":{"@type":"EntryPoint","urlTemplate":"https:\/\/www.akuplastics.com\/en\/?s={search_term_string}"},"query-input":{"@type":"PropertyValueSpecification","valueRequired":true,"valueName":"search_term_string"}}],"inLanguage":"en-US"},{"@type":"Organization","@id":"https:\/\/www.akuplastics.com\/en\/#organization","name":"Ing. Christian Ahlborn e.U.","alternateName":"AKU","url":"https:\/\/www.akuplastics.com\/en\/","logo":{"@type":"ImageObject","inLanguage":"en-US","@id":"https:\/\/www.akuplastics.com\/en\/#\/schema\/logo\/image\/","url":"https:\/\/www.akuplastics.com\/wp-content\/uploads\/2020\/07\/Grafik14-inkl-r.png","contentUrl":"https:\/\/www.akuplastics.com\/wp-content\/uploads\/2020\/07\/Grafik14-inkl-r.png","width":1994,"height":743,"caption":"Ing. Christian Ahlborn e.U."},"image":{"@id":"https:\/\/www.akuplastics.com\/en\/#\/schema\/logo\/image\/"}}]}},"_links":{"self":[{"href":"https:\/\/www.akuplastics.com\/en\/wp-json\/wp\/v2\/pages\/8868","targetHints":{"allow":["GET"]}}],"collection":[{"href":"https:\/\/www.akuplastics.com\/en\/wp-json\/wp\/v2\/pages"}],"about":[{"href":"https:\/\/www.akuplastics.com\/en\/wp-json\/wp\/v2\/types\/page"}],"author":[{"embeddable":true,"href":"https:\/\/www.akuplastics.com\/en\/wp-json\/wp\/v2\/users\/2"}],"replies":[{"embeddable":true,"href":"https:\/\/www.akuplastics.com\/en\/wp-json\/wp\/v2\/comments?post=8868"}],"version-history":[{"count":10,"href":"https:\/\/www.akuplastics.com\/en\/wp-json\/wp\/v2\/pages\/8868\/revisions"}],"predecessor-version":[{"id":15821,"href":"https:\/\/www.akuplastics.com\/en\/wp-json\/wp\/v2\/pages\/8868\/revisions\/15821"}],"wp:attachment":[{"href":"https:\/\/www.akuplastics.com\/en\/wp-json\/wp\/v2\/media?parent=8868"}],"curies":[{"name":"wp","href":"https:\/\/api.w.org\/{rel}","templated":true}]}}