{"id":8867,"date":"2021-06-20T13:15:21","date_gmt":"2021-06-20T11:15:21","guid":{"rendered":"https:\/\/www.akuplastics.com\/quick-s-elektronic\/"},"modified":"2024-02-05T08:34:34","modified_gmt":"2024-02-05T07:34:34","slug":"hot-air-welder-professional-fatigue-free-welding","status":"publish","type":"page","link":"https:\/\/www.akuplastics.com\/en\/hot-air-welder-professional-fatigue-free-welding\/","title":{"rendered":"Quick-S Elektronic"},"content":{"rendered":"\t\t<div data-elementor-type=\"wp-page\" data-elementor-id=\"8867\" class=\"elementor elementor-8867 elementor-4324\" data-elementor-post-type=\"page\">\n\t\t\t\t\t\t<section class=\"elementor-section elementor-top-section elementor-element elementor-element-b6f191f elementor-section-boxed elementor-section-height-default elementor-section-height-default\" data-id=\"b6f191f\" data-element_type=\"section\" data-e-type=\"section\">\n\t\t\t\t\t\t<div class=\"elementor-container elementor-column-gap-default\">\n\t\t\t\t\t<div class=\"elementor-column elementor-col-100 elementor-top-column elementor-element elementor-element-2109bfd\" data-id=\"2109bfd\" data-element_type=\"column\" data-e-type=\"column\">\n\t\t\t<div class=\"elementor-widget-wrap elementor-element-populated\">\n\t\t\t\t\t\t<div class=\"elementor-element elementor-element-5a31dc9 elementor-widget elementor-widget-text-editor\" data-id=\"5a31dc9\" data-element_type=\"widget\" data-e-type=\"widget\" data-widget_type=\"text-editor.default\">\n\t\t\t\t<div class=\"elementor-widget-container\">\n\t\t\t\t\t\t\t\t\t<h1>Hot air welder&nbsp;<\/h1>\n\t\t\t\t\t\t\t\t<\/div>\n\t\t\t\t<\/div>\n\t\t\t\t<section class=\"elementor-section elementor-inner-section elementor-element elementor-element-5386378 elementor-section-boxed elementor-section-height-default elementor-section-height-default\" data-id=\"5386378\" data-element_type=\"section\" data-e-type=\"section\">\n\t\t\t\t\t\t<div class=\"elementor-container elementor-column-gap-default\">\n\t\t\t\t\t<div class=\"elementor-column elementor-col-50 elementor-inner-column elementor-element elementor-element-3819d49\" data-id=\"3819d49\" data-element_type=\"column\" data-e-type=\"column\">\n\t\t\t<div class=\"elementor-widget-wrap elementor-element-populated\">\n\t\t\t\t\t\t<div class=\"elementor-element elementor-element-b64a1c7 elementor-widget elementor-widget-text-editor\" data-id=\"b64a1c7\" data-element_type=\"widget\" data-e-type=\"widget\" data-widget_type=\"text-editor.default\">\n\t\t\t\t<div class=\"elementor-widget-container\">\n\t\t\t\t\t\t\t\t\t<p>The <b>Quick-S-Electronic hot-air welder<\/b> is characterized by its unique ergonomic handle.  <\/p>\n<p>Thanks to this <b>ergonomic design <\/b>and its <b>low weight<\/b>, the device enables professional and fatigue-free welding.<\/p>\n<p>The appliance has a heating capacity of 1500 watts 230 V and constant and absolutely reliable electronic control for temperatures up to 700 \u00b0C.<\/p>\n<p>The appliance is also <b>easy to service <\/b>thanks to a new generation of motors with a significantly longer carbon life of more than 1,500 hours.  <br \/>The <b>collector brushes<\/b> are also equipped with a switch-off device that prevents damage to the motor once the carbon brushes have been used up.  <br \/>The <b>collector carbons can be changed several times<\/b>.  <br \/>The charcoal can be changed easily from the outside without opening the appliance.  <\/p>\n<p>The <b>air-cooled heating element tube<\/b> is suitable for numerous different nozzle shapes.<\/p>\n<ul>\n<li>The universal device for welding all thermoplastics.<\/li>\n<li>Welding of technical textiles, tarpaulin fabrics, pond liners, roof liners and films for swimming pool construction.<\/li>\n<li>For repairing car tarpaulins and tents, welding PVC floor coverings and linoleum<\/li>\n<li>For processing all thermoplastic hard materials in plastics and container construction<\/li>\n<li>Shrinking of packaging films and molded parts<\/li>\n<li>Cutting and fusing synthetic threads and fabrics<\/li>\n<li>Sterilization of packaging materials<\/li>\n<li>Removal of plastic press burrs and polishing of plastic surfaces<\/li>\n<li>For use in electromechanical work<\/li>\n<li>Shrinking of shrink tubes, packaging films<\/li>\n<li>Heating for forming thermoplastic semi-finished products<\/li>\n<\/ul>\n\t\t\t\t\t\t\t\t<\/div>\n\t\t\t\t<\/div>\n\t\t\t\t\t<\/div>\n\t\t<\/div>\n\t\t\t\t<div class=\"elementor-column elementor-col-50 elementor-inner-column elementor-element elementor-element-2b1eac8\" data-id=\"2b1eac8\" data-element_type=\"column\" data-e-type=\"column\">\n\t\t\t<div class=\"elementor-widget-wrap elementor-element-populated\">\n\t\t\t\t\t\t<div class=\"elementor-element elementor-element-10d980c elementor-invisible elementor-widget elementor-widget-image\" data-id=\"10d980c\" data-element_type=\"widget\" data-e-type=\"widget\" data-settings=\"{&quot;_animation&quot;:&quot;fadeInDown&quot;}\" data-widget_type=\"image.default\">\n\t\t\t\t<div class=\"elementor-widget-container\">\n\t\t\t\t\t\t\t\t\t\t\t\t<figure class=\"wp-caption\">\n\t\t\t\t\t\t\t\t\t\t<img loading=\"lazy\" decoding=\"async\" width=\"300\" height=\"214\" src=\"https:\/\/www.akuplastics.com\/wp-content\/uploads\/2020\/07\/Quick-S-E-2-300x214.jpg\" class=\"attachment-medium size-medium wp-image-7746\" alt=\"Hei\u00dfluft Schwei\u00dfger\u00e4t Quick-S-Electronic\" srcset=\"https:\/\/www.akuplastics.com\/wp-content\/uploads\/2020\/07\/Quick-S-E-2-300x214.jpg 300w, https:\/\/www.akuplastics.com\/wp-content\/uploads\/2020\/07\/Quick-S-E-2-1024x730.jpg 1024w, https:\/\/www.akuplastics.com\/wp-content\/uploads\/2020\/07\/Quick-S-E-2-768x547.jpg 768w, https:\/\/www.akuplastics.com\/wp-content\/uploads\/2020\/07\/Quick-S-E-2-1536x1095.jpg 1536w, https:\/\/www.akuplastics.com\/wp-content\/uploads\/2020\/07\/Quick-S-E-2-2048x1460.jpg 2048w, https:\/\/www.akuplastics.com\/wp-content\/uploads\/2020\/07\/Quick-S-E-2-1200x855.jpg 1200w, https:\/\/www.akuplastics.com\/wp-content\/uploads\/2020\/07\/Quick-S-E-2-1980x1411.jpg 1980w\" sizes=\"auto, (max-width: 300px) 100vw, 300px\" \/>\t\t\t\t\t\t\t\t\t\t\t<figcaption class=\"widget-image-caption wp-caption-text\">Quick-S-Electronic hot air welder<\/figcaption>\n\t\t\t\t\t\t\t\t\t\t<\/figure>\n\t\t\t\t\t\t\t\t\t<\/div>\n\t\t\t\t<\/div>\n\t\t\t\t\t<\/div>\n\t\t<\/div>\n\t\t\t\t\t<\/div>\n\t\t<\/section>\n\t\t\t\t\t<\/div>\n\t\t<\/div>\n\t\t\t\t\t<\/div>\n\t\t<\/section>\n\t\t\t\t<\/div>\n\t\t","protected":false},"excerpt":{"rendered":"<p>Hot air welder&nbsp; The Quick-S-Electronic hot-air welder is characterized by its unique ergonomic handle. Thanks to this ergonomic design and its low weight, the device enables professional and fatigue-free welding. The appliance has a heating capacity of 1500 watts 230 V and constant and absolutely reliable electronic control for temperatures up to 700 \u00b0C. The [&hellip;]<\/p>\n","protected":false},"author":2,"featured_media":0,"parent":0,"menu_order":0,"comment_status":"closed","ping_status":"closed","template":"elementor_header_footer","meta":{"iawp_total_views":13,"footnotes":""},"class_list":["post-8867","page","type-page","status-publish","hentry"],"yoast_head":"<!-- This site is optimized with the Yoast SEO Premium plugin v27.4 (Yoast SEO v27.5) - https:\/\/yoast.com\/product\/yoast-seo-premium-wordpress\/ -->\n<title>Hot air plastic welding Foil plastic processing<\/title>\n<meta name=\"description\" content=\"The Quick-S-Electronic hot-air welder is characterized by its unique ergonomic handle. AKUPLASTICS: Your reliable partner for semi-finished and finished parts, from PVC to PTFE. Our range includes sheets, rods, tubes, welding machines and more. With many years of experience, we offer high-quality solutions for various industries. Contact us for customized requirements.\" \/>\n<meta name=\"robots\" content=\"index, follow, max-snippet:-1, max-image-preview:large, max-video-preview:-1\" \/>\n<link rel=\"canonical\" href=\"https:\/\/www.akuplastics.com\/en\/hot-air-welder-professional-fatigue-free-welding\/\" \/>\n<script type=\"application\/ld+json\" class=\"yoast-schema-graph\">{\"@context\":\"https:\\\/\\\/schema.org\",\"@graph\":[{\"@type\":\"WebPage\",\"@id\":\"https:\\\/\\\/www.akuplastics.com\\\/en\\\/hot-air-welder-professional-fatigue-free-welding\\\/\",\"url\":\"https:\\\/\\\/www.akuplastics.com\\\/en\\\/hot-air-welder-professional-fatigue-free-welding\\\/\",\"name\":\"Hot air plastic welding Foil plastic processing\",\"isPartOf\":{\"@id\":\"https:\\\/\\\/www.akuplastics.com\\\/en\\\/#website\"},\"primaryImageOfPage\":{\"@id\":\"https:\\\/\\\/www.akuplastics.com\\\/en\\\/hot-air-welder-professional-fatigue-free-welding\\\/#primaryimage\"},\"image\":{\"@id\":\"https:\\\/\\\/www.akuplastics.com\\\/en\\\/hot-air-welder-professional-fatigue-free-welding\\\/#primaryimage\"},\"thumbnailUrl\":\"https:\\\/\\\/www.akuplastics.com\\\/wp-content\\\/uploads\\\/2020\\\/07\\\/Quick-S-E-2-300x214.jpg\",\"datePublished\":\"2021-06-20T11:15:21+00:00\",\"dateModified\":\"2024-02-05T07:34:34+00:00\",\"description\":\"The Quick-S-Electronic hot-air welder is characterized by its unique ergonomic handle. AKUPLASTICS: Your reliable partner for semi-finished and finished parts, from PVC to PTFE. Our range includes sheets, rods, tubes, welding machines and more. With many years of experience, we offer high-quality solutions for various industries. Contact us for customized requirements.\",\"breadcrumb\":{\"@id\":\"https:\\\/\\\/www.akuplastics.com\\\/en\\\/hot-air-welder-professional-fatigue-free-welding\\\/#breadcrumb\"},\"inLanguage\":\"en-US\",\"potentialAction\":[{\"@type\":\"ReadAction\",\"target\":[\"https:\\\/\\\/www.akuplastics.com\\\/en\\\/hot-air-welder-professional-fatigue-free-welding\\\/\"]}]},{\"@type\":\"ImageObject\",\"inLanguage\":\"en-US\",\"@id\":\"https:\\\/\\\/www.akuplastics.com\\\/en\\\/hot-air-welder-professional-fatigue-free-welding\\\/#primaryimage\",\"url\":\"https:\\\/\\\/www.akuplastics.com\\\/wp-content\\\/uploads\\\/2020\\\/07\\\/Quick-S-E-2-300x214.jpg\",\"contentUrl\":\"https:\\\/\\\/www.akuplastics.com\\\/wp-content\\\/uploads\\\/2020\\\/07\\\/Quick-S-E-2-300x214.jpg\"},{\"@type\":\"BreadcrumbList\",\"@id\":\"https:\\\/\\\/www.akuplastics.com\\\/en\\\/hot-air-welder-professional-fatigue-free-welding\\\/#breadcrumb\",\"itemListElement\":[{\"@type\":\"ListItem\",\"position\":1,\"name\":\"Homepage\",\"item\":\"https:\\\/\\\/www.akuplastics.com\\\/en\\\/\"},{\"@type\":\"ListItem\",\"position\":2,\"name\":\"Quick-S Elektronic\"}]},{\"@type\":\"WebSite\",\"@id\":\"https:\\\/\\\/www.akuplastics.com\\\/en\\\/#website\",\"url\":\"https:\\\/\\\/www.akuplastics.com\\\/en\\\/\",\"name\":\"Semi-Finished Products \u2013 Finished Parts \u2013 Ventilation Moulded Parts \u2013 Machines\",\"description\":\"Halbzeuge, Halbfabrikate, Kunststoffhalbzeuge, Kunststoffhalbfabrikate\",\"publisher\":{\"@id\":\"https:\\\/\\\/www.akuplastics.com\\\/en\\\/#organization\"},\"alternateName\":\"AKUPLASTICS \u2013 Engineering in Plastics\",\"potentialAction\":[{\"@type\":\"SearchAction\",\"target\":{\"@type\":\"EntryPoint\",\"urlTemplate\":\"https:\\\/\\\/www.akuplastics.com\\\/en\\\/?s={search_term_string}\"},\"query-input\":{\"@type\":\"PropertyValueSpecification\",\"valueRequired\":true,\"valueName\":\"search_term_string\"}}],\"inLanguage\":\"en-US\"},{\"@type\":\"Organization\",\"@id\":\"https:\\\/\\\/www.akuplastics.com\\\/en\\\/#organization\",\"name\":\"Ing. Christian Ahlborn e.U.\",\"alternateName\":\"AKU\",\"url\":\"https:\\\/\\\/www.akuplastics.com\\\/en\\\/\",\"logo\":{\"@type\":\"ImageObject\",\"inLanguage\":\"en-US\",\"@id\":\"https:\\\/\\\/www.akuplastics.com\\\/en\\\/#\\\/schema\\\/logo\\\/image\\\/\",\"url\":\"https:\\\/\\\/www.akuplastics.com\\\/wp-content\\\/uploads\\\/2020\\\/07\\\/Grafik14-inkl-r.png\",\"contentUrl\":\"https:\\\/\\\/www.akuplastics.com\\\/wp-content\\\/uploads\\\/2020\\\/07\\\/Grafik14-inkl-r.png\",\"width\":1994,\"height\":743,\"caption\":\"Ing. Christian Ahlborn e.U.\"},\"image\":{\"@id\":\"https:\\\/\\\/www.akuplastics.com\\\/en\\\/#\\\/schema\\\/logo\\\/image\\\/\"}}]}<\/script>\n<!-- \/ Yoast SEO Premium plugin. -->","yoast_head_json":{"title":"Hot air plastic welding Foil plastic processing","description":"The Quick-S-Electronic hot-air welder is characterized by its unique ergonomic handle. AKUPLASTICS: Your reliable partner for semi-finished and finished parts, from PVC to PTFE. Our range includes sheets, rods, tubes, welding machines and more. With many years of experience, we offer high-quality solutions for various industries. Contact us for customized requirements.","robots":{"index":"index","follow":"follow","max-snippet":"max-snippet:-1","max-image-preview":"max-image-preview:large","max-video-preview":"max-video-preview:-1"},"canonical":"https:\/\/www.akuplastics.com\/en\/hot-air-welder-professional-fatigue-free-welding\/","schema":{"@context":"https:\/\/schema.org","@graph":[{"@type":"WebPage","@id":"https:\/\/www.akuplastics.com\/en\/hot-air-welder-professional-fatigue-free-welding\/","url":"https:\/\/www.akuplastics.com\/en\/hot-air-welder-professional-fatigue-free-welding\/","name":"Hot air plastic welding Foil plastic processing","isPartOf":{"@id":"https:\/\/www.akuplastics.com\/en\/#website"},"primaryImageOfPage":{"@id":"https:\/\/www.akuplastics.com\/en\/hot-air-welder-professional-fatigue-free-welding\/#primaryimage"},"image":{"@id":"https:\/\/www.akuplastics.com\/en\/hot-air-welder-professional-fatigue-free-welding\/#primaryimage"},"thumbnailUrl":"https:\/\/www.akuplastics.com\/wp-content\/uploads\/2020\/07\/Quick-S-E-2-300x214.jpg","datePublished":"2021-06-20T11:15:21+00:00","dateModified":"2024-02-05T07:34:34+00:00","description":"The Quick-S-Electronic hot-air welder is characterized by its unique ergonomic handle. AKUPLASTICS: Your reliable partner for semi-finished and finished parts, from PVC to PTFE. Our range includes sheets, rods, tubes, welding machines and more. With many years of experience, we offer high-quality solutions for various industries. Contact us for customized requirements.","breadcrumb":{"@id":"https:\/\/www.akuplastics.com\/en\/hot-air-welder-professional-fatigue-free-welding\/#breadcrumb"},"inLanguage":"en-US","potentialAction":[{"@type":"ReadAction","target":["https:\/\/www.akuplastics.com\/en\/hot-air-welder-professional-fatigue-free-welding\/"]}]},{"@type":"ImageObject","inLanguage":"en-US","@id":"https:\/\/www.akuplastics.com\/en\/hot-air-welder-professional-fatigue-free-welding\/#primaryimage","url":"https:\/\/www.akuplastics.com\/wp-content\/uploads\/2020\/07\/Quick-S-E-2-300x214.jpg","contentUrl":"https:\/\/www.akuplastics.com\/wp-content\/uploads\/2020\/07\/Quick-S-E-2-300x214.jpg"},{"@type":"BreadcrumbList","@id":"https:\/\/www.akuplastics.com\/en\/hot-air-welder-professional-fatigue-free-welding\/#breadcrumb","itemListElement":[{"@type":"ListItem","position":1,"name":"Homepage","item":"https:\/\/www.akuplastics.com\/en\/"},{"@type":"ListItem","position":2,"name":"Quick-S Elektronic"}]},{"@type":"WebSite","@id":"https:\/\/www.akuplastics.com\/en\/#website","url":"https:\/\/www.akuplastics.com\/en\/","name":"Semi-Finished Products \u2013 Finished Parts \u2013 Ventilation Moulded Parts \u2013 Machines","description":"Halbzeuge, Halbfabrikate, Kunststoffhalbzeuge, Kunststoffhalbfabrikate","publisher":{"@id":"https:\/\/www.akuplastics.com\/en\/#organization"},"alternateName":"AKUPLASTICS \u2013 Engineering in Plastics","potentialAction":[{"@type":"SearchAction","target":{"@type":"EntryPoint","urlTemplate":"https:\/\/www.akuplastics.com\/en\/?s={search_term_string}"},"query-input":{"@type":"PropertyValueSpecification","valueRequired":true,"valueName":"search_term_string"}}],"inLanguage":"en-US"},{"@type":"Organization","@id":"https:\/\/www.akuplastics.com\/en\/#organization","name":"Ing. Christian Ahlborn e.U.","alternateName":"AKU","url":"https:\/\/www.akuplastics.com\/en\/","logo":{"@type":"ImageObject","inLanguage":"en-US","@id":"https:\/\/www.akuplastics.com\/en\/#\/schema\/logo\/image\/","url":"https:\/\/www.akuplastics.com\/wp-content\/uploads\/2020\/07\/Grafik14-inkl-r.png","contentUrl":"https:\/\/www.akuplastics.com\/wp-content\/uploads\/2020\/07\/Grafik14-inkl-r.png","width":1994,"height":743,"caption":"Ing. Christian Ahlborn e.U."},"image":{"@id":"https:\/\/www.akuplastics.com\/en\/#\/schema\/logo\/image\/"}}]}},"_links":{"self":[{"href":"https:\/\/www.akuplastics.com\/en\/wp-json\/wp\/v2\/pages\/8867","targetHints":{"allow":["GET"]}}],"collection":[{"href":"https:\/\/www.akuplastics.com\/en\/wp-json\/wp\/v2\/pages"}],"about":[{"href":"https:\/\/www.akuplastics.com\/en\/wp-json\/wp\/v2\/types\/page"}],"author":[{"embeddable":true,"href":"https:\/\/www.akuplastics.com\/en\/wp-json\/wp\/v2\/users\/2"}],"replies":[{"embeddable":true,"href":"https:\/\/www.akuplastics.com\/en\/wp-json\/wp\/v2\/comments?post=8867"}],"version-history":[{"count":9,"href":"https:\/\/www.akuplastics.com\/en\/wp-json\/wp\/v2\/pages\/8867\/revisions"}],"predecessor-version":[{"id":15853,"href":"https:\/\/www.akuplastics.com\/en\/wp-json\/wp\/v2\/pages\/8867\/revisions\/15853"}],"wp:attachment":[{"href":"https:\/\/www.akuplastics.com\/en\/wp-json\/wp\/v2\/media?parent=8867"}],"curies":[{"name":"wp","href":"https:\/\/api.w.org\/{rel}","templated":true}]}}