{"id":8826,"date":"2021-06-28T11:45:46","date_gmt":"2021-06-28T09:45:46","guid":{"rendered":"https:\/\/www.akuplastics.com\/testing-technology\/"},"modified":"2025-09-11T08:59:06","modified_gmt":"2025-09-11T06:59:06","slug":"spark-testing-devices-testing-technology-weld-seam-strength-dvs","status":"publish","type":"page","link":"https:\/\/www.akuplastics.com\/en\/machines-appliances-plastics-locksmiths-fabricators-tank-builders\/spark-testing-devices-testing-technology-weld-seam-strength-dvs\/","title":{"rendered":"Testing technology"},"content":{"rendered":"\t\t<div data-elementor-type=\"wp-page\" data-elementor-id=\"8826\" class=\"elementor elementor-8826 elementor-4735\" data-elementor-post-type=\"page\">\n\t\t\t\t\t\t<section class=\"elementor-section elementor-top-section elementor-element elementor-element-707a9239 elementor-section-boxed elementor-section-height-default elementor-section-height-default\" data-id=\"707a9239\" data-element_type=\"section\" data-e-type=\"section\">\n\t\t\t\t\t\t<div class=\"elementor-container elementor-column-gap-default\">\n\t\t\t\t\t<div class=\"elementor-column elementor-col-100 elementor-top-column elementor-element elementor-element-6db969d7\" data-id=\"6db969d7\" data-element_type=\"column\" data-e-type=\"column\">\n\t\t\t<div class=\"elementor-widget-wrap elementor-element-populated\">\n\t\t\t\t\t\t<div class=\"elementor-element elementor-element-1694d4f0 elementor-widget elementor-widget-text-editor\" data-id=\"1694d4f0\" data-element_type=\"widget\" data-e-type=\"widget\" data-widget_type=\"text-editor.default\">\n\t\t\t\t<div class=\"elementor-widget-container\">\n\t\t\t\t\t\t\t\t\t<h1>Spark testing devices &amp; testing technology for plastics processors<\/h1>\n\t\t\t\t\t\t\t\t<\/div>\n\t\t\t\t<\/div>\n\t\t\t\t<section class=\"elementor-section elementor-inner-section elementor-element elementor-element-42189da3 elementor-section-boxed elementor-section-height-default elementor-section-height-default\" data-id=\"42189da3\" data-element_type=\"section\" data-e-type=\"section\">\n\t\t\t\t\t\t<div class=\"elementor-container elementor-column-gap-default\">\n\t\t\t\t\t<div class=\"elementor-column elementor-col-50 elementor-inner-column elementor-element elementor-element-7193794f\" data-id=\"7193794f\" data-element_type=\"column\" data-e-type=\"column\">\n\t\t\t<div class=\"elementor-widget-wrap elementor-element-populated\">\n\t\t\t\t\t\t<div class=\"elementor-element elementor-element-5616eb76 elementor-widget elementor-widget-text-editor\" data-id=\"5616eb76\" data-element_type=\"widget\" data-e-type=\"widget\" data-widget_type=\"text-editor.default\">\n\t\t\t\t<div class=\"elementor-widget-container\">\n\t\t\t\t\t\t\t\t\t<p>The DVS requires the <strong>inspection <\/strong> of<strong>weld seams<\/strong>, the materials used and the various machining processes as part of the professional processing of plastics.<\/p><p>\u00a0<\/p><p><em><strong>For the<\/strong> <strong>non-destructive testing of plastic welds in tank and apparatus construction, spark testers are the quickest, simplest and, above all, most cost-effective option<\/strong>.<br \/><\/em><br \/>These <strong>spark testers<\/strong> work on the basis of high-frequency alternating current high voltage and <strong>reliably indicate leaking welds visually and acoustically<\/strong>.<\/p><p>Two <strong>CE-approved <\/strong>devices are currently available for the responsible appliance manufacturer to choose from:<\/p><p><strong>PST 100<\/strong> <br \/>Pistol-like hand-held device with fexible rod electrode, approx. 1 kg light, with infinitely adjustable test voltage 10 &#8211; 55 kV for material thicknesses 3 &#8211; 30 mm, only for 230 V 50\/60 Hz supply voltage.<\/p><p>\u00a0<\/p><p>A large number of <strong>different testing electrodes <\/strong>such as the common steel brush electrode (drum brush), bronze test brush, wire gauze electrode, tip electrode for a wide variety of work are available as individual accessories or as a case set. We can supply many other special electrodes on request.<\/p><p>The testing of test ducts, which is mainly required for landfill liners and in tunnel construction, can be carried out using an <strong>air duct testing device<\/strong>. This is characterized by the simplest handling and stable design. The delivery includes a small compressor and a compressed air cylinder.<\/p><p><strong style=\"color: var( --e-global-color-text ); letter-spacing: 0px;\"><br \/>Bending tests of weld seams <\/strong><span style=\"color: var( --e-global-color-text ); letter-spacing: 0px;\">as prescribed by the EN guideline or the DVS (German Welding Society) can be performed with a specially developed <\/span><strong style=\"color: var( --e-global-color-text ); letter-spacing: 0px;\">bending angle tester<\/strong><span style=\"color: var( --e-global-color-text ); letter-spacing: 0px;\"> be carried out. This means that the weld seam strength of sheet materials made of PE-HD, PP-H, PVC-U, PVDF in thicknesses of up to 30 mm can be quickly tested in-house.<\/span><\/p>\t\t\t\t\t\t\t\t<\/div>\n\t\t\t\t<\/div>\n\t\t\t\t\t<\/div>\n\t\t<\/div>\n\t\t\t\t<div class=\"elementor-column elementor-col-50 elementor-inner-column elementor-element elementor-element-1cf13d0d\" data-id=\"1cf13d0d\" data-element_type=\"column\" data-e-type=\"column\">\n\t\t\t<div class=\"elementor-widget-wrap elementor-element-populated\">\n\t\t\t\t\t\t<div class=\"elementor-element elementor-element-2662c40 elementor-widget elementor-widget-image\" data-id=\"2662c40\" data-element_type=\"widget\" data-e-type=\"widget\" data-widget_type=\"image.default\">\n\t\t\t\t<div class=\"elementor-widget-container\">\n\t\t\t\t\t\t\t\t\t\t\t\t<figure class=\"wp-caption\">\n\t\t\t\t\t\t\t\t\t\t<img loading=\"lazy\" decoding=\"async\" width=\"221\" height=\"300\" src=\"https:\/\/www.akuplastics.com\/wp-content\/uploads\/2025\/09\/PST-100-Funkenpruefgeraet-Set--221x300.webp\" class=\"attachment-medium size-medium wp-image-27209\" alt=\"PST 100 Funkenpr\u00fcfger\u00e4t Set\" srcset=\"https:\/\/www.akuplastics.com\/wp-content\/uploads\/2025\/09\/PST-100-Funkenpruefgeraet-Set--221x300.webp 221w, https:\/\/www.akuplastics.com\/wp-content\/uploads\/2025\/09\/PST-100-Funkenpruefgeraet-Set-.webp 396w\" sizes=\"auto, (max-width: 221px) 100vw, 221px\" \/>\t\t\t\t\t\t\t\t\t\t\t<figcaption class=\"widget-image-caption wp-caption-text\">PST-100 sparking testing device Set<\/figcaption>\n\t\t\t\t\t\t\t\t\t\t<\/figure>\n\t\t\t\t\t\t\t\t\t<\/div>\n\t\t\t\t<\/div>\n\t\t\t\t<div class=\"elementor-element elementor-element-9cd942d elementor-widget elementor-widget-image\" data-id=\"9cd942d\" data-element_type=\"widget\" data-e-type=\"widget\" data-widget_type=\"image.default\">\n\t\t\t\t<div class=\"elementor-widget-container\">\n\t\t\t\t\t\t\t\t\t\t\t\t<figure class=\"wp-caption\">\n\t\t\t\t\t\t\t\t\t\t<img loading=\"lazy\" decoding=\"async\" width=\"300\" height=\"190\" src=\"https:\/\/www.akuplastics.com\/wp-content\/uploads\/2025\/09\/PST-100-Funkenpruefgeraet-Schweissnaht-300x190.webp\" class=\"attachment-medium size-medium wp-image-27192\" alt=\"PST 100 Funkenpr\u00fcfger\u00e4t Schwei\u00dfnaht\" srcset=\"https:\/\/www.akuplastics.com\/wp-content\/uploads\/2025\/09\/PST-100-Funkenpruefgeraet-Schweissnaht-300x190.webp 300w, https:\/\/www.akuplastics.com\/wp-content\/uploads\/2025\/09\/PST-100-Funkenpruefgeraet-Schweissnaht.webp 528w\" sizes=\"auto, (max-width: 300px) 100vw, 300px\" \/>\t\t\t\t\t\t\t\t\t\t\t<figcaption class=\"widget-image-caption wp-caption-text\">PST-100 sparking testing device<\/figcaption>\n\t\t\t\t\t\t\t\t\t\t<\/figure>\n\t\t\t\t\t\t\t\t\t<\/div>\n\t\t\t\t<\/div>\n\t\t\t\t<div class=\"elementor-element elementor-element-069d661 elementor-widget elementor-widget-image\" data-id=\"069d661\" data-element_type=\"widget\" data-e-type=\"widget\" data-widget_type=\"image.default\">\n\t\t\t\t<div class=\"elementor-widget-container\">\n\t\t\t\t\t\t\t\t\t\t\t\t<figure class=\"wp-caption\">\n\t\t\t\t\t\t\t\t\t\t<img loading=\"lazy\" decoding=\"async\" width=\"233\" height=\"300\" src=\"https:\/\/www.akuplastics.com\/wp-content\/uploads\/2021\/06\/biegepruefung-233x300.png\" class=\"attachment-medium size-medium wp-image-8008\" alt=\"Bending test testing technology\" srcset=\"https:\/\/www.akuplastics.com\/wp-content\/uploads\/2021\/06\/biegepruefung-233x300.png 233w, https:\/\/www.akuplastics.com\/wp-content\/uploads\/2021\/06\/biegepruefung.png 310w\" sizes=\"auto, (max-width: 233px) 100vw, 233px\" \/>\t\t\t\t\t\t\t\t\t\t\t<figcaption class=\"widget-image-caption wp-caption-text\">Bending test Testing technology  <\/figcaption>\n\t\t\t\t\t\t\t\t\t\t<\/figure>\n\t\t\t\t\t\t\t\t\t<\/div>\n\t\t\t\t<\/div>\n\t\t\t\t\t<\/div>\n\t\t<\/div>\n\t\t\t\t\t<\/div>\n\t\t<\/section>\n\t\t\t\t\t<\/div>\n\t\t<\/div>\n\t\t\t\t\t<\/div>\n\t\t<\/section>\n\t\t\t\t<\/div>\n\t\t","protected":false},"excerpt":{"rendered":"<p>Spark testing devices &amp; testing technology for plastics processors The DVS requires the inspection ofweld seams, the materials used and the various machining processes as part of the professional processing of plastics. \u00a0 For the non-destructive testing of plastic welds in tank and apparatus construction, spark testers are the quickest, simplest and, above all, most [&hellip;]<\/p>\n","protected":false},"author":2,"featured_media":0,"parent":8409,"menu_order":0,"comment_status":"closed","ping_status":"closed","template":"elementor_header_footer","meta":{"iawp_total_views":456,"footnotes":""},"class_list":["post-8826","page","type-page","status-publish","hentry"],"yoast_head":"<!-- This site is optimized with the Yoast SEO Premium plugin v27.4 (Yoast SEO v27.5) - https:\/\/yoast.com\/product\/yoast-seo-premium-wordpress\/ -->\n<title>Sparks Testing devices Testing technology Weld seam strength DVS Plastics<\/title>\n<meta name=\"description\" content=\"We supply DC-based spark testers such as the PHD 6kV, the PHD 1-20kV or the PHD 2-40kV for density testing of civil engineering and structural engineering insulation (groundwater insulation, bridges, flat roofs, etc.), coatings and tank linings in the chemical industry, landfill linings and pipelines in the oil industry. 10\u00b5 thick coatings can even be tested thanks to the particularly fine adjustment options of some testers.\" \/>\n<meta name=\"robots\" content=\"index, follow, max-snippet:-1, max-image-preview:large, max-video-preview:-1\" \/>\n<link rel=\"canonical\" href=\"https:\/\/www.akuplastics.com\/en\/machines-appliances-plastics-locksmiths-fabricators-tank-builders\/spark-testing-devices-testing-technology-weld-seam-strength-dvs\/\" \/>\n<script type=\"application\/ld+json\" class=\"yoast-schema-graph\">{\"@context\":\"https:\\\/\\\/schema.org\",\"@graph\":[{\"@type\":\"WebPage\",\"@id\":\"https:\\\/\\\/www.akuplastics.com\\\/en\\\/machines-appliances-plastics-locksmiths-fabricators-tank-builders\\\/spark-testing-devices-testing-technology-weld-seam-strength-dvs\\\/\",\"url\":\"https:\\\/\\\/www.akuplastics.com\\\/en\\\/machines-appliances-plastics-locksmiths-fabricators-tank-builders\\\/spark-testing-devices-testing-technology-weld-seam-strength-dvs\\\/\",\"name\":\"Sparks Testing devices Testing technology Weld seam strength DVS Plastics\",\"isPartOf\":{\"@id\":\"https:\\\/\\\/www.akuplastics.com\\\/en\\\/#website\"},\"primaryImageOfPage\":{\"@id\":\"https:\\\/\\\/www.akuplastics.com\\\/en\\\/machines-appliances-plastics-locksmiths-fabricators-tank-builders\\\/spark-testing-devices-testing-technology-weld-seam-strength-dvs\\\/#primaryimage\"},\"image\":{\"@id\":\"https:\\\/\\\/www.akuplastics.com\\\/en\\\/machines-appliances-plastics-locksmiths-fabricators-tank-builders\\\/spark-testing-devices-testing-technology-weld-seam-strength-dvs\\\/#primaryimage\"},\"thumbnailUrl\":\"https:\\\/\\\/www.akuplastics.com\\\/wp-content\\\/uploads\\\/2025\\\/09\\\/PST-100-Funkenpruefgeraet-Set--221x300.webp\",\"datePublished\":\"2021-06-28T09:45:46+00:00\",\"dateModified\":\"2025-09-11T06:59:06+00:00\",\"description\":\"We supply DC-based spark testers such as the PHD 6kV, the PHD 1-20kV or the PHD 2-40kV for density testing of civil engineering and structural engineering insulation (groundwater insulation, bridges, flat roofs, etc.), coatings and tank linings in the chemical industry, landfill linings and pipelines in the oil industry. 10\u00b5 thick coatings can even be tested thanks to the particularly fine adjustment options of some testers.\",\"breadcrumb\":{\"@id\":\"https:\\\/\\\/www.akuplastics.com\\\/en\\\/machines-appliances-plastics-locksmiths-fabricators-tank-builders\\\/spark-testing-devices-testing-technology-weld-seam-strength-dvs\\\/#breadcrumb\"},\"inLanguage\":\"en-US\",\"potentialAction\":[{\"@type\":\"ReadAction\",\"target\":[\"https:\\\/\\\/www.akuplastics.com\\\/en\\\/machines-appliances-plastics-locksmiths-fabricators-tank-builders\\\/spark-testing-devices-testing-technology-weld-seam-strength-dvs\\\/\"]}]},{\"@type\":\"ImageObject\",\"inLanguage\":\"en-US\",\"@id\":\"https:\\\/\\\/www.akuplastics.com\\\/en\\\/machines-appliances-plastics-locksmiths-fabricators-tank-builders\\\/spark-testing-devices-testing-technology-weld-seam-strength-dvs\\\/#primaryimage\",\"url\":\"https:\\\/\\\/www.akuplastics.com\\\/wp-content\\\/uploads\\\/2025\\\/09\\\/PST-100-Funkenpruefgeraet-Set--221x300.webp\",\"contentUrl\":\"https:\\\/\\\/www.akuplastics.com\\\/wp-content\\\/uploads\\\/2025\\\/09\\\/PST-100-Funkenpruefgeraet-Set--221x300.webp\"},{\"@type\":\"BreadcrumbList\",\"@id\":\"https:\\\/\\\/www.akuplastics.com\\\/en\\\/machines-appliances-plastics-locksmiths-fabricators-tank-builders\\\/spark-testing-devices-testing-technology-weld-seam-strength-dvs\\\/#breadcrumb\",\"itemListElement\":[{\"@type\":\"ListItem\",\"position\":1,\"name\":\"Homepage\",\"item\":\"https:\\\/\\\/www.akuplastics.com\\\/en\\\/\"},{\"@type\":\"ListItem\",\"position\":2,\"name\":\"Machines and devices\",\"item\":\"https:\\\/\\\/www.akuplastics.com\\\/en\\\/machines-appliances-plastics-locksmiths-fabricators-tank-builders\\\/\"},{\"@type\":\"ListItem\",\"position\":3,\"name\":\"Testing technology\"}]},{\"@type\":\"WebSite\",\"@id\":\"https:\\\/\\\/www.akuplastics.com\\\/en\\\/#website\",\"url\":\"https:\\\/\\\/www.akuplastics.com\\\/en\\\/\",\"name\":\"Semi-Finished Products \u2013 Finished Parts \u2013 Ventilation Moulded Parts \u2013 Machines\",\"description\":\"Halbzeuge, Halbfabrikate, Kunststoffhalbzeuge, Kunststoffhalbfabrikate\",\"publisher\":{\"@id\":\"https:\\\/\\\/www.akuplastics.com\\\/en\\\/#organization\"},\"alternateName\":\"AKUPLASTICS \u2013 Engineering in Plastics\",\"potentialAction\":[{\"@type\":\"SearchAction\",\"target\":{\"@type\":\"EntryPoint\",\"urlTemplate\":\"https:\\\/\\\/www.akuplastics.com\\\/en\\\/?s={search_term_string}\"},\"query-input\":{\"@type\":\"PropertyValueSpecification\",\"valueRequired\":true,\"valueName\":\"search_term_string\"}}],\"inLanguage\":\"en-US\"},{\"@type\":\"Organization\",\"@id\":\"https:\\\/\\\/www.akuplastics.com\\\/en\\\/#organization\",\"name\":\"Ing. Christian Ahlborn e.U.\",\"alternateName\":\"AKU\",\"url\":\"https:\\\/\\\/www.akuplastics.com\\\/en\\\/\",\"logo\":{\"@type\":\"ImageObject\",\"inLanguage\":\"en-US\",\"@id\":\"https:\\\/\\\/www.akuplastics.com\\\/en\\\/#\\\/schema\\\/logo\\\/image\\\/\",\"url\":\"https:\\\/\\\/www.akuplastics.com\\\/wp-content\\\/uploads\\\/2020\\\/07\\\/Grafik14-inkl-r.png\",\"contentUrl\":\"https:\\\/\\\/www.akuplastics.com\\\/wp-content\\\/uploads\\\/2020\\\/07\\\/Grafik14-inkl-r.png\",\"width\":1994,\"height\":743,\"caption\":\"Ing. Christian Ahlborn e.U.\"},\"image\":{\"@id\":\"https:\\\/\\\/www.akuplastics.com\\\/en\\\/#\\\/schema\\\/logo\\\/image\\\/\"}}]}<\/script>\n<!-- \/ Yoast SEO Premium plugin. -->","yoast_head_json":{"title":"Sparks Testing devices Testing technology Weld seam strength DVS Plastics","description":"We supply DC-based spark testers such as the PHD 6kV, the PHD 1-20kV or the PHD 2-40kV for density testing of civil engineering and structural engineering insulation (groundwater insulation, bridges, flat roofs, etc.), coatings and tank linings in the chemical industry, landfill linings and pipelines in the oil industry. 10\u00b5 thick coatings can even be tested thanks to the particularly fine adjustment options of some testers.","robots":{"index":"index","follow":"follow","max-snippet":"max-snippet:-1","max-image-preview":"max-image-preview:large","max-video-preview":"max-video-preview:-1"},"canonical":"https:\/\/www.akuplastics.com\/en\/machines-appliances-plastics-locksmiths-fabricators-tank-builders\/spark-testing-devices-testing-technology-weld-seam-strength-dvs\/","schema":{"@context":"https:\/\/schema.org","@graph":[{"@type":"WebPage","@id":"https:\/\/www.akuplastics.com\/en\/machines-appliances-plastics-locksmiths-fabricators-tank-builders\/spark-testing-devices-testing-technology-weld-seam-strength-dvs\/","url":"https:\/\/www.akuplastics.com\/en\/machines-appliances-plastics-locksmiths-fabricators-tank-builders\/spark-testing-devices-testing-technology-weld-seam-strength-dvs\/","name":"Sparks Testing devices Testing technology Weld seam strength DVS Plastics","isPartOf":{"@id":"https:\/\/www.akuplastics.com\/en\/#website"},"primaryImageOfPage":{"@id":"https:\/\/www.akuplastics.com\/en\/machines-appliances-plastics-locksmiths-fabricators-tank-builders\/spark-testing-devices-testing-technology-weld-seam-strength-dvs\/#primaryimage"},"image":{"@id":"https:\/\/www.akuplastics.com\/en\/machines-appliances-plastics-locksmiths-fabricators-tank-builders\/spark-testing-devices-testing-technology-weld-seam-strength-dvs\/#primaryimage"},"thumbnailUrl":"https:\/\/www.akuplastics.com\/wp-content\/uploads\/2025\/09\/PST-100-Funkenpruefgeraet-Set--221x300.webp","datePublished":"2021-06-28T09:45:46+00:00","dateModified":"2025-09-11T06:59:06+00:00","description":"We supply DC-based spark testers such as the PHD 6kV, the PHD 1-20kV or the PHD 2-40kV for density testing of civil engineering and structural engineering insulation (groundwater insulation, bridges, flat roofs, etc.), coatings and tank linings in the chemical industry, landfill linings and pipelines in the oil industry. 10\u00b5 thick coatings can even be tested thanks to the particularly fine adjustment options of some testers.","breadcrumb":{"@id":"https:\/\/www.akuplastics.com\/en\/machines-appliances-plastics-locksmiths-fabricators-tank-builders\/spark-testing-devices-testing-technology-weld-seam-strength-dvs\/#breadcrumb"},"inLanguage":"en-US","potentialAction":[{"@type":"ReadAction","target":["https:\/\/www.akuplastics.com\/en\/machines-appliances-plastics-locksmiths-fabricators-tank-builders\/spark-testing-devices-testing-technology-weld-seam-strength-dvs\/"]}]},{"@type":"ImageObject","inLanguage":"en-US","@id":"https:\/\/www.akuplastics.com\/en\/machines-appliances-plastics-locksmiths-fabricators-tank-builders\/spark-testing-devices-testing-technology-weld-seam-strength-dvs\/#primaryimage","url":"https:\/\/www.akuplastics.com\/wp-content\/uploads\/2025\/09\/PST-100-Funkenpruefgeraet-Set--221x300.webp","contentUrl":"https:\/\/www.akuplastics.com\/wp-content\/uploads\/2025\/09\/PST-100-Funkenpruefgeraet-Set--221x300.webp"},{"@type":"BreadcrumbList","@id":"https:\/\/www.akuplastics.com\/en\/machines-appliances-plastics-locksmiths-fabricators-tank-builders\/spark-testing-devices-testing-technology-weld-seam-strength-dvs\/#breadcrumb","itemListElement":[{"@type":"ListItem","position":1,"name":"Homepage","item":"https:\/\/www.akuplastics.com\/en\/"},{"@type":"ListItem","position":2,"name":"Machines and devices","item":"https:\/\/www.akuplastics.com\/en\/machines-appliances-plastics-locksmiths-fabricators-tank-builders\/"},{"@type":"ListItem","position":3,"name":"Testing technology"}]},{"@type":"WebSite","@id":"https:\/\/www.akuplastics.com\/en\/#website","url":"https:\/\/www.akuplastics.com\/en\/","name":"Semi-Finished Products \u2013 Finished Parts \u2013 Ventilation Moulded Parts \u2013 Machines","description":"Halbzeuge, Halbfabrikate, Kunststoffhalbzeuge, Kunststoffhalbfabrikate","publisher":{"@id":"https:\/\/www.akuplastics.com\/en\/#organization"},"alternateName":"AKUPLASTICS \u2013 Engineering in Plastics","potentialAction":[{"@type":"SearchAction","target":{"@type":"EntryPoint","urlTemplate":"https:\/\/www.akuplastics.com\/en\/?s={search_term_string}"},"query-input":{"@type":"PropertyValueSpecification","valueRequired":true,"valueName":"search_term_string"}}],"inLanguage":"en-US"},{"@type":"Organization","@id":"https:\/\/www.akuplastics.com\/en\/#organization","name":"Ing. Christian Ahlborn e.U.","alternateName":"AKU","url":"https:\/\/www.akuplastics.com\/en\/","logo":{"@type":"ImageObject","inLanguage":"en-US","@id":"https:\/\/www.akuplastics.com\/en\/#\/schema\/logo\/image\/","url":"https:\/\/www.akuplastics.com\/wp-content\/uploads\/2020\/07\/Grafik14-inkl-r.png","contentUrl":"https:\/\/www.akuplastics.com\/wp-content\/uploads\/2020\/07\/Grafik14-inkl-r.png","width":1994,"height":743,"caption":"Ing. Christian Ahlborn e.U."},"image":{"@id":"https:\/\/www.akuplastics.com\/en\/#\/schema\/logo\/image\/"}}]}},"_links":{"self":[{"href":"https:\/\/www.akuplastics.com\/en\/wp-json\/wp\/v2\/pages\/8826","targetHints":{"allow":["GET"]}}],"collection":[{"href":"https:\/\/www.akuplastics.com\/en\/wp-json\/wp\/v2\/pages"}],"about":[{"href":"https:\/\/www.akuplastics.com\/en\/wp-json\/wp\/v2\/types\/page"}],"author":[{"embeddable":true,"href":"https:\/\/www.akuplastics.com\/en\/wp-json\/wp\/v2\/users\/2"}],"replies":[{"embeddable":true,"href":"https:\/\/www.akuplastics.com\/en\/wp-json\/wp\/v2\/comments?post=8826"}],"version-history":[{"count":10,"href":"https:\/\/www.akuplastics.com\/en\/wp-json\/wp\/v2\/pages\/8826\/revisions"}],"predecessor-version":[{"id":27212,"href":"https:\/\/www.akuplastics.com\/en\/wp-json\/wp\/v2\/pages\/8826\/revisions\/27212"}],"up":[{"embeddable":true,"href":"https:\/\/www.akuplastics.com\/en\/wp-json\/wp\/v2\/pages\/8409"}],"wp:attachment":[{"href":"https:\/\/www.akuplastics.com\/en\/wp-json\/wp\/v2\/media?parent=8826"}],"curies":[{"name":"wp","href":"https:\/\/api.w.org\/{rel}","templated":true}]}}