{"id":8780,"date":"2021-06-20T14:02:52","date_gmt":"2021-06-20T12:02:52","guid":{"rendered":"https:\/\/www.akuplastics.com\/forplast-p2\/"},"modified":"2025-02-18T18:38:50","modified_gmt":"2025-02-18T17:38:50","slug":"forplast-p2-automatic-welding-machine","status":"publish","type":"page","link":"https:\/\/www.akuplastics.com\/en\/forplast-p2-automatic-welding-machine\/","title":{"rendered":"Forplast P2"},"content":{"rendered":"\t\t<div data-elementor-type=\"wp-page\" data-elementor-id=\"8780\" class=\"elementor elementor-8780 elementor-4359\" data-elementor-post-type=\"page\">\n\t\t\t\t\t\t<section class=\"elementor-section elementor-top-section elementor-element elementor-element-9325d70 elementor-section-boxed elementor-section-height-default elementor-section-height-default\" data-id=\"9325d70\" data-element_type=\"section\" data-e-type=\"section\">\n\t\t\t\t\t\t<div class=\"elementor-container elementor-column-gap-default\">\n\t\t\t\t\t<div class=\"elementor-column elementor-col-100 elementor-top-column elementor-element elementor-element-64676e9\" data-id=\"64676e9\" data-element_type=\"column\" data-e-type=\"column\">\n\t\t\t<div class=\"elementor-widget-wrap elementor-element-populated\">\n\t\t\t\t\t\t<div class=\"elementor-element elementor-element-6eeccad elementor-widget elementor-widget-text-editor\" data-id=\"6eeccad\" data-element_type=\"widget\" data-e-type=\"widget\" data-widget_type=\"text-editor.default\">\n\t\t\t\t<div class=\"elementor-widget-container\">\n\t\t\t\t\t\t\t\t\t<h1>Hot air welding machine for tarpaulins<\/h1>\n\t\t\t\t\t\t\t\t<\/div>\n\t\t\t\t<\/div>\n\t\t\t\t<section class=\"elementor-section elementor-inner-section elementor-element elementor-element-c3f4ee6 elementor-section-boxed elementor-section-height-default elementor-section-height-default\" data-id=\"c3f4ee6\" data-element_type=\"section\" data-e-type=\"section\">\n\t\t\t\t\t\t<div class=\"elementor-container elementor-column-gap-default\">\n\t\t\t\t\t<div class=\"elementor-column elementor-col-50 elementor-inner-column elementor-element elementor-element-14483f6\" data-id=\"14483f6\" data-element_type=\"column\" data-e-type=\"column\">\n\t\t\t<div class=\"elementor-widget-wrap elementor-element-populated\">\n\t\t\t\t\t\t<div class=\"elementor-element elementor-element-b711069 elementor-widget elementor-widget-text-editor\" data-id=\"b711069\" data-element_type=\"widget\" data-e-type=\"widget\" data-widget_type=\"text-editor.default\">\n\t\t\t\t<div class=\"elementor-widget-container\">\n\t\t\t\t\t\t\t\t\t<p><strong>The new FORPLAST-P2 automatic welding machine is the powerful universal device for welding all types of truck tarpaulins, weldable tent and awning fabrics.<\/p>\n<p><\/strong><\/p>\n<p>This <b>maneuverable and narrow welding machine<\/b> can produce overlap seams of either 20, 30, 40 or 45 mm, depending on the version.  <\/p>\n<p>With the appropriate <b>optional accessories<\/b>, it is possible to <b>convert <\/b>the <b>machine<\/b> to an <b>automatic belt welder or seam welder<\/b>.<\/p>\n<p>The <b>heating output <\/b>of up to 2&#215;2000 W 230 V alternating current is electronically adjustable from 20 to<br \/>700 \u00b0C and can thus be individually adjusted to the different materials.<\/p>\n<p>After the welding head is swiveled in, the automatic welder starts automatically.<br \/>An additional cold stage allows the blower to cool down after work without having to adjust the previously selected temperature.<\/p>\n<p>Furthermore, the <b>infinitely variable speed adjustment<\/b> from 0 to 18 meters\/min ensures optimum welding results.  <br \/>A <b>new type of pressure and guide technology<\/b> ensures wrinkle-free welding, and the three-point support of the machine ensures that the tarpaulin is pressed securely into place.<\/p>\n<p><strong>Welding performance:<\/p>\n<p><\/strong>Tarpaulin fabrics: 6 to 8 meters\/min<br \/>Webbing: 3 to 4 meters\/min<br \/>Grid film: 10 to 12 meters\/min<\/p>\n<p>The <b>hemming accessories <\/b>for the FORPLAST-P2 automatic welding machine enable easy and problem-free production of hems in the tarpaulin and advertising banner industry.  <\/p>\n<p>The <b>accessory <\/b>can be used for 20 and 30 mm seams as well as for 40 and 45 mm seams and can be easily attached to the FORPLAST-P2 automatic welding machine.  <\/p>\n<p>Older FORPLAST-P models already in the customer&#8217;s possession can also be retrofitted without any problems.<\/p>\n\t\t\t\t\t\t\t\t<\/div>\n\t\t\t\t<\/div>\n\t\t\t\t<div class=\"elementor-element elementor-element-65cadd3 elementor-widget elementor-widget-text-editor\" data-id=\"65cadd3\" data-element_type=\"widget\" data-e-type=\"widget\" data-widget_type=\"text-editor.default\">\n\t\t\t\t<div class=\"elementor-widget-container\">\n\t\t\t\t\t\t\t\t\t<p>The hot air plastic welding machine represents an <b>advanced technology<\/b> for <b>welding plastics<\/b> using hot air.  <br><br>This <b>automated welding machine<\/b> offers an <b>efficient way to heat<\/b> and <b>fuse<\/b> <b>plastic surfaces<\/b>, creating <b>strong and durable welded joints<\/b>.&nbsp;<br><br><\/p>\n<p><strong>Features of hot air plastic welding machines:<br><br><\/strong><\/p>\n<ul>\n<li>\n<p><strong>Hot air technology:<\/strong> <br>The automatic welder uses hot air as the primary heat source to evenly heat the plastic surfaces and enable fusion.<\/p>\n<\/li>\n<li>\n<p><strong>Automation:<\/strong> <br>Fully automatic operation for precise and efficient execution of the welding process.<\/p>\n<\/li>\n<li>\n<p><strong>Precision control:<\/strong> <br>Modern hot-air plastic welding machines have advanced control systems that precisely regulate temperature, air flow and other parameters.<\/p>\n<\/li>\n<li>\n<p><strong>Versatility:<\/strong> <br>The machine can be adapted to different types of plastic, material thicknesses and applications.<\/p>\n<\/li>\n<li>\n<p><strong>Handling of roll material:<\/strong> <br>Some models are able to work with roll material, which enables them to be used in various industrial sectors.<br><br><\/p>\n<\/li>\n<\/ul>\n<p><strong>Functions:<br><br><\/strong><\/p>\n<ul>\n<li>\n<p><strong>Homogeneous fusion:<\/strong> <br>The hot air ensures homogeneous heating of the plastic surfaces, resulting in uniform and stable fusion.<\/p>\n<\/li>\n<li>\n<p><strong>Temperature control:<\/strong> <br>Precise temperature control enables adaptation to different plastic materials and ensures an optimum welding temperature.<\/p>\n<\/li>\n<li>\n<p><strong>Air flow control:<\/strong> <br>The control of the air flow plays a decisive role in the alignment and control of the welding process.<\/p>\n<\/li>\n<li>\n<p><strong>Automatic feed systems:<\/strong> <br>Some models are equipped with automatic feed systems that ensure even material feed during welding.<br><br><\/p>\n<\/li>\n<\/ul>\n<p><strong>Applications:<br><br><\/strong><\/p>\n<ul>\n<li>\n<p><strong>Plastic welding:<\/strong> <br>The main area of application is the welding of plastics for the manufacture of products such as containers, pipes, tanks and packaging.<\/p>\n<\/li>\n<li>\n<p><strong>textile industry:<\/strong> <br>In the textile industry, the automatic welding machine enables the welding of synthetic fabrics for waterproof applications.<\/p>\n<\/li>\n<li>\n<p><strong>Automotive industry:<\/strong> <br>For the manufacture of plastic components in vehicle production, such as interior trim or bumpers.<\/p>\n<\/li>\n<li>\n<p><strong>construction industry:<\/strong> <br>For welding plastic sheets or membranes used in the construction industry for waterproof applications.<\/p>\n<\/li>\n<li>\n<p><strong>Advertising technology:<br><\/strong>In the production of advertising banners and lettering, the automatic welding machine can be used for the precise welding of plastic materials.<br><br><\/p>\n<\/li>\n<\/ul>\n<p>The hot-air plastic welding machine is a <b>versatile tool in plastics processing<\/b> that helps to produce <b>high-quality welded joints<\/b> in various industries thanks to its <b>efficiency and precision<\/b>.<\/p>\t\t\t\t\t\t\t\t<\/div>\n\t\t\t\t<\/div>\n\t\t\t\t\t<\/div>\n\t\t<\/div>\n\t\t\t\t<div class=\"elementor-column elementor-col-50 elementor-inner-column elementor-element elementor-element-ed0d887\" data-id=\"ed0d887\" data-element_type=\"column\" data-e-type=\"column\">\n\t\t\t<div class=\"elementor-widget-wrap elementor-element-populated\">\n\t\t\t\t\t\t<div class=\"elementor-element elementor-element-46a44e3 elementor-invisible elementor-widget elementor-widget-image\" data-id=\"46a44e3\" data-element_type=\"widget\" data-e-type=\"widget\" data-settings=\"{&quot;_animation&quot;:&quot;fadeInDown&quot;}\" data-widget_type=\"image.default\">\n\t\t\t\t<div class=\"elementor-widget-container\">\n\t\t\t\t\t\t\t\t\t\t\t\t<figure class=\"wp-caption\">\n\t\t\t\t\t\t\t\t\t\t<img loading=\"lazy\" decoding=\"async\" width=\"300\" height=\"201\" src=\"https:\/\/www.akuplastics.com\/wp-content\/uploads\/2021\/06\/Forplast-P2-001-1-300x201.jpg\" class=\"attachment-medium size-medium wp-image-7904\" alt=\"Hei\u00dfluft Schweissautomat Forplast-P2\" srcset=\"https:\/\/www.akuplastics.com\/wp-content\/uploads\/2021\/06\/Forplast-P2-001-1-300x201.jpg 300w, https:\/\/www.akuplastics.com\/wp-content\/uploads\/2021\/06\/Forplast-P2-001-1.jpg 709w\" sizes=\"auto, (max-width: 300px) 100vw, 300px\" \/>\t\t\t\t\t\t\t\t\t\t\t<figcaption class=\"widget-image-caption wp-caption-text\">Forplast-P2 hot air welding machine<\/figcaption>\n\t\t\t\t\t\t\t\t\t\t<\/figure>\n\t\t\t\t\t\t\t\t\t<\/div>\n\t\t\t\t<\/div>\n\t\t\t\t<div class=\"elementor-element elementor-element-f5e5f3a elementor-invisible elementor-widget elementor-widget-image\" data-id=\"f5e5f3a\" data-element_type=\"widget\" data-e-type=\"widget\" data-settings=\"{&quot;_animation&quot;:&quot;fadeInRight&quot;}\" data-widget_type=\"image.default\">\n\t\t\t\t<div class=\"elementor-widget-container\">\n\t\t\t\t\t\t\t\t\t\t\t\t<figure class=\"wp-caption\">\n\t\t\t\t\t\t\t\t\t\t<img loading=\"lazy\" decoding=\"async\" width=\"300\" height=\"200\" src=\"https:\/\/www.akuplastics.com\/wp-content\/uploads\/2021\/07\/Forplast-P2-002-300x200.jpg\" class=\"attachment-medium size-medium wp-image-8154\" alt=\"Forplast P2 Hei\u00dfluftschwei\u00dfautomaten Hei\u00dfluftschwei\u00dfautomat\" srcset=\"https:\/\/www.akuplastics.com\/wp-content\/uploads\/2021\/07\/Forplast-P2-002-300x200.jpg 300w, https:\/\/www.akuplastics.com\/wp-content\/uploads\/2021\/07\/Forplast-P2-002-1024x683.jpg 1024w, https:\/\/www.akuplastics.com\/wp-content\/uploads\/2021\/07\/Forplast-P2-002-768x512.jpg 768w, https:\/\/www.akuplastics.com\/wp-content\/uploads\/2021\/07\/Forplast-P2-002-1536x1024.jpg 1536w, https:\/\/www.akuplastics.com\/wp-content\/uploads\/2021\/07\/Forplast-P2-002-2048x1365.jpg 2048w\" sizes=\"auto, (max-width: 300px) 100vw, 300px\" \/>\t\t\t\t\t\t\t\t\t\t\t<figcaption class=\"widget-image-caption wp-caption-text\">Forplast-P2 hot air welding machine<\/figcaption>\n\t\t\t\t\t\t\t\t\t\t<\/figure>\n\t\t\t\t\t\t\t\t\t<\/div>\n\t\t\t\t<\/div>\n\t\t\t\t<div class=\"elementor-element elementor-element-d01b0a3 elementor-invisible elementor-widget elementor-widget-image\" data-id=\"d01b0a3\" data-element_type=\"widget\" data-e-type=\"widget\" data-settings=\"{&quot;_animation&quot;:&quot;fadeInUp&quot;}\" data-widget_type=\"image.default\">\n\t\t\t\t<div class=\"elementor-widget-container\">\n\t\t\t\t\t\t\t\t\t\t\t\t<figure class=\"wp-caption\">\n\t\t\t\t\t\t\t\t\t\t<img loading=\"lazy\" decoding=\"async\" width=\"193\" height=\"130\" src=\"https:\/\/www.akuplastics.com\/wp-content\/uploads\/2021\/06\/Forplast-P-mit-Saumnahtzubehoer.jpg\" class=\"attachment-medium size-medium wp-image-7967\" alt=\"Spriegelschweissautomat\" \/>\t\t\t\t\t\t\t\t\t\t\t<figcaption class=\"widget-image-caption wp-caption-text\">Forplast-P2 hot air welding machine with seam welding accessories<\/figcaption>\n\t\t\t\t\t\t\t\t\t\t<\/figure>\n\t\t\t\t\t\t\t\t\t<\/div>\n\t\t\t\t<\/div>\n\t\t\t\t<div class=\"elementor-element elementor-element-a880aac elementor-widget elementor-widget-video\" data-id=\"a880aac\" data-element_type=\"widget\" data-e-type=\"widget\" data-settings=\"{&quot;video_type&quot;:&quot;hosted&quot;,&quot;controls&quot;:&quot;yes&quot;}\" data-widget_type=\"video.default\">\n\t\t\t\t<div class=\"elementor-widget-container\">\n\t\t\t\t\t\t\t<div class=\"e-hosted-video elementor-wrapper elementor-open-inline\">\n\t\t\t\t\t<video class=\"elementor-video\" src=\"https:\/\/www.akuplastics.com\/wp-content\/uploads\/2025\/02\/AKU-Heissluftschweissautomat-Forsthoff-P2.webm\" controls=\"\" preload=\"metadata\" controlsList=\"nodownload\" poster=\"https:\/\/www.akuplastics.com\/wp-content\/uploads\/2020\/09\/Forplast-P2_001-1.jpg\"><\/video>\n\t\t\t\t<\/div>\n\t\t\t\t\t\t<\/div>\n\t\t\t\t<\/div>\n\t\t\t\t\t<\/div>\n\t\t<\/div>\n\t\t\t\t\t<\/div>\n\t\t<\/section>\n\t\t\t\t\t<\/div>\n\t\t<\/div>\n\t\t\t\t\t<\/div>\n\t\t<\/section>\n\t\t\t\t<\/div>\n\t\t","protected":false},"excerpt":{"rendered":"<p>Hot air welding machine for tarpaulins The new FORPLAST-P2 automatic welding machine is the powerful universal device for welding all types of truck tarpaulins, weldable tent and awning fabrics. This maneuverable and narrow welding machine can produce overlap seams of either 20, 30, 40 or 45 mm, depending on the version. With the appropriate optional [&hellip;]<\/p>\n","protected":false},"author":2,"featured_media":0,"parent":0,"menu_order":0,"comment_status":"closed","ping_status":"closed","template":"elementor_header_footer","meta":{"iawp_total_views":129,"footnotes":""},"class_list":["post-8780","page","type-page","status-publish","hentry"],"yoast_head":"<!-- This site is optimized with the Yoast SEO Premium plugin v27.4 (Yoast SEO v27.5) - https:\/\/yoast.com\/product\/yoast-seo-premium-wordpress\/ -->\n<title>FORPLAST-P2 automatic hot air welder<\/title>\n<meta name=\"description\" content=\"The new FORPLAST-P2 automatic welding machine is the powerful universal device for welding all types of truck tarpaulins, weldable tent and awning fabrics. Welcome to AKUPLASTICS, your reliable partner for high-quality semi-finished and finished parts. Wide range from sheets to welding machines, PVC to PTFE. Discover solutions in rigid PVC, PVC-U, PVC-HI, PVC-ELS, PVC-C, C-PVC, CPVC, Trovidur\u00ae, Corzan\u00ae, flexible PVC, PVC-P, rigid PVC foam, lightweight PVC foam and much more. Also processing machines, welding and bending technology, welding accessories. Find out more about our many years of experience. Contact us for customized solutions.\" \/>\n<meta name=\"robots\" content=\"index, follow, max-snippet:-1, max-image-preview:large, max-video-preview:-1\" \/>\n<link rel=\"canonical\" href=\"https:\/\/www.akuplastics.com\/en\/forplast-p2-automatic-welding-machine\/\" \/>\n<script type=\"application\/ld+json\" class=\"yoast-schema-graph\">{\"@context\":\"https:\\\/\\\/schema.org\",\"@graph\":[{\"@type\":\"WebPage\",\"@id\":\"https:\\\/\\\/www.akuplastics.com\\\/en\\\/forplast-p2-automatic-welding-machine\\\/\",\"url\":\"https:\\\/\\\/www.akuplastics.com\\\/en\\\/forplast-p2-automatic-welding-machine\\\/\",\"name\":\"FORPLAST-P2 automatic hot air welder\",\"isPartOf\":{\"@id\":\"https:\\\/\\\/www.akuplastics.com\\\/en\\\/#website\"},\"primaryImageOfPage\":{\"@id\":\"https:\\\/\\\/www.akuplastics.com\\\/en\\\/forplast-p2-automatic-welding-machine\\\/#primaryimage\"},\"image\":{\"@id\":\"https:\\\/\\\/www.akuplastics.com\\\/en\\\/forplast-p2-automatic-welding-machine\\\/#primaryimage\"},\"thumbnailUrl\":\"https:\\\/\\\/www.akuplastics.com\\\/wp-content\\\/uploads\\\/2021\\\/06\\\/Forplast-P2-001-1-300x201.jpg\",\"datePublished\":\"2021-06-20T12:02:52+00:00\",\"dateModified\":\"2025-02-18T17:38:50+00:00\",\"description\":\"The new FORPLAST-P2 automatic welding machine is the powerful universal device for welding all types of truck tarpaulins, weldable tent and awning fabrics. Welcome to AKUPLASTICS, your reliable partner for high-quality semi-finished and finished parts. Wide range from sheets to welding machines, PVC to PTFE. Discover solutions in rigid PVC, PVC-U, PVC-HI, PVC-ELS, PVC-C, C-PVC, CPVC, Trovidur\u00ae, Corzan\u00ae, flexible PVC, PVC-P, rigid PVC foam, lightweight PVC foam and much more. Also processing machines, welding and bending technology, welding accessories. Find out more about our many years of experience. Contact us for customized solutions.\",\"breadcrumb\":{\"@id\":\"https:\\\/\\\/www.akuplastics.com\\\/en\\\/forplast-p2-automatic-welding-machine\\\/#breadcrumb\"},\"inLanguage\":\"en-US\",\"potentialAction\":[{\"@type\":\"ReadAction\",\"target\":[\"https:\\\/\\\/www.akuplastics.com\\\/en\\\/forplast-p2-automatic-welding-machine\\\/\"]}]},{\"@type\":\"ImageObject\",\"inLanguage\":\"en-US\",\"@id\":\"https:\\\/\\\/www.akuplastics.com\\\/en\\\/forplast-p2-automatic-welding-machine\\\/#primaryimage\",\"url\":\"https:\\\/\\\/www.akuplastics.com\\\/wp-content\\\/uploads\\\/2021\\\/06\\\/Forplast-P2-001-1-300x201.jpg\",\"contentUrl\":\"https:\\\/\\\/www.akuplastics.com\\\/wp-content\\\/uploads\\\/2021\\\/06\\\/Forplast-P2-001-1-300x201.jpg\"},{\"@type\":\"BreadcrumbList\",\"@id\":\"https:\\\/\\\/www.akuplastics.com\\\/en\\\/forplast-p2-automatic-welding-machine\\\/#breadcrumb\",\"itemListElement\":[{\"@type\":\"ListItem\",\"position\":1,\"name\":\"Homepage\",\"item\":\"https:\\\/\\\/www.akuplastics.com\\\/en\\\/\"},{\"@type\":\"ListItem\",\"position\":2,\"name\":\"Forplast P2\"}]},{\"@type\":\"WebSite\",\"@id\":\"https:\\\/\\\/www.akuplastics.com\\\/en\\\/#website\",\"url\":\"https:\\\/\\\/www.akuplastics.com\\\/en\\\/\",\"name\":\"Semi-Finished Products \u2013 Finished Parts \u2013 Ventilation Moulded Parts \u2013 Machines\",\"description\":\"Halbzeuge, Halbfabrikate, Kunststoffhalbzeuge, Kunststoffhalbfabrikate\",\"publisher\":{\"@id\":\"https:\\\/\\\/www.akuplastics.com\\\/en\\\/#organization\"},\"alternateName\":\"AKUPLASTICS \u2013 Engineering in Plastics\",\"potentialAction\":[{\"@type\":\"SearchAction\",\"target\":{\"@type\":\"EntryPoint\",\"urlTemplate\":\"https:\\\/\\\/www.akuplastics.com\\\/en\\\/?s={search_term_string}\"},\"query-input\":{\"@type\":\"PropertyValueSpecification\",\"valueRequired\":true,\"valueName\":\"search_term_string\"}}],\"inLanguage\":\"en-US\"},{\"@type\":\"Organization\",\"@id\":\"https:\\\/\\\/www.akuplastics.com\\\/en\\\/#organization\",\"name\":\"Ing. Christian Ahlborn e.U.\",\"alternateName\":\"AKU\",\"url\":\"https:\\\/\\\/www.akuplastics.com\\\/en\\\/\",\"logo\":{\"@type\":\"ImageObject\",\"inLanguage\":\"en-US\",\"@id\":\"https:\\\/\\\/www.akuplastics.com\\\/en\\\/#\\\/schema\\\/logo\\\/image\\\/\",\"url\":\"https:\\\/\\\/www.akuplastics.com\\\/wp-content\\\/uploads\\\/2020\\\/07\\\/Grafik14-inkl-r.png\",\"contentUrl\":\"https:\\\/\\\/www.akuplastics.com\\\/wp-content\\\/uploads\\\/2020\\\/07\\\/Grafik14-inkl-r.png\",\"width\":1994,\"height\":743,\"caption\":\"Ing. Christian Ahlborn e.U.\"},\"image\":{\"@id\":\"https:\\\/\\\/www.akuplastics.com\\\/en\\\/#\\\/schema\\\/logo\\\/image\\\/\"}}]}<\/script>\n<!-- \/ Yoast SEO Premium plugin. -->","yoast_head_json":{"title":"FORPLAST-P2 automatic hot air welder","description":"The new FORPLAST-P2 automatic welding machine is the powerful universal device for welding all types of truck tarpaulins, weldable tent and awning fabrics. Welcome to AKUPLASTICS, your reliable partner for high-quality semi-finished and finished parts. Wide range from sheets to welding machines, PVC to PTFE. Discover solutions in rigid PVC, PVC-U, PVC-HI, PVC-ELS, PVC-C, C-PVC, CPVC, Trovidur\u00ae, Corzan\u00ae, flexible PVC, PVC-P, rigid PVC foam, lightweight PVC foam and much more. Also processing machines, welding and bending technology, welding accessories. Find out more about our many years of experience. Contact us for customized solutions.","robots":{"index":"index","follow":"follow","max-snippet":"max-snippet:-1","max-image-preview":"max-image-preview:large","max-video-preview":"max-video-preview:-1"},"canonical":"https:\/\/www.akuplastics.com\/en\/forplast-p2-automatic-welding-machine\/","schema":{"@context":"https:\/\/schema.org","@graph":[{"@type":"WebPage","@id":"https:\/\/www.akuplastics.com\/en\/forplast-p2-automatic-welding-machine\/","url":"https:\/\/www.akuplastics.com\/en\/forplast-p2-automatic-welding-machine\/","name":"FORPLAST-P2 automatic hot air welder","isPartOf":{"@id":"https:\/\/www.akuplastics.com\/en\/#website"},"primaryImageOfPage":{"@id":"https:\/\/www.akuplastics.com\/en\/forplast-p2-automatic-welding-machine\/#primaryimage"},"image":{"@id":"https:\/\/www.akuplastics.com\/en\/forplast-p2-automatic-welding-machine\/#primaryimage"},"thumbnailUrl":"https:\/\/www.akuplastics.com\/wp-content\/uploads\/2021\/06\/Forplast-P2-001-1-300x201.jpg","datePublished":"2021-06-20T12:02:52+00:00","dateModified":"2025-02-18T17:38:50+00:00","description":"The new FORPLAST-P2 automatic welding machine is the powerful universal device for welding all types of truck tarpaulins, weldable tent and awning fabrics. Welcome to AKUPLASTICS, your reliable partner for high-quality semi-finished and finished parts. Wide range from sheets to welding machines, PVC to PTFE. Discover solutions in rigid PVC, PVC-U, PVC-HI, PVC-ELS, PVC-C, C-PVC, CPVC, Trovidur\u00ae, Corzan\u00ae, flexible PVC, PVC-P, rigid PVC foam, lightweight PVC foam and much more. Also processing machines, welding and bending technology, welding accessories. Find out more about our many years of experience. Contact us for customized solutions.","breadcrumb":{"@id":"https:\/\/www.akuplastics.com\/en\/forplast-p2-automatic-welding-machine\/#breadcrumb"},"inLanguage":"en-US","potentialAction":[{"@type":"ReadAction","target":["https:\/\/www.akuplastics.com\/en\/forplast-p2-automatic-welding-machine\/"]}]},{"@type":"ImageObject","inLanguage":"en-US","@id":"https:\/\/www.akuplastics.com\/en\/forplast-p2-automatic-welding-machine\/#primaryimage","url":"https:\/\/www.akuplastics.com\/wp-content\/uploads\/2021\/06\/Forplast-P2-001-1-300x201.jpg","contentUrl":"https:\/\/www.akuplastics.com\/wp-content\/uploads\/2021\/06\/Forplast-P2-001-1-300x201.jpg"},{"@type":"BreadcrumbList","@id":"https:\/\/www.akuplastics.com\/en\/forplast-p2-automatic-welding-machine\/#breadcrumb","itemListElement":[{"@type":"ListItem","position":1,"name":"Homepage","item":"https:\/\/www.akuplastics.com\/en\/"},{"@type":"ListItem","position":2,"name":"Forplast P2"}]},{"@type":"WebSite","@id":"https:\/\/www.akuplastics.com\/en\/#website","url":"https:\/\/www.akuplastics.com\/en\/","name":"Semi-Finished Products \u2013 Finished Parts \u2013 Ventilation Moulded Parts \u2013 Machines","description":"Halbzeuge, Halbfabrikate, Kunststoffhalbzeuge, Kunststoffhalbfabrikate","publisher":{"@id":"https:\/\/www.akuplastics.com\/en\/#organization"},"alternateName":"AKUPLASTICS \u2013 Engineering in Plastics","potentialAction":[{"@type":"SearchAction","target":{"@type":"EntryPoint","urlTemplate":"https:\/\/www.akuplastics.com\/en\/?s={search_term_string}"},"query-input":{"@type":"PropertyValueSpecification","valueRequired":true,"valueName":"search_term_string"}}],"inLanguage":"en-US"},{"@type":"Organization","@id":"https:\/\/www.akuplastics.com\/en\/#organization","name":"Ing. Christian Ahlborn e.U.","alternateName":"AKU","url":"https:\/\/www.akuplastics.com\/en\/","logo":{"@type":"ImageObject","inLanguage":"en-US","@id":"https:\/\/www.akuplastics.com\/en\/#\/schema\/logo\/image\/","url":"https:\/\/www.akuplastics.com\/wp-content\/uploads\/2020\/07\/Grafik14-inkl-r.png","contentUrl":"https:\/\/www.akuplastics.com\/wp-content\/uploads\/2020\/07\/Grafik14-inkl-r.png","width":1994,"height":743,"caption":"Ing. Christian Ahlborn e.U."},"image":{"@id":"https:\/\/www.akuplastics.com\/en\/#\/schema\/logo\/image\/"}}]}},"_links":{"self":[{"href":"https:\/\/www.akuplastics.com\/en\/wp-json\/wp\/v2\/pages\/8780","targetHints":{"allow":["GET"]}}],"collection":[{"href":"https:\/\/www.akuplastics.com\/en\/wp-json\/wp\/v2\/pages"}],"about":[{"href":"https:\/\/www.akuplastics.com\/en\/wp-json\/wp\/v2\/types\/page"}],"author":[{"embeddable":true,"href":"https:\/\/www.akuplastics.com\/en\/wp-json\/wp\/v2\/users\/2"}],"replies":[{"embeddable":true,"href":"https:\/\/www.akuplastics.com\/en\/wp-json\/wp\/v2\/comments?post=8780"}],"version-history":[{"count":16,"href":"https:\/\/www.akuplastics.com\/en\/wp-json\/wp\/v2\/pages\/8780\/revisions"}],"predecessor-version":[{"id":26147,"href":"https:\/\/www.akuplastics.com\/en\/wp-json\/wp\/v2\/pages\/8780\/revisions\/26147"}],"wp:attachment":[{"href":"https:\/\/www.akuplastics.com\/en\/wp-json\/wp\/v2\/media?parent=8780"}],"curies":[{"name":"wp","href":"https:\/\/api.w.org\/{rel}","templated":true}]}}