{"id":8779,"date":"2021-06-20T12:47:14","date_gmt":"2021-06-20T10:47:14","guid":{"rendered":"https:\/\/www.akuplastics.com\/hot-air-s\/"},"modified":"2024-02-05T08:32:43","modified_gmt":"2024-02-05T07:32:43","slug":"hot-air-plastic-welder-foil-plastic-processing","status":"publish","type":"page","link":"https:\/\/www.akuplastics.com\/en\/hot-air-plastic-welder-foil-plastic-processing\/","title":{"rendered":"Hot Air S"},"content":{"rendered":"\t\t<div data-elementor-type=\"wp-page\" data-elementor-id=\"8779\" class=\"elementor elementor-8779 elementor-4308\" data-elementor-post-type=\"page\">\n\t\t\t\t\t\t<section class=\"elementor-section elementor-top-section elementor-element elementor-element-4673035 elementor-section-boxed elementor-section-height-default elementor-section-height-default\" data-id=\"4673035\" data-element_type=\"section\" data-e-type=\"section\">\n\t\t\t\t\t\t<div class=\"elementor-container elementor-column-gap-default\">\n\t\t\t\t\t<div class=\"elementor-column elementor-col-100 elementor-top-column elementor-element elementor-element-c31397b\" data-id=\"c31397b\" data-element_type=\"column\" data-e-type=\"column\">\n\t\t\t<div class=\"elementor-widget-wrap elementor-element-populated\">\n\t\t\t\t\t\t<div class=\"elementor-element elementor-element-5f4dc1c elementor-widget elementor-widget-text-editor\" data-id=\"5f4dc1c\" data-element_type=\"widget\" data-e-type=\"widget\" data-widget_type=\"text-editor.default\">\n\t\t\t\t<div class=\"elementor-widget-container\">\n\t\t\t\t\t\t\t\t\t<h1>Hot air plastic welder for foils<\/h1>\n\t\t\t\t\t\t\t\t<\/div>\n\t\t\t\t<\/div>\n\t\t\t\t<section class=\"elementor-section elementor-inner-section elementor-element elementor-element-39bdb17 elementor-section-boxed elementor-section-height-default elementor-section-height-default\" data-id=\"39bdb17\" data-element_type=\"section\" data-e-type=\"section\">\n\t\t\t\t\t\t<div class=\"elementor-container elementor-column-gap-default\">\n\t\t\t\t\t<div class=\"elementor-column elementor-col-50 elementor-inner-column elementor-element elementor-element-d14ece5\" data-id=\"d14ece5\" data-element_type=\"column\" data-e-type=\"column\">\n\t\t\t<div class=\"elementor-widget-wrap elementor-element-populated\">\n\t\t\t\t\t\t<div class=\"elementor-element elementor-element-ca0ba62 elementor-widget elementor-widget-text-editor\" data-id=\"ca0ba62\" data-element_type=\"widget\" data-e-type=\"widget\" data-widget_type=\"text-editor.default\">\n\t\t\t\t<div class=\"elementor-widget-container\">\n\t\t\t\t\t\t\t\t\t<p>Forsthoff HOT-AIR-S enables<span style=\"color: var( --e-global-color-text ); font-family: var( --e-global-typography-text-font-family ), arial; font-size: var( --e-global-typography-text-font-size );\"><b>powerful and efficient welding<\/b> of <b>landfill liners, pond liners and heavy tarpaulins<\/b><\/span>.<span style=\"color: var( --e-global-color-text ); font-family: var( --e-global-typography-text-font-family ), arial; font-size: var( --e-global-typography-text-font-size );\"><\/p>\n<p><\/span><\/p>\n<p>The device can also be used in the automotive industry to dry out filler and <b>activate plastic parts<\/b>.<\/p>\n<p>The heating output of 3000 W 230 V is infinitely adjustable from room temperature to 700 \u00b0C.  <\/p>\n<p>The device has new and very reliable temperature electronics and, in conjunction with the 40 mm wide slot nozzle, perfect overlap welds are possible.<\/p>\n<p>The appliance is also <b>easy to service <\/b>thanks to a <b>new generation of motors<\/b> with a significantly <b>longer carbon life<\/b> of more than 1,500 hours.<\/p>\n<p>The collector brushes are also equipped with a switch-off device that prevents damage to the motor once the carbon brushes have been used up.<br \/>The <b>collector carbons <\/b>can be <b>changed several times<\/b>.  <br \/>The charcoal can be changed easily from the outside without opening the appliance.  <\/p>\n<p>Despite its <b>robustness <\/b>and <b>efficiency <\/b>, the Hot-Air S is <b>lightweight <\/b>at 1400 g with a 3 m connection cable.  <\/p>\n<p>This makes the device a <b>modern tool<\/b> that is often used in industrial operations.<\/p>\n<p><b>A comprehensive range of accessories<\/b> rounds off the use of the HOT-AIR S for welding heavy films and tarpaulins.<\/p>\n\t\t\t\t\t\t\t\t<\/div>\n\t\t\t\t<\/div>\n\t\t\t\t<div class=\"elementor-element elementor-element-c8e40fb elementor-widget elementor-widget-text-editor\" data-id=\"c8e40fb\" data-element_type=\"widget\" data-e-type=\"widget\" data-widget_type=\"text-editor.default\">\n\t\t\t\t<div class=\"elementor-widget-container\">\n\t\t\t\t\t\t\t\t\t<p><b>General information about&nbsp;<span style=\"color: var( --e-global-color-text ); font-family: var( --e-global-typography-text-font-family ), arial; font-size: var( --e-global-typography-text-font-size );\">Hot-air plastic welding machines<\/span>.<span style=\"color: var( --e-global-color-text ); font-family: var( --e-global-typography-text-font-family ), arial; font-size: var( --e-global-typography-text-font-size );\"><br><\/span><\/b><span style=\"color: var( --e-global-color-text ); font-family: var( --e-global-typography-text-font-family ), arial; font-size: var( --e-global-typography-text-font-size ); font-weight: var( --e-global-typography-text-font-weight );\"><br>A hot air plastic welding machine is a specialized <\/span><span style=\"color: var( --e-global-color-text ); font-family: var( --e-global-typography-text-font-family ), arial; font-size: var( --e-global-typography-text-font-size );\">\n  <b>specialized machine tool<\/b>\n<\/span><span style=\"color: var( --e-global-color-text ); font-family: var( --e-global-typography-text-font-family ), arial; font-size: var( --e-global-typography-text-font-size ); font-weight: var( --e-global-typography-text-font-weight );\">that is used for welding plastics using hot air. <br>This device plays an important role in various industries, including plastics processing, construction, automotive and many others, where precise and reliable welded joints are required. <br><\/span><strong style=\"color: var( --e-global-color-text ); font-family: var( --e-global-typography-text-font-family ), arial; font-size: var( --e-global-typography-text-font-size );\"><br>How it works:<br><\/strong><span style=\"color: var( --e-global-color-text ); font-family: var( --e-global-typography-text-font-family ), arial; font-size: var( --e-global-typography-text-font-size ); font-weight: var( --e-global-typography-text-font-weight );\"><br><\/span><\/p>\n<p>A hot air plastic welder <b>works on the basis of hot air welding technology<\/b>.<br>It <b>generates a controlled air flow<\/b> that is directed through a heating element.  <\/p>\n<p>The heated air is then directed onto the plastic surfaces to be welded.  <br><br><b>Heating melts the plastics at the contact points<\/b>, and a solid weld seam is formed after cooling.<br><br><\/p>\n<p><strong>Features of a hot air plastic welder:<br><br><\/strong><\/p>\n<ul>\n<li>\n<p><strong>Temperature control:<\/strong> <br>Modern devices have precise temperature controls that make it possible to set the optimum welding temperature for different plastic materials.<\/p>\n<\/li>\n<li>\n<p><strong>Air flow control:<\/strong> <br>The ability to control the air flow ensures even distribution of the heated air over the surfaces to be welded.<\/p>\n<\/li>\n<li>\n<p><strong>Hand-guided models:<\/strong> <br>Some devices are hand-held and allow the operator to direct the hot air precisely to the desired areas.<\/p>\n<\/li>\n<li>\n<p><strong>Stationary models:<\/strong> <br>Stationary models can be integrated into production lines to enable automated welding of plastic components.<\/p>\n<\/li>\n<li>\n<p><strong>Versatility:<\/strong> <br>A hot air plastic welding machine should be versatile and be able to adapt to different plastic materials and welding requirements.<\/p>\n<\/li>\n<li>\n<p><strong>Security functions:<\/strong> <br>The appliances can be equipped with safety features such as overheating protection and automatic switch-off to ensure safe operation.<br><br><\/p>\n<\/li>\n<\/ul>\n<p><strong>Applications of a hot air plastic welding machine:<br><br><\/strong><\/p>\n<ul>\n<li>\n<p><strong>Plastics processing:<\/strong> <br>In the plastics industry, the hot air plastic welder is used to manufacture products such as containers, tanks, pipes and other plastic components.<\/p>\n<\/li>\n<li>\n<p><strong>Construction:<\/strong> <br>In construction applications, the device is used for welding plastic seals, tarpaulins and other construction elements.<\/p>\n<\/li>\n<li>\n<p><strong>Automotive industry:<\/strong> <br>In vehicle manufacturing, the hot-air plastic welder can be used to repair plastic parts such as bumpers or dashboards.<\/p>\n<\/li>\n<li>\n<p><strong>Repair and maintenance:<\/strong> <br>It is also used for the repair and maintenance of plastic products in various industries.<br><br><\/p>\n<\/li>\n<\/ul>\n<p>A <b>hot air plastic welder is a versatile tool<\/b> that is characterized by <b>precision and efficiency<\/b> and supports a <b>wide range of applications in plastics processing<\/b>.<\/p>\t\t\t\t\t\t\t\t<\/div>\n\t\t\t\t<\/div>\n\t\t\t\t\t<\/div>\n\t\t<\/div>\n\t\t\t\t<div class=\"elementor-column elementor-col-50 elementor-inner-column elementor-element elementor-element-a298789\" data-id=\"a298789\" data-element_type=\"column\" data-e-type=\"column\">\n\t\t\t<div class=\"elementor-widget-wrap elementor-element-populated\">\n\t\t\t\t\t\t<div class=\"elementor-element elementor-element-7afd261 elementor-invisible elementor-widget elementor-widget-image\" data-id=\"7afd261\" data-element_type=\"widget\" data-e-type=\"widget\" data-settings=\"{&quot;_animation&quot;:&quot;fadeInDown&quot;}\" data-widget_type=\"image.default\">\n\t\t\t\t<div class=\"elementor-widget-container\">\n\t\t\t\t\t\t\t\t\t\t\t\t<figure class=\"wp-caption\">\n\t\t\t\t\t\t\t\t\t\t<img loading=\"lazy\" decoding=\"async\" width=\"300\" height=\"209\" src=\"https:\/\/www.akuplastics.com\/wp-content\/uploads\/2020\/07\/HotAir-S-2-300x209.jpg\" class=\"attachment-medium size-medium wp-image-7743\" alt=\"Hei\u00dfluft Kunststoff Schwei\u00dfger\u00e4t f\u00fcr Folien\" srcset=\"https:\/\/www.akuplastics.com\/wp-content\/uploads\/2020\/07\/HotAir-S-2-300x209.jpg 300w, https:\/\/www.akuplastics.com\/wp-content\/uploads\/2020\/07\/HotAir-S-2-1024x715.jpg 1024w, https:\/\/www.akuplastics.com\/wp-content\/uploads\/2020\/07\/HotAir-S-2-768x536.jpg 768w, https:\/\/www.akuplastics.com\/wp-content\/uploads\/2020\/07\/HotAir-S-2-1536x1072.jpg 1536w, https:\/\/www.akuplastics.com\/wp-content\/uploads\/2020\/07\/HotAir-S-2-2048x1429.jpg 2048w, https:\/\/www.akuplastics.com\/wp-content\/uploads\/2020\/07\/HotAir-S-2-1200x837.jpg 1200w, https:\/\/www.akuplastics.com\/wp-content\/uploads\/2020\/07\/HotAir-S-2-1980x1382.jpg 1980w\" sizes=\"auto, (max-width: 300px) 100vw, 300px\" \/>\t\t\t\t\t\t\t\t\t\t\t<figcaption class=\"widget-image-caption wp-caption-text\">Hot air plastic welding device for foils HotAir-S 2<\/figcaption>\n\t\t\t\t\t\t\t\t\t\t<\/figure>\n\t\t\t\t\t\t\t\t\t<\/div>\n\t\t\t\t<\/div>\n\t\t\t\t\t<\/div>\n\t\t<\/div>\n\t\t\t\t\t<\/div>\n\t\t<\/section>\n\t\t\t\t\t<\/div>\n\t\t<\/div>\n\t\t\t\t\t<\/div>\n\t\t<\/section>\n\t\t\t\t<\/div>\n\t\t","protected":false},"excerpt":{"rendered":"<p>Hot air plastic welder for foils Forsthoff HOT-AIR-S enablespowerful and efficient welding of landfill liners, pond liners and heavy tarpaulins. The device can also be used in the automotive industry to dry out filler and activate plastic parts. The heating output of 3000 W 230 V is infinitely adjustable from room temperature to 700 \u00b0C. [&hellip;]<\/p>\n","protected":false},"author":2,"featured_media":0,"parent":0,"menu_order":0,"comment_status":"closed","ping_status":"closed","template":"elementor_header_footer","meta":{"iawp_total_views":132,"footnotes":""},"class_list":["post-8779","page","type-page","status-publish","hentry"],"yoast_head":"<!-- This site is optimized with the Yoast SEO Premium plugin v27.4 (Yoast SEO v27.5) - https:\/\/yoast.com\/product\/yoast-seo-premium-wordpress\/ -->\n<title>Hot air plastic welding machine Foil plastic processing<\/title>\n<meta name=\"description\" content=\"Forsthoff HOT-AIR-S enables powerful and efficient welding of landfill liners, pond liners and heavy tarpaulins.the device can also be used in the automotive industry for drying out filler and activating plastic parts.the heating power of 3000 W 230 V is infinitely adjustable from room temperature to 700 \u00b0C.the device has new and very reliable temperature electronics and, in conjunction with the 40 mm wide slot nozzle, perfect overlap welds are possible.\" \/>\n<meta name=\"robots\" content=\"index, follow, max-snippet:-1, max-image-preview:large, max-video-preview:-1\" \/>\n<link rel=\"canonical\" href=\"https:\/\/www.akuplastics.com\/en\/hot-air-plastic-welder-foil-plastic-processing\/\" \/>\n<script type=\"application\/ld+json\" class=\"yoast-schema-graph\">{\"@context\":\"https:\\\/\\\/schema.org\",\"@graph\":[{\"@type\":\"WebPage\",\"@id\":\"https:\\\/\\\/www.akuplastics.com\\\/en\\\/hot-air-plastic-welder-foil-plastic-processing\\\/\",\"url\":\"https:\\\/\\\/www.akuplastics.com\\\/en\\\/hot-air-plastic-welder-foil-plastic-processing\\\/\",\"name\":\"Hot air plastic welding machine Foil plastic processing\",\"isPartOf\":{\"@id\":\"https:\\\/\\\/www.akuplastics.com\\\/en\\\/#website\"},\"primaryImageOfPage\":{\"@id\":\"https:\\\/\\\/www.akuplastics.com\\\/en\\\/hot-air-plastic-welder-foil-plastic-processing\\\/#primaryimage\"},\"image\":{\"@id\":\"https:\\\/\\\/www.akuplastics.com\\\/en\\\/hot-air-plastic-welder-foil-plastic-processing\\\/#primaryimage\"},\"thumbnailUrl\":\"https:\\\/\\\/www.akuplastics.com\\\/wp-content\\\/uploads\\\/2020\\\/07\\\/HotAir-S-2-300x209.jpg\",\"datePublished\":\"2021-06-20T10:47:14+00:00\",\"dateModified\":\"2024-02-05T07:32:43+00:00\",\"description\":\"Forsthoff HOT-AIR-S enables powerful and efficient welding of landfill liners, pond liners and heavy tarpaulins.the device can also be used in the automotive industry for drying out filler and activating plastic parts.the heating power of 3000 W 230 V is infinitely adjustable from room temperature to 700 \u00b0C.the device has new and very reliable temperature electronics and, in conjunction with the 40 mm wide slot nozzle, perfect overlap welds are possible.\",\"breadcrumb\":{\"@id\":\"https:\\\/\\\/www.akuplastics.com\\\/en\\\/hot-air-plastic-welder-foil-plastic-processing\\\/#breadcrumb\"},\"inLanguage\":\"en-US\",\"potentialAction\":[{\"@type\":\"ReadAction\",\"target\":[\"https:\\\/\\\/www.akuplastics.com\\\/en\\\/hot-air-plastic-welder-foil-plastic-processing\\\/\"]}]},{\"@type\":\"ImageObject\",\"inLanguage\":\"en-US\",\"@id\":\"https:\\\/\\\/www.akuplastics.com\\\/en\\\/hot-air-plastic-welder-foil-plastic-processing\\\/#primaryimage\",\"url\":\"https:\\\/\\\/www.akuplastics.com\\\/wp-content\\\/uploads\\\/2020\\\/07\\\/HotAir-S-2-300x209.jpg\",\"contentUrl\":\"https:\\\/\\\/www.akuplastics.com\\\/wp-content\\\/uploads\\\/2020\\\/07\\\/HotAir-S-2-300x209.jpg\"},{\"@type\":\"BreadcrumbList\",\"@id\":\"https:\\\/\\\/www.akuplastics.com\\\/en\\\/hot-air-plastic-welder-foil-plastic-processing\\\/#breadcrumb\",\"itemListElement\":[{\"@type\":\"ListItem\",\"position\":1,\"name\":\"Homepage\",\"item\":\"https:\\\/\\\/www.akuplastics.com\\\/en\\\/\"},{\"@type\":\"ListItem\",\"position\":2,\"name\":\"Hot Air S\"}]},{\"@type\":\"WebSite\",\"@id\":\"https:\\\/\\\/www.akuplastics.com\\\/en\\\/#website\",\"url\":\"https:\\\/\\\/www.akuplastics.com\\\/en\\\/\",\"name\":\"Semi-Finished Products \u2013 Finished Parts \u2013 Ventilation Moulded Parts \u2013 Machines\",\"description\":\"Halbzeuge, Halbfabrikate, Kunststoffhalbzeuge, Kunststoffhalbfabrikate\",\"publisher\":{\"@id\":\"https:\\\/\\\/www.akuplastics.com\\\/en\\\/#organization\"},\"alternateName\":\"AKUPLASTICS \u2013 Engineering in Plastics\",\"potentialAction\":[{\"@type\":\"SearchAction\",\"target\":{\"@type\":\"EntryPoint\",\"urlTemplate\":\"https:\\\/\\\/www.akuplastics.com\\\/en\\\/?s={search_term_string}\"},\"query-input\":{\"@type\":\"PropertyValueSpecification\",\"valueRequired\":true,\"valueName\":\"search_term_string\"}}],\"inLanguage\":\"en-US\"},{\"@type\":\"Organization\",\"@id\":\"https:\\\/\\\/www.akuplastics.com\\\/en\\\/#organization\",\"name\":\"Ing. Christian Ahlborn e.U.\",\"alternateName\":\"AKU\",\"url\":\"https:\\\/\\\/www.akuplastics.com\\\/en\\\/\",\"logo\":{\"@type\":\"ImageObject\",\"inLanguage\":\"en-US\",\"@id\":\"https:\\\/\\\/www.akuplastics.com\\\/en\\\/#\\\/schema\\\/logo\\\/image\\\/\",\"url\":\"https:\\\/\\\/www.akuplastics.com\\\/wp-content\\\/uploads\\\/2020\\\/07\\\/Grafik14-inkl-r.png\",\"contentUrl\":\"https:\\\/\\\/www.akuplastics.com\\\/wp-content\\\/uploads\\\/2020\\\/07\\\/Grafik14-inkl-r.png\",\"width\":1994,\"height\":743,\"caption\":\"Ing. Christian Ahlborn e.U.\"},\"image\":{\"@id\":\"https:\\\/\\\/www.akuplastics.com\\\/en\\\/#\\\/schema\\\/logo\\\/image\\\/\"}}]}<\/script>\n<!-- \/ Yoast SEO Premium plugin. -->","yoast_head_json":{"title":"Hot air plastic welding machine Foil plastic processing","description":"Forsthoff HOT-AIR-S enables powerful and efficient welding of landfill liners, pond liners and heavy tarpaulins.the device can also be used in the automotive industry for drying out filler and activating plastic parts.the heating power of 3000 W 230 V is infinitely adjustable from room temperature to 700 \u00b0C.the device has new and very reliable temperature electronics and, in conjunction with the 40 mm wide slot nozzle, perfect overlap welds are possible.","robots":{"index":"index","follow":"follow","max-snippet":"max-snippet:-1","max-image-preview":"max-image-preview:large","max-video-preview":"max-video-preview:-1"},"canonical":"https:\/\/www.akuplastics.com\/en\/hot-air-plastic-welder-foil-plastic-processing\/","schema":{"@context":"https:\/\/schema.org","@graph":[{"@type":"WebPage","@id":"https:\/\/www.akuplastics.com\/en\/hot-air-plastic-welder-foil-plastic-processing\/","url":"https:\/\/www.akuplastics.com\/en\/hot-air-plastic-welder-foil-plastic-processing\/","name":"Hot air plastic welding machine Foil plastic processing","isPartOf":{"@id":"https:\/\/www.akuplastics.com\/en\/#website"},"primaryImageOfPage":{"@id":"https:\/\/www.akuplastics.com\/en\/hot-air-plastic-welder-foil-plastic-processing\/#primaryimage"},"image":{"@id":"https:\/\/www.akuplastics.com\/en\/hot-air-plastic-welder-foil-plastic-processing\/#primaryimage"},"thumbnailUrl":"https:\/\/www.akuplastics.com\/wp-content\/uploads\/2020\/07\/HotAir-S-2-300x209.jpg","datePublished":"2021-06-20T10:47:14+00:00","dateModified":"2024-02-05T07:32:43+00:00","description":"Forsthoff HOT-AIR-S enables powerful and efficient welding of landfill liners, pond liners and heavy tarpaulins.the device can also be used in the automotive industry for drying out filler and activating plastic parts.the heating power of 3000 W 230 V is infinitely adjustable from room temperature to 700 \u00b0C.the device has new and very reliable temperature electronics and, in conjunction with the 40 mm wide slot nozzle, perfect overlap welds are possible.","breadcrumb":{"@id":"https:\/\/www.akuplastics.com\/en\/hot-air-plastic-welder-foil-plastic-processing\/#breadcrumb"},"inLanguage":"en-US","potentialAction":[{"@type":"ReadAction","target":["https:\/\/www.akuplastics.com\/en\/hot-air-plastic-welder-foil-plastic-processing\/"]}]},{"@type":"ImageObject","inLanguage":"en-US","@id":"https:\/\/www.akuplastics.com\/en\/hot-air-plastic-welder-foil-plastic-processing\/#primaryimage","url":"https:\/\/www.akuplastics.com\/wp-content\/uploads\/2020\/07\/HotAir-S-2-300x209.jpg","contentUrl":"https:\/\/www.akuplastics.com\/wp-content\/uploads\/2020\/07\/HotAir-S-2-300x209.jpg"},{"@type":"BreadcrumbList","@id":"https:\/\/www.akuplastics.com\/en\/hot-air-plastic-welder-foil-plastic-processing\/#breadcrumb","itemListElement":[{"@type":"ListItem","position":1,"name":"Homepage","item":"https:\/\/www.akuplastics.com\/en\/"},{"@type":"ListItem","position":2,"name":"Hot Air S"}]},{"@type":"WebSite","@id":"https:\/\/www.akuplastics.com\/en\/#website","url":"https:\/\/www.akuplastics.com\/en\/","name":"Semi-Finished Products \u2013 Finished Parts \u2013 Ventilation Moulded Parts \u2013 Machines","description":"Halbzeuge, Halbfabrikate, Kunststoffhalbzeuge, Kunststoffhalbfabrikate","publisher":{"@id":"https:\/\/www.akuplastics.com\/en\/#organization"},"alternateName":"AKUPLASTICS \u2013 Engineering in Plastics","potentialAction":[{"@type":"SearchAction","target":{"@type":"EntryPoint","urlTemplate":"https:\/\/www.akuplastics.com\/en\/?s={search_term_string}"},"query-input":{"@type":"PropertyValueSpecification","valueRequired":true,"valueName":"search_term_string"}}],"inLanguage":"en-US"},{"@type":"Organization","@id":"https:\/\/www.akuplastics.com\/en\/#organization","name":"Ing. Christian Ahlborn e.U.","alternateName":"AKU","url":"https:\/\/www.akuplastics.com\/en\/","logo":{"@type":"ImageObject","inLanguage":"en-US","@id":"https:\/\/www.akuplastics.com\/en\/#\/schema\/logo\/image\/","url":"https:\/\/www.akuplastics.com\/wp-content\/uploads\/2020\/07\/Grafik14-inkl-r.png","contentUrl":"https:\/\/www.akuplastics.com\/wp-content\/uploads\/2020\/07\/Grafik14-inkl-r.png","width":1994,"height":743,"caption":"Ing. Christian Ahlborn e.U."},"image":{"@id":"https:\/\/www.akuplastics.com\/en\/#\/schema\/logo\/image\/"}}]}},"_links":{"self":[{"href":"https:\/\/www.akuplastics.com\/en\/wp-json\/wp\/v2\/pages\/8779","targetHints":{"allow":["GET"]}}],"collection":[{"href":"https:\/\/www.akuplastics.com\/en\/wp-json\/wp\/v2\/pages"}],"about":[{"href":"https:\/\/www.akuplastics.com\/en\/wp-json\/wp\/v2\/types\/page"}],"author":[{"embeddable":true,"href":"https:\/\/www.akuplastics.com\/en\/wp-json\/wp\/v2\/users\/2"}],"replies":[{"embeddable":true,"href":"https:\/\/www.akuplastics.com\/en\/wp-json\/wp\/v2\/comments?post=8779"}],"version-history":[{"count":9,"href":"https:\/\/www.akuplastics.com\/en\/wp-json\/wp\/v2\/pages\/8779\/revisions"}],"predecessor-version":[{"id":15849,"href":"https:\/\/www.akuplastics.com\/en\/wp-json\/wp\/v2\/pages\/8779\/revisions\/15849"}],"wp:attachment":[{"href":"https:\/\/www.akuplastics.com\/en\/wp-json\/wp\/v2\/media?parent=8779"}],"curies":[{"name":"wp","href":"https:\/\/api.w.org\/{rel}","templated":true}]}}