{"id":8777,"date":"2021-06-23T14:15:13","date_gmt":"2021-06-23T12:15:13","guid":{"rendered":"https:\/\/www.akuplastics.com\/welding-nozzles\/"},"modified":"2024-02-07T09:04:45","modified_gmt":"2024-02-07T08:04:45","slug":"welding-nozzles-wide-slot-nozzles-air-heaters-hot-air-welding-units-round-nozzles","status":"publish","type":"page","link":"https:\/\/www.akuplastics.com\/en\/machines-appliances-plastics-locksmiths-fabricators-tank-builders\/welding-nozzles-wide-slot-nozzles-air-heaters-hot-air-welding-units-round-nozzles\/","title":{"rendered":"Welding nozzles"},"content":{"rendered":"\t\t<div data-elementor-type=\"wp-page\" data-elementor-id=\"8777\" class=\"elementor elementor-8777 elementor-4618\" data-elementor-post-type=\"page\">\n\t\t\t\t\t\t<section class=\"elementor-section elementor-top-section elementor-element elementor-element-484da44 elementor-section-boxed elementor-section-height-default elementor-section-height-default\" data-id=\"484da44\" data-element_type=\"section\" data-e-type=\"section\">\n\t\t\t\t\t\t<div class=\"elementor-container elementor-column-gap-default\">\n\t\t\t\t\t<div class=\"elementor-column elementor-col-100 elementor-top-column elementor-element elementor-element-b6f7752\" data-id=\"b6f7752\" data-element_type=\"column\" data-e-type=\"column\">\n\t\t\t<div class=\"elementor-widget-wrap elementor-element-populated\">\n\t\t\t\t\t\t<div class=\"elementor-element elementor-element-f4fd586 elementor-widget elementor-widget-text-editor\" data-id=\"f4fd586\" data-element_type=\"widget\" data-e-type=\"widget\" data-settings=\"{&quot;_animation&quot;:&quot;none&quot;}\" data-widget_type=\"text-editor.default\">\n\t\t\t\t<div class=\"elementor-widget-container\">\n\t\t\t\t\t\t\t\t\t<h1>Welding nozzles for hot gas welding<\/h1>\n\t\t\t\t\t\t\t\t<\/div>\n\t\t\t\t<\/div>\n\t\t\t\t<section class=\"elementor-section elementor-inner-section elementor-element elementor-element-85e3c2f elementor-section-boxed elementor-section-height-default elementor-section-height-default\" data-id=\"85e3c2f\" data-element_type=\"section\" data-e-type=\"section\">\n\t\t\t\t\t\t<div class=\"elementor-container elementor-column-gap-default\">\n\t\t\t\t\t<div class=\"elementor-column elementor-col-50 elementor-inner-column elementor-element elementor-element-b394150\" data-id=\"b394150\" data-element_type=\"column\" data-e-type=\"column\">\n\t\t\t<div class=\"elementor-widget-wrap elementor-element-populated\">\n\t\t\t\t\t\t<div class=\"elementor-element elementor-element-08248ce elementor-widget elementor-widget-text-editor\" data-id=\"08248ce\" data-element_type=\"widget\" data-e-type=\"widget\" data-settings=\"{&quot;_animation&quot;:&quot;none&quot;}\" data-widget_type=\"text-editor.default\">\n\t\t\t\t<div class=\"elementor-widget-container\">\n\t\t\t\t\t\t\t\t\t<p>In order to weld thermoplastics professionally using hot air or hot gas and auxiliary wires, it is necessary to use welding nozzles that are precisely matched to the device and the application.<\/p>\n<p>Both&nbsp;<strong>high precision in nozzle production<\/strong> and&nbsp;<strong>distortion-free stainless steel are<\/strong>&nbsp;in conjunction with our welding equipment a&nbsp;<strong>guarantee of success<\/strong>.<br><br><\/p>\n<p>We carry an extensive range of different&nbsp;<strong>Welding nozzles in screwable&nbsp;<\/strong><strong>(M10 thread) or&nbsp;<\/strong>in<strong>&nbsp;pluggable version<\/strong>.<strong><br><\/strong><br>There are&nbsp;<strong>Round nozzles<\/strong>&nbsp;for fan welding,&nbsp;<strong>Tack welding nozzles&nbsp;<\/strong>or <b>nozzles for draw welding<\/b><strong>(fast welding nozzles)<\/strong>&nbsp;of round wires or differently shaped triangular wires are available.<br><br>For all our welding machines we also supply suitable&nbsp;<strong>Wide-slot nozzles<\/strong>&nbsp;in various designs and sizes.<\/p>\n<p>However, the use of certain nozzles <b>in conjunction with air heaters or hot air welders<\/b> is not only aimed at <b>welding thermoplastics<\/b>, but <b>also allows for<\/b> the <b>welding of thermoplastics<\/b>:<\/p><p><br><\/p>\n<ul>\n<li>Removal of old paints and varnishes<br><\/li>\n<li>Drying of non-combustible surfaces<br><\/li>\n<li>Heating of thermoplastics for shaping or bending Shrinking of labels<br><\/li>\n<li>Activation of adhesives<br><\/li>\n<li>Release of adhesive bonds based on solvent-free hot-melt adhesives.<\/li>\n<\/ul>\t\t\t\t\t\t\t\t<\/div>\n\t\t\t\t<\/div>\n\t\t\t\t<div class=\"elementor-element elementor-element-ba565a6 elementor-widget elementor-widget-text-editor\" data-id=\"ba565a6\" data-element_type=\"widget\" data-e-type=\"widget\" data-widget_type=\"text-editor.default\">\n\t\t\t\t<div class=\"elementor-widget-container\">\n\t\t\t\t\t\t\t\t\t<p>Welding nozzles for plastics are therefore tools that are used in plastics processing to join plastic materials together by welding.  <br \/>These nozzles enable the targeted heating and fusion of plastics, resulting in stable and durable welded joints.<\/p>\n<p>Features and functions of welding nozzles for plastics:<\/p>\n<p><strong>Properties:<\/strong><\/p>\n<ul>\n<li>\n<p><strong>Material selection:<\/strong> Welding nozzles for plastics are made from materials that have excellent heat resistance and chemical resistance to meet the requirements of different types of plastic.<\/p>\n<\/li>\n<li>\n<p><strong>Shapes and sizes:<\/strong> There are different shapes and sizes of welding nozzles that can be adapted to specific applications and plastic materials.<\/p>\n<\/li>\n<\/ul>\n<p><strong>Functions:<\/strong><\/p>\n<ul>\n<li>\n<p><strong>Precise heating:<\/strong> <br \/>The main function of welding nozzles for plastics is to enable precise heating of the plastic material in order to achieve optimum fusion.<\/p>\n<\/li>\n<li>\n<p><strong>Controlled welding temperature:<\/strong> Temperature control allows welding nozzles to maintain the optimum welding temperature to prevent overheating or uneven fusion.<\/p>\n<\/li>\n<li>\n<p><strong>Targeted fusion:<\/strong> The nozzles enable targeted fusion of the plastic surfaces, resulting in strong and reliable welded joints.<\/p>\n<\/li>\n<li>\n<p><strong>Adaptability:<\/strong> Welding nozzles for plastics can be adapted depending on the type of plastic material, the thickness and the desired welded joint.<\/p>\n<\/li>\n<\/ul>\n<p><strong>Applications:<\/strong><\/p>\n<ul>\n<li>\n<p><strong>Plastic welding:<\/strong> <br \/>Welding nozzles are mainly used in various plastic welding applications, from the manufacture of plastic containers to the production of components.<\/p>\n<\/li>\n<li>\n<p><strong>Film sealing:<\/strong> <br \/>In the packaging industry, welding nozzles are used to seal plastic films together to produce packaging.<\/p>\n<\/li>\n<li>\n<p><strong>Automotive industry:<\/strong> <br \/>Welding nozzles for plastics are used in the automotive industry to weld plastic components such as bumpers or interior trim.<\/p>\n<\/li>\n<li>\n<p><strong>Medical applications:<br \/><\/strong>In the manufacture of medical devices and packaging, welding nozzles play a role in the joining of medically safe plastics.<\/p>\n<\/li>\n<li>\n<p><strong>Construction:<\/strong> <br \/>Welding nozzles are used in the construction industry to weld plastics for waterproof applications or structural components.<\/p>\n<\/li>\n<\/ul>\n<p>Welding nozzles for plastics are <b>important tools in plastics processing<\/b> as they provide <b>precise control<\/b> over the welding process.  <\/p>\n<p>Thanks to their <b>adaptability and effectiveness<\/b>, they help to create <b>durable and reliable plastic welded joints<\/b>.<\/p>\n\t\t\t\t\t\t\t\t<\/div>\n\t\t\t\t<\/div>\n\t\t\t\t\t<\/div>\n\t\t<\/div>\n\t\t\t\t<div class=\"elementor-column elementor-col-50 elementor-inner-column elementor-element elementor-element-cb77e1f\" data-id=\"cb77e1f\" data-element_type=\"column\" data-e-type=\"column\">\n\t\t\t<div class=\"elementor-widget-wrap elementor-element-populated\">\n\t\t\t\t\t\t<div class=\"elementor-element elementor-element-b1c6e69 elementor-invisible elementor-widget elementor-widget-image\" data-id=\"b1c6e69\" data-element_type=\"widget\" data-e-type=\"widget\" data-settings=\"{&quot;_animation&quot;:&quot;fadeInDown&quot;}\" data-widget_type=\"image.default\">\n\t\t\t\t<div class=\"elementor-widget-container\">\n\t\t\t\t\t\t\t\t\t\t\t\t<figure class=\"wp-caption\">\n\t\t\t\t\t\t\t\t\t\t<img loading=\"lazy\" decoding=\"async\" width=\"300\" height=\"217\" src=\"https:\/\/www.akuplastics.com\/wp-content\/uploads\/2021\/06\/Warmgasduesen-300x217.jpg\" class=\"attachment-medium size-medium wp-image-8023\" alt=\"Schwei\u00dfd\u00fcsen\" srcset=\"https:\/\/www.akuplastics.com\/wp-content\/uploads\/2021\/06\/Warmgasduesen-300x217.jpg 300w, https:\/\/www.akuplastics.com\/wp-content\/uploads\/2021\/06\/Warmgasduesen.jpg 400w\" sizes=\"auto, (max-width: 300px) 100vw, 300px\" \/>\t\t\t\t\t\t\t\t\t\t\t<figcaption class=\"widget-image-caption wp-caption-text\">Welding nozzles Hot gas nozzles  <\/figcaption>\n\t\t\t\t\t\t\t\t\t\t<\/figure>\n\t\t\t\t\t\t\t\t\t<\/div>\n\t\t\t\t<\/div>\n\t\t\t\t<div class=\"elementor-element elementor-element-eb7f315 elementor-invisible elementor-widget elementor-widget-image\" data-id=\"eb7f315\" data-element_type=\"widget\" data-e-type=\"widget\" data-settings=\"{&quot;_animation&quot;:&quot;fadeInRight&quot;}\" data-widget_type=\"image.default\">\n\t\t\t\t<div class=\"elementor-widget-container\">\n\t\t\t\t\t\t\t\t\t\t\t\t<figure class=\"wp-caption\">\n\t\t\t\t\t\t\t\t\t\t<img loading=\"lazy\" decoding=\"async\" width=\"300\" height=\"282\" src=\"https:\/\/www.akuplastics.com\/wp-content\/uploads\/2021\/06\/duese1-300x282.jpg\" class=\"attachment-medium size-medium wp-image-8024\" alt=\"Schwei\u00dfd\u00fcse Warmgasd\u00fcse\" srcset=\"https:\/\/www.akuplastics.com\/wp-content\/uploads\/2021\/06\/duese1-300x282.jpg 300w, https:\/\/www.akuplastics.com\/wp-content\/uploads\/2021\/06\/duese1.jpg 400w\" sizes=\"auto, (max-width: 300px) 100vw, 300px\" \/>\t\t\t\t\t\t\t\t\t\t\t<figcaption class=\"widget-image-caption wp-caption-text\">Welding nozzle Hot gas nozzle<\/figcaption>\n\t\t\t\t\t\t\t\t\t\t<\/figure>\n\t\t\t\t\t\t\t\t\t<\/div>\n\t\t\t\t<\/div>\n\t\t\t\t<div class=\"elementor-element elementor-element-0b3fa64 elementor-invisible elementor-widget elementor-widget-image\" data-id=\"0b3fa64\" data-element_type=\"widget\" data-e-type=\"widget\" data-settings=\"{&quot;_animation&quot;:&quot;fadeInRight&quot;}\" data-widget_type=\"image.default\">\n\t\t\t\t<div class=\"elementor-widget-container\">\n\t\t\t\t\t\t\t\t\t\t\t\t<figure class=\"wp-caption\">\n\t\t\t\t\t\t\t\t\t\t<img loading=\"lazy\" decoding=\"async\" width=\"300\" height=\"291\" src=\"https:\/\/www.akuplastics.com\/wp-content\/uploads\/2021\/06\/duese2-300x291.jpg\" class=\"attachment-medium size-medium wp-image-8025\" alt=\"Schwei\u00dfd\u00fcse Warmgasd\u00fcse\" srcset=\"https:\/\/www.akuplastics.com\/wp-content\/uploads\/2021\/06\/duese2-300x291.jpg 300w, https:\/\/www.akuplastics.com\/wp-content\/uploads\/2021\/06\/duese2.jpg 400w\" sizes=\"auto, (max-width: 300px) 100vw, 300px\" \/>\t\t\t\t\t\t\t\t\t\t\t<figcaption class=\"widget-image-caption wp-caption-text\">Welding nozzle Hot gas nozzle<\/figcaption>\n\t\t\t\t\t\t\t\t\t\t<\/figure>\n\t\t\t\t\t\t\t\t\t<\/div>\n\t\t\t\t<\/div>\n\t\t\t\t<div class=\"elementor-element elementor-element-f4da035 elementor-invisible elementor-widget elementor-widget-image\" data-id=\"f4da035\" data-element_type=\"widget\" data-e-type=\"widget\" data-settings=\"{&quot;_animation&quot;:&quot;fadeInUp&quot;}\" data-widget_type=\"image.default\">\n\t\t\t\t<div class=\"elementor-widget-container\">\n\t\t\t\t\t\t\t\t\t\t\t\t<figure class=\"wp-caption\">\n\t\t\t\t\t\t\t\t\t\t<img loading=\"lazy\" decoding=\"async\" width=\"300\" height=\"260\" src=\"https:\/\/www.akuplastics.com\/wp-content\/uploads\/2021\/06\/duese3-300x260.jpg\" class=\"attachment-medium size-medium wp-image-8020\" alt=\"Schwei\u00dfd\u00fcse Warmgasd\u00fcse\" srcset=\"https:\/\/www.akuplastics.com\/wp-content\/uploads\/2021\/06\/duese3-300x260.jpg 300w, https:\/\/www.akuplastics.com\/wp-content\/uploads\/2021\/06\/duese3.jpg 400w\" sizes=\"auto, (max-width: 300px) 100vw, 300px\" \/>\t\t\t\t\t\t\t\t\t\t\t<figcaption class=\"widget-image-caption wp-caption-text\">Welding nozzle Hot gas nozzle<\/figcaption>\n\t\t\t\t\t\t\t\t\t\t<\/figure>\n\t\t\t\t\t\t\t\t\t<\/div>\n\t\t\t\t<\/div>\n\t\t\t\t\t<\/div>\n\t\t<\/div>\n\t\t\t\t\t<\/div>\n\t\t<\/section>\n\t\t\t\t\t<\/div>\n\t\t<\/div>\n\t\t\t\t\t<\/div>\n\t\t<\/section>\n\t\t\t\t<\/div>\n\t\t","protected":false},"excerpt":{"rendered":"<p>Welding nozzles for hot gas welding In order to weld thermoplastics professionally using hot air or hot gas and auxiliary wires, it is necessary to use welding nozzles that are precisely matched to the device and the application. Both&nbsp;high precision in nozzle production and&nbsp;distortion-free stainless steel are&nbsp;in conjunction with our welding equipment a&nbsp;guarantee of success. [&hellip;]<\/p>\n","protected":false},"author":2,"featured_media":0,"parent":8409,"menu_order":0,"comment_status":"closed","ping_status":"closed","template":"elementor_header_footer","meta":{"iawp_total_views":55,"footnotes":""},"class_list":["post-8777","page","type-page","status-publish","hentry"],"yoast_head":"<!-- This site is optimized with the Yoast SEO Premium plugin v27.4 (Yoast SEO v27.5) - https:\/\/yoast.com\/product\/yoast-seo-premium-wordpress\/ -->\n<title>Welding nozzles Wide slot nozzles Air heaters Hot air welding units Round nozzles<\/title>\n<meta name=\"description\" content=\"We stock an extensive range of different welding nozzles in screw-on (M10 thread) or plug-in versions. Round nozzles for fan welding, tacking nozzles or nozzles for draw welding (fast welding nozzles) of round wires or differently shaped triangular wires are available, and we also supply suitable wide-slot nozzles in various designs and sizes for all our welding machines.\" \/>\n<meta name=\"robots\" content=\"index, follow, max-snippet:-1, max-image-preview:large, max-video-preview:-1\" \/>\n<link rel=\"canonical\" href=\"https:\/\/www.akuplastics.com\/en\/machines-appliances-plastics-locksmiths-fabricators-tank-builders\/welding-nozzles-wide-slot-nozzles-air-heaters-hot-air-welding-units-round-nozzles\/\" \/>\n<script type=\"application\/ld+json\" class=\"yoast-schema-graph\">{\"@context\":\"https:\\\/\\\/schema.org\",\"@graph\":[{\"@type\":\"WebPage\",\"@id\":\"https:\\\/\\\/www.akuplastics.com\\\/en\\\/machines-appliances-plastics-locksmiths-fabricators-tank-builders\\\/welding-nozzles-wide-slot-nozzles-air-heaters-hot-air-welding-units-round-nozzles\\\/\",\"url\":\"https:\\\/\\\/www.akuplastics.com\\\/en\\\/machines-appliances-plastics-locksmiths-fabricators-tank-builders\\\/welding-nozzles-wide-slot-nozzles-air-heaters-hot-air-welding-units-round-nozzles\\\/\",\"name\":\"Welding nozzles Wide slot nozzles Air heaters Hot air welding units Round nozzles\",\"isPartOf\":{\"@id\":\"https:\\\/\\\/www.akuplastics.com\\\/en\\\/#website\"},\"primaryImageOfPage\":{\"@id\":\"https:\\\/\\\/www.akuplastics.com\\\/en\\\/machines-appliances-plastics-locksmiths-fabricators-tank-builders\\\/welding-nozzles-wide-slot-nozzles-air-heaters-hot-air-welding-units-round-nozzles\\\/#primaryimage\"},\"image\":{\"@id\":\"https:\\\/\\\/www.akuplastics.com\\\/en\\\/machines-appliances-plastics-locksmiths-fabricators-tank-builders\\\/welding-nozzles-wide-slot-nozzles-air-heaters-hot-air-welding-units-round-nozzles\\\/#primaryimage\"},\"thumbnailUrl\":\"https:\\\/\\\/www.akuplastics.com\\\/wp-content\\\/uploads\\\/2021\\\/06\\\/Warmgasduesen-300x217.jpg\",\"datePublished\":\"2021-06-23T12:15:13+00:00\",\"dateModified\":\"2024-02-07T08:04:45+00:00\",\"description\":\"We stock an extensive range of different welding nozzles in screw-on (M10 thread) or plug-in versions. Round nozzles for fan welding, tacking nozzles or nozzles for draw welding (fast welding nozzles) of round wires or differently shaped triangular wires are available, and we also supply suitable wide-slot nozzles in various designs and sizes for all our welding machines.\",\"breadcrumb\":{\"@id\":\"https:\\\/\\\/www.akuplastics.com\\\/en\\\/machines-appliances-plastics-locksmiths-fabricators-tank-builders\\\/welding-nozzles-wide-slot-nozzles-air-heaters-hot-air-welding-units-round-nozzles\\\/#breadcrumb\"},\"inLanguage\":\"en-US\",\"potentialAction\":[{\"@type\":\"ReadAction\",\"target\":[\"https:\\\/\\\/www.akuplastics.com\\\/en\\\/machines-appliances-plastics-locksmiths-fabricators-tank-builders\\\/welding-nozzles-wide-slot-nozzles-air-heaters-hot-air-welding-units-round-nozzles\\\/\"]}]},{\"@type\":\"ImageObject\",\"inLanguage\":\"en-US\",\"@id\":\"https:\\\/\\\/www.akuplastics.com\\\/en\\\/machines-appliances-plastics-locksmiths-fabricators-tank-builders\\\/welding-nozzles-wide-slot-nozzles-air-heaters-hot-air-welding-units-round-nozzles\\\/#primaryimage\",\"url\":\"https:\\\/\\\/www.akuplastics.com\\\/wp-content\\\/uploads\\\/2021\\\/06\\\/Warmgasduesen-300x217.jpg\",\"contentUrl\":\"https:\\\/\\\/www.akuplastics.com\\\/wp-content\\\/uploads\\\/2021\\\/06\\\/Warmgasduesen-300x217.jpg\"},{\"@type\":\"BreadcrumbList\",\"@id\":\"https:\\\/\\\/www.akuplastics.com\\\/en\\\/machines-appliances-plastics-locksmiths-fabricators-tank-builders\\\/welding-nozzles-wide-slot-nozzles-air-heaters-hot-air-welding-units-round-nozzles\\\/#breadcrumb\",\"itemListElement\":[{\"@type\":\"ListItem\",\"position\":1,\"name\":\"Homepage\",\"item\":\"https:\\\/\\\/www.akuplastics.com\\\/en\\\/\"},{\"@type\":\"ListItem\",\"position\":2,\"name\":\"Machines and devices\",\"item\":\"https:\\\/\\\/www.akuplastics.com\\\/en\\\/machines-appliances-plastics-locksmiths-fabricators-tank-builders\\\/\"},{\"@type\":\"ListItem\",\"position\":3,\"name\":\"Welding nozzles\"}]},{\"@type\":\"WebSite\",\"@id\":\"https:\\\/\\\/www.akuplastics.com\\\/en\\\/#website\",\"url\":\"https:\\\/\\\/www.akuplastics.com\\\/en\\\/\",\"name\":\"Semi-Finished Products \u2013 Finished Parts \u2013 Ventilation Moulded Parts \u2013 Machines\",\"description\":\"Halbzeuge, Halbfabrikate, Kunststoffhalbzeuge, Kunststoffhalbfabrikate\",\"publisher\":{\"@id\":\"https:\\\/\\\/www.akuplastics.com\\\/en\\\/#organization\"},\"alternateName\":\"AKUPLASTICS \u2013 Engineering in Plastics\",\"potentialAction\":[{\"@type\":\"SearchAction\",\"target\":{\"@type\":\"EntryPoint\",\"urlTemplate\":\"https:\\\/\\\/www.akuplastics.com\\\/en\\\/?s={search_term_string}\"},\"query-input\":{\"@type\":\"PropertyValueSpecification\",\"valueRequired\":true,\"valueName\":\"search_term_string\"}}],\"inLanguage\":\"en-US\"},{\"@type\":\"Organization\",\"@id\":\"https:\\\/\\\/www.akuplastics.com\\\/en\\\/#organization\",\"name\":\"Ing. Christian Ahlborn e.U.\",\"alternateName\":\"AKU\",\"url\":\"https:\\\/\\\/www.akuplastics.com\\\/en\\\/\",\"logo\":{\"@type\":\"ImageObject\",\"inLanguage\":\"en-US\",\"@id\":\"https:\\\/\\\/www.akuplastics.com\\\/en\\\/#\\\/schema\\\/logo\\\/image\\\/\",\"url\":\"https:\\\/\\\/www.akuplastics.com\\\/wp-content\\\/uploads\\\/2020\\\/07\\\/Grafik14-inkl-r.png\",\"contentUrl\":\"https:\\\/\\\/www.akuplastics.com\\\/wp-content\\\/uploads\\\/2020\\\/07\\\/Grafik14-inkl-r.png\",\"width\":1994,\"height\":743,\"caption\":\"Ing. Christian Ahlborn e.U.\"},\"image\":{\"@id\":\"https:\\\/\\\/www.akuplastics.com\\\/en\\\/#\\\/schema\\\/logo\\\/image\\\/\"}}]}<\/script>\n<!-- \/ Yoast SEO Premium plugin. -->","yoast_head_json":{"title":"Welding nozzles Wide slot nozzles Air heaters Hot air welding units Round nozzles","description":"We stock an extensive range of different welding nozzles in screw-on (M10 thread) or plug-in versions. Round nozzles for fan welding, tacking nozzles or nozzles for draw welding (fast welding nozzles) of round wires or differently shaped triangular wires are available, and we also supply suitable wide-slot nozzles in various designs and sizes for all our welding machines.","robots":{"index":"index","follow":"follow","max-snippet":"max-snippet:-1","max-image-preview":"max-image-preview:large","max-video-preview":"max-video-preview:-1"},"canonical":"https:\/\/www.akuplastics.com\/en\/machines-appliances-plastics-locksmiths-fabricators-tank-builders\/welding-nozzles-wide-slot-nozzles-air-heaters-hot-air-welding-units-round-nozzles\/","schema":{"@context":"https:\/\/schema.org","@graph":[{"@type":"WebPage","@id":"https:\/\/www.akuplastics.com\/en\/machines-appliances-plastics-locksmiths-fabricators-tank-builders\/welding-nozzles-wide-slot-nozzles-air-heaters-hot-air-welding-units-round-nozzles\/","url":"https:\/\/www.akuplastics.com\/en\/machines-appliances-plastics-locksmiths-fabricators-tank-builders\/welding-nozzles-wide-slot-nozzles-air-heaters-hot-air-welding-units-round-nozzles\/","name":"Welding nozzles Wide slot nozzles Air heaters Hot air welding units Round nozzles","isPartOf":{"@id":"https:\/\/www.akuplastics.com\/en\/#website"},"primaryImageOfPage":{"@id":"https:\/\/www.akuplastics.com\/en\/machines-appliances-plastics-locksmiths-fabricators-tank-builders\/welding-nozzles-wide-slot-nozzles-air-heaters-hot-air-welding-units-round-nozzles\/#primaryimage"},"image":{"@id":"https:\/\/www.akuplastics.com\/en\/machines-appliances-plastics-locksmiths-fabricators-tank-builders\/welding-nozzles-wide-slot-nozzles-air-heaters-hot-air-welding-units-round-nozzles\/#primaryimage"},"thumbnailUrl":"https:\/\/www.akuplastics.com\/wp-content\/uploads\/2021\/06\/Warmgasduesen-300x217.jpg","datePublished":"2021-06-23T12:15:13+00:00","dateModified":"2024-02-07T08:04:45+00:00","description":"We stock an extensive range of different welding nozzles in screw-on (M10 thread) or plug-in versions. Round nozzles for fan welding, tacking nozzles or nozzles for draw welding (fast welding nozzles) of round wires or differently shaped triangular wires are available, and we also supply suitable wide-slot nozzles in various designs and sizes for all our welding machines.","breadcrumb":{"@id":"https:\/\/www.akuplastics.com\/en\/machines-appliances-plastics-locksmiths-fabricators-tank-builders\/welding-nozzles-wide-slot-nozzles-air-heaters-hot-air-welding-units-round-nozzles\/#breadcrumb"},"inLanguage":"en-US","potentialAction":[{"@type":"ReadAction","target":["https:\/\/www.akuplastics.com\/en\/machines-appliances-plastics-locksmiths-fabricators-tank-builders\/welding-nozzles-wide-slot-nozzles-air-heaters-hot-air-welding-units-round-nozzles\/"]}]},{"@type":"ImageObject","inLanguage":"en-US","@id":"https:\/\/www.akuplastics.com\/en\/machines-appliances-plastics-locksmiths-fabricators-tank-builders\/welding-nozzles-wide-slot-nozzles-air-heaters-hot-air-welding-units-round-nozzles\/#primaryimage","url":"https:\/\/www.akuplastics.com\/wp-content\/uploads\/2021\/06\/Warmgasduesen-300x217.jpg","contentUrl":"https:\/\/www.akuplastics.com\/wp-content\/uploads\/2021\/06\/Warmgasduesen-300x217.jpg"},{"@type":"BreadcrumbList","@id":"https:\/\/www.akuplastics.com\/en\/machines-appliances-plastics-locksmiths-fabricators-tank-builders\/welding-nozzles-wide-slot-nozzles-air-heaters-hot-air-welding-units-round-nozzles\/#breadcrumb","itemListElement":[{"@type":"ListItem","position":1,"name":"Homepage","item":"https:\/\/www.akuplastics.com\/en\/"},{"@type":"ListItem","position":2,"name":"Machines and devices","item":"https:\/\/www.akuplastics.com\/en\/machines-appliances-plastics-locksmiths-fabricators-tank-builders\/"},{"@type":"ListItem","position":3,"name":"Welding nozzles"}]},{"@type":"WebSite","@id":"https:\/\/www.akuplastics.com\/en\/#website","url":"https:\/\/www.akuplastics.com\/en\/","name":"Semi-Finished Products \u2013 Finished Parts \u2013 Ventilation Moulded Parts \u2013 Machines","description":"Halbzeuge, Halbfabrikate, Kunststoffhalbzeuge, Kunststoffhalbfabrikate","publisher":{"@id":"https:\/\/www.akuplastics.com\/en\/#organization"},"alternateName":"AKUPLASTICS \u2013 Engineering in Plastics","potentialAction":[{"@type":"SearchAction","target":{"@type":"EntryPoint","urlTemplate":"https:\/\/www.akuplastics.com\/en\/?s={search_term_string}"},"query-input":{"@type":"PropertyValueSpecification","valueRequired":true,"valueName":"search_term_string"}}],"inLanguage":"en-US"},{"@type":"Organization","@id":"https:\/\/www.akuplastics.com\/en\/#organization","name":"Ing. Christian Ahlborn e.U.","alternateName":"AKU","url":"https:\/\/www.akuplastics.com\/en\/","logo":{"@type":"ImageObject","inLanguage":"en-US","@id":"https:\/\/www.akuplastics.com\/en\/#\/schema\/logo\/image\/","url":"https:\/\/www.akuplastics.com\/wp-content\/uploads\/2020\/07\/Grafik14-inkl-r.png","contentUrl":"https:\/\/www.akuplastics.com\/wp-content\/uploads\/2020\/07\/Grafik14-inkl-r.png","width":1994,"height":743,"caption":"Ing. Christian Ahlborn e.U."},"image":{"@id":"https:\/\/www.akuplastics.com\/en\/#\/schema\/logo\/image\/"}}]}},"_links":{"self":[{"href":"https:\/\/www.akuplastics.com\/en\/wp-json\/wp\/v2\/pages\/8777","targetHints":{"allow":["GET"]}}],"collection":[{"href":"https:\/\/www.akuplastics.com\/en\/wp-json\/wp\/v2\/pages"}],"about":[{"href":"https:\/\/www.akuplastics.com\/en\/wp-json\/wp\/v2\/types\/page"}],"author":[{"embeddable":true,"href":"https:\/\/www.akuplastics.com\/en\/wp-json\/wp\/v2\/users\/2"}],"replies":[{"embeddable":true,"href":"https:\/\/www.akuplastics.com\/en\/wp-json\/wp\/v2\/comments?post=8777"}],"version-history":[{"count":9,"href":"https:\/\/www.akuplastics.com\/en\/wp-json\/wp\/v2\/pages\/8777\/revisions"}],"predecessor-version":[{"id":16232,"href":"https:\/\/www.akuplastics.com\/en\/wp-json\/wp\/v2\/pages\/8777\/revisions\/16232"}],"up":[{"embeddable":true,"href":"https:\/\/www.akuplastics.com\/en\/wp-json\/wp\/v2\/pages\/8409"}],"wp:attachment":[{"href":"https:\/\/www.akuplastics.com\/en\/wp-json\/wp\/v2\/media?parent=8777"}],"curies":[{"name":"wp","href":"https:\/\/api.w.org\/{rel}","templated":true}]}}