{"id":8273,"date":"2020-09-17T10:21:30","date_gmt":"2020-09-17T08:21:30","guid":{"rendered":"https:\/\/www.akuplastics.com\/standard-profiles\/"},"modified":"2024-03-04T10:29:45","modified_gmt":"2024-03-04T09:29:45","slug":"standard-profiles-u-profiles-t-profiles-h-profiles","status":"publish","type":"page","link":"https:\/\/www.akuplastics.com\/en\/semi-finished-products-sheets-solid-rods-hollow-rods-profiles-tubes-welding-rods\/standard-profiles-u-profiles-t-profiles-h-profiles\/","title":{"rendered":"Standard profiles"},"content":{"rendered":"\t\t<div data-elementor-type=\"wp-page\" data-elementor-id=\"8273\" class=\"elementor elementor-8273 elementor-618\" data-elementor-post-type=\"page\">\n\t\t\t\t\t\t<section class=\"elementor-section elementor-top-section elementor-element elementor-element-7e9eda24 elementor-section-full_width elementor-section-height-default elementor-section-height-default\" data-id=\"7e9eda24\" data-element_type=\"section\" data-e-type=\"section\" data-settings=\"{&quot;background_background&quot;:&quot;gradient&quot;}\">\n\t\t\t\t\t\t<div class=\"elementor-container elementor-column-gap-default\">\n\t\t\t\t\t<div class=\"elementor-column elementor-col-100 elementor-top-column elementor-element elementor-element-2fa989be\" data-id=\"2fa989be\" data-element_type=\"column\" data-e-type=\"column\">\n\t\t\t<div class=\"elementor-widget-wrap elementor-element-populated\">\n\t\t\t\t\t\t<section class=\"elementor-section elementor-inner-section elementor-element elementor-element-4bf5147b elementor-section-boxed elementor-section-height-default elementor-section-height-default\" data-id=\"4bf5147b\" data-element_type=\"section\" data-e-type=\"section\">\n\t\t\t\t\t\t<div class=\"elementor-container elementor-column-gap-default\">\n\t\t\t\t\t<div class=\"elementor-column elementor-col-50 elementor-inner-column elementor-element elementor-element-73028fba\" data-id=\"73028fba\" data-element_type=\"column\" data-e-type=\"column\">\n\t\t\t<div class=\"elementor-widget-wrap elementor-element-populated\">\n\t\t\t\t\t\t<div class=\"elementor-element elementor-element-ff229bc elementor-widget elementor-widget-text-editor\" data-id=\"ff229bc\" data-element_type=\"widget\" data-e-type=\"widget\" data-widget_type=\"text-editor.default\">\n\t\t\t\t<div class=\"elementor-widget-container\">\n\t\t\t\t\t\t\t\t\t<h1>Standard profiles made of PVC-U PE-HD and PP-H<\/h1>\n\t\t\t\t\t\t\t\t<\/div>\n\t\t\t\t<\/div>\n\t\t\t\t<div class=\"elementor-element elementor-element-a03b1b3 elementor-widget elementor-widget-text-editor\" data-id=\"a03b1b3\" data-element_type=\"widget\" data-e-type=\"widget\" data-widget_type=\"text-editor.default\">\n\t\t\t\t<div class=\"elementor-widget-container\">\n\t\t\t\t\t\t\t\t\t<p align=\"left\">Our range of profiles primarily comprises<strong>&nbsp;standard profiles<\/strong>.<\/p>\n<p align=\"left\">We understand this to mean&nbsp;<strong>standardized<\/strong> isosceles or isosceles<\/p>\n<p align=\"left\">\n<\/p><ul>\n<li><strong>L (angle) profiles,<br><\/strong><\/li>\n<li><strong>U-profiles,<\/strong><\/li>\n<li><strong>T-profiles,<\/strong><\/li>\n<li><strong>H-profiles,<\/strong><\/li>\n<li><strong>Square and rectangular tubes (shaped tubes),<\/strong><\/li>\n<li><strong>Square bars and<\/strong><\/li>\n<li><b>Flat bars<\/b><strong style=\"font-weight: bold;\">.<\/strong><\/li>\n<\/ul>\n<div><b>&nbsp;<\/b><\/div>\n<p align=\"left\">The common materials<b> <a href=\"https:\/\/www.akuplastics.com\/en\/semi-finished-products-sheets-solid-rods-hollow-rods-profiles-tubes-welding-rods\/standard-profiles-u-profiles-t-profiles-h-profiles\/standard-profiles-pvc-u\/\">PVC-U<\/a>, <a href=\"https:\/\/www.akuplastics.com\/en\/standard-profiles-2\/standard-profiles-pe\/\">PE-HD<\/a> and <a href=\"https:\/\/www.akuplastics.com\/en\/standard-profiles-pp-h-profiles-l-profiles-h-profiles\/\">PP-H<\/a> <\/b>are<b> available <\/b>as materials for apparatus and chemical plant construction as well as in electrical engineering. Standard profiles are mostly&nbsp;<strong>Stock items<\/strong>&nbsp;and are sold in&nbsp;<strong>Factory lengths<\/strong> supplied&nbsp;.<\/p><p align=\"left\"><br><\/p>\n<p align=\"left\">\n<\/p><p align=\"left\">Also available as&nbsp;<a href=\"https:\/\/www.akuplastics.com\/en\/standard-profiles-2\/panel-edging-profiles\/\"><b>Panel edging profiles<\/b><\/a>&nbsp;in PVC-U as U-profile or H-profile or as PVC-U corner connection profile.<\/p><p align=\"left\"><br><\/p>\n<p align=\"left\">\n<\/p><p>In addition to standard profiles, we also supply&nbsp;<strong>Special profiles<\/strong> made from other plastics. As these are always&nbsp;<strong>custom-made <\/strong><strong>products according to drawings&nbsp;<\/strong>, we kindly ask you to inquire in advance about the minimum quantities required for production.<\/p>\n<p><\/p>\n<p>General information on standard profiles:<\/p>\n<p>Standard profiles are standardized, shaped components that are manufactured according to certain norms or standards. These profiles are often used in the construction industry, mechanical engineering, electrical industry and other applications.&nbsp;<\/p>\n<p><\/p>\n<p><strong>Properties of standard profiles:<\/strong><\/p>\n<ul>\n<li>\n<p><strong>Standardized forms:<\/strong> <br>Standard profiles are manufactured according to specific standards or norms and therefore have standardized shapes, dimensions and cross-sectional profiles.<\/p>\n<\/li>\n<li>\n<p><strong>Variety of materials:<\/strong> <br>They can be made from various materials, including metals such as aluminum or steel, plastics such as PVC or ABS, as well as other materials depending on the application.<\/p>\n<\/li>\n<li>\n<p><strong>Various cross-sectional shapes:<\/strong> <br>Standard profiles can have different cross-sectional shapes, including hollow profiles, U-profiles, L-profiles, T-profiles and many others, depending on the requirements of their application.<\/p>\n<\/li>\n<li>\n<p><strong>Application-oriented properties:<\/strong> <br>The properties of standard profiles are often adapted to the specific requirements of their application, including strength, flexibility, corrosion resistance and other specific characteristics.<\/p>\n<\/li>\n<\/ul>\n<div>&nbsp;<\/div>\n<p><strong>Applications of standard profiles:<\/strong><\/p>\n<ul>\n<li>\n<p><strong>construction industry:<\/strong> <br>Standard profiles are used in the construction industry for window and door profiles, fa\u00e7ade cladding, railings and other structural elements.<\/p>\n<\/li>\n<li>\n<p><strong>Mechanical engineering:<\/strong> <br>In the mechanical engineering industry, standard profiles are used for frame structures, housings, beams and other components.<\/p>\n<\/li>\n<li>\n<p><strong>Electrical industry:<\/strong> <br>Standard profiles are used as housings for electrical components, mounting rails and other structural elements in the electrical industry.<\/p>\n<\/li>\n<li>\n<p><strong>Vehicle construction:<\/strong> <br>In the automotive industry, standard profiles are used for body structures, add-on parts and other components.<\/p>\n<\/li>\n<li>\n<p><strong>furniture industry:<\/strong> <br>Furniture manufacturers use standard profiles for frames, cladding and other structural elements.<\/p>\n<\/li>\n<\/ul>\n<div>&nbsp;<\/div>\n<p><strong>Advantages of standard profiles:<\/strong><\/p>\n<ul>\n<li>\n<p><strong>Standardization:<\/strong> <br>By using standard profiles, construction projects and manufacturing processes can be standardized and simplified.<\/p>\n<\/li>\n<li>\n<p><strong>Cost efficiency:<\/strong> <br>Standardized production and the use of standard profiles can be cost-efficient as they can be produced in large quantities.<\/p>\n<\/li>\n<li>\n<p><strong>Flexibility:<\/strong> <br>Standard profiles are versatile and can be used in various applications.<\/p>\n<\/li>\n<li>\n<p><strong>Time saving:<\/strong> <br>The use of standardized profiles can shorten the development and production time.<\/p>\n<\/li>\n<\/ul>\n<p>Standard profiles play an important role in various industries as they provide an efficient, standardized and cost-effective solution for a wide range of applications.<\/p>\t\t\t\t\t\t\t\t<\/div>\n\t\t\t\t<\/div>\n\t\t\t\t\t<\/div>\n\t\t<\/div>\n\t\t\t\t<div class=\"elementor-column elementor-col-50 elementor-inner-column elementor-element elementor-element-2d6c42c6\" data-id=\"2d6c42c6\" data-element_type=\"column\" data-e-type=\"column\">\n\t\t\t<div class=\"elementor-widget-wrap elementor-element-populated\">\n\t\t\t\t\t\t<div class=\"elementor-element elementor-element-63918b8 elementor-widget elementor-widget-image\" data-id=\"63918b8\" data-element_type=\"widget\" data-e-type=\"widget\" data-widget_type=\"image.default\">\n\t\t\t\t<div class=\"elementor-widget-container\">\n\t\t\t\t\t\t\t\t\t\t\t\t<figure class=\"wp-caption\">\n\t\t\t\t\t\t\t\t\t\t<img loading=\"lazy\" decoding=\"async\" width=\"268\" height=\"300\" src=\"https:\/\/www.akuplastics.com\/wp-content\/uploads\/2023\/09\/Bild2-Edited-268x300.png\" class=\"attachment-medium size-medium wp-image-8253\" alt=\"Flachkanst\u00e4be Sechskanst\u00e4be Vierkanst\u00e4be Halbzeug Kunststoff\" srcset=\"https:\/\/www.akuplastics.com\/wp-content\/uploads\/2023\/09\/Bild2-Edited-268x300.png 268w, https:\/\/www.akuplastics.com\/wp-content\/uploads\/2023\/09\/Bild2-Edited.png 373w\" sizes=\"auto, (max-width: 268px) 100vw, 268px\" \/>\t\t\t\t\t\t\t\t\t\t\t<figcaption class=\"widget-image-caption wp-caption-text\">Standard profiles Semi-finished products<\/figcaption>\n\t\t\t\t\t\t\t\t\t\t<\/figure>\n\t\t\t\t\t\t\t\t\t<\/div>\n\t\t\t\t<\/div>\n\t\t\t\t<div class=\"elementor-element elementor-element-7005140 elementor-widget elementor-widget-image\" data-id=\"7005140\" data-element_type=\"widget\" data-e-type=\"widget\" data-widget_type=\"image.default\">\n\t\t\t\t<div class=\"elementor-widget-container\">\n\t\t\t\t\t\t\t\t\t\t\t\t<figure class=\"wp-caption\">\n\t\t\t\t\t\t\t\t\t\t<img loading=\"lazy\" decoding=\"async\" width=\"300\" height=\"168\" src=\"https:\/\/www.akuplastics.com\/wp-content\/uploads\/2024\/02\/Platten-Staebe-Hohlstaebe-Schweissdraht_2270-300x168.webp\" class=\"attachment-medium size-medium wp-image-17637\" alt=\"Normprofile U-Profile T-Profile H-Profile\" srcset=\"https:\/\/www.akuplastics.com\/wp-content\/uploads\/2024\/02\/Platten-Staebe-Hohlstaebe-Schweissdraht_2270-300x168.webp 300w, https:\/\/www.akuplastics.com\/wp-content\/uploads\/2024\/02\/Platten-Staebe-Hohlstaebe-Schweissdraht_2270-1024x575.webp 1024w, https:\/\/www.akuplastics.com\/wp-content\/uploads\/2024\/02\/Platten-Staebe-Hohlstaebe-Schweissdraht_2270-768x431.webp 768w, https:\/\/www.akuplastics.com\/wp-content\/uploads\/2024\/02\/Platten-Staebe-Hohlstaebe-Schweissdraht_2270-1536x862.webp 1536w, https:\/\/www.akuplastics.com\/wp-content\/uploads\/2024\/02\/Platten-Staebe-Hohlstaebe-Schweissdraht_2270.webp 1920w\" sizes=\"auto, (max-width: 300px) 100vw, 300px\" \/>\t\t\t\t\t\t\t\t\t\t\t<figcaption class=\"widget-image-caption wp-caption-text\">Standard profiles PVC-U<\/figcaption>\n\t\t\t\t\t\t\t\t\t\t<\/figure>\n\t\t\t\t\t\t\t\t\t<\/div>\n\t\t\t\t<\/div>\n\t\t\t\t\t<\/div>\n\t\t<\/div>\n\t\t\t\t\t<\/div>\n\t\t<\/section>\n\t\t\t\t\t<\/div>\n\t\t<\/div>\n\t\t\t\t\t<\/div>\n\t\t<\/section>\n\t\t\t\t<\/div>\n\t\t","protected":false},"excerpt":{"rendered":"<p>Standard profiles made of PVC-U PE-HD and PP-H Our range of profiles primarily comprises&nbsp;standard profiles. We understand this to mean&nbsp;standardized isosceles or isosceles L (angle) profiles, U-profiles, T-profiles, H-profiles, Square and rectangular tubes (shaped tubes), Square bars and Flat bars. &nbsp; The common materials PVC-U, PE-HD and PP-H are available as materials for apparatus and [&hellip;]<\/p>\n","protected":false},"author":2,"featured_media":0,"parent":8276,"menu_order":0,"comment_status":"closed","ping_status":"closed","template":"elementor_header_footer","meta":{"iawp_total_views":77,"footnotes":""},"class_list":["post-8273","page","type-page","status-publish","hentry"],"yoast_head":"<!-- This site is optimized with the Yoast SEO Premium plugin v27.4 (Yoast SEO v27.5) - https:\/\/yoast.com\/product\/yoast-seo-premium-wordpress\/ -->\n<title>Standard profiles U-profiles T-profiles H-profiles<\/title>\n<meta name=\"description\" content=\"Our range of profiles primarily comprises standard profiles, which we understand to mean standardized isosceles or isosceles L (angle) profiles, U profiles, T profiles and H profiles. Welcome to AKUPLASTICS, your reliable partner for high-quality semi-finished and finished parts. Wide range from sheets to welding machines, PVC to PTFE. Discover solutions in rigid PVC, PVC-U, PVC-HI, PVC-ELS, PVC-C, C-PVC, CPVC, Trovidur\u00ae, Corzan\u00ae, flexible PVC, PVC-P, rigid PVC foam, lightweight PVC foam and much more. Also processing machines, welding and bending technology, welding accessories. Find out more about our many years of experience. Contact us for customized solutions.\" \/>\n<meta name=\"robots\" content=\"index, follow, max-snippet:-1, max-image-preview:large, max-video-preview:-1\" \/>\n<link rel=\"canonical\" href=\"https:\/\/www.akuplastics.com\/en\/semi-finished-products-sheets-solid-rods-hollow-rods-profiles-tubes-welding-rods\/standard-profiles-u-profiles-t-profiles-h-profiles\/\" \/>\n<script type=\"application\/ld+json\" class=\"yoast-schema-graph\">{\"@context\":\"https:\\\/\\\/schema.org\",\"@graph\":[{\"@type\":\"WebPage\",\"@id\":\"https:\\\/\\\/www.akuplastics.com\\\/en\\\/semi-finished-products-sheets-solid-rods-hollow-rods-profiles-tubes-welding-rods\\\/standard-profiles-u-profiles-t-profiles-h-profiles\\\/\",\"url\":\"https:\\\/\\\/www.akuplastics.com\\\/en\\\/semi-finished-products-sheets-solid-rods-hollow-rods-profiles-tubes-welding-rods\\\/standard-profiles-u-profiles-t-profiles-h-profiles\\\/\",\"name\":\"Standard profiles U-profiles T-profiles H-profiles\",\"isPartOf\":{\"@id\":\"https:\\\/\\\/www.akuplastics.com\\\/en\\\/#website\"},\"primaryImageOfPage\":{\"@id\":\"https:\\\/\\\/www.akuplastics.com\\\/en\\\/semi-finished-products-sheets-solid-rods-hollow-rods-profiles-tubes-welding-rods\\\/standard-profiles-u-profiles-t-profiles-h-profiles\\\/#primaryimage\"},\"image\":{\"@id\":\"https:\\\/\\\/www.akuplastics.com\\\/en\\\/semi-finished-products-sheets-solid-rods-hollow-rods-profiles-tubes-welding-rods\\\/standard-profiles-u-profiles-t-profiles-h-profiles\\\/#primaryimage\"},\"thumbnailUrl\":\"https:\\\/\\\/www.akuplastics.com\\\/wp-content\\\/uploads\\\/2023\\\/09\\\/Bild2-Edited-268x300.png\",\"datePublished\":\"2020-09-17T08:21:30+00:00\",\"dateModified\":\"2024-03-04T09:29:45+00:00\",\"description\":\"Our range of profiles primarily comprises standard profiles, which we understand to mean standardized isosceles or isosceles L (angle) profiles, U profiles, T profiles and H profiles. Welcome to AKUPLASTICS, your reliable partner for high-quality semi-finished and finished parts. Wide range from sheets to welding machines, PVC to PTFE. Discover solutions in rigid PVC, PVC-U, PVC-HI, PVC-ELS, PVC-C, C-PVC, CPVC, Trovidur\u00ae, Corzan\u00ae, flexible PVC, PVC-P, rigid PVC foam, lightweight PVC foam and much more. Also processing machines, welding and bending technology, welding accessories. Find out more about our many years of experience. Contact us for customized solutions.\",\"breadcrumb\":{\"@id\":\"https:\\\/\\\/www.akuplastics.com\\\/en\\\/semi-finished-products-sheets-solid-rods-hollow-rods-profiles-tubes-welding-rods\\\/standard-profiles-u-profiles-t-profiles-h-profiles\\\/#breadcrumb\"},\"inLanguage\":\"en-US\",\"potentialAction\":[{\"@type\":\"ReadAction\",\"target\":[\"https:\\\/\\\/www.akuplastics.com\\\/en\\\/semi-finished-products-sheets-solid-rods-hollow-rods-profiles-tubes-welding-rods\\\/standard-profiles-u-profiles-t-profiles-h-profiles\\\/\"]}]},{\"@type\":\"ImageObject\",\"inLanguage\":\"en-US\",\"@id\":\"https:\\\/\\\/www.akuplastics.com\\\/en\\\/semi-finished-products-sheets-solid-rods-hollow-rods-profiles-tubes-welding-rods\\\/standard-profiles-u-profiles-t-profiles-h-profiles\\\/#primaryimage\",\"url\":\"https:\\\/\\\/www.akuplastics.com\\\/wp-content\\\/uploads\\\/2023\\\/09\\\/Bild2-Edited-268x300.png\",\"contentUrl\":\"https:\\\/\\\/www.akuplastics.com\\\/wp-content\\\/uploads\\\/2023\\\/09\\\/Bild2-Edited-268x300.png\"},{\"@type\":\"BreadcrumbList\",\"@id\":\"https:\\\/\\\/www.akuplastics.com\\\/en\\\/semi-finished-products-sheets-solid-rods-hollow-rods-profiles-tubes-welding-rods\\\/standard-profiles-u-profiles-t-profiles-h-profiles\\\/#breadcrumb\",\"itemListElement\":[{\"@type\":\"ListItem\",\"position\":1,\"name\":\"Homepage\",\"item\":\"https:\\\/\\\/www.akuplastics.com\\\/en\\\/\"},{\"@type\":\"ListItem\",\"position\":2,\"name\":\"Semi-finished products\",\"item\":\"https:\\\/\\\/www.akuplastics.com\\\/en\\\/halbzeug-platten-vollstabe-hohlstabe-profile-rohre-schweisdrahte\\\/\"},{\"@type\":\"ListItem\",\"position\":3,\"name\":\"Standard profiles\"}]},{\"@type\":\"WebSite\",\"@id\":\"https:\\\/\\\/www.akuplastics.com\\\/en\\\/#website\",\"url\":\"https:\\\/\\\/www.akuplastics.com\\\/en\\\/\",\"name\":\"Semi-Finished Products \u2013 Finished Parts \u2013 Ventilation Moulded Parts \u2013 Machines\",\"description\":\"Halbzeuge, Halbfabrikate, Kunststoffhalbzeuge, Kunststoffhalbfabrikate\",\"publisher\":{\"@id\":\"https:\\\/\\\/www.akuplastics.com\\\/en\\\/#organization\"},\"alternateName\":\"AKUPLASTICS \u2013 Engineering in Plastics\",\"potentialAction\":[{\"@type\":\"SearchAction\",\"target\":{\"@type\":\"EntryPoint\",\"urlTemplate\":\"https:\\\/\\\/www.akuplastics.com\\\/en\\\/?s={search_term_string}\"},\"query-input\":{\"@type\":\"PropertyValueSpecification\",\"valueRequired\":true,\"valueName\":\"search_term_string\"}}],\"inLanguage\":\"en-US\"},{\"@type\":\"Organization\",\"@id\":\"https:\\\/\\\/www.akuplastics.com\\\/en\\\/#organization\",\"name\":\"Ing. Christian Ahlborn e.U.\",\"alternateName\":\"AKU\",\"url\":\"https:\\\/\\\/www.akuplastics.com\\\/en\\\/\",\"logo\":{\"@type\":\"ImageObject\",\"inLanguage\":\"en-US\",\"@id\":\"https:\\\/\\\/www.akuplastics.com\\\/en\\\/#\\\/schema\\\/logo\\\/image\\\/\",\"url\":\"https:\\\/\\\/www.akuplastics.com\\\/wp-content\\\/uploads\\\/2020\\\/07\\\/Grafik14-inkl-r.png\",\"contentUrl\":\"https:\\\/\\\/www.akuplastics.com\\\/wp-content\\\/uploads\\\/2020\\\/07\\\/Grafik14-inkl-r.png\",\"width\":1994,\"height\":743,\"caption\":\"Ing. Christian Ahlborn e.U.\"},\"image\":{\"@id\":\"https:\\\/\\\/www.akuplastics.com\\\/en\\\/#\\\/schema\\\/logo\\\/image\\\/\"}}]}<\/script>\n<!-- \/ Yoast SEO Premium plugin. -->","yoast_head_json":{"title":"Standard profiles U-profiles T-profiles H-profiles","description":"Our range of profiles primarily comprises standard profiles, which we understand to mean standardized isosceles or isosceles L (angle) profiles, U profiles, T profiles and H profiles. Welcome to AKUPLASTICS, your reliable partner for high-quality semi-finished and finished parts. Wide range from sheets to welding machines, PVC to PTFE. Discover solutions in rigid PVC, PVC-U, PVC-HI, PVC-ELS, PVC-C, C-PVC, CPVC, Trovidur\u00ae, Corzan\u00ae, flexible PVC, PVC-P, rigid PVC foam, lightweight PVC foam and much more. Also processing machines, welding and bending technology, welding accessories. Find out more about our many years of experience. Contact us for customized solutions.","robots":{"index":"index","follow":"follow","max-snippet":"max-snippet:-1","max-image-preview":"max-image-preview:large","max-video-preview":"max-video-preview:-1"},"canonical":"https:\/\/www.akuplastics.com\/en\/semi-finished-products-sheets-solid-rods-hollow-rods-profiles-tubes-welding-rods\/standard-profiles-u-profiles-t-profiles-h-profiles\/","schema":{"@context":"https:\/\/schema.org","@graph":[{"@type":"WebPage","@id":"https:\/\/www.akuplastics.com\/en\/semi-finished-products-sheets-solid-rods-hollow-rods-profiles-tubes-welding-rods\/standard-profiles-u-profiles-t-profiles-h-profiles\/","url":"https:\/\/www.akuplastics.com\/en\/semi-finished-products-sheets-solid-rods-hollow-rods-profiles-tubes-welding-rods\/standard-profiles-u-profiles-t-profiles-h-profiles\/","name":"Standard profiles U-profiles T-profiles H-profiles","isPartOf":{"@id":"https:\/\/www.akuplastics.com\/en\/#website"},"primaryImageOfPage":{"@id":"https:\/\/www.akuplastics.com\/en\/semi-finished-products-sheets-solid-rods-hollow-rods-profiles-tubes-welding-rods\/standard-profiles-u-profiles-t-profiles-h-profiles\/#primaryimage"},"image":{"@id":"https:\/\/www.akuplastics.com\/en\/semi-finished-products-sheets-solid-rods-hollow-rods-profiles-tubes-welding-rods\/standard-profiles-u-profiles-t-profiles-h-profiles\/#primaryimage"},"thumbnailUrl":"https:\/\/www.akuplastics.com\/wp-content\/uploads\/2023\/09\/Bild2-Edited-268x300.png","datePublished":"2020-09-17T08:21:30+00:00","dateModified":"2024-03-04T09:29:45+00:00","description":"Our range of profiles primarily comprises standard profiles, which we understand to mean standardized isosceles or isosceles L (angle) profiles, U profiles, T profiles and H profiles. Welcome to AKUPLASTICS, your reliable partner for high-quality semi-finished and finished parts. Wide range from sheets to welding machines, PVC to PTFE. Discover solutions in rigid PVC, PVC-U, PVC-HI, PVC-ELS, PVC-C, C-PVC, CPVC, Trovidur\u00ae, Corzan\u00ae, flexible PVC, PVC-P, rigid PVC foam, lightweight PVC foam and much more. Also processing machines, welding and bending technology, welding accessories. Find out more about our many years of experience. Contact us for customized solutions.","breadcrumb":{"@id":"https:\/\/www.akuplastics.com\/en\/semi-finished-products-sheets-solid-rods-hollow-rods-profiles-tubes-welding-rods\/standard-profiles-u-profiles-t-profiles-h-profiles\/#breadcrumb"},"inLanguage":"en-US","potentialAction":[{"@type":"ReadAction","target":["https:\/\/www.akuplastics.com\/en\/semi-finished-products-sheets-solid-rods-hollow-rods-profiles-tubes-welding-rods\/standard-profiles-u-profiles-t-profiles-h-profiles\/"]}]},{"@type":"ImageObject","inLanguage":"en-US","@id":"https:\/\/www.akuplastics.com\/en\/semi-finished-products-sheets-solid-rods-hollow-rods-profiles-tubes-welding-rods\/standard-profiles-u-profiles-t-profiles-h-profiles\/#primaryimage","url":"https:\/\/www.akuplastics.com\/wp-content\/uploads\/2023\/09\/Bild2-Edited-268x300.png","contentUrl":"https:\/\/www.akuplastics.com\/wp-content\/uploads\/2023\/09\/Bild2-Edited-268x300.png"},{"@type":"BreadcrumbList","@id":"https:\/\/www.akuplastics.com\/en\/semi-finished-products-sheets-solid-rods-hollow-rods-profiles-tubes-welding-rods\/standard-profiles-u-profiles-t-profiles-h-profiles\/#breadcrumb","itemListElement":[{"@type":"ListItem","position":1,"name":"Homepage","item":"https:\/\/www.akuplastics.com\/en\/"},{"@type":"ListItem","position":2,"name":"Semi-finished products","item":"https:\/\/www.akuplastics.com\/en\/halbzeug-platten-vollstabe-hohlstabe-profile-rohre-schweisdrahte\/"},{"@type":"ListItem","position":3,"name":"Standard profiles"}]},{"@type":"WebSite","@id":"https:\/\/www.akuplastics.com\/en\/#website","url":"https:\/\/www.akuplastics.com\/en\/","name":"Semi-Finished Products \u2013 Finished Parts \u2013 Ventilation Moulded Parts \u2013 Machines","description":"Halbzeuge, Halbfabrikate, Kunststoffhalbzeuge, Kunststoffhalbfabrikate","publisher":{"@id":"https:\/\/www.akuplastics.com\/en\/#organization"},"alternateName":"AKUPLASTICS \u2013 Engineering in Plastics","potentialAction":[{"@type":"SearchAction","target":{"@type":"EntryPoint","urlTemplate":"https:\/\/www.akuplastics.com\/en\/?s={search_term_string}"},"query-input":{"@type":"PropertyValueSpecification","valueRequired":true,"valueName":"search_term_string"}}],"inLanguage":"en-US"},{"@type":"Organization","@id":"https:\/\/www.akuplastics.com\/en\/#organization","name":"Ing. Christian Ahlborn e.U.","alternateName":"AKU","url":"https:\/\/www.akuplastics.com\/en\/","logo":{"@type":"ImageObject","inLanguage":"en-US","@id":"https:\/\/www.akuplastics.com\/en\/#\/schema\/logo\/image\/","url":"https:\/\/www.akuplastics.com\/wp-content\/uploads\/2020\/07\/Grafik14-inkl-r.png","contentUrl":"https:\/\/www.akuplastics.com\/wp-content\/uploads\/2020\/07\/Grafik14-inkl-r.png","width":1994,"height":743,"caption":"Ing. Christian Ahlborn e.U."},"image":{"@id":"https:\/\/www.akuplastics.com\/en\/#\/schema\/logo\/image\/"}}]}},"_links":{"self":[{"href":"https:\/\/www.akuplastics.com\/en\/wp-json\/wp\/v2\/pages\/8273","targetHints":{"allow":["GET"]}}],"collection":[{"href":"https:\/\/www.akuplastics.com\/en\/wp-json\/wp\/v2\/pages"}],"about":[{"href":"https:\/\/www.akuplastics.com\/en\/wp-json\/wp\/v2\/types\/page"}],"author":[{"embeddable":true,"href":"https:\/\/www.akuplastics.com\/en\/wp-json\/wp\/v2\/users\/2"}],"replies":[{"embeddable":true,"href":"https:\/\/www.akuplastics.com\/en\/wp-json\/wp\/v2\/comments?post=8273"}],"version-history":[{"count":24,"href":"https:\/\/www.akuplastics.com\/en\/wp-json\/wp\/v2\/pages\/8273\/revisions"}],"predecessor-version":[{"id":19122,"href":"https:\/\/www.akuplastics.com\/en\/wp-json\/wp\/v2\/pages\/8273\/revisions\/19122"}],"up":[{"embeddable":true,"href":"https:\/\/www.akuplastics.com\/en\/wp-json\/wp\/v2\/pages\/8276"}],"wp:attachment":[{"href":"https:\/\/www.akuplastics.com\/en\/wp-json\/wp\/v2\/media?parent=8273"}],"curies":[{"name":"wp","href":"https:\/\/api.w.org\/{rel}","templated":true}]}}