{"id":8270,"date":"2020-09-17T10:21:28","date_gmt":"2020-09-17T08:21:28","guid":{"rendered":"https:\/\/www.akuplastics.com\/4-edge-flat-6-edge-bars\/"},"modified":"2024-04-19T10:47:41","modified_gmt":"2024-04-19T08:47:41","slug":"4-edge-flat-6-edge-bars","status":"publish","type":"page","link":"https:\/\/www.akuplastics.com\/en\/semi-finished-products-sheets-solid-rods-hollow-rods-profiles-tubes-welding-rods\/4-edge-flat-6-edge-bars\/","title":{"rendered":"4-edge, flat, 6-edge bars"},"content":{"rendered":"\t\t<div data-elementor-type=\"wp-page\" data-elementor-id=\"8270\" class=\"elementor elementor-8270 elementor-616\" data-elementor-post-type=\"page\">\n\t\t\t\t\t\t<section class=\"elementor-section elementor-top-section elementor-element elementor-element-2ffb625a elementor-section-full_width elementor-section-height-default elementor-section-height-default\" data-id=\"2ffb625a\" data-element_type=\"section\" data-e-type=\"section\" data-settings=\"{&quot;background_background&quot;:&quot;classic&quot;}\">\n\t\t\t\t\t\t<div class=\"elementor-container elementor-column-gap-default\">\n\t\t\t\t\t<div class=\"elementor-column elementor-col-100 elementor-top-column elementor-element elementor-element-21f2e157\" data-id=\"21f2e157\" data-element_type=\"column\" data-e-type=\"column\">\n\t\t\t<div class=\"elementor-widget-wrap elementor-element-populated\">\n\t\t\t\t\t\t<section class=\"elementor-section elementor-inner-section elementor-element elementor-element-4230ee31 elementor-section-boxed elementor-section-height-default elementor-section-height-default\" data-id=\"4230ee31\" data-element_type=\"section\" data-e-type=\"section\">\n\t\t\t\t\t\t<div class=\"elementor-container elementor-column-gap-default\">\n\t\t\t\t\t<div class=\"elementor-column elementor-col-50 elementor-inner-column elementor-element elementor-element-1f6b85e2\" data-id=\"1f6b85e2\" data-element_type=\"column\" data-e-type=\"column\">\n\t\t\t<div class=\"elementor-widget-wrap elementor-element-populated\">\n\t\t\t\t\t\t<div class=\"elementor-element elementor-element-b0f67c1 elementor-widget elementor-widget-text-editor\" data-id=\"b0f67c1\" data-element_type=\"widget\" data-e-type=\"widget\" data-widget_type=\"text-editor.default\">\n\t\t\t\t<div class=\"elementor-widget-container\">\n\t\t\t\t\t\t\t\t\t<h1>Flat bars and edging rods made of PVC-U and PMMA<\/h1><p>are specific forms of building rods used in various applications in the construction industry, metalworking, handicrafts and other areas.\u00a0<\/p><p>\u00a0<\/p><p>Our product range includes\u00a0<\/p><p><strong style=\"color: var( --e-global-color-text ); font-family: var( --e-global-typography-text-font-family ), arial; font-size: var( --e-global-typography-text-font-size ); letter-spacing: 0px;\"><a href=\"https:\/\/www.akuplastics.com\/en\/akucryl-aku-cryl-pmma-xt-square-bars\/\">PVC-U\/PMMA square rods<\/a><\/strong><\/p><p><strong><a href=\"https:\/\/www.akuplastics.com\/en\/flat-bars-pvc-u\/\">Flat bars PVC-U<\/a><\/strong><\/p><p><strong><a href=\"https:\/\/www.akuplastics.com\/en\/semi-finished-products-sheets-solid-rods-hollow-rods-profiles-tubes-welding-rods\/4-edge-flat-6-edge-bars\/6-pvc-u-edge-bars\/\">6-edged bars<\/a><\/strong><\/p><p>\u00a0<\/p><p><span style=\"font-weight: bolder;\">General information on\u00a0<\/span><span style=\"font-weight: bolder; color: var( --e-global-color-text ); font-family: var( --e-global-typography-text-font-family ), arial; font-size: var( --e-global-typography-text-font-size ); letter-spacing: 0px;\">Square bars:<\/span><\/p><p><span style=\"font-weight: bolder;\">\u00a0<\/span><\/p><p><span style=\"font-weight: bolder;\">Properties:<\/span><\/p><ul style=\"font-size: 14px; background-color: #ffffff;\"><li style=\"font-size: 14px;\"><span style=\"font-weight: bolder;\">Square shape:<\/span>\u00a0Square bars have a rectangular cross-sectional shape.<\/li><li style=\"font-size: 14px;\"><span style=\"font-weight: bolder;\">Stability:<\/span>\u00a0Due to their flat sides, square bars offer stability and are well suited for load-bearing structures.<\/li><li style=\"font-size: 14px;\"><span style=\"font-weight: bolder;\">Simple fastening:<\/span>\u00a0Its flat sides make it easier to mount fastening elements on it.<\/li><\/ul><p><span style=\"font-weight: bolder;\">Applications:<\/span><\/p><ul style=\"font-size: 14px; background-color: #ffffff;\"><li style=\"font-size: 14px;\"><span style=\"font-weight: bolder;\">Construction:<\/span>\u00a0Square bars are used in the construction industry for load-bearing structures and supports.<\/li><li style=\"font-size: 14px;\"><span style=\"font-weight: bolder;\">Tool holders:<\/span>\u00a0In tool manufacturing, they serve as holders for tools and knives.<\/li><li style=\"font-size: 14px;\"><span style=\"font-weight: bolder;\">Design elements:<\/span>\u00a0Their clear shape makes them suitable for aesthetic design elements in architecture and art.<\/li><\/ul><p>\u00a0<\/p><p><span style=\"font-weight: bolder;\">Flat bars:<\/span><\/p><p><span style=\"font-weight: bolder;\">\u00a0<\/span><\/p><p><span style=\"font-weight: bolder;\">Properties:<\/span><\/p><ul style=\"font-size: 14px; background-color: #ffffff;\"><li style=\"font-size: 14px;\"><span style=\"font-weight: bolder;\">Wide and flat shape:<\/span>\u00a0Flat bars are characterized by their wide and flat shape.<\/li><li style=\"font-size: 14px;\"><span style=\"font-weight: bolder;\">Low thickness:<\/span>\u00a0Compared to square bars, flat bars have low thicknesses.<\/li><li style=\"font-size: 14px;\"><span style=\"font-weight: bolder;\">Flexibility:<\/span>\u00a0Due to their flat structure, they can be easily bent or curved.<\/li><\/ul><p><span style=\"font-weight: bolder;\">Applications:<\/span><\/p><ul style=\"font-size: 14px; background-color: #ffffff;\"><li style=\"font-size: 14px;\"><span style=\"font-weight: bolder;\">Construction:<\/span>\u00a0Flat bars are used in the construction industry for beams and connections.<\/li><li style=\"font-size: 14px;\"><span style=\"font-weight: bolder;\">Production of tools:<\/span>\u00a0Flat bars are used as the basic material in the production of tools and instruments.<\/li><li style=\"font-size: 14px;\"><span style=\"font-weight: bolder;\">Decorative elements:<\/span>\u00a0Their flat shape makes them suitable for decorative applications in furniture and arts and crafts.<\/li><\/ul><p>\u00a0<\/p><p><span style=\"font-weight: bolder;\">Hexagonal bars:<\/span><\/p><p><span style=\"font-weight: bolder;\">\u00a0<\/span><\/p><p><span style=\"font-weight: bolder;\">Properties:<\/span><\/p><ul style=\"font-size: 14px; background-color: #ffffff;\"><li style=\"font-size: 14px;\"><span style=\"font-weight: bolder;\">Hexagonal shape:<\/span>\u00a0Hexagonal bars have a hexagonal cross-section, which gives them a unique shape.<\/li><li style=\"font-size: 14px;\"><span style=\"font-weight: bolder;\">Stability:<\/span>\u00a0Their flat sides provide stability and prevent them from rolling away.<\/li><\/ul><p><span style=\"font-weight: bolder;\">Applications:<\/span><\/p><ul style=\"font-size: 14px; background-color: #ffffff;\"><li style=\"font-size: 14px;\"><span style=\"font-weight: bolder;\">Screws and fastening elements:<\/span>\u00a0Hexagonal bars are often used as the base material for screws and fastening elements.<\/li><li style=\"font-size: 14px;\"><span style=\"font-weight: bolder;\">Machine elements:<\/span>\u00a0In the mechanical engineering industry, they are used as components in mechanical constructions.<\/li><li style=\"font-size: 14px;\"><span style=\"font-weight: bolder;\">Tool manufacture:<\/span>\u00a0Hexagonal rods are used in the manufacture of tools and wrenches.<\/li><\/ul><p>\u00a0<\/p><p>All in all\u00a0<span style=\"font-weight: bold;\">Solid bars in the shapes\u00a0 square, flat and hexagonal\u00a0<\/span>a wide range of applications in various industries, from the construction industry to the manufacture of tools and mechanical engineering.<br \/>Their versatility makes them important materials in modern manufacturing<\/p>\t\t\t\t\t\t\t\t<\/div>\n\t\t\t\t<\/div>\n\t\t\t\t\t<\/div>\n\t\t<\/div>\n\t\t\t\t<div class=\"elementor-column elementor-col-50 elementor-inner-column elementor-element elementor-element-62a65e59\" data-id=\"62a65e59\" data-element_type=\"column\" data-e-type=\"column\">\n\t\t\t<div class=\"elementor-widget-wrap elementor-element-populated\">\n\t\t\t\t\t\t<div class=\"elementor-element elementor-element-8c2290c elementor-widget elementor-widget-image\" data-id=\"8c2290c\" data-element_type=\"widget\" data-e-type=\"widget\" data-widget_type=\"image.default\">\n\t\t\t\t<div class=\"elementor-widget-container\">\n\t\t\t\t\t\t\t\t\t\t\t\t<figure class=\"wp-caption\">\n\t\t\t\t\t\t\t\t\t\t<img loading=\"lazy\" decoding=\"async\" width=\"268\" height=\"300\" src=\"https:\/\/www.akuplastics.com\/wp-content\/uploads\/2023\/09\/Bild2-Edited-268x300.png\" class=\"attachment-medium size-medium wp-image-8253\" alt=\"Flachkanst\u00e4be Sechskanst\u00e4be Vierkanst\u00e4be Halbzeug Kunststoff\" srcset=\"https:\/\/www.akuplastics.com\/wp-content\/uploads\/2023\/09\/Bild2-Edited-268x300.png 268w, https:\/\/www.akuplastics.com\/wp-content\/uploads\/2023\/09\/Bild2-Edited.png 373w\" sizes=\"auto, (max-width: 268px) 100vw, 268px\" \/>\t\t\t\t\t\t\t\t\t\t\t<figcaption class=\"widget-image-caption wp-caption-text\">Flat bars and edge bars<\/figcaption>\n\t\t\t\t\t\t\t\t\t\t<\/figure>\n\t\t\t\t\t\t\t\t\t<\/div>\n\t\t\t\t<\/div>\n\t\t\t\t\t<\/div>\n\t\t<\/div>\n\t\t\t\t\t<\/div>\n\t\t<\/section>\n\t\t\t\t\t<\/div>\n\t\t<\/div>\n\t\t\t\t\t<\/div>\n\t\t<\/section>\n\t\t\t\t<\/div>\n\t\t","protected":false},"excerpt":{"rendered":"<p>Flat bars and edging rods made of PVC-U and PMMA are specific forms of building rods used in various applications in the construction industry, metalworking, handicrafts and other areas.\u00a0 \u00a0 Our product range includes\u00a0 PVC-U\/PMMA square rods Flat bars PVC-U 6-edged bars \u00a0 General information on\u00a0Square bars: \u00a0 Properties: Square shape:\u00a0Square bars have a rectangular [&hellip;]<\/p>\n","protected":false},"author":2,"featured_media":0,"parent":8276,"menu_order":0,"comment_status":"closed","ping_status":"closed","template":"","meta":{"iawp_total_views":34,"footnotes":""},"class_list":["post-8270","page","type-page","status-publish","hentry"],"yoast_head":"<!-- This site is optimized with the Yoast SEO Premium plugin v27.4 (Yoast SEO v27.5) - https:\/\/yoast.com\/product\/yoast-seo-premium-wordpress\/ -->\n<title>Our range of flat bars PVC-U PMMA bending bars<\/title>\n<meta name=\"description\" content=\"Wide range of flat bars and bending bars in PVC-U PMMA and finished parts: From sheets to welding machines, PVC to PTFE &quot;Welcome to AKUPLASTICS, your reliable partner for high-quality semi-finished and finished parts\" \/>\n<meta name=\"robots\" content=\"index, follow, max-snippet:-1, max-image-preview:large, max-video-preview:-1\" \/>\n<link rel=\"canonical\" href=\"https:\/\/www.akuplastics.com\/en\/semi-finished-products-sheets-solid-rods-hollow-rods-profiles-tubes-welding-rods\/4-edge-flat-6-edge-bars\/\" \/>\n<script type=\"application\/ld+json\" class=\"yoast-schema-graph\">{\"@context\":\"https:\\\/\\\/schema.org\",\"@graph\":[{\"@type\":\"WebPage\",\"@id\":\"https:\\\/\\\/www.akuplastics.com\\\/en\\\/semi-finished-products-sheets-solid-rods-hollow-rods-profiles-tubes-welding-rods\\\/4-edge-flat-6-edge-bars\\\/\",\"url\":\"https:\\\/\\\/www.akuplastics.com\\\/en\\\/semi-finished-products-sheets-solid-rods-hollow-rods-profiles-tubes-welding-rods\\\/4-edge-flat-6-edge-bars\\\/\",\"name\":\"Our range of flat bars PVC-U PMMA bending bars\",\"isPartOf\":{\"@id\":\"https:\\\/\\\/www.akuplastics.com\\\/en\\\/#website\"},\"primaryImageOfPage\":{\"@id\":\"https:\\\/\\\/www.akuplastics.com\\\/en\\\/semi-finished-products-sheets-solid-rods-hollow-rods-profiles-tubes-welding-rods\\\/4-edge-flat-6-edge-bars\\\/#primaryimage\"},\"image\":{\"@id\":\"https:\\\/\\\/www.akuplastics.com\\\/en\\\/semi-finished-products-sheets-solid-rods-hollow-rods-profiles-tubes-welding-rods\\\/4-edge-flat-6-edge-bars\\\/#primaryimage\"},\"thumbnailUrl\":\"https:\\\/\\\/www.akuplastics.com\\\/wp-content\\\/uploads\\\/2023\\\/09\\\/Bild2-Edited-268x300.png\",\"datePublished\":\"2020-09-17T08:21:28+00:00\",\"dateModified\":\"2024-04-19T08:47:41+00:00\",\"description\":\"Wide range of flat bars and bending bars in PVC-U PMMA and finished parts: From sheets to welding machines, PVC to PTFE \\\"Welcome to AKUPLASTICS, your reliable partner for high-quality semi-finished and finished parts\",\"breadcrumb\":{\"@id\":\"https:\\\/\\\/www.akuplastics.com\\\/en\\\/semi-finished-products-sheets-solid-rods-hollow-rods-profiles-tubes-welding-rods\\\/4-edge-flat-6-edge-bars\\\/#breadcrumb\"},\"inLanguage\":\"en-US\",\"potentialAction\":[{\"@type\":\"ReadAction\",\"target\":[\"https:\\\/\\\/www.akuplastics.com\\\/en\\\/semi-finished-products-sheets-solid-rods-hollow-rods-profiles-tubes-welding-rods\\\/4-edge-flat-6-edge-bars\\\/\"]}]},{\"@type\":\"ImageObject\",\"inLanguage\":\"en-US\",\"@id\":\"https:\\\/\\\/www.akuplastics.com\\\/en\\\/semi-finished-products-sheets-solid-rods-hollow-rods-profiles-tubes-welding-rods\\\/4-edge-flat-6-edge-bars\\\/#primaryimage\",\"url\":\"https:\\\/\\\/www.akuplastics.com\\\/wp-content\\\/uploads\\\/2023\\\/09\\\/Bild2-Edited-268x300.png\",\"contentUrl\":\"https:\\\/\\\/www.akuplastics.com\\\/wp-content\\\/uploads\\\/2023\\\/09\\\/Bild2-Edited-268x300.png\"},{\"@type\":\"BreadcrumbList\",\"@id\":\"https:\\\/\\\/www.akuplastics.com\\\/en\\\/semi-finished-products-sheets-solid-rods-hollow-rods-profiles-tubes-welding-rods\\\/4-edge-flat-6-edge-bars\\\/#breadcrumb\",\"itemListElement\":[{\"@type\":\"ListItem\",\"position\":1,\"name\":\"Homepage\",\"item\":\"https:\\\/\\\/www.akuplastics.com\\\/en\\\/\"},{\"@type\":\"ListItem\",\"position\":2,\"name\":\"Semi-finished products\",\"item\":\"https:\\\/\\\/www.akuplastics.com\\\/en\\\/halbzeug-platten-vollstabe-hohlstabe-profile-rohre-schweisdrahte\\\/\"},{\"@type\":\"ListItem\",\"position\":3,\"name\":\"4-edge, flat, 6-edge bars\"}]},{\"@type\":\"WebSite\",\"@id\":\"https:\\\/\\\/www.akuplastics.com\\\/en\\\/#website\",\"url\":\"https:\\\/\\\/www.akuplastics.com\\\/en\\\/\",\"name\":\"Semi-Finished Products \u2013 Finished Parts \u2013 Ventilation Moulded Parts \u2013 Machines\",\"description\":\"Halbzeuge, Halbfabrikate, Kunststoffhalbzeuge, Kunststoffhalbfabrikate\",\"publisher\":{\"@id\":\"https:\\\/\\\/www.akuplastics.com\\\/en\\\/#organization\"},\"alternateName\":\"AKUPLASTICS \u2013 Engineering in Plastics\",\"potentialAction\":[{\"@type\":\"SearchAction\",\"target\":{\"@type\":\"EntryPoint\",\"urlTemplate\":\"https:\\\/\\\/www.akuplastics.com\\\/en\\\/?s={search_term_string}\"},\"query-input\":{\"@type\":\"PropertyValueSpecification\",\"valueRequired\":true,\"valueName\":\"search_term_string\"}}],\"inLanguage\":\"en-US\"},{\"@type\":\"Organization\",\"@id\":\"https:\\\/\\\/www.akuplastics.com\\\/en\\\/#organization\",\"name\":\"Ing. Christian Ahlborn e.U.\",\"alternateName\":\"AKU\",\"url\":\"https:\\\/\\\/www.akuplastics.com\\\/en\\\/\",\"logo\":{\"@type\":\"ImageObject\",\"inLanguage\":\"en-US\",\"@id\":\"https:\\\/\\\/www.akuplastics.com\\\/en\\\/#\\\/schema\\\/logo\\\/image\\\/\",\"url\":\"https:\\\/\\\/www.akuplastics.com\\\/wp-content\\\/uploads\\\/2020\\\/07\\\/Grafik14-inkl-r.png\",\"contentUrl\":\"https:\\\/\\\/www.akuplastics.com\\\/wp-content\\\/uploads\\\/2020\\\/07\\\/Grafik14-inkl-r.png\",\"width\":1994,\"height\":743,\"caption\":\"Ing. Christian Ahlborn e.U.\"},\"image\":{\"@id\":\"https:\\\/\\\/www.akuplastics.com\\\/en\\\/#\\\/schema\\\/logo\\\/image\\\/\"}}]}<\/script>\n<!-- \/ Yoast SEO Premium plugin. -->","yoast_head_json":{"title":"Our range of flat bars PVC-U PMMA bending bars","description":"Wide range of flat bars and bending bars in PVC-U PMMA and finished parts: From sheets to welding machines, PVC to PTFE \"Welcome to AKUPLASTICS, your reliable partner for high-quality semi-finished and finished parts","robots":{"index":"index","follow":"follow","max-snippet":"max-snippet:-1","max-image-preview":"max-image-preview:large","max-video-preview":"max-video-preview:-1"},"canonical":"https:\/\/www.akuplastics.com\/en\/semi-finished-products-sheets-solid-rods-hollow-rods-profiles-tubes-welding-rods\/4-edge-flat-6-edge-bars\/","schema":{"@context":"https:\/\/schema.org","@graph":[{"@type":"WebPage","@id":"https:\/\/www.akuplastics.com\/en\/semi-finished-products-sheets-solid-rods-hollow-rods-profiles-tubes-welding-rods\/4-edge-flat-6-edge-bars\/","url":"https:\/\/www.akuplastics.com\/en\/semi-finished-products-sheets-solid-rods-hollow-rods-profiles-tubes-welding-rods\/4-edge-flat-6-edge-bars\/","name":"Our range of flat bars PVC-U PMMA bending bars","isPartOf":{"@id":"https:\/\/www.akuplastics.com\/en\/#website"},"primaryImageOfPage":{"@id":"https:\/\/www.akuplastics.com\/en\/semi-finished-products-sheets-solid-rods-hollow-rods-profiles-tubes-welding-rods\/4-edge-flat-6-edge-bars\/#primaryimage"},"image":{"@id":"https:\/\/www.akuplastics.com\/en\/semi-finished-products-sheets-solid-rods-hollow-rods-profiles-tubes-welding-rods\/4-edge-flat-6-edge-bars\/#primaryimage"},"thumbnailUrl":"https:\/\/www.akuplastics.com\/wp-content\/uploads\/2023\/09\/Bild2-Edited-268x300.png","datePublished":"2020-09-17T08:21:28+00:00","dateModified":"2024-04-19T08:47:41+00:00","description":"Wide range of flat bars and bending bars in PVC-U PMMA and finished parts: From sheets to welding machines, PVC to PTFE \"Welcome to AKUPLASTICS, your reliable partner for high-quality semi-finished and finished parts","breadcrumb":{"@id":"https:\/\/www.akuplastics.com\/en\/semi-finished-products-sheets-solid-rods-hollow-rods-profiles-tubes-welding-rods\/4-edge-flat-6-edge-bars\/#breadcrumb"},"inLanguage":"en-US","potentialAction":[{"@type":"ReadAction","target":["https:\/\/www.akuplastics.com\/en\/semi-finished-products-sheets-solid-rods-hollow-rods-profiles-tubes-welding-rods\/4-edge-flat-6-edge-bars\/"]}]},{"@type":"ImageObject","inLanguage":"en-US","@id":"https:\/\/www.akuplastics.com\/en\/semi-finished-products-sheets-solid-rods-hollow-rods-profiles-tubes-welding-rods\/4-edge-flat-6-edge-bars\/#primaryimage","url":"https:\/\/www.akuplastics.com\/wp-content\/uploads\/2023\/09\/Bild2-Edited-268x300.png","contentUrl":"https:\/\/www.akuplastics.com\/wp-content\/uploads\/2023\/09\/Bild2-Edited-268x300.png"},{"@type":"BreadcrumbList","@id":"https:\/\/www.akuplastics.com\/en\/semi-finished-products-sheets-solid-rods-hollow-rods-profiles-tubes-welding-rods\/4-edge-flat-6-edge-bars\/#breadcrumb","itemListElement":[{"@type":"ListItem","position":1,"name":"Homepage","item":"https:\/\/www.akuplastics.com\/en\/"},{"@type":"ListItem","position":2,"name":"Semi-finished products","item":"https:\/\/www.akuplastics.com\/en\/halbzeug-platten-vollstabe-hohlstabe-profile-rohre-schweisdrahte\/"},{"@type":"ListItem","position":3,"name":"4-edge, flat, 6-edge bars"}]},{"@type":"WebSite","@id":"https:\/\/www.akuplastics.com\/en\/#website","url":"https:\/\/www.akuplastics.com\/en\/","name":"Semi-Finished Products \u2013 Finished Parts \u2013 Ventilation Moulded Parts \u2013 Machines","description":"Halbzeuge, Halbfabrikate, Kunststoffhalbzeuge, Kunststoffhalbfabrikate","publisher":{"@id":"https:\/\/www.akuplastics.com\/en\/#organization"},"alternateName":"AKUPLASTICS \u2013 Engineering in Plastics","potentialAction":[{"@type":"SearchAction","target":{"@type":"EntryPoint","urlTemplate":"https:\/\/www.akuplastics.com\/en\/?s={search_term_string}"},"query-input":{"@type":"PropertyValueSpecification","valueRequired":true,"valueName":"search_term_string"}}],"inLanguage":"en-US"},{"@type":"Organization","@id":"https:\/\/www.akuplastics.com\/en\/#organization","name":"Ing. Christian Ahlborn e.U.","alternateName":"AKU","url":"https:\/\/www.akuplastics.com\/en\/","logo":{"@type":"ImageObject","inLanguage":"en-US","@id":"https:\/\/www.akuplastics.com\/en\/#\/schema\/logo\/image\/","url":"https:\/\/www.akuplastics.com\/wp-content\/uploads\/2020\/07\/Grafik14-inkl-r.png","contentUrl":"https:\/\/www.akuplastics.com\/wp-content\/uploads\/2020\/07\/Grafik14-inkl-r.png","width":1994,"height":743,"caption":"Ing. Christian Ahlborn e.U."},"image":{"@id":"https:\/\/www.akuplastics.com\/en\/#\/schema\/logo\/image\/"}}]}},"_links":{"self":[{"href":"https:\/\/www.akuplastics.com\/en\/wp-json\/wp\/v2\/pages\/8270","targetHints":{"allow":["GET"]}}],"collection":[{"href":"https:\/\/www.akuplastics.com\/en\/wp-json\/wp\/v2\/pages"}],"about":[{"href":"https:\/\/www.akuplastics.com\/en\/wp-json\/wp\/v2\/types\/page"}],"author":[{"embeddable":true,"href":"https:\/\/www.akuplastics.com\/en\/wp-json\/wp\/v2\/users\/2"}],"replies":[{"embeddable":true,"href":"https:\/\/www.akuplastics.com\/en\/wp-json\/wp\/v2\/comments?post=8270"}],"version-history":[{"count":20,"href":"https:\/\/www.akuplastics.com\/en\/wp-json\/wp\/v2\/pages\/8270\/revisions"}],"predecessor-version":[{"id":22435,"href":"https:\/\/www.akuplastics.com\/en\/wp-json\/wp\/v2\/pages\/8270\/revisions\/22435"}],"up":[{"embeddable":true,"href":"https:\/\/www.akuplastics.com\/en\/wp-json\/wp\/v2\/pages\/8276"}],"wp:attachment":[{"href":"https:\/\/www.akuplastics.com\/en\/wp-json\/wp\/v2\/media?parent=8270"}],"curies":[{"name":"wp","href":"https:\/\/api.w.org\/{rel}","templated":true}]}}