{"id":29337,"date":"2025-10-27T16:06:06","date_gmt":"2025-10-27T15:06:06","guid":{"rendered":"https:\/\/www.akuplastics.com\/elbows-and-sockets\/"},"modified":"2025-10-27T16:43:37","modified_gmt":"2025-10-27T15:43:37","slug":"elbows-and-sockets","status":"publish","type":"page","link":"https:\/\/www.akuplastics.com\/en\/elbows-and-sockets\/","title":{"rendered":"Elbows and Sockets"},"content":{"rendered":"\t\t<div data-elementor-type=\"wp-page\" data-elementor-id=\"29337\" class=\"elementor elementor-29337 elementor-29193\" data-elementor-post-type=\"page\">\n\t\t\t\t\t\t<section class=\"elementor-section elementor-top-section elementor-element elementor-element-6025abb3 elementor-section-full_width elementor-section-height-default elementor-section-height-default\" data-id=\"6025abb3\" data-element_type=\"section\" data-e-type=\"section\" data-settings=\"{&quot;background_background&quot;:&quot;gradient&quot;}\">\n\t\t\t\t\t\t<div class=\"elementor-container elementor-column-gap-default\">\n\t\t\t\t\t<div class=\"elementor-column elementor-col-100 elementor-top-column elementor-element elementor-element-c978d9b\" data-id=\"c978d9b\" data-element_type=\"column\" data-e-type=\"column\">\n\t\t\t<div class=\"elementor-widget-wrap elementor-element-populated\">\n\t\t\t\t\t\t<section class=\"elementor-section elementor-inner-section elementor-element elementor-element-1ead80f elementor-section-boxed elementor-section-height-default elementor-section-height-default\" data-id=\"1ead80f\" data-element_type=\"section\" data-e-type=\"section\">\n\t\t\t\t\t\t<div class=\"elementor-container elementor-column-gap-default\">\n\t\t\t\t\t<div class=\"elementor-column elementor-col-100 elementor-inner-column elementor-element elementor-element-97f2d40\" data-id=\"97f2d40\" data-element_type=\"column\" data-e-type=\"column\">\n\t\t\t<div class=\"elementor-widget-wrap elementor-element-populated\">\n\t\t\t\t\t\t<div class=\"elementor-element elementor-element-5288b20 elementor-widget__width-initial elementor-widget elementor-widget-text-editor\" data-id=\"5288b20\" data-element_type=\"widget\" data-e-type=\"widget\" data-widget_type=\"text-editor.default\">\n\t\t\t\t<div class=\"elementor-widget-container\">\n\t\t\t\t\t\t\t\t\t<h1 style=\"text-align: left;\">Elbows and sockets made of PVC-U PPs PPs-EL PP-H PE-HD PVDF<\/h1>\t\t\t\t\t\t\t\t<\/div>\n\t\t\t\t<\/div>\n\t\t\t\t<div class=\"elementor-element elementor-element-843282f elementor-widget__width-initial elementor-widget elementor-widget-text-editor\" data-id=\"843282f\" data-element_type=\"widget\" data-e-type=\"widget\" data-widget_type=\"text-editor.default\">\n\t\t\t\t<div class=\"elementor-widget-container\">\n\t\t\t\t\t\t\t\t\t<p style=\"text-align: left;\">Round elbow with socket and internal stop for connecting pipes in an exhaust system using a welding process. Socket internal diameter in accordance with DIN 8062. R=D. Manufacturing process: \u00d8 50 to 400 mm injection molding, \u00d8 450 to 600 mm patented blow molding, from \u00d8 700 segment-welded.  Possible negative pressure upon request after mechanical, chemical, and thermal loading.<\/p><p> <\/p><p style=\"text-align: left;\">Round plastic double socket fitting with an internal stop for connecting pipes in an exhaust air system via welding. Socket internal diameter in accordance with DIN 8062. Manufacturing process: \u00d8 50 to 400 mm injection molding, from \u00d8 450 mm manufactured from semi-finished products. Possible negative pressure upon request after mechanical, chemical, and thermal loading.<\/p>\t\t\t\t\t\t\t\t<\/div>\n\t\t\t\t<\/div>\n\t\t\t\t<div class=\"elementor-element elementor-element-b534910 elementor-widget__width-initial elementor-widget elementor-widget-text-editor\" data-id=\"b534910\" data-element_type=\"widget\" data-e-type=\"widget\" data-widget_type=\"text-editor.default\">\n\t\t\t\t<div class=\"elementor-widget-container\">\n\t\t\t\t\t\t\t\t\t<p style=\"text-align: left;\"> <\/p><p style=\"text-align: left;\">Possible negative pressure upon request after mechanical, chemical, and thermal loading.<\/p>\t\t\t\t\t\t\t\t<\/div>\n\t\t\t\t<\/div>\n\t\t\t\t<div class=\"elementor-element elementor-element-5a28bf2 elementor-widget__width-initial elementor-widget elementor-widget-text-editor\" data-id=\"5a28bf2\" data-element_type=\"widget\" data-e-type=\"widget\" data-widget_type=\"text-editor.default\">\n\t\t\t\t<div class=\"elementor-widget-container\">\n\t\t\t\t\t\t\t\t\t<p style=\"text-align: left;\">Available as <\/p><p data-start=\"48\" data-end=\"59\"> <\/p><p style=\"text-align: left;\" data-start=\"48\" data-end=\"59\"><strong>Elbows<\/strong><\/p><p style=\"text-align: left;\" data-start=\"63\" data-end=\"77\"><strong>Double Sockets<\/strong><\/p><p style=\"text-align: left;\" data-start=\"81\" data-end=\"101\"><strong>Tees, 90\u00b0 Socket<\/strong><\/p><p style=\"text-align: left;\" data-start=\"105\" data-end=\"135\"><strong>T-pieces socket 90\u00b0 reduced<\/strong><\/p><p style=\"text-align: left;\" data-start=\"139\" data-end=\"159\"><strong>T-pieces socket 45\u00b0<\/strong><\/p><p style=\"text-align: left;\" data-start=\"163\" data-end=\"193\"><strong>45\u00b0 Reduced Socket Tees<\/strong><\/p><p style=\"text-align: left;\" data-start=\"197\" data-end=\"239\"><strong>Socket Tees 90\u00b0 with Cleaning Opening<\/strong><\/p><p style=\"text-align: left;\" data-start=\"243\" data-end=\"268\"><strong>Symmetrical Reducer<\/strong><\/p><p style=\"text-align: left;\" data-start=\"272\" data-end=\"298\"><strong>Asymmetrical Reduction<\/strong><\/p><p style=\"text-align: left;\"> <\/p>\t\t\t\t\t\t\t\t<\/div>\n\t\t\t\t<\/div>\n\t\t\t\t\t<\/div>\n\t\t<\/div>\n\t\t\t\t<div class=\"elementor-column elementor-col-50 elementor-inner-column elementor-element elementor-element-97bb919\" data-id=\"97bb919\" data-element_type=\"column\" data-e-type=\"column\">\n\t\t\t<div class=\"elementor-widget-wrap elementor-element-populated\">\n\t\t\t\t\t\t<div class=\"elementor-element elementor-element-1a349e7 elementor-widget elementor-widget-image\" data-id=\"1a349e7\" data-element_type=\"widget\" data-e-type=\"widget\" data-widget_type=\"image.default\">\n\t\t\t\t<div class=\"elementor-widget-container\">\n\t\t\t\t\t\t\t\t\t\t\t\t<figure class=\"wp-caption\">\n\t\t\t\t\t\t\t\t\t\t<img loading=\"lazy\" decoding=\"async\" width=\"286\" height=\"283\" src=\"https:\/\/www.akuplastics.com\/wp-content\/uploads\/2025\/10\/image011-1.webp\" class=\"attachment-medium size-medium wp-image-27390\" alt=\"Pipe Bend with Socket Plastic Molded Part Pipe Bend 90\u00b0\" \/>\t\t\t\t\t\t\t\t\t\t\t<figcaption class=\"widget-image-caption wp-caption-text\">Pipe Bend with Socket Plastic Molded Part Pipe Bend 90\u00b0<\/figcaption>\n\t\t\t\t\t\t\t\t\t\t<\/figure>\n\t\t\t\t\t\t\t\t\t<\/div>\n\t\t\t\t<\/div>\n\t\t\t\t<div class=\"elementor-element elementor-element-e1f56d4 elementor-widget elementor-widget-image\" data-id=\"e1f56d4\" data-element_type=\"widget\" data-e-type=\"widget\" data-widget_type=\"image.default\">\n\t\t\t\t<div class=\"elementor-widget-container\">\n\t\t\t\t\t\t\t\t\t\t\t\t<figure class=\"wp-caption\">\n\t\t\t\t\t\t\t\t\t\t<img loading=\"lazy\" decoding=\"async\" width=\"300\" height=\"214\" src=\"https:\/\/www.akuplastics.com\/wp-content\/uploads\/2025\/10\/Doppelmuffe_technische_Zeichnung-300x214.webp\" class=\"attachment-medium size-medium wp-image-27348\" alt=\"Plastic Double Socket White PVC PPs PP-H PE-HD PP-EL-s PVDF\" srcset=\"https:\/\/www.akuplastics.com\/wp-content\/uploads\/2025\/10\/Doppelmuffe_technische_Zeichnung-300x214.webp 300w, https:\/\/www.akuplastics.com\/wp-content\/uploads\/2025\/10\/Doppelmuffe_technische_Zeichnung.webp 500w\" sizes=\"auto, (max-width: 300px) 100vw, 300px\" \/>\t\t\t\t\t\t\t\t\t\t\t<figcaption class=\"widget-image-caption wp-caption-text\">Plastic Double Socket White PVC PPs PP-H PE-HD PP-EL-s PVDF<\/figcaption>\n\t\t\t\t\t\t\t\t\t\t<\/figure>\n\t\t\t\t\t\t\t\t\t<\/div>\n\t\t\t\t<\/div>\n\t\t\t\t\t<\/div>\n\t\t<\/div>\n\t\t\t\t\t<\/div>\n\t\t<\/section>\n\t\t\t\t\t<\/div>\n\t\t<\/div>\n\t\t\t\t\t<\/div>\n\t\t<\/section>\n\t\t\t\t<\/div>\n\t\t","protected":false},"excerpt":{"rendered":"<p>Elbows and sockets made of PVC-U PPs PPs-EL PP-H PE-HD PVDF Round elbow with socket and internal stop for connecting pipes in an exhaust system using a welding process. Socket internal diameter in accordance with DIN 8062. R=D. Manufacturing process: \u00d8 50 to 400 mm injection molding, \u00d8 450 to 600 mm patented blow molding, [&hellip;]<\/p>\n","protected":false},"author":3,"featured_media":27390,"parent":0,"menu_order":1,"comment_status":"closed","ping_status":"closed","template":"","meta":{"iawp_total_views":5,"footnotes":""},"class_list":["post-29337","page","type-page","status-publish","has-post-thumbnail","hentry"],"yoast_head":"<!-- This site is optimized with the Yoast SEO Premium plugin v27.4 (Yoast SEO v27.4) - https:\/\/yoast.com\/product\/yoast-seo-premium-wordpress\/ -->\n<title>Elbows Sockets PVC-U PPs PPs-EL PP-H PE-HD PVDF<\/title>\n<meta name=\"description\" content=\"Elbows with socket and double sockets made of PVC-U PPs PPs-EL PP-H PE-HD PVDF. Socket inner diameter based on DIN 8062. Manufacturing process: \u00d8 50 to 400 mm injection molding, \u00d8 450 to 600 mm patented blow molding, from \u00d8 700 segment-welded.\" \/>\n<meta name=\"robots\" content=\"index, follow, max-snippet:-1, max-image-preview:large, max-video-preview:-1\" \/>\n<link rel=\"canonical\" href=\"https:\/\/www.akuplastics.com\/en\/elbows-and-sockets\/\" \/>\n<script type=\"application\/ld+json\" class=\"yoast-schema-graph\">{\"@context\":\"https:\\\/\\\/schema.org\",\"@graph\":[{\"@type\":\"WebPage\",\"@id\":\"https:\\\/\\\/www.akuplastics.com\\\/en\\\/elbows-and-sockets\\\/\",\"url\":\"https:\\\/\\\/www.akuplastics.com\\\/en\\\/elbows-and-sockets\\\/\",\"name\":\"Elbows Sockets PVC-U PPs PPs-EL PP-H PE-HD PVDF\",\"isPartOf\":{\"@id\":\"https:\\\/\\\/www.akuplastics.com\\\/en\\\/#website\"},\"primaryImageOfPage\":{\"@id\":\"https:\\\/\\\/www.akuplastics.com\\\/en\\\/elbows-and-sockets\\\/#primaryimage\"},\"image\":{\"@id\":\"https:\\\/\\\/www.akuplastics.com\\\/en\\\/elbows-and-sockets\\\/#primaryimage\"},\"thumbnailUrl\":\"https:\\\/\\\/www.akuplastics.com\\\/wp-content\\\/uploads\\\/2025\\\/10\\\/image011-1.webp\",\"datePublished\":\"2025-10-27T15:06:06+00:00\",\"dateModified\":\"2025-10-27T15:43:37+00:00\",\"description\":\"Elbows with socket and double sockets made of PVC-U PPs PPs-EL PP-H PE-HD PVDF. Socket inner diameter based on DIN 8062. Manufacturing process: \u00d8 50 to 400 mm injection molding, \u00d8 450 to 600 mm patented blow molding, from \u00d8 700 segment-welded.\",\"breadcrumb\":{\"@id\":\"https:\\\/\\\/www.akuplastics.com\\\/en\\\/elbows-and-sockets\\\/#breadcrumb\"},\"inLanguage\":\"en-US\",\"potentialAction\":[{\"@type\":\"ReadAction\",\"target\":[\"https:\\\/\\\/www.akuplastics.com\\\/en\\\/elbows-and-sockets\\\/\"]}]},{\"@type\":\"ImageObject\",\"inLanguage\":\"en-US\",\"@id\":\"https:\\\/\\\/www.akuplastics.com\\\/en\\\/elbows-and-sockets\\\/#primaryimage\",\"url\":\"https:\\\/\\\/www.akuplastics.com\\\/wp-content\\\/uploads\\\/2025\\\/10\\\/image011-1.webp\",\"contentUrl\":\"https:\\\/\\\/www.akuplastics.com\\\/wp-content\\\/uploads\\\/2025\\\/10\\\/image011-1.webp\",\"width\":286,\"height\":283,\"caption\":\"Pipe Bend with Socket Plastic Molded Part Pipe Bend 90\u00b0\"},{\"@type\":\"BreadcrumbList\",\"@id\":\"https:\\\/\\\/www.akuplastics.com\\\/en\\\/elbows-and-sockets\\\/#breadcrumb\",\"itemListElement\":[{\"@type\":\"ListItem\",\"position\":1,\"name\":\"Homepage\",\"item\":\"https:\\\/\\\/www.akuplastics.com\\\/en\\\/\"},{\"@type\":\"ListItem\",\"position\":2,\"name\":\"Elbows and Sockets\"}]},{\"@type\":\"WebSite\",\"@id\":\"https:\\\/\\\/www.akuplastics.com\\\/en\\\/#website\",\"url\":\"https:\\\/\\\/www.akuplastics.com\\\/en\\\/\",\"name\":\"Semi-Finished Products \u2013 Finished Parts \u2013 Ventilation Moulded Parts \u2013 Machines\",\"description\":\"Halbzeuge, Halbfabrikate, Kunststoffhalbzeuge, Kunststoffhalbfabrikate\",\"publisher\":{\"@id\":\"https:\\\/\\\/www.akuplastics.com\\\/en\\\/#organization\"},\"alternateName\":\"AKUPLASTICS \u2013 Engineering in Plastics\",\"potentialAction\":[{\"@type\":\"SearchAction\",\"target\":{\"@type\":\"EntryPoint\",\"urlTemplate\":\"https:\\\/\\\/www.akuplastics.com\\\/en\\\/?s={search_term_string}\"},\"query-input\":{\"@type\":\"PropertyValueSpecification\",\"valueRequired\":true,\"valueName\":\"search_term_string\"}}],\"inLanguage\":\"en-US\"},{\"@type\":\"Organization\",\"@id\":\"https:\\\/\\\/www.akuplastics.com\\\/en\\\/#organization\",\"name\":\"Ing. Christian Ahlborn e.U.\",\"alternateName\":\"AKU\",\"url\":\"https:\\\/\\\/www.akuplastics.com\\\/en\\\/\",\"logo\":{\"@type\":\"ImageObject\",\"inLanguage\":\"en-US\",\"@id\":\"https:\\\/\\\/www.akuplastics.com\\\/en\\\/#\\\/schema\\\/logo\\\/image\\\/\",\"url\":\"https:\\\/\\\/www.akuplastics.com\\\/wp-content\\\/uploads\\\/2020\\\/07\\\/Grafik14-inkl-r.png\",\"contentUrl\":\"https:\\\/\\\/www.akuplastics.com\\\/wp-content\\\/uploads\\\/2020\\\/07\\\/Grafik14-inkl-r.png\",\"width\":1994,\"height\":743,\"caption\":\"Ing. Christian Ahlborn e.U.\"},\"image\":{\"@id\":\"https:\\\/\\\/www.akuplastics.com\\\/en\\\/#\\\/schema\\\/logo\\\/image\\\/\"}}]}<\/script>\n<!-- \/ Yoast SEO Premium plugin. -->","yoast_head_json":{"title":"Elbows Sockets PVC-U PPs PPs-EL PP-H PE-HD PVDF","description":"Elbows with socket and double sockets made of PVC-U PPs PPs-EL PP-H PE-HD PVDF. Socket inner diameter based on DIN 8062. Manufacturing process: \u00d8 50 to 400 mm injection molding, \u00d8 450 to 600 mm patented blow molding, from \u00d8 700 segment-welded.","robots":{"index":"index","follow":"follow","max-snippet":"max-snippet:-1","max-image-preview":"max-image-preview:large","max-video-preview":"max-video-preview:-1"},"canonical":"https:\/\/www.akuplastics.com\/en\/elbows-and-sockets\/","schema":{"@context":"https:\/\/schema.org","@graph":[{"@type":"WebPage","@id":"https:\/\/www.akuplastics.com\/en\/elbows-and-sockets\/","url":"https:\/\/www.akuplastics.com\/en\/elbows-and-sockets\/","name":"Elbows Sockets PVC-U PPs PPs-EL PP-H PE-HD PVDF","isPartOf":{"@id":"https:\/\/www.akuplastics.com\/en\/#website"},"primaryImageOfPage":{"@id":"https:\/\/www.akuplastics.com\/en\/elbows-and-sockets\/#primaryimage"},"image":{"@id":"https:\/\/www.akuplastics.com\/en\/elbows-and-sockets\/#primaryimage"},"thumbnailUrl":"https:\/\/www.akuplastics.com\/wp-content\/uploads\/2025\/10\/image011-1.webp","datePublished":"2025-10-27T15:06:06+00:00","dateModified":"2025-10-27T15:43:37+00:00","description":"Elbows with socket and double sockets made of PVC-U PPs PPs-EL PP-H PE-HD PVDF. Socket inner diameter based on DIN 8062. Manufacturing process: \u00d8 50 to 400 mm injection molding, \u00d8 450 to 600 mm patented blow molding, from \u00d8 700 segment-welded.","breadcrumb":{"@id":"https:\/\/www.akuplastics.com\/en\/elbows-and-sockets\/#breadcrumb"},"inLanguage":"en-US","potentialAction":[{"@type":"ReadAction","target":["https:\/\/www.akuplastics.com\/en\/elbows-and-sockets\/"]}]},{"@type":"ImageObject","inLanguage":"en-US","@id":"https:\/\/www.akuplastics.com\/en\/elbows-and-sockets\/#primaryimage","url":"https:\/\/www.akuplastics.com\/wp-content\/uploads\/2025\/10\/image011-1.webp","contentUrl":"https:\/\/www.akuplastics.com\/wp-content\/uploads\/2025\/10\/image011-1.webp","width":286,"height":283,"caption":"Pipe Bend with Socket Plastic Molded Part Pipe Bend 90\u00b0"},{"@type":"BreadcrumbList","@id":"https:\/\/www.akuplastics.com\/en\/elbows-and-sockets\/#breadcrumb","itemListElement":[{"@type":"ListItem","position":1,"name":"Homepage","item":"https:\/\/www.akuplastics.com\/en\/"},{"@type":"ListItem","position":2,"name":"Elbows and Sockets"}]},{"@type":"WebSite","@id":"https:\/\/www.akuplastics.com\/en\/#website","url":"https:\/\/www.akuplastics.com\/en\/","name":"Semi-Finished Products \u2013 Finished Parts \u2013 Ventilation Moulded Parts \u2013 Machines","description":"Halbzeuge, Halbfabrikate, Kunststoffhalbzeuge, Kunststoffhalbfabrikate","publisher":{"@id":"https:\/\/www.akuplastics.com\/en\/#organization"},"alternateName":"AKUPLASTICS \u2013 Engineering in Plastics","potentialAction":[{"@type":"SearchAction","target":{"@type":"EntryPoint","urlTemplate":"https:\/\/www.akuplastics.com\/en\/?s={search_term_string}"},"query-input":{"@type":"PropertyValueSpecification","valueRequired":true,"valueName":"search_term_string"}}],"inLanguage":"en-US"},{"@type":"Organization","@id":"https:\/\/www.akuplastics.com\/en\/#organization","name":"Ing. Christian Ahlborn e.U.","alternateName":"AKU","url":"https:\/\/www.akuplastics.com\/en\/","logo":{"@type":"ImageObject","inLanguage":"en-US","@id":"https:\/\/www.akuplastics.com\/en\/#\/schema\/logo\/image\/","url":"https:\/\/www.akuplastics.com\/wp-content\/uploads\/2020\/07\/Grafik14-inkl-r.png","contentUrl":"https:\/\/www.akuplastics.com\/wp-content\/uploads\/2020\/07\/Grafik14-inkl-r.png","width":1994,"height":743,"caption":"Ing. Christian Ahlborn e.U."},"image":{"@id":"https:\/\/www.akuplastics.com\/en\/#\/schema\/logo\/image\/"}}]}},"_links":{"self":[{"href":"https:\/\/www.akuplastics.com\/en\/wp-json\/wp\/v2\/pages\/29337","targetHints":{"allow":["GET"]}}],"collection":[{"href":"https:\/\/www.akuplastics.com\/en\/wp-json\/wp\/v2\/pages"}],"about":[{"href":"https:\/\/www.akuplastics.com\/en\/wp-json\/wp\/v2\/types\/page"}],"author":[{"embeddable":true,"href":"https:\/\/www.akuplastics.com\/en\/wp-json\/wp\/v2\/users\/3"}],"replies":[{"embeddable":true,"href":"https:\/\/www.akuplastics.com\/en\/wp-json\/wp\/v2\/comments?post=29337"}],"version-history":[{"count":2,"href":"https:\/\/www.akuplastics.com\/en\/wp-json\/wp\/v2\/pages\/29337\/revisions"}],"predecessor-version":[{"id":29345,"href":"https:\/\/www.akuplastics.com\/en\/wp-json\/wp\/v2\/pages\/29337\/revisions\/29345"}],"wp:featuredmedia":[{"embeddable":true,"href":"https:\/\/www.akuplastics.com\/en\/wp-json\/wp\/v2\/media\/27390"}],"wp:attachment":[{"href":"https:\/\/www.akuplastics.com\/en\/wp-json\/wp\/v2\/media?parent=29337"}],"curies":[{"name":"wp","href":"https:\/\/api.w.org\/{rel}","templated":true}]}}