{"id":29246,"date":"2025-10-27T16:33:26","date_gmt":"2025-10-27T15:33:26","guid":{"rendered":"https:\/\/www.akuplastics.com\/flanges\/"},"modified":"2025-10-27T16:39:04","modified_gmt":"2025-10-27T15:39:04","slug":"flanges","status":"publish","type":"page","link":"https:\/\/www.akuplastics.com\/en\/flanges\/","title":{"rendered":"Flanges"},"content":{"rendered":"\t\t<div data-elementor-type=\"wp-page\" data-elementor-id=\"29246\" class=\"elementor elementor-29246 elementor-29234\" data-elementor-post-type=\"page\">\n\t\t\t\t\t\t<section class=\"elementor-section elementor-top-section elementor-element elementor-element-6025abb3 elementor-section-full_width elementor-section-height-default elementor-section-height-default\" data-id=\"6025abb3\" data-element_type=\"section\" data-e-type=\"section\" data-settings=\"{&quot;background_background&quot;:&quot;gradient&quot;}\">\n\t\t\t\t\t\t<div class=\"elementor-container elementor-column-gap-default\">\n\t\t\t\t\t<div class=\"elementor-column elementor-col-100 elementor-top-column elementor-element elementor-element-c978d9b\" data-id=\"c978d9b\" data-element_type=\"column\" data-e-type=\"column\">\n\t\t\t<div class=\"elementor-widget-wrap elementor-element-populated\">\n\t\t\t\t\t\t<section class=\"elementor-section elementor-inner-section elementor-element elementor-element-1ead80f elementor-section-boxed elementor-section-height-default elementor-section-height-default\" data-id=\"1ead80f\" data-element_type=\"section\" data-e-type=\"section\">\n\t\t\t\t\t\t<div class=\"elementor-container elementor-column-gap-default\">\n\t\t\t\t\t<div class=\"elementor-column elementor-col-100 elementor-inner-column elementor-element elementor-element-97f2d40\" data-id=\"97f2d40\" data-element_type=\"column\" data-e-type=\"column\">\n\t\t\t<div class=\"elementor-widget-wrap elementor-element-populated\">\n\t\t\t\t\t\t<div class=\"elementor-element elementor-element-5288b20 elementor-widget__width-initial elementor-widget elementor-widget-text-editor\" data-id=\"5288b20\" data-element_type=\"widget\" data-e-type=\"widget\" data-widget_type=\"text-editor.default\">\n\t\t\t\t<div class=\"elementor-widget-container\">\n\t\t\t\t\t\t\t\t\t<h1 style=\"text-align: left;\">Flange and blind flange made of PVC-U PPs PPs-EL PP-H PE-HD PVDF<\/h1>\t\t\t\t\t\t\t\t<\/div>\n\t\t\t\t<\/div>\n\t\t\t\t<div class=\"elementor-element elementor-element-843282f elementor-widget__width-initial elementor-widget elementor-widget-text-editor\" data-id=\"843282f\" data-element_type=\"widget\" data-e-type=\"widget\" data-widget_type=\"text-editor.default\">\n\t\t\t\t<div class=\"elementor-widget-container\">\n\t\t\t\t\t\t\t\t\t<p style=\"text-align: left;\">Flange \/ blind flange, round plastic molded part with an internal stop for connecting pipes in an exhaust system via welding. Socket inside diameter based on DIN 8062, dimensions based on DIN 1506.<\/p><p style=\"text-align: left;\">Manufacturing process: \u00d8 75 to 400 mm injection molding, \u00d8 50, 63 and from \u00d8 450 manufactured from semi-finished products. <\/p>\t\t\t\t\t\t\t\t<\/div>\n\t\t\t\t<\/div>\n\t\t\t\t<div class=\"elementor-element elementor-element-b534910 elementor-widget__width-initial elementor-widget elementor-widget-text-editor\" data-id=\"b534910\" data-element_type=\"widget\" data-e-type=\"widget\" data-widget_type=\"text-editor.default\">\n\t\t\t\t<div class=\"elementor-widget-container\">\n\t\t\t\t\t\t\t\t\t<p style=\"text-align: left;\"> <\/p><p style=\"text-align: left;\">Possible negative pressure upon request after mechanical, chemical, and thermal loading.<\/p>\t\t\t\t\t\t\t\t<\/div>\n\t\t\t\t<\/div>\n\t\t\t\t<div class=\"elementor-element elementor-element-5a28bf2 elementor-widget__width-initial elementor-widget elementor-widget-text-editor\" data-id=\"5a28bf2\" data-element_type=\"widget\" data-e-type=\"widget\" data-widget_type=\"text-editor.default\">\n\t\t\t\t<div class=\"elementor-widget-container\">\n\t\t\t\t\t\t\t\t\t<p style=\"text-align: left;\">Available as:<\/p><p> <\/p><p style=\"text-align: left;\" data-start=\"1120\" data-end=\"1139\"><strong>Flange with Socket<\/strong><\/p><p style=\"text-align: left;\" data-start=\"1144\" data-end=\"1164\"><strong>Flange without Socket<\/strong><\/p><p style=\"text-align: left;\" data-start=\"1169\" data-end=\"1199\" data-is-last-node=\"\"><strong>Blind Flange and EPDM Gasket<\/strong><\/p>\t\t\t\t\t\t\t\t<\/div>\n\t\t\t\t<\/div>\n\t\t\t\t\t<\/div>\n\t\t<\/div>\n\t\t\t\t<div class=\"elementor-column elementor-col-50 elementor-inner-column elementor-element elementor-element-97bb919\" data-id=\"97bb919\" data-element_type=\"column\" data-e-type=\"column\">\n\t\t\t<div class=\"elementor-widget-wrap elementor-element-populated\">\n\t\t\t\t\t\t<div class=\"elementor-element elementor-element-1a349e7 elementor-widget elementor-widget-image\" data-id=\"1a349e7\" data-element_type=\"widget\" data-e-type=\"widget\" data-widget_type=\"image.default\">\n\t\t\t\t<div class=\"elementor-widget-container\">\n\t\t\t\t\t\t\t\t\t\t\t\t<figure class=\"wp-caption\">\n\t\t\t\t\t\t\t\t\t\t<img loading=\"lazy\" decoding=\"async\" width=\"214\" height=\"300\" src=\"https:\/\/www.akuplastics.com\/wp-content\/uploads\/2025\/10\/Flansch-mit-Muffe-PVC-U-PPs-PPs-EL-PP-H-PE-HD-PVDF-214x300.webp\" class=\"attachment-medium size-medium wp-image-28921\" alt=\"Flange with socket PVC-U PPs PPs-EL PP-H PE-HD PVDF\" srcset=\"https:\/\/www.akuplastics.com\/wp-content\/uploads\/2025\/10\/Flansch-mit-Muffe-PVC-U-PPs-PPs-EL-PP-H-PE-HD-PVDF-214x300.webp 214w, https:\/\/www.akuplastics.com\/wp-content\/uploads\/2025\/10\/Flansch-mit-Muffe-PVC-U-PPs-PPs-EL-PP-H-PE-HD-PVDF.webp 500w\" sizes=\"auto, (max-width: 214px) 100vw, 214px\" \/>\t\t\t\t\t\t\t\t\t\t\t<figcaption class=\"widget-image-caption wp-caption-text\">Flange with socket PVC-U PPs PPs-EL PP-H PE-HD PVDF<\/figcaption>\n\t\t\t\t\t\t\t\t\t\t<\/figure>\n\t\t\t\t\t\t\t\t\t<\/div>\n\t\t\t\t<\/div>\n\t\t\t\t<div class=\"elementor-element elementor-element-e1f56d4 elementor-widget elementor-widget-image\" data-id=\"e1f56d4\" data-element_type=\"widget\" data-e-type=\"widget\" data-widget_type=\"image.default\">\n\t\t\t\t<div class=\"elementor-widget-container\">\n\t\t\t\t\t\t\t\t\t\t\t\t<figure class=\"wp-caption\">\n\t\t\t\t\t\t\t\t\t\t<img loading=\"lazy\" decoding=\"async\" width=\"214\" height=\"300\" src=\"https:\/\/www.akuplastics.com\/wp-content\/uploads\/2025\/10\/Flansch-ohne-Muffe-PVC-U-PPs-PPs-EL-PP-H-PE-HD-PVDF-214x300.webp\" class=\"attachment-medium size-medium wp-image-28917\" alt=\"Flange without socket PVC-U PPs PPs-EL PP-H PE-HD PVDF\" srcset=\"https:\/\/www.akuplastics.com\/wp-content\/uploads\/2025\/10\/Flansch-ohne-Muffe-PVC-U-PPs-PPs-EL-PP-H-PE-HD-PVDF-214x300.webp 214w, https:\/\/www.akuplastics.com\/wp-content\/uploads\/2025\/10\/Flansch-ohne-Muffe-PVC-U-PPs-PPs-EL-PP-H-PE-HD-PVDF.webp 500w\" sizes=\"auto, (max-width: 214px) 100vw, 214px\" \/>\t\t\t\t\t\t\t\t\t\t\t<figcaption class=\"widget-image-caption wp-caption-text\">Flange without socket PVC-U PPs PPs-EL PP-H PE-HD PVDF<\/figcaption>\n\t\t\t\t\t\t\t\t\t\t<\/figure>\n\t\t\t\t\t\t\t\t\t<\/div>\n\t\t\t\t<\/div>\n\t\t\t\t<div class=\"elementor-element elementor-element-9819023 elementor-widget elementor-widget-image\" data-id=\"9819023\" data-element_type=\"widget\" data-e-type=\"widget\" data-widget_type=\"image.default\">\n\t\t\t\t<div class=\"elementor-widget-container\">\n\t\t\t\t\t\t\t\t\t\t\t\t<figure class=\"wp-caption\">\n\t\t\t\t\t\t\t\t\t\t<img loading=\"lazy\" decoding=\"async\" width=\"300\" height=\"206\" src=\"https:\/\/www.akuplastics.com\/wp-content\/uploads\/2025\/10\/Blindflansch-und-EPDM-Dichtung-PVC-U-PPs-PPs-EL-PP-H-PE-HD-PVDF-300x206.webp\" class=\"attachment-medium size-medium wp-image-28918\" alt=\"Blind flange and EPDM gasket PVC-U PPs PPs-EL PP-H PE-HD PVDF\" srcset=\"https:\/\/www.akuplastics.com\/wp-content\/uploads\/2025\/10\/Blindflansch-und-EPDM-Dichtung-PVC-U-PPs-PPs-EL-PP-H-PE-HD-PVDF-300x206.webp 300w, https:\/\/www.akuplastics.com\/wp-content\/uploads\/2025\/10\/Blindflansch-und-EPDM-Dichtung-PVC-U-PPs-PPs-EL-PP-H-PE-HD-PVDF.webp 500w\" sizes=\"auto, (max-width: 300px) 100vw, 300px\" \/>\t\t\t\t\t\t\t\t\t\t\t<figcaption class=\"widget-image-caption wp-caption-text\">Blind flange and EPDM gasket PVC-U PPs PPs-EL PP-H PE-HD PVDF<\/figcaption>\n\t\t\t\t\t\t\t\t\t\t<\/figure>\n\t\t\t\t\t\t\t\t\t<\/div>\n\t\t\t\t<\/div>\n\t\t\t\t<div class=\"elementor-element elementor-element-a2ffce4 elementor-widget elementor-widget-image\" data-id=\"a2ffce4\" data-element_type=\"widget\" data-e-type=\"widget\" data-widget_type=\"image.default\">\n\t\t\t\t<div class=\"elementor-widget-container\">\n\t\t\t\t\t\t\t\t\t\t\t\t<figure class=\"wp-caption\">\n\t\t\t\t\t\t\t\t\t\t<img loading=\"lazy\" decoding=\"async\" width=\"300\" height=\"241\" src=\"https:\/\/www.akuplastics.com\/wp-content\/uploads\/2025\/10\/Regelklappe-Flansch-Stellantrieb-D2-PVC-U-PPs-PPs-EL-PP-H-PE-HD-PVDF-300x241.webp\" class=\"attachment-medium size-medium wp-image-28646\" alt=\"Butterfly valve flange actuator D2 PVC-U PPs PPs-EL PP-H PE-HD PVDF\" srcset=\"https:\/\/www.akuplastics.com\/wp-content\/uploads\/2025\/10\/Regelklappe-Flansch-Stellantrieb-D2-PVC-U-PPs-PPs-EL-PP-H-PE-HD-PVDF-300x241.webp 300w, https:\/\/www.akuplastics.com\/wp-content\/uploads\/2025\/10\/Regelklappe-Flansch-Stellantrieb-D2-PVC-U-PPs-PPs-EL-PP-H-PE-HD-PVDF.webp 500w\" sizes=\"auto, (max-width: 300px) 100vw, 300px\" \/>\t\t\t\t\t\t\t\t\t\t\t<figcaption class=\"widget-image-caption wp-caption-text\">Butterfly valve flange actuator D2 PVC-U PPs PPs-EL PP-H PE-HD PVDF<\/figcaption>\n\t\t\t\t\t\t\t\t\t\t<\/figure>\n\t\t\t\t\t\t\t\t\t<\/div>\n\t\t\t\t<\/div>\n\t\t\t\t\t<\/div>\n\t\t<\/div>\n\t\t\t\t\t<\/div>\n\t\t<\/section>\n\t\t\t\t\t<\/div>\n\t\t<\/div>\n\t\t\t\t\t<\/div>\n\t\t<\/section>\n\t\t\t\t<\/div>\n\t\t","protected":false},"excerpt":{"rendered":"<p>Flange and blind flange made of PVC-U PPs PPs-EL PP-H PE-HD PVDF Flange \/ blind flange, round plastic molded part with an internal stop for connecting pipes in an exhaust system via welding. Socket inside diameter based on DIN 8062, dimensions based on DIN 1506. Manufacturing process: \u00d8 75 to 400 mm injection molding, \u00d8 [&hellip;]<\/p>\n","protected":false},"author":3,"featured_media":28921,"parent":0,"menu_order":1,"comment_status":"closed","ping_status":"closed","template":"","meta":{"iawp_total_views":20,"footnotes":""},"class_list":["post-29246","page","type-page","status-publish","has-post-thumbnail","hentry"],"yoast_head":"<!-- This site is optimized with the Yoast SEO Premium plugin v27.4 (Yoast SEO v27.4) - https:\/\/yoast.com\/product\/yoast-seo-premium-wordpress\/ -->\n<title>Flanges PVC-U PPs PPs-EL PP-H PE-HD PVDF<\/title>\n<meta name=\"description\" content=\"Flange \/ blind flange, round plastic molded part with an internal stop for connecting pipes in an exhaust system via welding. Socket inside diameter based on DIN 8062, dimensions based on DIN 1506.\" \/>\n<meta name=\"robots\" content=\"index, follow, max-snippet:-1, max-image-preview:large, max-video-preview:-1\" \/>\n<link rel=\"canonical\" href=\"https:\/\/www.akuplastics.com\/en\/flanges\/\" \/>\n<script type=\"application\/ld+json\" class=\"yoast-schema-graph\">{\"@context\":\"https:\\\/\\\/schema.org\",\"@graph\":[{\"@type\":\"WebPage\",\"@id\":\"https:\\\/\\\/www.akuplastics.com\\\/en\\\/flanges\\\/\",\"url\":\"https:\\\/\\\/www.akuplastics.com\\\/en\\\/flanges\\\/\",\"name\":\"Flanges PVC-U PPs PPs-EL PP-H PE-HD PVDF\",\"isPartOf\":{\"@id\":\"https:\\\/\\\/www.akuplastics.com\\\/en\\\/#website\"},\"primaryImageOfPage\":{\"@id\":\"https:\\\/\\\/www.akuplastics.com\\\/en\\\/flanges\\\/#primaryimage\"},\"image\":{\"@id\":\"https:\\\/\\\/www.akuplastics.com\\\/en\\\/flanges\\\/#primaryimage\"},\"thumbnailUrl\":\"https:\\\/\\\/www.akuplastics.com\\\/wp-content\\\/uploads\\\/2025\\\/10\\\/Flansch-mit-Muffe-PVC-U-PPs-PPs-EL-PP-H-PE-HD-PVDF.webp\",\"datePublished\":\"2025-10-27T15:33:26+00:00\",\"dateModified\":\"2025-10-27T15:39:04+00:00\",\"description\":\"Flange \\\/ blind flange, round plastic molded part with an internal stop for connecting pipes in an exhaust system via welding. Socket inside diameter based on DIN 8062, dimensions based on DIN 1506.\",\"breadcrumb\":{\"@id\":\"https:\\\/\\\/www.akuplastics.com\\\/en\\\/flanges\\\/#breadcrumb\"},\"inLanguage\":\"en-US\",\"potentialAction\":[{\"@type\":\"ReadAction\",\"target\":[\"https:\\\/\\\/www.akuplastics.com\\\/en\\\/flanges\\\/\"]}]},{\"@type\":\"ImageObject\",\"inLanguage\":\"en-US\",\"@id\":\"https:\\\/\\\/www.akuplastics.com\\\/en\\\/flanges\\\/#primaryimage\",\"url\":\"https:\\\/\\\/www.akuplastics.com\\\/wp-content\\\/uploads\\\/2025\\\/10\\\/Flansch-mit-Muffe-PVC-U-PPs-PPs-EL-PP-H-PE-HD-PVDF.webp\",\"contentUrl\":\"https:\\\/\\\/www.akuplastics.com\\\/wp-content\\\/uploads\\\/2025\\\/10\\\/Flansch-mit-Muffe-PVC-U-PPs-PPs-EL-PP-H-PE-HD-PVDF.webp\",\"width\":500,\"height\":702,\"caption\":\"Flange with socket PVC-U PPs PPs-EL PP-H PE-HD PVDF\"},{\"@type\":\"BreadcrumbList\",\"@id\":\"https:\\\/\\\/www.akuplastics.com\\\/en\\\/flanges\\\/#breadcrumb\",\"itemListElement\":[{\"@type\":\"ListItem\",\"position\":1,\"name\":\"Homepage\",\"item\":\"https:\\\/\\\/www.akuplastics.com\\\/en\\\/\"},{\"@type\":\"ListItem\",\"position\":2,\"name\":\"Flanges\"}]},{\"@type\":\"WebSite\",\"@id\":\"https:\\\/\\\/www.akuplastics.com\\\/en\\\/#website\",\"url\":\"https:\\\/\\\/www.akuplastics.com\\\/en\\\/\",\"name\":\"Semi-Finished Products \u2013 Finished Parts \u2013 Ventilation Moulded Parts \u2013 Machines\",\"description\":\"Halbzeuge, Halbfabrikate, Kunststoffhalbzeuge, Kunststoffhalbfabrikate\",\"publisher\":{\"@id\":\"https:\\\/\\\/www.akuplastics.com\\\/en\\\/#organization\"},\"alternateName\":\"AKUPLASTICS \u2013 Engineering in Plastics\",\"potentialAction\":[{\"@type\":\"SearchAction\",\"target\":{\"@type\":\"EntryPoint\",\"urlTemplate\":\"https:\\\/\\\/www.akuplastics.com\\\/en\\\/?s={search_term_string}\"},\"query-input\":{\"@type\":\"PropertyValueSpecification\",\"valueRequired\":true,\"valueName\":\"search_term_string\"}}],\"inLanguage\":\"en-US\"},{\"@type\":\"Organization\",\"@id\":\"https:\\\/\\\/www.akuplastics.com\\\/en\\\/#organization\",\"name\":\"Ing. Christian Ahlborn e.U.\",\"alternateName\":\"AKU\",\"url\":\"https:\\\/\\\/www.akuplastics.com\\\/en\\\/\",\"logo\":{\"@type\":\"ImageObject\",\"inLanguage\":\"en-US\",\"@id\":\"https:\\\/\\\/www.akuplastics.com\\\/en\\\/#\\\/schema\\\/logo\\\/image\\\/\",\"url\":\"https:\\\/\\\/www.akuplastics.com\\\/wp-content\\\/uploads\\\/2020\\\/07\\\/Grafik14-inkl-r.png\",\"contentUrl\":\"https:\\\/\\\/www.akuplastics.com\\\/wp-content\\\/uploads\\\/2020\\\/07\\\/Grafik14-inkl-r.png\",\"width\":1994,\"height\":743,\"caption\":\"Ing. Christian Ahlborn e.U.\"},\"image\":{\"@id\":\"https:\\\/\\\/www.akuplastics.com\\\/en\\\/#\\\/schema\\\/logo\\\/image\\\/\"}}]}<\/script>\n<!-- \/ Yoast SEO Premium plugin. -->","yoast_head_json":{"title":"Flanges PVC-U PPs PPs-EL PP-H PE-HD PVDF","description":"Flange \/ blind flange, round plastic molded part with an internal stop for connecting pipes in an exhaust system via welding. Socket inside diameter based on DIN 8062, dimensions based on DIN 1506.","robots":{"index":"index","follow":"follow","max-snippet":"max-snippet:-1","max-image-preview":"max-image-preview:large","max-video-preview":"max-video-preview:-1"},"canonical":"https:\/\/www.akuplastics.com\/en\/flanges\/","schema":{"@context":"https:\/\/schema.org","@graph":[{"@type":"WebPage","@id":"https:\/\/www.akuplastics.com\/en\/flanges\/","url":"https:\/\/www.akuplastics.com\/en\/flanges\/","name":"Flanges PVC-U PPs PPs-EL PP-H PE-HD PVDF","isPartOf":{"@id":"https:\/\/www.akuplastics.com\/en\/#website"},"primaryImageOfPage":{"@id":"https:\/\/www.akuplastics.com\/en\/flanges\/#primaryimage"},"image":{"@id":"https:\/\/www.akuplastics.com\/en\/flanges\/#primaryimage"},"thumbnailUrl":"https:\/\/www.akuplastics.com\/wp-content\/uploads\/2025\/10\/Flansch-mit-Muffe-PVC-U-PPs-PPs-EL-PP-H-PE-HD-PVDF.webp","datePublished":"2025-10-27T15:33:26+00:00","dateModified":"2025-10-27T15:39:04+00:00","description":"Flange \/ blind flange, round plastic molded part with an internal stop for connecting pipes in an exhaust system via welding. Socket inside diameter based on DIN 8062, dimensions based on DIN 1506.","breadcrumb":{"@id":"https:\/\/www.akuplastics.com\/en\/flanges\/#breadcrumb"},"inLanguage":"en-US","potentialAction":[{"@type":"ReadAction","target":["https:\/\/www.akuplastics.com\/en\/flanges\/"]}]},{"@type":"ImageObject","inLanguage":"en-US","@id":"https:\/\/www.akuplastics.com\/en\/flanges\/#primaryimage","url":"https:\/\/www.akuplastics.com\/wp-content\/uploads\/2025\/10\/Flansch-mit-Muffe-PVC-U-PPs-PPs-EL-PP-H-PE-HD-PVDF.webp","contentUrl":"https:\/\/www.akuplastics.com\/wp-content\/uploads\/2025\/10\/Flansch-mit-Muffe-PVC-U-PPs-PPs-EL-PP-H-PE-HD-PVDF.webp","width":500,"height":702,"caption":"Flange with socket PVC-U PPs PPs-EL PP-H PE-HD PVDF"},{"@type":"BreadcrumbList","@id":"https:\/\/www.akuplastics.com\/en\/flanges\/#breadcrumb","itemListElement":[{"@type":"ListItem","position":1,"name":"Homepage","item":"https:\/\/www.akuplastics.com\/en\/"},{"@type":"ListItem","position":2,"name":"Flanges"}]},{"@type":"WebSite","@id":"https:\/\/www.akuplastics.com\/en\/#website","url":"https:\/\/www.akuplastics.com\/en\/","name":"Semi-Finished Products \u2013 Finished Parts \u2013 Ventilation Moulded Parts \u2013 Machines","description":"Halbzeuge, Halbfabrikate, Kunststoffhalbzeuge, Kunststoffhalbfabrikate","publisher":{"@id":"https:\/\/www.akuplastics.com\/en\/#organization"},"alternateName":"AKUPLASTICS \u2013 Engineering in Plastics","potentialAction":[{"@type":"SearchAction","target":{"@type":"EntryPoint","urlTemplate":"https:\/\/www.akuplastics.com\/en\/?s={search_term_string}"},"query-input":{"@type":"PropertyValueSpecification","valueRequired":true,"valueName":"search_term_string"}}],"inLanguage":"en-US"},{"@type":"Organization","@id":"https:\/\/www.akuplastics.com\/en\/#organization","name":"Ing. Christian Ahlborn e.U.","alternateName":"AKU","url":"https:\/\/www.akuplastics.com\/en\/","logo":{"@type":"ImageObject","inLanguage":"en-US","@id":"https:\/\/www.akuplastics.com\/en\/#\/schema\/logo\/image\/","url":"https:\/\/www.akuplastics.com\/wp-content\/uploads\/2020\/07\/Grafik14-inkl-r.png","contentUrl":"https:\/\/www.akuplastics.com\/wp-content\/uploads\/2020\/07\/Grafik14-inkl-r.png","width":1994,"height":743,"caption":"Ing. Christian Ahlborn e.U."},"image":{"@id":"https:\/\/www.akuplastics.com\/en\/#\/schema\/logo\/image\/"}}]}},"_links":{"self":[{"href":"https:\/\/www.akuplastics.com\/en\/wp-json\/wp\/v2\/pages\/29246","targetHints":{"allow":["GET"]}}],"collection":[{"href":"https:\/\/www.akuplastics.com\/en\/wp-json\/wp\/v2\/pages"}],"about":[{"href":"https:\/\/www.akuplastics.com\/en\/wp-json\/wp\/v2\/types\/page"}],"author":[{"embeddable":true,"href":"https:\/\/www.akuplastics.com\/en\/wp-json\/wp\/v2\/users\/3"}],"replies":[{"embeddable":true,"href":"https:\/\/www.akuplastics.com\/en\/wp-json\/wp\/v2\/comments?post=29246"}],"version-history":[{"count":2,"href":"https:\/\/www.akuplastics.com\/en\/wp-json\/wp\/v2\/pages\/29246\/revisions"}],"predecessor-version":[{"id":29254,"href":"https:\/\/www.akuplastics.com\/en\/wp-json\/wp\/v2\/pages\/29246\/revisions\/29254"}],"wp:featuredmedia":[{"embeddable":true,"href":"https:\/\/www.akuplastics.com\/en\/wp-json\/wp\/v2\/media\/28921"}],"wp:attachment":[{"href":"https:\/\/www.akuplastics.com\/en\/wp-json\/wp\/v2\/media?parent=29246"}],"curies":[{"name":"wp","href":"https:\/\/api.w.org\/{rel}","templated":true}]}}