{"id":27299,"date":"2025-10-21T14:28:03","date_gmt":"2025-10-21T12:28:03","guid":{"rendered":"https:\/\/www.akuplastics.com\/ventilation-pipe-bends\/"},"modified":"2025-10-21T15:38:38","modified_gmt":"2025-10-21T13:38:38","slug":"ventilation-pipe-bends","status":"publish","type":"page","link":"https:\/\/www.akuplastics.com\/en\/ventilation-pipe-bends\/","title":{"rendered":"Ventilation Pipe Bends"},"content":{"rendered":"\t\t<div data-elementor-type=\"wp-page\" data-elementor-id=\"27299\" class=\"elementor elementor-27299 elementor-27280\" data-elementor-post-type=\"page\">\n\t\t\t\t\t\t<section class=\"elementor-section elementor-top-section elementor-element elementor-element-6025abb3 elementor-section-full_width elementor-section-height-default elementor-section-height-default\" data-id=\"6025abb3\" data-element_type=\"section\" data-e-type=\"section\" data-settings=\"{&quot;background_background&quot;:&quot;gradient&quot;}\">\n\t\t\t\t\t\t<div class=\"elementor-container elementor-column-gap-default\">\n\t\t\t\t\t<div class=\"elementor-column elementor-col-100 elementor-top-column elementor-element elementor-element-c978d9b\" data-id=\"c978d9b\" data-element_type=\"column\" data-e-type=\"column\">\n\t\t\t<div class=\"elementor-widget-wrap elementor-element-populated\">\n\t\t\t\t\t\t<section class=\"elementor-section elementor-inner-section elementor-element elementor-element-1ead80f elementor-section-boxed elementor-section-height-default elementor-section-height-default\" data-id=\"1ead80f\" data-element_type=\"section\" data-e-type=\"section\">\n\t\t\t\t\t\t<div class=\"elementor-container elementor-column-gap-default\">\n\t\t\t\t\t<div class=\"elementor-column elementor-col-100 elementor-inner-column elementor-element elementor-element-97f2d40\" data-id=\"97f2d40\" data-element_type=\"column\" data-e-type=\"column\">\n\t\t\t<div class=\"elementor-widget-wrap elementor-element-populated\">\n\t\t\t\t\t\t<div class=\"elementor-element elementor-element-5288b20 elementor-widget__width-initial elementor-widget elementor-widget-text-editor\" data-id=\"5288b20\" data-element_type=\"widget\" data-e-type=\"widget\" data-widget_type=\"text-editor.default\">\n\t\t\t\t<div class=\"elementor-widget-container\">\n\t\t\t\t\t\t\t\t\t<h1 style=\"text-align: left;\">Pipe Bends 90\u00b0 75\u00b0 60\u00b0 45\u00b0 30\u00b0 15\u00b0 made of PVC-U PPs PPs-EL PP-H PE-HD and PVDF<\/h1>\t\t\t\t\t\t\t\t<\/div>\n\t\t\t\t<\/div>\n\t\t\t\t<div class=\"elementor-element elementor-element-843282f elementor-widget__width-initial elementor-widget elementor-widget-text-editor\" data-id=\"843282f\" data-element_type=\"widget\" data-e-type=\"widget\" data-widget_type=\"text-editor.default\">\n\t\t\t\t<div class=\"elementor-widget-container\">\n\t\t\t\t\t\t\t\t\t<p style=\"text-align: left;\">Round plastic molded socket pipe bend with internal stop for connecting pipes in an exhaust air system via welding.<\/p><p> <\/p><p style=\"text-align: left;\">Socket inner diameter in accordance with DIN 8062. R=D. Manufacturing process: \u00d8 50 to 400 mm injection molding, \u00d8 450 to 600 mm patented blow molding, from \u00d8 700 segment-welded.  <\/p><p> <\/p><p style=\"text-align: left;\">Possible negative pressure upon request after mechanical, chemical, and thermal loading.<\/p><p> <\/p><table width=\"333\"><tbody><tr> <td width=\"55\"> <\/td><td width=\"75\">PVC<\/td><td colspan=\"3\" width=\"203\">PE-HD\/PP-H\/PPs\/PP-EL-s\/PVDF<\/td><\/tr><tr><td width=\"55\">\u00d8<\/td><td width=\"75\">L<\/td><td width=\"64\">min. s<\/td><td width=\"75\">L<\/td><td width=\"64\">min. s<\/td><\/tr><tr><td>50<\/td><td>25<\/td><td>1.8<\/td><td>25<\/td><td>3<\/td><\/tr><tr><td>63<\/td><td>25<\/td><td>1.8<\/td><td>25<\/td><td>3<\/td><\/tr><tr><td>75<\/td><td>40<\/td><td>1.8<\/td><td>40<\/td><td>3<\/td><\/tr><tr><td>90<\/td><td>40<\/td><td>1.8<\/td><td>40<\/td><td>3<\/td><\/tr><tr><td>110<\/td><td>40<\/td><td>1.8<\/td><td>40<\/td><td>3<\/td><\/tr><tr><td>125<\/td><td>40<\/td><td>1.8<\/td><td>40<\/td><td>3<\/td><\/tr><tr><td>140<\/td><td>40<\/td><td>1.8<\/td><td>40<\/td><td>3<\/td><\/tr><tr><td>160<\/td><td>40<\/td><td>1.8<\/td><td>40<\/td><td>3<\/td><\/tr><tr><td>180<\/td><td>40<\/td><td>1.8<\/td><td>40<\/td><td>3<\/td><\/tr><tr><td>200<\/td><td>40<\/td><td>1.8<\/td><td>40<\/td><td>3<\/td><\/tr><tr><td>225<\/td><td>40<\/td><td>1.8<\/td><td>40<\/td><td>3.5<\/td><\/tr><tr><td>250<\/td><td>40<\/td><td>2<\/td><td>40<\/td><td>3.5<\/td><\/tr><tr><td>280<\/td><td>50<\/td><td>2.3<\/td><td>50<\/td><td>3.5<\/td><\/tr><tr><td>315<\/td><td>50<\/td><td>2.5<\/td><td>50<\/td><td>4<\/td><\/tr><tr><td>355<\/td><td>50<\/td><td>2.9<\/td><td>50<\/td><td>4<\/td><\/tr><tr><td>400<\/td><td>50<\/td><td>3.2<\/td><td>50<\/td><td>4.5<\/td><\/tr><tr><td>450<\/td><td>50<\/td><td>3.6<\/td><td>50<\/td><td>5<\/td><\/tr><tr><td>500<\/td><td>50<\/td><td>4<\/td><td>50<\/td><td>5<\/td><\/tr><tr><td>560<\/td><td>&#8211;<\/td><td>&#8211;<\/td><td>60<\/td><td>5<\/td><\/tr><tr><td>600<\/td><td>60<\/td><td>5<\/td><td>60<\/td><td>6<\/td><\/tr><tr><td>630<\/td><td>&#8211;<\/td><td>&#8211;<\/td><td>70<\/td><td>6<\/td><\/tr><tr><td>700<\/td><td>70<\/td><td>6<\/td><td>70<\/td><td>6<\/td><\/tr><tr><td>710<\/td><td>&#8211;<\/td><td>&#8211;<\/td><td>80<\/td><td>6<\/td><\/tr><tr><td>800<\/td><td>80<\/td><td>8<\/td><td>80<\/td><td>8<\/td><\/tr><tr><td>900<\/td><td>90<\/td><td>8<\/td><td>90<\/td><td>8<\/td><\/tr><tr><td>1000<\/td><td>100<\/td><td>10<\/td><td>100<\/td><td>10<\/td><\/tr><tr><td>1200<\/td><td>120<\/td><td>12<\/td><td>120<\/td><td>12<\/td><\/tr><tr><td>1250<\/td><td>130<\/td><td>12<\/td><td>130<\/td><td>12<\/td><\/tr><\/tbody><\/table><p>All dimensions in mm<\/p><p> <\/p><p style=\"text-align: left;\">PVC from \u00d8 700 mm, PE-HD\/PP-H\/PPs from \u00d8560 mm, <br>PP-EL-s and PVDF from \u00d8 450 mm manufactured as segment bends.<\/p><p> <\/p>\t\t\t\t\t\t\t\t<\/div>\n\t\t\t\t<\/div>\n\t\t\t\t\t<\/div>\n\t\t<\/div>\n\t\t\t\t<div class=\"elementor-column elementor-col-50 elementor-inner-column elementor-element elementor-element-97bb919\" data-id=\"97bb919\" data-element_type=\"column\" data-e-type=\"column\">\n\t\t\t<div class=\"elementor-widget-wrap elementor-element-populated\">\n\t\t\t\t\t\t<div class=\"elementor-element elementor-element-d3e4701 elementor-widget elementor-widget-image\" data-id=\"d3e4701\" data-element_type=\"widget\" data-e-type=\"widget\" data-widget_type=\"image.default\">\n\t\t\t\t<div class=\"elementor-widget-container\">\n\t\t\t\t\t\t\t\t\t\t\t\t<figure class=\"wp-caption\">\n\t\t\t\t\t\t\t\t\t\t<img loading=\"lazy\" decoding=\"async\" width=\"222\" height=\"300\" src=\"https:\/\/www.akuplastics.com\/wp-content\/uploads\/2025\/10\/image011-222x300.webp\" class=\"attachment-medium size-medium wp-image-27298\" alt=\"Plastic Molded Socket Pipe Bends 90\u00b0 75\u00b0 60\u00b0 45\u00b0 30\u00b0 15\u00b0\" srcset=\"https:\/\/www.akuplastics.com\/wp-content\/uploads\/2025\/10\/image011-222x300.webp 222w, https:\/\/www.akuplastics.com\/wp-content\/uploads\/2025\/10\/image011.webp 602w\" sizes=\"auto, (max-width: 222px) 100vw, 222px\" \/>\t\t\t\t\t\t\t\t\t\t\t<figcaption class=\"widget-image-caption wp-caption-text\">Plastic Molded Socket Pipe Bends 90\u00b0 75\u00b0 60\u00b0 45\u00b0 30\u00b0 15\u00b0<\/figcaption>\n\t\t\t\t\t\t\t\t\t\t<\/figure>\n\t\t\t\t\t\t\t\t\t<\/div>\n\t\t\t\t<\/div>\n\t\t\t\t<div class=\"elementor-element elementor-element-b7d3c06 elementor-widget elementor-widget-image\" data-id=\"b7d3c06\" data-element_type=\"widget\" data-e-type=\"widget\" data-widget_type=\"image.default\">\n\t\t\t\t<div class=\"elementor-widget-container\">\n\t\t\t\t\t\t\t\t\t\t\t\t<figure class=\"wp-caption\">\n\t\t\t\t\t\t\t\t\t\t<img loading=\"lazy\" decoding=\"async\" width=\"286\" height=\"283\" src=\"https:\/\/www.akuplastics.com\/wp-content\/uploads\/2025\/10\/image011-1.webp\" class=\"attachment-medium size-medium wp-image-27390\" alt=\"Pipe Bend with Socket Plastic Molded Part Pipe Bend 90\u00b0\" \/>\t\t\t\t\t\t\t\t\t\t\t<figcaption class=\"widget-image-caption wp-caption-text\">Pipe Bend with Socket Plastic Molded Part Pipe Bend 90\u00b0<\/figcaption>\n\t\t\t\t\t\t\t\t\t\t<\/figure>\n\t\t\t\t\t\t\t\t\t<\/div>\n\t\t\t\t<\/div>\n\t\t\t\t<div class=\"elementor-element elementor-element-9da30c8 elementor-widget elementor-widget-image\" data-id=\"9da30c8\" data-element_type=\"widget\" data-e-type=\"widget\" data-widget_type=\"image.default\">\n\t\t\t\t<div class=\"elementor-widget-container\">\n\t\t\t\t\t\t\t\t\t\t\t\t<figure class=\"wp-caption\">\n\t\t\t\t\t\t\t\t\t\t<img loading=\"lazy\" decoding=\"async\" width=\"246\" height=\"282\" src=\"https:\/\/www.akuplastics.com\/wp-content\/uploads\/2025\/10\/image011-2.webp\" class=\"attachment-medium size-medium wp-image-27391\" alt=\"Rohrbogen mit Muffe Kunststoff-Formteil Rohrbogen 75\u00b0\" \/>\t\t\t\t\t\t\t\t\t\t\t<figcaption class=\"widget-image-caption wp-caption-text\">Rohrbogen mit Muffe Kunststoff-Formteil Rohrbogen 75\u00b0<\/figcaption>\n\t\t\t\t\t\t\t\t\t\t<\/figure>\n\t\t\t\t\t\t\t\t\t<\/div>\n\t\t\t\t<\/div>\n\t\t\t\t<div class=\"elementor-element elementor-element-708ac5b elementor-widget elementor-widget-image\" data-id=\"708ac5b\" data-element_type=\"widget\" data-e-type=\"widget\" data-widget_type=\"image.default\">\n\t\t\t\t<div class=\"elementor-widget-container\">\n\t\t\t\t\t\t\t\t\t\t\t\t<figure class=\"wp-caption\">\n\t\t\t\t\t\t\t\t\t\t<img loading=\"lazy\" decoding=\"async\" width=\"245\" height=\"276\" src=\"https:\/\/www.akuplastics.com\/wp-content\/uploads\/2025\/10\/image011-3.webp\" class=\"attachment-medium size-medium wp-image-27392\" alt=\"Rohrbogen mit Muffe Kunststoff-Formteil Rohrbogen\u00b0 60\u00b0\" \/>\t\t\t\t\t\t\t\t\t\t\t<figcaption class=\"widget-image-caption wp-caption-text\">Rohrbogen mit Muffe Kunststoff-Formteil Rohrbogen\u00b0 60\u00b0<\/figcaption>\n\t\t\t\t\t\t\t\t\t\t<\/figure>\n\t\t\t\t\t\t\t\t\t<\/div>\n\t\t\t\t<\/div>\n\t\t\t\t<div class=\"elementor-element elementor-element-37bc1fb elementor-widget elementor-widget-image\" data-id=\"37bc1fb\" data-element_type=\"widget\" data-e-type=\"widget\" data-widget_type=\"image.default\">\n\t\t\t\t<div class=\"elementor-widget-container\">\n\t\t\t\t\t\t\t\t\t\t\t\t<figure class=\"wp-caption\">\n\t\t\t\t\t\t\t\t\t\t<img loading=\"lazy\" decoding=\"async\" width=\"253\" height=\"251\" src=\"https:\/\/www.akuplastics.com\/wp-content\/uploads\/2025\/10\/image011-4.webp\" class=\"attachment-medium size-medium wp-image-27393\" alt=\"Rohrbogen mit Muffe Kunststoff-Formteil Rohrbogen\u00b0 45\u00b0\" srcset=\"https:\/\/www.akuplastics.com\/wp-content\/uploads\/2025\/10\/image011-4.webp 253w, https:\/\/www.akuplastics.com\/wp-content\/uploads\/2025\/10\/image011-4-150x150.webp 150w\" sizes=\"auto, (max-width: 253px) 100vw, 253px\" \/>\t\t\t\t\t\t\t\t\t\t\t<figcaption class=\"widget-image-caption wp-caption-text\">Rohrbogen mit Muffe Kunststoff-Formteil Rohrbogen\u00b0 45\u00b0<\/figcaption>\n\t\t\t\t\t\t\t\t\t\t<\/figure>\n\t\t\t\t\t\t\t\t\t<\/div>\n\t\t\t\t<\/div>\n\t\t\t\t<div class=\"elementor-element elementor-element-68a936b elementor-widget elementor-widget-image\" data-id=\"68a936b\" data-element_type=\"widget\" data-e-type=\"widget\" data-widget_type=\"image.default\">\n\t\t\t\t<div class=\"elementor-widget-container\">\n\t\t\t\t\t\t\t\t\t\t\t\t<figure class=\"wp-caption\">\n\t\t\t\t\t\t\t\t\t\t<img loading=\"lazy\" decoding=\"async\" width=\"251\" height=\"219\" src=\"https:\/\/www.akuplastics.com\/wp-content\/uploads\/2025\/10\/image011-5.webp\" class=\"attachment-medium size-medium wp-image-27394\" alt=\"Rohrbogen mit Muffe Kunststoff-Formteil Rohrbogen 30\u00b0\" \/>\t\t\t\t\t\t\t\t\t\t\t<figcaption class=\"widget-image-caption wp-caption-text\">Rohrbogen mit Muffe Kunststoff-Formteil Rohrbogen 30\u00b0 <\/figcaption>\n\t\t\t\t\t\t\t\t\t\t<\/figure>\n\t\t\t\t\t\t\t\t\t<\/div>\n\t\t\t\t<\/div>\n\t\t\t\t<div class=\"elementor-element elementor-element-ec07d2f elementor-widget elementor-widget-image\" data-id=\"ec07d2f\" data-element_type=\"widget\" data-e-type=\"widget\" data-widget_type=\"image.default\">\n\t\t\t\t<div class=\"elementor-widget-container\">\n\t\t\t\t\t\t\t\t\t\t\t\t<figure class=\"wp-caption\">\n\t\t\t\t\t\t\t\t\t\t<img loading=\"lazy\" decoding=\"async\" width=\"267\" height=\"190\" src=\"https:\/\/www.akuplastics.com\/wp-content\/uploads\/2025\/10\/image011-6.webp\" class=\"attachment-medium size-medium wp-image-27395\" alt=\"Rohrbogen mit Muffe Kunststoff-Formteil Rohrbogen 15\u00b0\" \/>\t\t\t\t\t\t\t\t\t\t\t<figcaption class=\"widget-image-caption wp-caption-text\">Rohrbogen mit Muffe Kunststoff-Formteil Rohrbogen 15\u00b0<\/figcaption>\n\t\t\t\t\t\t\t\t\t\t<\/figure>\n\t\t\t\t\t\t\t\t\t<\/div>\n\t\t\t\t<\/div>\n\t\t\t\t\t<\/div>\n\t\t<\/div>\n\t\t\t\t\t<\/div>\n\t\t<\/section>\n\t\t\t\t\t<\/div>\n\t\t<\/div>\n\t\t\t\t\t<\/div>\n\t\t<\/section>\n\t\t\t\t<\/div>\n\t\t","protected":false},"excerpt":{"rendered":"<p>Pipe Bends 90\u00b0 75\u00b0 60\u00b0 45\u00b0 30\u00b0 15\u00b0 made of PVC-U PPs PPs-EL PP-H PE-HD and PVDF Round plastic molded socket pipe bend with internal stop for connecting pipes in an exhaust air system via welding. Socket inner diameter in accordance with DIN 8062. R=D. Manufacturing process: \u00d8 50 to 400 mm injection molding, \u00d8 [&hellip;]<\/p>\n","protected":false},"author":3,"featured_media":27298,"parent":0,"menu_order":0,"comment_status":"closed","ping_status":"closed","template":"","meta":{"iawp_total_views":24,"footnotes":""},"class_list":["post-27299","page","type-page","status-publish","has-post-thumbnail","hentry"],"yoast_head":"<!-- This site is optimized with the Yoast SEO Premium plugin v27.4 (Yoast SEO v27.4) - https:\/\/yoast.com\/product\/yoast-seo-premium-wordpress\/ -->\n<title>Ventilation Pipe Bends PVC-U PPs PPs-EL PP-H PE-HD PVDF<\/title>\n<meta name=\"description\" content=\"Round plastic molded socket pipe bend with internal stop for connecting pipes in an exhaust air system via welding.\" \/>\n<meta name=\"robots\" content=\"index, follow, max-snippet:-1, max-image-preview:large, max-video-preview:-1\" \/>\n<link rel=\"canonical\" href=\"https:\/\/www.akuplastics.com\/en\/ventilation-pipe-bends\/\" \/>\n<script type=\"application\/ld+json\" class=\"yoast-schema-graph\">{\"@context\":\"https:\\\/\\\/schema.org\",\"@graph\":[{\"@type\":\"WebPage\",\"@id\":\"https:\\\/\\\/www.akuplastics.com\\\/en\\\/ventilation-pipe-bends\\\/\",\"url\":\"https:\\\/\\\/www.akuplastics.com\\\/en\\\/ventilation-pipe-bends\\\/\",\"name\":\"Ventilation Pipe Bends PVC-U PPs PPs-EL PP-H PE-HD PVDF\",\"isPartOf\":{\"@id\":\"https:\\\/\\\/www.akuplastics.com\\\/en\\\/#website\"},\"primaryImageOfPage\":{\"@id\":\"https:\\\/\\\/www.akuplastics.com\\\/en\\\/ventilation-pipe-bends\\\/#primaryimage\"},\"image\":{\"@id\":\"https:\\\/\\\/www.akuplastics.com\\\/en\\\/ventilation-pipe-bends\\\/#primaryimage\"},\"thumbnailUrl\":\"https:\\\/\\\/www.akuplastics.com\\\/wp-content\\\/uploads\\\/2025\\\/10\\\/image011.webp\",\"datePublished\":\"2025-10-21T12:28:03+00:00\",\"dateModified\":\"2025-10-21T13:38:38+00:00\",\"description\":\"Round plastic molded socket pipe bend with internal stop for connecting pipes in an exhaust air system via welding.\",\"breadcrumb\":{\"@id\":\"https:\\\/\\\/www.akuplastics.com\\\/en\\\/ventilation-pipe-bends\\\/#breadcrumb\"},\"inLanguage\":\"en-US\",\"potentialAction\":[{\"@type\":\"ReadAction\",\"target\":[\"https:\\\/\\\/www.akuplastics.com\\\/en\\\/ventilation-pipe-bends\\\/\"]}]},{\"@type\":\"ImageObject\",\"inLanguage\":\"en-US\",\"@id\":\"https:\\\/\\\/www.akuplastics.com\\\/en\\\/ventilation-pipe-bends\\\/#primaryimage\",\"url\":\"https:\\\/\\\/www.akuplastics.com\\\/wp-content\\\/uploads\\\/2025\\\/10\\\/image011.webp\",\"contentUrl\":\"https:\\\/\\\/www.akuplastics.com\\\/wp-content\\\/uploads\\\/2025\\\/10\\\/image011.webp\",\"width\":602,\"height\":814,\"caption\":\"Plastic Molded Socket Pipe Bends 90\u00b0 75\u00b0 60\u00b0 45\u00b0 30\u00b0 15\u00b0\"},{\"@type\":\"BreadcrumbList\",\"@id\":\"https:\\\/\\\/www.akuplastics.com\\\/en\\\/ventilation-pipe-bends\\\/#breadcrumb\",\"itemListElement\":[{\"@type\":\"ListItem\",\"position\":1,\"name\":\"Homepage\",\"item\":\"https:\\\/\\\/www.akuplastics.com\\\/en\\\/\"},{\"@type\":\"ListItem\",\"position\":2,\"name\":\"Ventilation Pipe Bends\"}]},{\"@type\":\"WebSite\",\"@id\":\"https:\\\/\\\/www.akuplastics.com\\\/en\\\/#website\",\"url\":\"https:\\\/\\\/www.akuplastics.com\\\/en\\\/\",\"name\":\"Semi-Finished Products \u2013 Finished Parts \u2013 Ventilation Moulded Parts \u2013 Machines\",\"description\":\"Halbzeuge, Halbfabrikate, Kunststoffhalbzeuge, Kunststoffhalbfabrikate\",\"publisher\":{\"@id\":\"https:\\\/\\\/www.akuplastics.com\\\/en\\\/#organization\"},\"alternateName\":\"AKUPLASTICS \u2013 Engineering in Plastics\",\"potentialAction\":[{\"@type\":\"SearchAction\",\"target\":{\"@type\":\"EntryPoint\",\"urlTemplate\":\"https:\\\/\\\/www.akuplastics.com\\\/en\\\/?s={search_term_string}\"},\"query-input\":{\"@type\":\"PropertyValueSpecification\",\"valueRequired\":true,\"valueName\":\"search_term_string\"}}],\"inLanguage\":\"en-US\"},{\"@type\":\"Organization\",\"@id\":\"https:\\\/\\\/www.akuplastics.com\\\/en\\\/#organization\",\"name\":\"Ing. Christian Ahlborn e.U.\",\"alternateName\":\"AKU\",\"url\":\"https:\\\/\\\/www.akuplastics.com\\\/en\\\/\",\"logo\":{\"@type\":\"ImageObject\",\"inLanguage\":\"en-US\",\"@id\":\"https:\\\/\\\/www.akuplastics.com\\\/en\\\/#\\\/schema\\\/logo\\\/image\\\/\",\"url\":\"https:\\\/\\\/www.akuplastics.com\\\/wp-content\\\/uploads\\\/2020\\\/07\\\/Grafik14-inkl-r.png\",\"contentUrl\":\"https:\\\/\\\/www.akuplastics.com\\\/wp-content\\\/uploads\\\/2020\\\/07\\\/Grafik14-inkl-r.png\",\"width\":1994,\"height\":743,\"caption\":\"Ing. Christian Ahlborn e.U.\"},\"image\":{\"@id\":\"https:\\\/\\\/www.akuplastics.com\\\/en\\\/#\\\/schema\\\/logo\\\/image\\\/\"}}]}<\/script>\n<!-- \/ Yoast SEO Premium plugin. -->","yoast_head_json":{"title":"Ventilation Pipe Bends PVC-U PPs PPs-EL PP-H PE-HD PVDF","description":"Round plastic molded socket pipe bend with internal stop for connecting pipes in an exhaust air system via welding.","robots":{"index":"index","follow":"follow","max-snippet":"max-snippet:-1","max-image-preview":"max-image-preview:large","max-video-preview":"max-video-preview:-1"},"canonical":"https:\/\/www.akuplastics.com\/en\/ventilation-pipe-bends\/","schema":{"@context":"https:\/\/schema.org","@graph":[{"@type":"WebPage","@id":"https:\/\/www.akuplastics.com\/en\/ventilation-pipe-bends\/","url":"https:\/\/www.akuplastics.com\/en\/ventilation-pipe-bends\/","name":"Ventilation Pipe Bends PVC-U PPs PPs-EL PP-H PE-HD PVDF","isPartOf":{"@id":"https:\/\/www.akuplastics.com\/en\/#website"},"primaryImageOfPage":{"@id":"https:\/\/www.akuplastics.com\/en\/ventilation-pipe-bends\/#primaryimage"},"image":{"@id":"https:\/\/www.akuplastics.com\/en\/ventilation-pipe-bends\/#primaryimage"},"thumbnailUrl":"https:\/\/www.akuplastics.com\/wp-content\/uploads\/2025\/10\/image011.webp","datePublished":"2025-10-21T12:28:03+00:00","dateModified":"2025-10-21T13:38:38+00:00","description":"Round plastic molded socket pipe bend with internal stop for connecting pipes in an exhaust air system via welding.","breadcrumb":{"@id":"https:\/\/www.akuplastics.com\/en\/ventilation-pipe-bends\/#breadcrumb"},"inLanguage":"en-US","potentialAction":[{"@type":"ReadAction","target":["https:\/\/www.akuplastics.com\/en\/ventilation-pipe-bends\/"]}]},{"@type":"ImageObject","inLanguage":"en-US","@id":"https:\/\/www.akuplastics.com\/en\/ventilation-pipe-bends\/#primaryimage","url":"https:\/\/www.akuplastics.com\/wp-content\/uploads\/2025\/10\/image011.webp","contentUrl":"https:\/\/www.akuplastics.com\/wp-content\/uploads\/2025\/10\/image011.webp","width":602,"height":814,"caption":"Plastic Molded Socket Pipe Bends 90\u00b0 75\u00b0 60\u00b0 45\u00b0 30\u00b0 15\u00b0"},{"@type":"BreadcrumbList","@id":"https:\/\/www.akuplastics.com\/en\/ventilation-pipe-bends\/#breadcrumb","itemListElement":[{"@type":"ListItem","position":1,"name":"Homepage","item":"https:\/\/www.akuplastics.com\/en\/"},{"@type":"ListItem","position":2,"name":"Ventilation Pipe Bends"}]},{"@type":"WebSite","@id":"https:\/\/www.akuplastics.com\/en\/#website","url":"https:\/\/www.akuplastics.com\/en\/","name":"Semi-Finished Products \u2013 Finished Parts \u2013 Ventilation Moulded Parts \u2013 Machines","description":"Halbzeuge, Halbfabrikate, Kunststoffhalbzeuge, Kunststoffhalbfabrikate","publisher":{"@id":"https:\/\/www.akuplastics.com\/en\/#organization"},"alternateName":"AKUPLASTICS \u2013 Engineering in Plastics","potentialAction":[{"@type":"SearchAction","target":{"@type":"EntryPoint","urlTemplate":"https:\/\/www.akuplastics.com\/en\/?s={search_term_string}"},"query-input":{"@type":"PropertyValueSpecification","valueRequired":true,"valueName":"search_term_string"}}],"inLanguage":"en-US"},{"@type":"Organization","@id":"https:\/\/www.akuplastics.com\/en\/#organization","name":"Ing. Christian Ahlborn e.U.","alternateName":"AKU","url":"https:\/\/www.akuplastics.com\/en\/","logo":{"@type":"ImageObject","inLanguage":"en-US","@id":"https:\/\/www.akuplastics.com\/en\/#\/schema\/logo\/image\/","url":"https:\/\/www.akuplastics.com\/wp-content\/uploads\/2020\/07\/Grafik14-inkl-r.png","contentUrl":"https:\/\/www.akuplastics.com\/wp-content\/uploads\/2020\/07\/Grafik14-inkl-r.png","width":1994,"height":743,"caption":"Ing. Christian Ahlborn e.U."},"image":{"@id":"https:\/\/www.akuplastics.com\/en\/#\/schema\/logo\/image\/"}}]}},"_links":{"self":[{"href":"https:\/\/www.akuplastics.com\/en\/wp-json\/wp\/v2\/pages\/27299","targetHints":{"allow":["GET"]}}],"collection":[{"href":"https:\/\/www.akuplastics.com\/en\/wp-json\/wp\/v2\/pages"}],"about":[{"href":"https:\/\/www.akuplastics.com\/en\/wp-json\/wp\/v2\/types\/page"}],"author":[{"embeddable":true,"href":"https:\/\/www.akuplastics.com\/en\/wp-json\/wp\/v2\/users\/3"}],"replies":[{"embeddable":true,"href":"https:\/\/www.akuplastics.com\/en\/wp-json\/wp\/v2\/comments?post=27299"}],"version-history":[{"count":5,"href":"https:\/\/www.akuplastics.com\/en\/wp-json\/wp\/v2\/pages\/27299\/revisions"}],"predecessor-version":[{"id":27396,"href":"https:\/\/www.akuplastics.com\/en\/wp-json\/wp\/v2\/pages\/27299\/revisions\/27396"}],"wp:featuredmedia":[{"embeddable":true,"href":"https:\/\/www.akuplastics.com\/en\/wp-json\/wp\/v2\/media\/27298"}],"wp:attachment":[{"href":"https:\/\/www.akuplastics.com\/en\/wp-json\/wp\/v2\/media?parent=27299"}],"curies":[{"name":"wp","href":"https:\/\/api.w.org\/{rel}","templated":true}]}}