{"id":27171,"date":"2025-09-08T11:43:35","date_gmt":"2025-09-08T09:43:35","guid":{"rendered":"https:\/\/www.akuplastics.com\/machines-appliances-plastics-locksmiths-fabricators-tank-builders\/testing-technology-spark-tester-pst-100\/"},"modified":"2025-09-11T09:03:26","modified_gmt":"2025-09-11T07:03:26","slug":"testing-technology-spark-tester-pst-100","status":"publish","type":"page","link":"https:\/\/www.akuplastics.com\/en\/machines-appliances-plastics-locksmiths-fabricators-tank-builders\/testing-technology-spark-tester-pst-100\/","title":{"rendered":"Testing Technology Spark Tester PST 100"},"content":{"rendered":"\t\t<div data-elementor-type=\"wp-page\" data-elementor-id=\"27171\" class=\"elementor elementor-27171 elementor-27159\" data-elementor-post-type=\"page\">\n\t\t\t\t\t\t<section class=\"elementor-section elementor-top-section elementor-element elementor-element-707a9239 elementor-section-boxed elementor-section-height-default elementor-section-height-default\" data-id=\"707a9239\" data-element_type=\"section\" data-e-type=\"section\">\n\t\t\t\t\t\t<div class=\"elementor-container elementor-column-gap-default\">\n\t\t\t\t\t<div class=\"elementor-column elementor-col-100 elementor-top-column elementor-element elementor-element-6db969d7\" data-id=\"6db969d7\" data-element_type=\"column\" data-e-type=\"column\">\n\t\t\t<div class=\"elementor-widget-wrap elementor-element-populated\">\n\t\t\t\t\t\t<div class=\"elementor-element elementor-element-1694d4f0 elementor-widget elementor-widget-text-editor\" data-id=\"1694d4f0\" data-element_type=\"widget\" data-e-type=\"widget\" data-widget_type=\"text-editor.default\">\n\t\t\t\t<div class=\"elementor-widget-container\">\n\t\t\t\t\t\t\t\t\t<h1>Spark Tester PST 100 for Plastic Processors<\/h1>\t\t\t\t\t\t\t\t<\/div>\n\t\t\t\t<\/div>\n\t\t\t\t<section class=\"elementor-section elementor-inner-section elementor-element elementor-element-42189da3 elementor-section-boxed elementor-section-height-default elementor-section-height-default\" data-id=\"42189da3\" data-element_type=\"section\" data-e-type=\"section\">\n\t\t\t\t\t\t<div class=\"elementor-container elementor-column-gap-default\">\n\t\t\t\t\t<div class=\"elementor-column elementor-col-50 elementor-inner-column elementor-element elementor-element-7193794f\" data-id=\"7193794f\" data-element_type=\"column\" data-e-type=\"column\">\n\t\t\t<div class=\"elementor-widget-wrap elementor-element-populated\">\n\t\t\t\t\t\t<div class=\"elementor-element elementor-element-5616eb76 elementor-widget elementor-widget-text-editor\" data-id=\"5616eb76\" data-element_type=\"widget\" data-e-type=\"widget\" data-widget_type=\"text-editor.default\">\n\t\t\t\t<div class=\"elementor-widget-container\">\n\t\t\t\t\t\t\t\t\t<p>The PST 100 spark tester enables <strong>fast and economical testing of coatings and linings<\/strong> with <strong>thicknesses from 3 to 30 mm.<\/strong><\/p><p> <\/p><p>The device is particularly suitable for checking butt and overlap welds in the plastics and rubber industry, in petrochemical plants and in pipeline construction.<\/p><p> <\/p><p>A flexible test probe is included in the scope of delivery. For special applications, additional insulated extension rods and electrodes can be supplied. <\/p><p>In order to guarantee a stable output voltage, excessively large electrodes should be avoided.<\/p><p> <\/p><p><strong>A maximum electrode length of 150 mm is recommended for all high-frequency devices.<\/strong><\/p><p> <\/p><p>An optionally available accessory set includes a high-quality transport case and a selection of suitable electrodes for use with the PST spark tester.<\/p><p> <\/p><p><strong>Basic set <\/strong><br>PST-100 device, 230 V mains operation<br>Flexible probe, 150 mm length<br>Operating instructions<br><br><strong>Technical data<\/strong><br>Output voltage: 10 \u2013 55 kV<br>Output type: Pulsed ring<br>Conformity: Fully CE-certified<br>Mains voltage: 230 V AC, 50\/60 Hz (Ref.: T50)<br>Weight (device): 1.05 kg<br>Dimensions (device): 6 \u00d7 20 \u00d7 27 cm (W \u00d7 H \u00d7 L)<br>Shipping weight (basic set): 1.4 kg<br>Packaging dimensions: 41 \u00d7 36 \u00d7 14 cm<\/p>\t\t\t\t\t\t\t\t<\/div>\n\t\t\t\t<\/div>\n\t\t\t\t\t<\/div>\n\t\t<\/div>\n\t\t\t\t<div class=\"elementor-column elementor-col-50 elementor-inner-column elementor-element elementor-element-1cf13d0d\" data-id=\"1cf13d0d\" data-element_type=\"column\" data-e-type=\"column\">\n\t\t\t<div class=\"elementor-widget-wrap elementor-element-populated\">\n\t\t\t\t\t\t<div class=\"elementor-element elementor-element-069d661 elementor-widget elementor-widget-image\" data-id=\"069d661\" data-element_type=\"widget\" data-e-type=\"widget\" data-widget_type=\"image.default\">\n\t\t\t\t<div class=\"elementor-widget-container\">\n\t\t\t\t\t\t\t\t\t\t\t\t<figure class=\"wp-caption\">\n\t\t\t\t\t\t\t\t\t\t<img loading=\"lazy\" decoding=\"async\" width=\"300\" height=\"190\" src=\"https:\/\/www.akuplastics.com\/wp-content\/uploads\/2025\/09\/PST-100-Funkenpruefgeraet-Schweissnaht-300x190.webp\" class=\"attachment-medium size-medium wp-image-27192\" alt=\"PST 100 Funkenpr\u00fcfger\u00e4t Schwei\u00dfnaht\" srcset=\"https:\/\/www.akuplastics.com\/wp-content\/uploads\/2025\/09\/PST-100-Funkenpruefgeraet-Schweissnaht-300x190.webp 300w, https:\/\/www.akuplastics.com\/wp-content\/uploads\/2025\/09\/PST-100-Funkenpruefgeraet-Schweissnaht.webp 528w\" sizes=\"auto, (max-width: 300px) 100vw, 300px\" \/>\t\t\t\t\t\t\t\t\t\t\t<figcaption class=\"widget-image-caption wp-caption-text\">Spark Tester PST 100 for Plastic Processors<\/figcaption>\n\t\t\t\t\t\t\t\t\t\t<\/figure>\n\t\t\t\t\t\t\t\t\t<\/div>\n\t\t\t\t<\/div>\n\t\t\t\t<div class=\"elementor-element elementor-element-671f914 elementor-widget elementor-widget-image\" data-id=\"671f914\" data-element_type=\"widget\" data-e-type=\"widget\" data-widget_type=\"image.default\">\n\t\t\t\t<div class=\"elementor-widget-container\">\n\t\t\t\t\t\t\t\t\t\t\t\t<figure class=\"wp-caption\">\n\t\t\t\t\t\t\t\t\t\t<img loading=\"lazy\" decoding=\"async\" width=\"221\" height=\"300\" src=\"https:\/\/www.akuplastics.com\/wp-content\/uploads\/2025\/09\/PST-100-Funkenpruefgeraet-Set--221x300.webp\" class=\"attachment-medium size-medium wp-image-27209\" alt=\"PST 100 Funkenpr\u00fcfger\u00e4t Set\" srcset=\"https:\/\/www.akuplastics.com\/wp-content\/uploads\/2025\/09\/PST-100-Funkenpruefgeraet-Set--221x300.webp 221w, https:\/\/www.akuplastics.com\/wp-content\/uploads\/2025\/09\/PST-100-Funkenpruefgeraet-Set-.webp 396w\" sizes=\"auto, (max-width: 221px) 100vw, 221px\" \/>\t\t\t\t\t\t\t\t\t\t\t<figcaption class=\"widget-image-caption wp-caption-text\">Spark Tester Testing Technology PST 100<\/figcaption>\n\t\t\t\t\t\t\t\t\t\t<\/figure>\n\t\t\t\t\t\t\t\t\t<\/div>\n\t\t\t\t<\/div>\n\t\t\t\t\t<\/div>\n\t\t<\/div>\n\t\t\t\t\t<\/div>\n\t\t<\/section>\n\t\t\t\t\t<\/div>\n\t\t<\/div>\n\t\t\t\t\t<\/div>\n\t\t<\/section>\n\t\t\t\t<\/div>\n\t\t","protected":false},"excerpt":{"rendered":"<p>Spark Tester PST 100 for Plastic Processors The PST 100 spark tester enables fast and economical testing of coatings and linings with thicknesses from 3 to 30 mm. The device is particularly suitable for checking butt and overlap welds in the plastics and rubber industry, in petrochemical plants and in pipeline construction. A flexible test [&hellip;]<\/p>\n","protected":false},"author":3,"featured_media":27192,"parent":8409,"menu_order":0,"comment_status":"closed","ping_status":"closed","template":"elementor_header_footer","meta":{"iawp_total_views":56,"footnotes":""},"class_list":["post-27171","page","type-page","status-publish","has-post-thumbnail","hentry"],"yoast_head":"<!-- This site is optimized with the Yoast SEO Premium plugin v27.4 (Yoast SEO v27.4) - https:\/\/yoast.com\/product\/yoast-seo-premium-wordpress\/ -->\n<title>Spark Tester Testing Technology Weld Seam DVS Plastic Processor<\/title>\n<meta name=\"description\" content=\"Professional spark tester PST 100 for coatings 3\u201330 mm. Lightweight, compact, CE-certified. Includes flexible probe &amp; optional accessories.\" \/>\n<meta name=\"robots\" content=\"index, follow, max-snippet:-1, max-image-preview:large, max-video-preview:-1\" \/>\n<link rel=\"canonical\" href=\"https:\/\/www.akuplastics.com\/en\/machines-appliances-plastics-locksmiths-fabricators-tank-builders\/testing-technology-spark-tester-pst-100\/\" \/>\n<script type=\"application\/ld+json\" class=\"yoast-schema-graph\">{\"@context\":\"https:\\\/\\\/schema.org\",\"@graph\":[{\"@type\":\"WebPage\",\"@id\":\"https:\\\/\\\/www.akuplastics.com\\\/en\\\/machines-appliances-plastics-locksmiths-fabricators-tank-builders\\\/testing-technology-spark-tester-pst-100\\\/\",\"url\":\"https:\\\/\\\/www.akuplastics.com\\\/en\\\/machines-appliances-plastics-locksmiths-fabricators-tank-builders\\\/testing-technology-spark-tester-pst-100\\\/\",\"name\":\"Spark Tester Testing Technology Weld Seam DVS Plastic Processor\",\"isPartOf\":{\"@id\":\"https:\\\/\\\/www.akuplastics.com\\\/en\\\/#website\"},\"primaryImageOfPage\":{\"@id\":\"https:\\\/\\\/www.akuplastics.com\\\/en\\\/machines-appliances-plastics-locksmiths-fabricators-tank-builders\\\/testing-technology-spark-tester-pst-100\\\/#primaryimage\"},\"image\":{\"@id\":\"https:\\\/\\\/www.akuplastics.com\\\/en\\\/machines-appliances-plastics-locksmiths-fabricators-tank-builders\\\/testing-technology-spark-tester-pst-100\\\/#primaryimage\"},\"thumbnailUrl\":\"https:\\\/\\\/www.akuplastics.com\\\/wp-content\\\/uploads\\\/2025\\\/09\\\/PST-100-Funkenpruefgeraet-Schweissnaht.webp\",\"datePublished\":\"2025-09-08T09:43:35+00:00\",\"dateModified\":\"2025-09-11T07:03:26+00:00\",\"description\":\"Professional spark tester PST 100 for coatings 3\u201330 mm. Lightweight, compact, CE-certified. Includes flexible probe & optional accessories.\",\"breadcrumb\":{\"@id\":\"https:\\\/\\\/www.akuplastics.com\\\/en\\\/machines-appliances-plastics-locksmiths-fabricators-tank-builders\\\/testing-technology-spark-tester-pst-100\\\/#breadcrumb\"},\"inLanguage\":\"en-US\",\"potentialAction\":[{\"@type\":\"ReadAction\",\"target\":[\"https:\\\/\\\/www.akuplastics.com\\\/en\\\/machines-appliances-plastics-locksmiths-fabricators-tank-builders\\\/testing-technology-spark-tester-pst-100\\\/\"]}]},{\"@type\":\"ImageObject\",\"inLanguage\":\"en-US\",\"@id\":\"https:\\\/\\\/www.akuplastics.com\\\/en\\\/machines-appliances-plastics-locksmiths-fabricators-tank-builders\\\/testing-technology-spark-tester-pst-100\\\/#primaryimage\",\"url\":\"https:\\\/\\\/www.akuplastics.com\\\/wp-content\\\/uploads\\\/2025\\\/09\\\/PST-100-Funkenpruefgeraet-Schweissnaht.webp\",\"contentUrl\":\"https:\\\/\\\/www.akuplastics.com\\\/wp-content\\\/uploads\\\/2025\\\/09\\\/PST-100-Funkenpruefgeraet-Schweissnaht.webp\",\"width\":528,\"height\":335,\"caption\":\"PST 100 Funkenpr\u00fcfger\u00e4t Schwei\u00dfnaht\"},{\"@type\":\"BreadcrumbList\",\"@id\":\"https:\\\/\\\/www.akuplastics.com\\\/en\\\/machines-appliances-plastics-locksmiths-fabricators-tank-builders\\\/testing-technology-spark-tester-pst-100\\\/#breadcrumb\",\"itemListElement\":[{\"@type\":\"ListItem\",\"position\":1,\"name\":\"Homepage\",\"item\":\"https:\\\/\\\/www.akuplastics.com\\\/en\\\/\"},{\"@type\":\"ListItem\",\"position\":2,\"name\":\"Machines and devices\",\"item\":\"https:\\\/\\\/www.akuplastics.com\\\/en\\\/machines-appliances-plastics-locksmiths-fabricators-tank-builders\\\/\"},{\"@type\":\"ListItem\",\"position\":3,\"name\":\"Testing Technology Spark Tester PST 100\"}]},{\"@type\":\"WebSite\",\"@id\":\"https:\\\/\\\/www.akuplastics.com\\\/en\\\/#website\",\"url\":\"https:\\\/\\\/www.akuplastics.com\\\/en\\\/\",\"name\":\"Semi-Finished Products \u2013 Finished Parts \u2013 Ventilation Moulded Parts \u2013 Machines\",\"description\":\"Halbzeuge, Halbfabrikate, Kunststoffhalbzeuge, Kunststoffhalbfabrikate\",\"publisher\":{\"@id\":\"https:\\\/\\\/www.akuplastics.com\\\/en\\\/#organization\"},\"alternateName\":\"AKUPLASTICS \u2013 Engineering in Plastics\",\"potentialAction\":[{\"@type\":\"SearchAction\",\"target\":{\"@type\":\"EntryPoint\",\"urlTemplate\":\"https:\\\/\\\/www.akuplastics.com\\\/en\\\/?s={search_term_string}\"},\"query-input\":{\"@type\":\"PropertyValueSpecification\",\"valueRequired\":true,\"valueName\":\"search_term_string\"}}],\"inLanguage\":\"en-US\"},{\"@type\":\"Organization\",\"@id\":\"https:\\\/\\\/www.akuplastics.com\\\/en\\\/#organization\",\"name\":\"Ing. Christian Ahlborn e.U.\",\"alternateName\":\"AKU\",\"url\":\"https:\\\/\\\/www.akuplastics.com\\\/en\\\/\",\"logo\":{\"@type\":\"ImageObject\",\"inLanguage\":\"en-US\",\"@id\":\"https:\\\/\\\/www.akuplastics.com\\\/en\\\/#\\\/schema\\\/logo\\\/image\\\/\",\"url\":\"https:\\\/\\\/www.akuplastics.com\\\/wp-content\\\/uploads\\\/2020\\\/07\\\/Grafik14-inkl-r.png\",\"contentUrl\":\"https:\\\/\\\/www.akuplastics.com\\\/wp-content\\\/uploads\\\/2020\\\/07\\\/Grafik14-inkl-r.png\",\"width\":1994,\"height\":743,\"caption\":\"Ing. Christian Ahlborn e.U.\"},\"image\":{\"@id\":\"https:\\\/\\\/www.akuplastics.com\\\/en\\\/#\\\/schema\\\/logo\\\/image\\\/\"}}]}<\/script>\n<!-- \/ Yoast SEO Premium plugin. -->","yoast_head_json":{"title":"Spark Tester Testing Technology Weld Seam DVS Plastic Processor","description":"Professional spark tester PST 100 for coatings 3\u201330 mm. Lightweight, compact, CE-certified. Includes flexible probe & optional accessories.","robots":{"index":"index","follow":"follow","max-snippet":"max-snippet:-1","max-image-preview":"max-image-preview:large","max-video-preview":"max-video-preview:-1"},"canonical":"https:\/\/www.akuplastics.com\/en\/machines-appliances-plastics-locksmiths-fabricators-tank-builders\/testing-technology-spark-tester-pst-100\/","schema":{"@context":"https:\/\/schema.org","@graph":[{"@type":"WebPage","@id":"https:\/\/www.akuplastics.com\/en\/machines-appliances-plastics-locksmiths-fabricators-tank-builders\/testing-technology-spark-tester-pst-100\/","url":"https:\/\/www.akuplastics.com\/en\/machines-appliances-plastics-locksmiths-fabricators-tank-builders\/testing-technology-spark-tester-pst-100\/","name":"Spark Tester Testing Technology Weld Seam DVS Plastic Processor","isPartOf":{"@id":"https:\/\/www.akuplastics.com\/en\/#website"},"primaryImageOfPage":{"@id":"https:\/\/www.akuplastics.com\/en\/machines-appliances-plastics-locksmiths-fabricators-tank-builders\/testing-technology-spark-tester-pst-100\/#primaryimage"},"image":{"@id":"https:\/\/www.akuplastics.com\/en\/machines-appliances-plastics-locksmiths-fabricators-tank-builders\/testing-technology-spark-tester-pst-100\/#primaryimage"},"thumbnailUrl":"https:\/\/www.akuplastics.com\/wp-content\/uploads\/2025\/09\/PST-100-Funkenpruefgeraet-Schweissnaht.webp","datePublished":"2025-09-08T09:43:35+00:00","dateModified":"2025-09-11T07:03:26+00:00","description":"Professional spark tester PST 100 for coatings 3\u201330 mm. Lightweight, compact, CE-certified. Includes flexible probe & optional accessories.","breadcrumb":{"@id":"https:\/\/www.akuplastics.com\/en\/machines-appliances-plastics-locksmiths-fabricators-tank-builders\/testing-technology-spark-tester-pst-100\/#breadcrumb"},"inLanguage":"en-US","potentialAction":[{"@type":"ReadAction","target":["https:\/\/www.akuplastics.com\/en\/machines-appliances-plastics-locksmiths-fabricators-tank-builders\/testing-technology-spark-tester-pst-100\/"]}]},{"@type":"ImageObject","inLanguage":"en-US","@id":"https:\/\/www.akuplastics.com\/en\/machines-appliances-plastics-locksmiths-fabricators-tank-builders\/testing-technology-spark-tester-pst-100\/#primaryimage","url":"https:\/\/www.akuplastics.com\/wp-content\/uploads\/2025\/09\/PST-100-Funkenpruefgeraet-Schweissnaht.webp","contentUrl":"https:\/\/www.akuplastics.com\/wp-content\/uploads\/2025\/09\/PST-100-Funkenpruefgeraet-Schweissnaht.webp","width":528,"height":335,"caption":"PST 100 Funkenpr\u00fcfger\u00e4t Schwei\u00dfnaht"},{"@type":"BreadcrumbList","@id":"https:\/\/www.akuplastics.com\/en\/machines-appliances-plastics-locksmiths-fabricators-tank-builders\/testing-technology-spark-tester-pst-100\/#breadcrumb","itemListElement":[{"@type":"ListItem","position":1,"name":"Homepage","item":"https:\/\/www.akuplastics.com\/en\/"},{"@type":"ListItem","position":2,"name":"Machines and devices","item":"https:\/\/www.akuplastics.com\/en\/machines-appliances-plastics-locksmiths-fabricators-tank-builders\/"},{"@type":"ListItem","position":3,"name":"Testing Technology Spark Tester PST 100"}]},{"@type":"WebSite","@id":"https:\/\/www.akuplastics.com\/en\/#website","url":"https:\/\/www.akuplastics.com\/en\/","name":"Semi-Finished Products \u2013 Finished Parts \u2013 Ventilation Moulded Parts \u2013 Machines","description":"Halbzeuge, Halbfabrikate, Kunststoffhalbzeuge, Kunststoffhalbfabrikate","publisher":{"@id":"https:\/\/www.akuplastics.com\/en\/#organization"},"alternateName":"AKUPLASTICS \u2013 Engineering in Plastics","potentialAction":[{"@type":"SearchAction","target":{"@type":"EntryPoint","urlTemplate":"https:\/\/www.akuplastics.com\/en\/?s={search_term_string}"},"query-input":{"@type":"PropertyValueSpecification","valueRequired":true,"valueName":"search_term_string"}}],"inLanguage":"en-US"},{"@type":"Organization","@id":"https:\/\/www.akuplastics.com\/en\/#organization","name":"Ing. Christian Ahlborn e.U.","alternateName":"AKU","url":"https:\/\/www.akuplastics.com\/en\/","logo":{"@type":"ImageObject","inLanguage":"en-US","@id":"https:\/\/www.akuplastics.com\/en\/#\/schema\/logo\/image\/","url":"https:\/\/www.akuplastics.com\/wp-content\/uploads\/2020\/07\/Grafik14-inkl-r.png","contentUrl":"https:\/\/www.akuplastics.com\/wp-content\/uploads\/2020\/07\/Grafik14-inkl-r.png","width":1994,"height":743,"caption":"Ing. Christian Ahlborn e.U."},"image":{"@id":"https:\/\/www.akuplastics.com\/en\/#\/schema\/logo\/image\/"}}]}},"_links":{"self":[{"href":"https:\/\/www.akuplastics.com\/en\/wp-json\/wp\/v2\/pages\/27171","targetHints":{"allow":["GET"]}}],"collection":[{"href":"https:\/\/www.akuplastics.com\/en\/wp-json\/wp\/v2\/pages"}],"about":[{"href":"https:\/\/www.akuplastics.com\/en\/wp-json\/wp\/v2\/types\/page"}],"author":[{"embeddable":true,"href":"https:\/\/www.akuplastics.com\/en\/wp-json\/wp\/v2\/users\/3"}],"replies":[{"embeddable":true,"href":"https:\/\/www.akuplastics.com\/en\/wp-json\/wp\/v2\/comments?post=27171"}],"version-history":[{"count":10,"href":"https:\/\/www.akuplastics.com\/en\/wp-json\/wp\/v2\/pages\/27171\/revisions"}],"predecessor-version":[{"id":27229,"href":"https:\/\/www.akuplastics.com\/en\/wp-json\/wp\/v2\/pages\/27171\/revisions\/27229"}],"up":[{"embeddable":true,"href":"https:\/\/www.akuplastics.com\/en\/wp-json\/wp\/v2\/pages\/8409"}],"wp:featuredmedia":[{"embeddable":true,"href":"https:\/\/www.akuplastics.com\/en\/wp-json\/wp\/v2\/media\/27192"}],"wp:attachment":[{"href":"https:\/\/www.akuplastics.com\/en\/wp-json\/wp\/v2\/media?parent=27171"}],"curies":[{"name":"wp","href":"https:\/\/api.w.org\/{rel}","templated":true}]}}