{"id":25285,"date":"2024-10-17T10:51:59","date_gmt":"2024-10-17T08:51:59","guid":{"rendered":"https:\/\/www.akuplastics.com\/machines-appliances-plastics-locksmiths-fabricators-tank-builders\/manual-butt-welding-machine-sm-160-s\/"},"modified":"2024-10-17T11:11:37","modified_gmt":"2024-10-17T09:11:37","slug":"manual-butt-welding-machine-sm-160-s","status":"publish","type":"page","link":"https:\/\/www.akuplastics.com\/en\/machines-appliances-plastics-locksmiths-fabricators-tank-builders\/manual-butt-welding-machine-sm-160-s\/","title":{"rendered":"Manual butt welding machine SM 160-S"},"content":{"rendered":"\t\t<div data-elementor-type=\"wp-page\" data-elementor-id=\"25285\" class=\"elementor elementor-25285 elementor-25270\" data-elementor-post-type=\"page\">\n\t\t\t\t\t\t<section class=\"elementor-section elementor-top-section elementor-element elementor-element-3674ff77 elementor-section-boxed elementor-section-height-default elementor-section-height-default\" data-id=\"3674ff77\" data-element_type=\"section\" data-e-type=\"section\">\n\t\t\t\t\t\t<div class=\"elementor-container elementor-column-gap-default\">\n\t\t\t\t\t<div class=\"elementor-column elementor-col-100 elementor-top-column elementor-element elementor-element-474a5599\" data-id=\"474a5599\" data-element_type=\"column\" data-e-type=\"column\">\n\t\t\t<div class=\"elementor-widget-wrap elementor-element-populated\">\n\t\t\t\t\t\t<div class=\"elementor-element elementor-element-510ca892 elementor-widget elementor-widget-text-editor\" data-id=\"510ca892\" data-element_type=\"widget\" data-e-type=\"widget\" data-widget_type=\"text-editor.default\">\n\t\t\t\t<div class=\"elementor-widget-container\">\n\t\t\t\t\t\t\t\t\t<h1>Manual and transportable butt welding machine for pipes from \u00d8 40 mm &#8211; 160 mm <\/h1>\n\t\t\t\t\t\t\t\t<\/div>\n\t\t\t\t<\/div>\n\t\t\t\t<section class=\"elementor-section elementor-inner-section elementor-element elementor-element-13e9a7c7 elementor-section-boxed elementor-section-height-default elementor-section-height-default\" data-id=\"13e9a7c7\" data-element_type=\"section\" data-e-type=\"section\">\n\t\t\t\t\t\t<div class=\"elementor-container elementor-column-gap-default\">\n\t\t\t\t\t<div class=\"elementor-column elementor-col-50 elementor-inner-column elementor-element elementor-element-2ee951f2\" data-id=\"2ee951f2\" data-element_type=\"column\" data-e-type=\"column\">\n\t\t\t<div class=\"elementor-widget-wrap elementor-element-populated\">\n\t\t\t\t\t\t<div class=\"elementor-element elementor-element-0c1ac7e elementor-widget elementor-widget-text-editor\" data-id=\"0c1ac7e\" data-element_type=\"widget\" data-e-type=\"widget\" data-widget_type=\"text-editor.default\">\n\t\t\t\t<div class=\"elementor-widget-container\">\n\t\t\t\t\t\t\t\t\t<p><strong>Pipe welding machines<\/strong> are specialized devices that have been developed for the precise and efficient welding of plastic pipes.<\/p>\n<p>Ideal for <span style=\"color: var( --e-global-color-text ); font-family: var( --e-global-typography-text-font-family ), arial; font-size: var( --e-global-typography-text-font-size ); font-weight: var( --e-global-typography-text-font-weight );\">precise welding of pipes for efficient processing.<\/span><\/p>\n\t\t\t\t\t\t\t\t<\/div>\n\t\t\t\t<\/div>\n\t\t\t\t<div class=\"elementor-element elementor-element-303396d elementor-widget elementor-widget-text-editor\" data-id=\"303396d\" data-element_type=\"widget\" data-e-type=\"widget\" data-settings=\"{&quot;_animation&quot;:&quot;none&quot;}\" data-widget_type=\"text-editor.default\">\n\t\t\t\t<div class=\"elementor-widget-container\">\n\t\t\t\t\t\t\t\t\t<p>The SM 160-S is a transportable manual butt fusion machine for plastic pipes with the following main features:<\/p>\n<p><strong>Suitable for pipes with diameters from 40 mm to 160 mm<\/strong><\/p>\n<\/p>\n<p class=\"mb-2 mt-6 text-lg first:mt-3\"><strong>It has<\/strong><\/p>\n<ul class=\"marker:text-textOff list-disc pl-8\">\n<li>Basic clamping tools for 160 mm pipes<\/li>\n<li>Clamping inserts for various pipe diameters (4 pieces per set 40-140 mm)<\/li>\n<li>Pipe supports for 160 mm pipes<\/li>\n<li>Inserts for pipe supports in various sizes (4 pieces per set 40-160 mm)<\/li>\n<\/ul>\n<p class=\"mb-2 mt-6 text-lg first:mt-3\"><strong>The construction:<\/strong><\/p>\n<ul class=\"marker:text-textOff list-disc pl-8\">\n<li>Sturdy frame with integrated tool compartment<\/li>\n<li>Tools supplied for operation<\/li>\n<\/ul>\n<p class=\"mb-2 mt-6 text-lg first:mt-3\"><strong>Good flexibility<\/strong><\/p>\n<ul class=\"marker:text-textOff list-disc pl-8\">\n<li>Modular system with interchangeable inserts for different pipe diameters<\/li>\n<li>Enables adaptation to different pipe sizes without a complete machine change<\/li>\n<\/ul>\n<p class=\"mb-2 mt-6 text-lg first:mt-3\"><strong>Best mobility<\/strong><\/p>\n<ul class=\"marker:text-textOff list-disc pl-8\">\n<li>Transportable design for flexible use at different work locations<\/li>\n<\/ul>\n<p>This manual welding machine therefore offers a versatile and mobile solution for butt welding plastic pipes in a wide range of diameters.<\/p>\n<\/p>\n<p><strong>Technical data<br \/><\/strong><\/p>\n<table class=\"texttable\">\n<tbody>\n<tr>\n<td class=\"cellnormal\" height=\"13px\">Voltage:<\/td>\n<td class=\"cellnormal\">230 V<\/td>\n<\/tr>\n<tr>\n<td class=\"cellnormal\" height=\"13px\"><span class=\"textheading1 mobile-undersized-upper\">Frequency:<\/span><\/td>\n<td class=\"cellnormal\"><span class=\"textheading1 mobile-undersized-upper\">50\/60 Hz<\/span><\/td>\n<\/tr>\n<tr>\n<td class=\"cellnormal\" height=\"13px\"><span class=\"textheading1 mobile-undersized-upper\">Heating element power:<\/span><\/td>\n<td class=\"cellnormal\"><span class=\"textheading1 mobile-undersized-upper\">800 W<\/span><\/td>\n<\/tr>\n<tr>\n<td class=\"cellnormal\" height=\"13px\"><span class=\"textheading1 mobile-undersized-upper\">Slicer power:<\/span><\/td>\n<td class=\"cellnormal\"><span class=\"textheading1 mobile-undersized-upper\">710 W<\/span><\/td>\n<\/tr>\n<tr>\n<td class=\"cellnormal\" height=\"13px\">Amperage:<\/td>\n<td class=\"cellnormal\"><span class=\"textheading1 mobile-undersized-upper\">7 A<\/span><\/td>\n<\/tr>\n<\/tbody>\n<\/table>\n<p><strong> <\/strong><\/p>\n<p><strong>Tools included<\/strong><\/p>\n<ul>\n<li>Clamping insert for clamping tools<\/li>\n<li>Inserts for pipe supports<\/li>\n<li>Screws and Allen key<\/li>\n<\/ul>\n\t\t\t\t\t\t\t\t<\/div>\n\t\t\t\t<\/div>\n\t\t\t\t<div class=\"elementor-element elementor-element-7d4ca77 elementor-widget elementor-widget-text-editor\" data-id=\"7d4ca77\" data-element_type=\"widget\" data-e-type=\"widget\" data-widget_type=\"text-editor.default\">\n\t\t\t\t<div class=\"elementor-widget-container\">\n\t\t\t\t\t\t\t\t\t<p><span style=\"color: var( --e-global-color-text ); font-family: var( --e-global-typography-text-font-family ), arial; font-size: var( --e-global-typography-text-font-size ); font-weight: var( --e-global-typography-text-font-weight ); letter-spacing: 0px;\">The most important general features and functions of these special machines:<\/span><\/p>\n<\/p>\n<p><strong>Construction and stability<\/strong><\/p>\n<p>Pipe welding machines are characterized by their stable and reliable design.<\/p>\n<\/p>\n<p>You have about:<\/p>\n<ul class=\"marker:text-textOff list-disc pl-8\">\n<li>\n<p>A torsion-resistant base frame<\/p>\n<\/li>\n<li>\n<p>Precise linear guides<\/p>\n<\/li>\n<li>\n<p>High accuracy and resilience<\/p>\n<\/li>\n<\/ul>\n<p class=\"mb-2 mt-6 text-lg first:mt-3\"><strong>Control and automation<\/strong><\/p>\n<p>The modern workshop machines also offer advanced control options, e.g:<\/p>\n<ul class=\"marker:text-textOff list-disc pl-8\">\n<li>\n<p>Computer-controlled systems<\/p>\n<\/li>\n<li>\n<p>Hydraulic mode of operation<\/p>\n<\/li>\n<li>\n<p>Digital displays and control systems<\/p>\n<\/li>\n<\/ul>\n<p class=\"mb-2 mt-6 text-lg first:mt-3\"><strong>Welding process and materials<\/strong><\/p>\n<p>These machines are versatile and suitable for tasks such as welding PE, PP, PVDF and other thermoplastic materials<\/p>\n<p>They offer programmable welding parameters and precise temperature control for the required melting temperature<\/p>\n<\/p>\n<p class=\"mb-2 mt-6 text-lg first:mt-3\"><strong>Additional functions<\/strong><\/p>\n<p>To improve efficiency and quality, the following features can be integrated, such as <\/p>\n<ul class=\"marker:text-textOff list-disc pl-8\">\n<li>\n<p>PTFE-coated heating element<\/p>\n<\/li>\n<li>\n<p>Electric planer<\/p>\n<\/li>\n<li>\n<p>Automatic creation of welding records for documentation and inspection<\/p>\n<\/li>\n<\/ul>\n<p class=\"mb-2 mt-6 text-lg first:mt-3\"><strong>Special welding options as an additional benefit<\/strong><\/p>\n<p>The machines offer extended welding options:<\/p>\n<ul class=\"marker:text-textOff list-disc pl-8\">\n<li>\n<p>Special clamping tools for T, Y and X weld seams<\/p>\n<\/li>\n<li>\n<p>Option to produce weld seams at various angles (45\u00b0, 60\u00b0 and 90\u00b0)<\/p>\n<\/li>\n<\/ul>\n<p class=\"mb-2 mt-6 text-lg first:mt-3\"><strong>Performance and efficiency<\/strong><\/p>\n<p>Modern pipe welding machines are characterized by good weld seam formation and enable precise, efficient and versatile processing of plastic pipes in various industrial applications.<\/p>\n\t\t\t\t\t\t\t\t<\/div>\n\t\t\t\t<\/div>\n\t\t\t\t\t<\/div>\n\t\t<\/div>\n\t\t\t\t<div class=\"elementor-column elementor-col-50 elementor-inner-column elementor-element elementor-element-1e45b33\" data-id=\"1e45b33\" data-element_type=\"column\" data-e-type=\"column\">\n\t\t\t<div class=\"elementor-widget-wrap elementor-element-populated\">\n\t\t\t\t\t\t<div class=\"elementor-element elementor-element-427e49f0 elementor-widget elementor-widget-image\" data-id=\"427e49f0\" data-element_type=\"widget\" data-e-type=\"widget\" data-settings=\"{&quot;_animation&quot;:&quot;none&quot;}\" data-widget_type=\"image.default\">\n\t\t\t\t<div class=\"elementor-widget-container\">\n\t\t\t\t\t\t\t\t\t\t\t\t<figure class=\"wp-caption\">\n\t\t\t\t\t\t\t\t\t\t<img loading=\"lazy\" decoding=\"async\" width=\"246\" height=\"300\" src=\"https:\/\/www.akuplastics.com\/wp-content\/uploads\/2024\/10\/SM-160-S-Manuelle-Schweissmaschine-246x300.webp\" class=\"attachment-medium size-medium wp-image-25273\" alt=\"SM-160-S-Manuelle-transportable Stumpfschwei\u00dfmaschine\" srcset=\"https:\/\/www.akuplastics.com\/wp-content\/uploads\/2024\/10\/SM-160-S-Manuelle-Schweissmaschine-246x300.webp 246w, https:\/\/www.akuplastics.com\/wp-content\/uploads\/2024\/10\/SM-160-S-Manuelle-Schweissmaschine.webp 456w\" sizes=\"auto, (max-width: 246px) 100vw, 246px\" \/>\t\t\t\t\t\t\t\t\t\t\t<figcaption class=\"widget-image-caption wp-caption-text\">SM-160-S Manual and transportable butt welding machine<\/figcaption>\n\t\t\t\t\t\t\t\t\t\t<\/figure>\n\t\t\t\t\t\t\t\t\t<\/div>\n\t\t\t\t<\/div>\n\t\t\t\t\t<\/div>\n\t\t<\/div>\n\t\t\t\t\t<\/div>\n\t\t<\/section>\n\t\t\t\t\t<\/div>\n\t\t<\/div>\n\t\t\t\t\t<\/div>\n\t\t<\/section>\n\t\t<div class=\"elementor-element elementor-element-efa8817 e-flex e-con-boxed e-con e-parent\" data-id=\"efa8817\" data-element_type=\"container\" data-e-type=\"container\">\n\t\t\t\t\t<div class=\"e-con-inner\">\n\t\t\t\t\t<\/div>\n\t\t\t\t<\/div>\n\t\t\t\t<\/div>\n\t\t","protected":false},"excerpt":{"rendered":"<p>Manual and transportable butt welding machine for pipes from \u00d8 40 mm &#8211; 160 mm Pipe welding machines are specialized devices that have been developed for the precise and efficient welding of plastic pipes. Ideal for precise welding of pipes for efficient processing. The SM 160-S is a transportable manual butt fusion machine for plastic [&hellip;]<\/p>\n","protected":false},"author":3,"featured_media":0,"parent":8409,"menu_order":0,"comment_status":"closed","ping_status":"closed","template":"elementor_header_footer","meta":{"iawp_total_views":16,"footnotes":""},"class_list":["post-25285","page","type-page","status-publish","hentry"],"yoast_head":"<!-- This site is optimized with the Yoast SEO Premium plugin v27.4 (Yoast SEO v27.5) - https:\/\/yoast.com\/product\/yoast-seo-premium-wordpress\/ -->\n<title>Manual butt fusion machine Plastic pipes Transportable 160 mm<\/title>\n<meta name=\"description\" content=\"Our SM 160-S manual butt fusion machine is portable and ideal for plastic pipes with diameters from \u00d8 40 mm to \u00d8 160 mm. The machine offers a robust design, with basic clamping tools for \u00d8 160 mm and clamping inserts in various sizes for flexible application options.\" \/>\n<meta name=\"robots\" content=\"index, follow, max-snippet:-1, max-image-preview:large, max-video-preview:-1\" \/>\n<link rel=\"canonical\" href=\"https:\/\/www.akuplastics.com\/en\/machines-appliances-plastics-locksmiths-fabricators-tank-builders\/manual-butt-welding-machine-sm-160-s\/\" \/>\n<script type=\"application\/ld+json\" class=\"yoast-schema-graph\">{\"@context\":\"https:\\\/\\\/schema.org\",\"@graph\":[{\"@type\":\"WebPage\",\"@id\":\"https:\\\/\\\/www.akuplastics.com\\\/en\\\/machines-appliances-plastics-locksmiths-fabricators-tank-builders\\\/manual-butt-welding-machine-sm-160-s\\\/\",\"url\":\"https:\\\/\\\/www.akuplastics.com\\\/en\\\/machines-appliances-plastics-locksmiths-fabricators-tank-builders\\\/manual-butt-welding-machine-sm-160-s\\\/\",\"name\":\"Manual butt fusion machine Plastic pipes Transportable 160 mm\",\"isPartOf\":{\"@id\":\"https:\\\/\\\/www.akuplastics.com\\\/en\\\/#website\"},\"primaryImageOfPage\":{\"@id\":\"https:\\\/\\\/www.akuplastics.com\\\/en\\\/machines-appliances-plastics-locksmiths-fabricators-tank-builders\\\/manual-butt-welding-machine-sm-160-s\\\/#primaryimage\"},\"image\":{\"@id\":\"https:\\\/\\\/www.akuplastics.com\\\/en\\\/machines-appliances-plastics-locksmiths-fabricators-tank-builders\\\/manual-butt-welding-machine-sm-160-s\\\/#primaryimage\"},\"thumbnailUrl\":\"https:\\\/\\\/www.akuplastics.com\\\/wp-content\\\/uploads\\\/2024\\\/10\\\/SM-160-S-Manuelle-Schweissmaschine-246x300.webp\",\"datePublished\":\"2024-10-17T08:51:59+00:00\",\"dateModified\":\"2024-10-17T09:11:37+00:00\",\"description\":\"Our SM 160-S manual butt fusion machine is portable and ideal for plastic pipes with diameters from \u00d8 40 mm to \u00d8 160 mm. The machine offers a robust design, with basic clamping tools for \u00d8 160 mm and clamping inserts in various sizes for flexible application options.\",\"breadcrumb\":{\"@id\":\"https:\\\/\\\/www.akuplastics.com\\\/en\\\/machines-appliances-plastics-locksmiths-fabricators-tank-builders\\\/manual-butt-welding-machine-sm-160-s\\\/#breadcrumb\"},\"inLanguage\":\"en-US\",\"potentialAction\":[{\"@type\":\"ReadAction\",\"target\":[\"https:\\\/\\\/www.akuplastics.com\\\/en\\\/machines-appliances-plastics-locksmiths-fabricators-tank-builders\\\/manual-butt-welding-machine-sm-160-s\\\/\"]}]},{\"@type\":\"ImageObject\",\"inLanguage\":\"en-US\",\"@id\":\"https:\\\/\\\/www.akuplastics.com\\\/en\\\/machines-appliances-plastics-locksmiths-fabricators-tank-builders\\\/manual-butt-welding-machine-sm-160-s\\\/#primaryimage\",\"url\":\"https:\\\/\\\/www.akuplastics.com\\\/wp-content\\\/uploads\\\/2024\\\/10\\\/SM-160-S-Manuelle-Schweissmaschine-246x300.webp\",\"contentUrl\":\"https:\\\/\\\/www.akuplastics.com\\\/wp-content\\\/uploads\\\/2024\\\/10\\\/SM-160-S-Manuelle-Schweissmaschine-246x300.webp\"},{\"@type\":\"BreadcrumbList\",\"@id\":\"https:\\\/\\\/www.akuplastics.com\\\/en\\\/machines-appliances-plastics-locksmiths-fabricators-tank-builders\\\/manual-butt-welding-machine-sm-160-s\\\/#breadcrumb\",\"itemListElement\":[{\"@type\":\"ListItem\",\"position\":1,\"name\":\"Homepage\",\"item\":\"https:\\\/\\\/www.akuplastics.com\\\/en\\\/\"},{\"@type\":\"ListItem\",\"position\":2,\"name\":\"Machines and devices\",\"item\":\"https:\\\/\\\/www.akuplastics.com\\\/en\\\/machines-appliances-plastics-locksmiths-fabricators-tank-builders\\\/\"},{\"@type\":\"ListItem\",\"position\":3,\"name\":\"Manual butt welding machine SM 160-S\"}]},{\"@type\":\"WebSite\",\"@id\":\"https:\\\/\\\/www.akuplastics.com\\\/en\\\/#website\",\"url\":\"https:\\\/\\\/www.akuplastics.com\\\/en\\\/\",\"name\":\"Semi-Finished Products \u2013 Finished Parts \u2013 Ventilation Moulded Parts \u2013 Machines\",\"description\":\"Halbzeuge, Halbfabrikate, Kunststoffhalbzeuge, Kunststoffhalbfabrikate\",\"publisher\":{\"@id\":\"https:\\\/\\\/www.akuplastics.com\\\/en\\\/#organization\"},\"alternateName\":\"AKUPLASTICS \u2013 Engineering in Plastics\",\"potentialAction\":[{\"@type\":\"SearchAction\",\"target\":{\"@type\":\"EntryPoint\",\"urlTemplate\":\"https:\\\/\\\/www.akuplastics.com\\\/en\\\/?s={search_term_string}\"},\"query-input\":{\"@type\":\"PropertyValueSpecification\",\"valueRequired\":true,\"valueName\":\"search_term_string\"}}],\"inLanguage\":\"en-US\"},{\"@type\":\"Organization\",\"@id\":\"https:\\\/\\\/www.akuplastics.com\\\/en\\\/#organization\",\"name\":\"Ing. Christian Ahlborn e.U.\",\"alternateName\":\"AKU\",\"url\":\"https:\\\/\\\/www.akuplastics.com\\\/en\\\/\",\"logo\":{\"@type\":\"ImageObject\",\"inLanguage\":\"en-US\",\"@id\":\"https:\\\/\\\/www.akuplastics.com\\\/en\\\/#\\\/schema\\\/logo\\\/image\\\/\",\"url\":\"https:\\\/\\\/www.akuplastics.com\\\/wp-content\\\/uploads\\\/2020\\\/07\\\/Grafik14-inkl-r.png\",\"contentUrl\":\"https:\\\/\\\/www.akuplastics.com\\\/wp-content\\\/uploads\\\/2020\\\/07\\\/Grafik14-inkl-r.png\",\"width\":1994,\"height\":743,\"caption\":\"Ing. Christian Ahlborn e.U.\"},\"image\":{\"@id\":\"https:\\\/\\\/www.akuplastics.com\\\/en\\\/#\\\/schema\\\/logo\\\/image\\\/\"}}]}<\/script>\n<!-- \/ Yoast SEO Premium plugin. -->","yoast_head_json":{"title":"Manual butt fusion machine Plastic pipes Transportable 160 mm","description":"Our SM 160-S manual butt fusion machine is portable and ideal for plastic pipes with diameters from \u00d8 40 mm to \u00d8 160 mm. The machine offers a robust design, with basic clamping tools for \u00d8 160 mm and clamping inserts in various sizes for flexible application options.","robots":{"index":"index","follow":"follow","max-snippet":"max-snippet:-1","max-image-preview":"max-image-preview:large","max-video-preview":"max-video-preview:-1"},"canonical":"https:\/\/www.akuplastics.com\/en\/machines-appliances-plastics-locksmiths-fabricators-tank-builders\/manual-butt-welding-machine-sm-160-s\/","schema":{"@context":"https:\/\/schema.org","@graph":[{"@type":"WebPage","@id":"https:\/\/www.akuplastics.com\/en\/machines-appliances-plastics-locksmiths-fabricators-tank-builders\/manual-butt-welding-machine-sm-160-s\/","url":"https:\/\/www.akuplastics.com\/en\/machines-appliances-plastics-locksmiths-fabricators-tank-builders\/manual-butt-welding-machine-sm-160-s\/","name":"Manual butt fusion machine Plastic pipes Transportable 160 mm","isPartOf":{"@id":"https:\/\/www.akuplastics.com\/en\/#website"},"primaryImageOfPage":{"@id":"https:\/\/www.akuplastics.com\/en\/machines-appliances-plastics-locksmiths-fabricators-tank-builders\/manual-butt-welding-machine-sm-160-s\/#primaryimage"},"image":{"@id":"https:\/\/www.akuplastics.com\/en\/machines-appliances-plastics-locksmiths-fabricators-tank-builders\/manual-butt-welding-machine-sm-160-s\/#primaryimage"},"thumbnailUrl":"https:\/\/www.akuplastics.com\/wp-content\/uploads\/2024\/10\/SM-160-S-Manuelle-Schweissmaschine-246x300.webp","datePublished":"2024-10-17T08:51:59+00:00","dateModified":"2024-10-17T09:11:37+00:00","description":"Our SM 160-S manual butt fusion machine is portable and ideal for plastic pipes with diameters from \u00d8 40 mm to \u00d8 160 mm. The machine offers a robust design, with basic clamping tools for \u00d8 160 mm and clamping inserts in various sizes for flexible application options.","breadcrumb":{"@id":"https:\/\/www.akuplastics.com\/en\/machines-appliances-plastics-locksmiths-fabricators-tank-builders\/manual-butt-welding-machine-sm-160-s\/#breadcrumb"},"inLanguage":"en-US","potentialAction":[{"@type":"ReadAction","target":["https:\/\/www.akuplastics.com\/en\/machines-appliances-plastics-locksmiths-fabricators-tank-builders\/manual-butt-welding-machine-sm-160-s\/"]}]},{"@type":"ImageObject","inLanguage":"en-US","@id":"https:\/\/www.akuplastics.com\/en\/machines-appliances-plastics-locksmiths-fabricators-tank-builders\/manual-butt-welding-machine-sm-160-s\/#primaryimage","url":"https:\/\/www.akuplastics.com\/wp-content\/uploads\/2024\/10\/SM-160-S-Manuelle-Schweissmaschine-246x300.webp","contentUrl":"https:\/\/www.akuplastics.com\/wp-content\/uploads\/2024\/10\/SM-160-S-Manuelle-Schweissmaschine-246x300.webp"},{"@type":"BreadcrumbList","@id":"https:\/\/www.akuplastics.com\/en\/machines-appliances-plastics-locksmiths-fabricators-tank-builders\/manual-butt-welding-machine-sm-160-s\/#breadcrumb","itemListElement":[{"@type":"ListItem","position":1,"name":"Homepage","item":"https:\/\/www.akuplastics.com\/en\/"},{"@type":"ListItem","position":2,"name":"Machines and devices","item":"https:\/\/www.akuplastics.com\/en\/machines-appliances-plastics-locksmiths-fabricators-tank-builders\/"},{"@type":"ListItem","position":3,"name":"Manual butt welding machine SM 160-S"}]},{"@type":"WebSite","@id":"https:\/\/www.akuplastics.com\/en\/#website","url":"https:\/\/www.akuplastics.com\/en\/","name":"Semi-Finished Products \u2013 Finished Parts \u2013 Ventilation Moulded Parts \u2013 Machines","description":"Halbzeuge, Halbfabrikate, Kunststoffhalbzeuge, Kunststoffhalbfabrikate","publisher":{"@id":"https:\/\/www.akuplastics.com\/en\/#organization"},"alternateName":"AKUPLASTICS \u2013 Engineering in Plastics","potentialAction":[{"@type":"SearchAction","target":{"@type":"EntryPoint","urlTemplate":"https:\/\/www.akuplastics.com\/en\/?s={search_term_string}"},"query-input":{"@type":"PropertyValueSpecification","valueRequired":true,"valueName":"search_term_string"}}],"inLanguage":"en-US"},{"@type":"Organization","@id":"https:\/\/www.akuplastics.com\/en\/#organization","name":"Ing. Christian Ahlborn e.U.","alternateName":"AKU","url":"https:\/\/www.akuplastics.com\/en\/","logo":{"@type":"ImageObject","inLanguage":"en-US","@id":"https:\/\/www.akuplastics.com\/en\/#\/schema\/logo\/image\/","url":"https:\/\/www.akuplastics.com\/wp-content\/uploads\/2020\/07\/Grafik14-inkl-r.png","contentUrl":"https:\/\/www.akuplastics.com\/wp-content\/uploads\/2020\/07\/Grafik14-inkl-r.png","width":1994,"height":743,"caption":"Ing. Christian Ahlborn e.U."},"image":{"@id":"https:\/\/www.akuplastics.com\/en\/#\/schema\/logo\/image\/"}}]}},"_links":{"self":[{"href":"https:\/\/www.akuplastics.com\/en\/wp-json\/wp\/v2\/pages\/25285","targetHints":{"allow":["GET"]}}],"collection":[{"href":"https:\/\/www.akuplastics.com\/en\/wp-json\/wp\/v2\/pages"}],"about":[{"href":"https:\/\/www.akuplastics.com\/en\/wp-json\/wp\/v2\/types\/page"}],"author":[{"embeddable":true,"href":"https:\/\/www.akuplastics.com\/en\/wp-json\/wp\/v2\/users\/3"}],"replies":[{"embeddable":true,"href":"https:\/\/www.akuplastics.com\/en\/wp-json\/wp\/v2\/comments?post=25285"}],"version-history":[{"count":4,"href":"https:\/\/www.akuplastics.com\/en\/wp-json\/wp\/v2\/pages\/25285\/revisions"}],"predecessor-version":[{"id":25294,"href":"https:\/\/www.akuplastics.com\/en\/wp-json\/wp\/v2\/pages\/25285\/revisions\/25294"}],"up":[{"embeddable":true,"href":"https:\/\/www.akuplastics.com\/en\/wp-json\/wp\/v2\/pages\/8409"}],"wp:attachment":[{"href":"https:\/\/www.akuplastics.com\/en\/wp-json\/wp\/v2\/media?parent=25285"}],"curies":[{"name":"wp","href":"https:\/\/api.w.org\/{rel}","templated":true}]}}