{"id":23152,"date":"2024-05-23T11:37:49","date_gmt":"2024-05-23T09:37:49","guid":{"rendered":"https:\/\/www.akuplastics.com\/machines-appliances-plastics-locksmiths-fabricators-tank-builders\/table-top-welding-mirrors-square-assembly-welding-machines\/"},"modified":"2024-05-23T11:45:12","modified_gmt":"2024-05-23T09:45:12","slug":"table-top-welding-mirrors-square-assembly-welding-machines","status":"publish","type":"page","link":"https:\/\/www.akuplastics.com\/en\/machines-appliances-plastics-locksmiths-fabricators-tank-builders\/table-top-welding-mirrors-square-assembly-welding-machines\/","title":{"rendered":"Table-top welding mirrors Square assembly welding machines"},"content":{"rendered":"\t\t<div data-elementor-type=\"wp-page\" data-elementor-id=\"23152\" class=\"elementor elementor-23152 elementor-23144\" data-elementor-post-type=\"page\">\n\t\t\t\t\t\t<section class=\"elementor-section elementor-top-section elementor-element elementor-element-25f95862 elementor-section-boxed elementor-section-height-default elementor-section-height-default\" data-id=\"25f95862\" data-element_type=\"section\" data-e-type=\"section\">\n\t\t\t\t\t\t<div class=\"elementor-container elementor-column-gap-default\">\n\t\t\t\t\t<div class=\"elementor-column elementor-col-100 elementor-top-column elementor-element elementor-element-381f0fb4\" data-id=\"381f0fb4\" data-element_type=\"column\" data-e-type=\"column\">\n\t\t\t<div class=\"elementor-widget-wrap elementor-element-populated\">\n\t\t\t\t\t\t<div class=\"elementor-element elementor-element-439a6057 elementor-widget elementor-widget-text-editor\" data-id=\"439a6057\" data-element_type=\"widget\" data-e-type=\"widget\" data-widget_type=\"text-editor.default\">\n\t\t\t\t<div class=\"elementor-widget-container\">\n\t\t\t\t\t\t\t\t\t<h1>Table-top welding mirror or square assembly welding machine<\/h1>\n\t\t\t\t\t\t\t\t<\/div>\n\t\t\t\t<\/div>\n\t\t\t\t<section class=\"elementor-section elementor-inner-section elementor-element elementor-element-4bdb1992 elementor-section-boxed elementor-section-height-default elementor-section-height-default\" data-id=\"4bdb1992\" data-element_type=\"section\" data-e-type=\"section\">\n\t\t\t\t\t\t<div class=\"elementor-container elementor-column-gap-default\">\n\t\t\t\t\t<div class=\"elementor-column elementor-col-50 elementor-inner-column elementor-element elementor-element-7338e428\" data-id=\"7338e428\" data-element_type=\"column\" data-e-type=\"column\">\n\t\t\t<div class=\"elementor-widget-wrap elementor-element-populated\">\n\t\t\t\t\t\t<div class=\"elementor-element elementor-element-65e51add elementor-widget elementor-widget-text-editor\" data-id=\"65e51add\" data-element_type=\"widget\" data-e-type=\"widget\" data-widget_type=\"text-editor.default\">\n\t\t\t\t<div class=\"elementor-widget-container\">\n\t\t\t\t\t\t\t\t\t<p><span style=\"color: var( --e-global-color-text ); font-family: var( --e-global-typography-text-font-family ), arial; font-size: var( --e-global-typography-text-font-size ); font-weight: var( --e-global-typography-text-font-weight ); letter-spacing: 0px;\">The <\/span><b style=\"color: var( --e-global-color-text ); font-family: var( --e-global-typography-text-font-family ), arial; font-size: var( --e-global-typography-text-font-size ); letter-spacing: 0px;\">square welding units<\/b><span style=\"color: var( --e-global-color-text ); font-family: var( --e-global-typography-text-font-family ), arial; font-size: var( --e-global-typography-text-font-size ); font-weight: var( --e-global-typography-text-font-weight ); letter-spacing: 0px;\"> are also designed with a beveled top edge for folding sheet material.<\/span><\/p>\n<p>An <b>electronic control<\/b> or control with thermostat, as well as an on\/off switch with mains control, indicator light for heating intervals, are integrated in the handle and complete the appliance.<\/p>\n<p>A <b>table mount<\/b> is included in the scope of delivery, matching cases can be purchased as an option.<\/p>\n<\/p>\n<p><strong>Table welding mirrors<\/strong> <strong>can be swiveled from vertical to horizontal<\/strong> and are supplied with a corresponding <strong>base<\/strong>. <\/p>\n<p>Here, too, the top edge is beveled to allow bending. <\/p>\n<p>The temperature is controlled electronically (depending on the model).<\/p>\n<\/p>\n<p><strong>To summarize:<\/strong><\/p>\n<ul>\n<li>Square welding machines with beveled top edge for bending sheet material<\/li>\n<li>Electronic or thermostatic control<\/li>\n<li>Integrated on\/off switch with mains control and indicator light for heating intervals in the handle<\/li>\n<li>Table mounting included in the scope of delivery, optional cases available<\/li>\n<li>Table-top welding mirror can be swiveled from vertical to horizontal, supplied with substructure<\/li>\n<li>Beveled top edge also for table welding mirrors for folded edges<\/li>\n<li>Electronic temperature control (depending on model)<\/li>\n<\/ul>\n<p><strong>The following sizes are available:<\/strong><\/p>\n<table style=\"width: 704px; height: 333px;\" border=\"0\" width=\"536\" cellspacing=\"0\" cellpadding=\"0\">\n<colgroup>\n<col style=\"width: 60pt;\" span=\"2\" width=\"80\">\n<col style=\"mso-width-source: userset; mso-width-alt: 4973; width: 102pt;\" width=\"136\">\n<col style=\"width: 60pt;\" span=\"3\" width=\"80\"> <\/colgroup>\n<tbody>\n<tr style=\"height: 15.0pt;\">\n<td style=\"height: 15pt; width: 60pt; text-align: left;\" width=\"80\" height=\"20\"><strong>Model<\/strong><\/td>\n<td style=\"width: 60pt; text-align: left;\" width=\"80\"><strong>Size<\/strong><\/td>\n<td style=\"width: 102pt; text-align: left;\" width=\"136\"><strong>Regulation<\/strong><\/td>\n<td style=\"width: 60pt; text-align: left;\" width=\"80\"><strong>Volt<\/strong><\/td>\n<td style=\"width: 60pt; text-align: left;\" width=\"80\"><strong>Watt<\/strong><\/td>\n<td style=\"width: 60pt; text-align: left;\" width=\"80\"><strong>Weight<\/strong><\/td>\n<\/tr>\n<tr style=\"height: 15.0pt;\">\n<td style=\"height: 15.0pt;\" height=\"20\">TSP 250T<\/td>\n<td>250 x 250 mm<\/td>\n<td>Thermostat<\/td>\n<td>230 or 110<\/td>\n<td align=\"right\">1400<\/td>\n<td>12.0 kg<\/td>\n<\/tr>\n<tr style=\"height: 15.0pt;\">\n<td style=\"height: 15.0pt;\" height=\"20\">TSP 250D<\/td>\n<td>250 x 250 mm<\/td>\n<td>Electronics<\/td>\n<td>230 or 110<\/td>\n<td align=\"right\">1400<\/td>\n<td>12.0 kg<\/td>\n<\/tr>\n<tr style=\"height: 15.0pt;\">\n<td style=\"height: 15.0pt;\" height=\"20\">TSP 350T<\/td>\n<td>350 x 350 mm<\/td>\n<td>Thermostat<\/td>\n<td>230 or 110<\/td>\n<td align=\"right\">2500<\/td>\n<td>17.0 kg<\/td>\n<\/tr>\n<tr style=\"height: 15.0pt;\">\n<td style=\"height: 15.0pt;\" height=\"20\">TSP 350D<\/td>\n<td>350 x 350 mm<\/td>\n<td>Electronics<\/td>\n<td>230 or 110<\/td>\n<td align=\"right\">2500<\/td>\n<td>17.0 kg<\/td>\n<\/tr>\n<tr style=\"height: 15.0pt;\">\n<td style=\"height: 15.0pt;\" height=\"20\">TSP 500T<\/td>\n<td>500 x 500 mm<\/td>\n<td>Thermostat<\/td>\n<td>230 or 110<\/td>\n<td align=\"right\">3500<\/td>\n<td>26.0 kg<\/td>\n<\/tr>\n<tr style=\"height: 15.0pt;\">\n<td style=\"height: 15.0pt;\" height=\"20\">TSP 500D<\/td>\n<td>500 x 500 mm<\/td>\n<td>Electronics<\/td>\n<td>230 or 110<\/td>\n<td align=\"right\">3500<\/td>\n<td>26.0 kg<\/td>\n<\/tr>\n<\/tbody>\n<\/table>\n<p>For <b>contact-based heating<\/b>, we also supply <strong>custom-made flat welding mirrors<\/strong> up to 3000 mm in length, heating plates and heating strips up to 3000&#215;3200 mm or split ring welding mirrors up to A\u00d81700 mm for welding district heating jacket pipes in a wide variety of designs and sizes.<\/p>\n<\/p>\n<p>The <b>external electronic controls<\/b> enable maximum precision and flexibility. The high-quality PTFE coating on all sides extends the service life enormously.<\/p><\/p>\n\t\t\t\t\t\t\t\t<\/div>\n\t\t\t\t<\/div>\n\t\t\t\t<div class=\"elementor-element elementor-element-cff67ac elementor-widget elementor-widget-text-editor\" data-id=\"cff67ac\" data-element_type=\"widget\" data-e-type=\"widget\" data-widget_type=\"text-editor.default\">\n\t\t\t\t<div class=\"elementor-widget-container\">\n\t\t\t\t\t\t\t\t\t<p>The welding mirror is a <b>specialized tool used in plastic welding technology<\/b> to ensure <b>precise control and focusing<\/b> of the <b>welding heat <\/b>.  <br><br>This device allows welders to control the amount of heat applied to the plastic surfaces to achieve uniform fusion and strong welded joints.&nbsp;<br><br><\/p>\n<p><strong>Properties of the welding mirror:<br><br><\/strong><\/p>\n<ul>\n<li>\n<p><strong style=\"background-color: transparent; color: var( --e-global-color-text ); font-family: var( --e-global-typography-text-font-family ), arial;\">Shape and size:<\/strong><span style=\"background-color: transparent; color: var( --e-global-color-text ); font-family: var( --e-global-typography-text-font-family ), arial; font-weight: var( --e-global-typography-text-font-weight );\"> <br>Depending on the application and welding process, welding mirrors can be available in different shapes and sizes, from round mirrors to rectangular mirrors.<\/span><br><\/p>\n<\/li>\n<li>\n<p><strong>Heat-resistant material:<\/strong> <br>The surface is made of a heat-resistant material that can withstand the high temperatures of plastic welding.<\/p>\n<\/li>\n<li>\n<p><strong>Handle or holder:<br><\/strong>&nbsp; The welding mirror is often equipped with a handle or holder to enable convenient handling and positioning during the welding process.<br><br><\/p>\n<\/li>\n<\/ul>\n<p><strong>Functions:<br><br><\/strong><\/p>\n<ul>\n<li>\n<p><strong>Heat focusing:<\/strong> <br>The welding mirror concentrates the reflected heat onto the plastic surfaces to be welded to ensure uniform heating and fusion.<\/p>\n<\/li>\n<li>\n<p><strong>Temperature control:<\/strong> <br>By adjusting the angle of inclination, the welding mirror can influence the temperature control and thus the welding conditions.<\/p>\n<\/li>\n<li>\n<p><strong>Precise welding guidance:<\/strong> <br>Welders can use the mirror to precisely direct the welding heat and thus ensure accurate guidance during the welding process.<\/p>\n<\/li>\n<li>\n<p><strong>Increased efficiency:<\/strong> <br>The focusing of the heat by the welding mirror contributes to the efficiency of the welding process, as the energy is directed specifically to the welding zone.<\/p>\n<\/li>\n<li>\n<p><strong>Reduction of welding distortions:<\/strong> <br>By precisely controlling the application of heat, the welding mirror can help to minimize welding distortion and ensure a high-quality welded joint.<br><br><\/p>\n<\/li>\n<\/ul>\n<p>The welding mirror is an <b>essential tool in plastic welding technology<\/b> that helps to produce <b>high-quality welded joints<\/b> thanks to its ability to <b>precisely control heat<\/b>.<\/p>\t\t\t\t\t\t\t\t<\/div>\n\t\t\t\t<\/div>\n\t\t\t\t\t<\/div>\n\t\t<\/div>\n\t\t\t\t<div class=\"elementor-column elementor-col-50 elementor-inner-column elementor-element elementor-element-1d70094b\" data-id=\"1d70094b\" data-element_type=\"column\" data-e-type=\"column\" data-settings=\"{&quot;animation&quot;:&quot;none&quot;}\">\n\t\t\t<div class=\"elementor-widget-wrap elementor-element-populated\">\n\t\t\t\t\t\t<div class=\"elementor-element elementor-element-db07f25 elementor-invisible elementor-widget elementor-widget-image\" data-id=\"db07f25\" data-element_type=\"widget\" data-e-type=\"widget\" data-settings=\"{&quot;_animation&quot;:&quot;fadeInRight&quot;}\" data-widget_type=\"image.default\">\n\t\t\t\t<div class=\"elementor-widget-container\">\n\t\t\t\t\t\t\t\t\t\t\t\t<figure class=\"wp-caption\">\n\t\t\t\t\t\t\t\t\t\t<img loading=\"lazy\" decoding=\"async\" width=\"290\" height=\"300\" src=\"https:\/\/www.akuplastics.com\/wp-content\/uploads\/2021\/06\/Tischschweissspiegel-290x300.png\" class=\"attachment-medium size-medium wp-image-8033\" alt=\"Tischschweissspiegel\" srcset=\"https:\/\/www.akuplastics.com\/wp-content\/uploads\/2021\/06\/Tischschweissspiegel-290x300.png 290w, https:\/\/www.akuplastics.com\/wp-content\/uploads\/2021\/06\/Tischschweissspiegel.png 386w\" sizes=\"auto, (max-width: 290px) 100vw, 290px\" \/>\t\t\t\t\t\t\t\t\t\t\t<figcaption class=\"widget-image-caption wp-caption-text\">Square table welding mirror<\/figcaption>\n\t\t\t\t\t\t\t\t\t\t<\/figure>\n\t\t\t\t\t\t\t\t\t<\/div>\n\t\t\t\t<\/div>\n\t\t\t\t<div class=\"elementor-element elementor-element-0bff4fb elementor-invisible elementor-widget elementor-widget-image\" data-id=\"0bff4fb\" data-element_type=\"widget\" data-e-type=\"widget\" data-settings=\"{&quot;_animation&quot;:&quot;fadeInDown&quot;}\" data-widget_type=\"image.default\">\n\t\t\t\t<div class=\"elementor-widget-container\">\n\t\t\t\t\t\t\t\t\t\t\t\t<figure class=\"wp-caption\">\n\t\t\t\t\t\t\t\t\t\t<img loading=\"lazy\" decoding=\"async\" width=\"300\" height=\"219\" src=\"https:\/\/www.akuplastics.com\/wp-content\/uploads\/2024\/05\/Montageschweissgeraet-Tischschweissspiegel-Eckig-300x219.webp\" class=\"attachment-medium size-medium wp-image-23147\" alt=\"Montageschwei\u00dfger\u00e4t Tischschwei\u00dfspiegel Eckig\" srcset=\"https:\/\/www.akuplastics.com\/wp-content\/uploads\/2024\/05\/Montageschweissgeraet-Tischschweissspiegel-Eckig-300x219.webp 300w, https:\/\/www.akuplastics.com\/wp-content\/uploads\/2024\/05\/Montageschweissgeraet-Tischschweissspiegel-Eckig.webp 555w\" sizes=\"auto, (max-width: 300px) 100vw, 300px\" \/>\t\t\t\t\t\t\t\t\t\t\t<figcaption class=\"widget-image-caption wp-caption-text\">Assembly welding machine Table welding mirror angular<\/figcaption>\n\t\t\t\t\t\t\t\t\t\t<\/figure>\n\t\t\t\t\t\t\t\t\t<\/div>\n\t\t\t\t<\/div>\n\t\t\t\t\t<\/div>\n\t\t<\/div>\n\t\t\t\t\t<\/div>\n\t\t<\/section>\n\t\t\t\t\t<\/div>\n\t\t<\/div>\n\t\t\t\t\t<\/div>\n\t\t<\/section>\n\t\t\t\t<\/div>\n\t\t","protected":false},"excerpt":{"rendered":"<p>Table-top welding mirror or square assembly welding machine The square welding units are also designed with a beveled top edge for folding sheet material. An electronic control or control with thermostat, as well as an on\/off switch with mains control, indicator light for heating intervals, are integrated in the handle and complete the appliance. A [&hellip;]<\/p>\n","protected":false},"author":3,"featured_media":8033,"parent":8409,"menu_order":1,"comment_status":"closed","ping_status":"closed","template":"elementor_header_footer","meta":{"iawp_total_views":28,"footnotes":""},"class_list":["post-23152","page","type-page","status-publish","has-post-thumbnail","hentry"],"yoast_head":"<!-- This site is optimized with the Yoast SEO Premium plugin v27.4 (Yoast SEO v27.5) - https:\/\/yoast.com\/product\/yoast-seo-premium-wordpress\/ -->\n<title>Table welding mirror assembly welding machine angular<\/title>\n<meta name=\"description\" content=\"The square welding units are also designed with a beveled top edge for bending sheet material.An electronic control or control with thermostat, as well as an on\/off switch with mains control, indicator lamp for heating intervals, are integrated in the handle and complete the device.A table attachment is included in the scope of delivery, suitable cases can be purchased optionally.Table welding mirrors can be swiveled from vertical to horizontal and are supplied with a corresponding base.\" \/>\n<meta name=\"robots\" content=\"index, follow, max-snippet:-1, max-image-preview:large, max-video-preview:-1\" \/>\n<link rel=\"canonical\" href=\"https:\/\/www.akuplastics.com\/en\/machines-appliances-plastics-locksmiths-fabricators-tank-builders\/table-top-welding-mirrors-square-assembly-welding-machines\/\" \/>\n<script type=\"application\/ld+json\" class=\"yoast-schema-graph\">{\"@context\":\"https:\\\/\\\/schema.org\",\"@graph\":[{\"@type\":\"WebPage\",\"@id\":\"https:\\\/\\\/www.akuplastics.com\\\/en\\\/machines-appliances-plastics-locksmiths-fabricators-tank-builders\\\/table-top-welding-mirrors-square-assembly-welding-machines\\\/\",\"url\":\"https:\\\/\\\/www.akuplastics.com\\\/en\\\/machines-appliances-plastics-locksmiths-fabricators-tank-builders\\\/table-top-welding-mirrors-square-assembly-welding-machines\\\/\",\"name\":\"Table welding mirror assembly welding machine angular\",\"isPartOf\":{\"@id\":\"https:\\\/\\\/www.akuplastics.com\\\/en\\\/#website\"},\"primaryImageOfPage\":{\"@id\":\"https:\\\/\\\/www.akuplastics.com\\\/en\\\/machines-appliances-plastics-locksmiths-fabricators-tank-builders\\\/table-top-welding-mirrors-square-assembly-welding-machines\\\/#primaryimage\"},\"image\":{\"@id\":\"https:\\\/\\\/www.akuplastics.com\\\/en\\\/machines-appliances-plastics-locksmiths-fabricators-tank-builders\\\/table-top-welding-mirrors-square-assembly-welding-machines\\\/#primaryimage\"},\"thumbnailUrl\":\"https:\\\/\\\/www.akuplastics.com\\\/wp-content\\\/uploads\\\/2021\\\/06\\\/Tischschweissspiegel.png\",\"datePublished\":\"2024-05-23T09:37:49+00:00\",\"dateModified\":\"2024-05-23T09:45:12+00:00\",\"description\":\"The square welding units are also designed with a beveled top edge for bending sheet material.An electronic control or control with thermostat, as well as an on\\\/off switch with mains control, indicator lamp for heating intervals, are integrated in the handle and complete the device.A table attachment is included in the scope of delivery, suitable cases can be purchased optionally.Table welding mirrors can be swiveled from vertical to horizontal and are supplied with a corresponding base.\",\"breadcrumb\":{\"@id\":\"https:\\\/\\\/www.akuplastics.com\\\/en\\\/machines-appliances-plastics-locksmiths-fabricators-tank-builders\\\/table-top-welding-mirrors-square-assembly-welding-machines\\\/#breadcrumb\"},\"inLanguage\":\"en-US\",\"potentialAction\":[{\"@type\":\"ReadAction\",\"target\":[\"https:\\\/\\\/www.akuplastics.com\\\/en\\\/machines-appliances-plastics-locksmiths-fabricators-tank-builders\\\/table-top-welding-mirrors-square-assembly-welding-machines\\\/\"]}]},{\"@type\":\"ImageObject\",\"inLanguage\":\"en-US\",\"@id\":\"https:\\\/\\\/www.akuplastics.com\\\/en\\\/machines-appliances-plastics-locksmiths-fabricators-tank-builders\\\/table-top-welding-mirrors-square-assembly-welding-machines\\\/#primaryimage\",\"url\":\"https:\\\/\\\/www.akuplastics.com\\\/wp-content\\\/uploads\\\/2021\\\/06\\\/Tischschweissspiegel.png\",\"contentUrl\":\"https:\\\/\\\/www.akuplastics.com\\\/wp-content\\\/uploads\\\/2021\\\/06\\\/Tischschweissspiegel.png\",\"width\":386,\"height\":400,\"caption\":\"Tischschweissspiegel\"},{\"@type\":\"BreadcrumbList\",\"@id\":\"https:\\\/\\\/www.akuplastics.com\\\/en\\\/machines-appliances-plastics-locksmiths-fabricators-tank-builders\\\/table-top-welding-mirrors-square-assembly-welding-machines\\\/#breadcrumb\",\"itemListElement\":[{\"@type\":\"ListItem\",\"position\":1,\"name\":\"Homepage\",\"item\":\"https:\\\/\\\/www.akuplastics.com\\\/en\\\/\"},{\"@type\":\"ListItem\",\"position\":2,\"name\":\"Machines and devices\",\"item\":\"https:\\\/\\\/www.akuplastics.com\\\/en\\\/machines-appliances-plastics-locksmiths-fabricators-tank-builders\\\/\"},{\"@type\":\"ListItem\",\"position\":3,\"name\":\"Table-top welding mirrors Square assembly welding machines\"}]},{\"@type\":\"WebSite\",\"@id\":\"https:\\\/\\\/www.akuplastics.com\\\/en\\\/#website\",\"url\":\"https:\\\/\\\/www.akuplastics.com\\\/en\\\/\",\"name\":\"Semi-Finished Products \u2013 Finished Parts \u2013 Ventilation Moulded Parts \u2013 Machines\",\"description\":\"Halbzeuge, Halbfabrikate, Kunststoffhalbzeuge, Kunststoffhalbfabrikate\",\"publisher\":{\"@id\":\"https:\\\/\\\/www.akuplastics.com\\\/en\\\/#organization\"},\"alternateName\":\"AKUPLASTICS \u2013 Engineering in Plastics\",\"potentialAction\":[{\"@type\":\"SearchAction\",\"target\":{\"@type\":\"EntryPoint\",\"urlTemplate\":\"https:\\\/\\\/www.akuplastics.com\\\/en\\\/?s={search_term_string}\"},\"query-input\":{\"@type\":\"PropertyValueSpecification\",\"valueRequired\":true,\"valueName\":\"search_term_string\"}}],\"inLanguage\":\"en-US\"},{\"@type\":\"Organization\",\"@id\":\"https:\\\/\\\/www.akuplastics.com\\\/en\\\/#organization\",\"name\":\"Ing. Christian Ahlborn e.U.\",\"alternateName\":\"AKU\",\"url\":\"https:\\\/\\\/www.akuplastics.com\\\/en\\\/\",\"logo\":{\"@type\":\"ImageObject\",\"inLanguage\":\"en-US\",\"@id\":\"https:\\\/\\\/www.akuplastics.com\\\/en\\\/#\\\/schema\\\/logo\\\/image\\\/\",\"url\":\"https:\\\/\\\/www.akuplastics.com\\\/wp-content\\\/uploads\\\/2020\\\/07\\\/Grafik14-inkl-r.png\",\"contentUrl\":\"https:\\\/\\\/www.akuplastics.com\\\/wp-content\\\/uploads\\\/2020\\\/07\\\/Grafik14-inkl-r.png\",\"width\":1994,\"height\":743,\"caption\":\"Ing. Christian Ahlborn e.U.\"},\"image\":{\"@id\":\"https:\\\/\\\/www.akuplastics.com\\\/en\\\/#\\\/schema\\\/logo\\\/image\\\/\"}}]}<\/script>\n<!-- \/ Yoast SEO Premium plugin. -->","yoast_head_json":{"title":"Table welding mirror assembly welding machine angular","description":"The square welding units are also designed with a beveled top edge for bending sheet material.An electronic control or control with thermostat, as well as an on\/off switch with mains control, indicator lamp for heating intervals, are integrated in the handle and complete the device.A table attachment is included in the scope of delivery, suitable cases can be purchased optionally.Table welding mirrors can be swiveled from vertical to horizontal and are supplied with a corresponding base.","robots":{"index":"index","follow":"follow","max-snippet":"max-snippet:-1","max-image-preview":"max-image-preview:large","max-video-preview":"max-video-preview:-1"},"canonical":"https:\/\/www.akuplastics.com\/en\/machines-appliances-plastics-locksmiths-fabricators-tank-builders\/table-top-welding-mirrors-square-assembly-welding-machines\/","schema":{"@context":"https:\/\/schema.org","@graph":[{"@type":"WebPage","@id":"https:\/\/www.akuplastics.com\/en\/machines-appliances-plastics-locksmiths-fabricators-tank-builders\/table-top-welding-mirrors-square-assembly-welding-machines\/","url":"https:\/\/www.akuplastics.com\/en\/machines-appliances-plastics-locksmiths-fabricators-tank-builders\/table-top-welding-mirrors-square-assembly-welding-machines\/","name":"Table welding mirror assembly welding machine angular","isPartOf":{"@id":"https:\/\/www.akuplastics.com\/en\/#website"},"primaryImageOfPage":{"@id":"https:\/\/www.akuplastics.com\/en\/machines-appliances-plastics-locksmiths-fabricators-tank-builders\/table-top-welding-mirrors-square-assembly-welding-machines\/#primaryimage"},"image":{"@id":"https:\/\/www.akuplastics.com\/en\/machines-appliances-plastics-locksmiths-fabricators-tank-builders\/table-top-welding-mirrors-square-assembly-welding-machines\/#primaryimage"},"thumbnailUrl":"https:\/\/www.akuplastics.com\/wp-content\/uploads\/2021\/06\/Tischschweissspiegel.png","datePublished":"2024-05-23T09:37:49+00:00","dateModified":"2024-05-23T09:45:12+00:00","description":"The square welding units are also designed with a beveled top edge for bending sheet material.An electronic control or control with thermostat, as well as an on\/off switch with mains control, indicator lamp for heating intervals, are integrated in the handle and complete the device.A table attachment is included in the scope of delivery, suitable cases can be purchased optionally.Table welding mirrors can be swiveled from vertical to horizontal and are supplied with a corresponding base.","breadcrumb":{"@id":"https:\/\/www.akuplastics.com\/en\/machines-appliances-plastics-locksmiths-fabricators-tank-builders\/table-top-welding-mirrors-square-assembly-welding-machines\/#breadcrumb"},"inLanguage":"en-US","potentialAction":[{"@type":"ReadAction","target":["https:\/\/www.akuplastics.com\/en\/machines-appliances-plastics-locksmiths-fabricators-tank-builders\/table-top-welding-mirrors-square-assembly-welding-machines\/"]}]},{"@type":"ImageObject","inLanguage":"en-US","@id":"https:\/\/www.akuplastics.com\/en\/machines-appliances-plastics-locksmiths-fabricators-tank-builders\/table-top-welding-mirrors-square-assembly-welding-machines\/#primaryimage","url":"https:\/\/www.akuplastics.com\/wp-content\/uploads\/2021\/06\/Tischschweissspiegel.png","contentUrl":"https:\/\/www.akuplastics.com\/wp-content\/uploads\/2021\/06\/Tischschweissspiegel.png","width":386,"height":400,"caption":"Tischschweissspiegel"},{"@type":"BreadcrumbList","@id":"https:\/\/www.akuplastics.com\/en\/machines-appliances-plastics-locksmiths-fabricators-tank-builders\/table-top-welding-mirrors-square-assembly-welding-machines\/#breadcrumb","itemListElement":[{"@type":"ListItem","position":1,"name":"Homepage","item":"https:\/\/www.akuplastics.com\/en\/"},{"@type":"ListItem","position":2,"name":"Machines and devices","item":"https:\/\/www.akuplastics.com\/en\/machines-appliances-plastics-locksmiths-fabricators-tank-builders\/"},{"@type":"ListItem","position":3,"name":"Table-top welding mirrors Square assembly welding machines"}]},{"@type":"WebSite","@id":"https:\/\/www.akuplastics.com\/en\/#website","url":"https:\/\/www.akuplastics.com\/en\/","name":"Semi-Finished Products \u2013 Finished Parts \u2013 Ventilation Moulded Parts \u2013 Machines","description":"Halbzeuge, Halbfabrikate, Kunststoffhalbzeuge, Kunststoffhalbfabrikate","publisher":{"@id":"https:\/\/www.akuplastics.com\/en\/#organization"},"alternateName":"AKUPLASTICS \u2013 Engineering in Plastics","potentialAction":[{"@type":"SearchAction","target":{"@type":"EntryPoint","urlTemplate":"https:\/\/www.akuplastics.com\/en\/?s={search_term_string}"},"query-input":{"@type":"PropertyValueSpecification","valueRequired":true,"valueName":"search_term_string"}}],"inLanguage":"en-US"},{"@type":"Organization","@id":"https:\/\/www.akuplastics.com\/en\/#organization","name":"Ing. Christian Ahlborn e.U.","alternateName":"AKU","url":"https:\/\/www.akuplastics.com\/en\/","logo":{"@type":"ImageObject","inLanguage":"en-US","@id":"https:\/\/www.akuplastics.com\/en\/#\/schema\/logo\/image\/","url":"https:\/\/www.akuplastics.com\/wp-content\/uploads\/2020\/07\/Grafik14-inkl-r.png","contentUrl":"https:\/\/www.akuplastics.com\/wp-content\/uploads\/2020\/07\/Grafik14-inkl-r.png","width":1994,"height":743,"caption":"Ing. Christian Ahlborn e.U."},"image":{"@id":"https:\/\/www.akuplastics.com\/en\/#\/schema\/logo\/image\/"}}]}},"_links":{"self":[{"href":"https:\/\/www.akuplastics.com\/en\/wp-json\/wp\/v2\/pages\/23152","targetHints":{"allow":["GET"]}}],"collection":[{"href":"https:\/\/www.akuplastics.com\/en\/wp-json\/wp\/v2\/pages"}],"about":[{"href":"https:\/\/www.akuplastics.com\/en\/wp-json\/wp\/v2\/types\/page"}],"author":[{"embeddable":true,"href":"https:\/\/www.akuplastics.com\/en\/wp-json\/wp\/v2\/users\/3"}],"replies":[{"embeddable":true,"href":"https:\/\/www.akuplastics.com\/en\/wp-json\/wp\/v2\/comments?post=23152"}],"version-history":[{"count":2,"href":"https:\/\/www.akuplastics.com\/en\/wp-json\/wp\/v2\/pages\/23152\/revisions"}],"predecessor-version":[{"id":23154,"href":"https:\/\/www.akuplastics.com\/en\/wp-json\/wp\/v2\/pages\/23152\/revisions\/23154"}],"up":[{"embeddable":true,"href":"https:\/\/www.akuplastics.com\/en\/wp-json\/wp\/v2\/pages\/8409"}],"wp:featuredmedia":[{"embeddable":true,"href":"https:\/\/www.akuplastics.com\/en\/wp-json\/wp\/v2\/media\/8033"}],"wp:attachment":[{"href":"https:\/\/www.akuplastics.com\/en\/wp-json\/wp\/v2\/media?parent=23152"}],"curies":[{"name":"wp","href":"https:\/\/api.w.org\/{rel}","templated":true}]}}