{"id":21994,"date":"2024-04-16T13:14:07","date_gmt":"2024-04-16T11:14:07","guid":{"rendered":"https:\/\/www.akuplastics.com\/machines-and-devices\/pipe-band-saw-bsm-1200\/"},"modified":"2024-04-16T13:17:23","modified_gmt":"2024-04-16T11:17:23","slug":"pipe-band-saw-bsm-1200","status":"publish","type":"page","link":"https:\/\/www.akuplastics.com\/en\/machines-appliances-plastics-locksmiths-fabricators-tank-builders\/pipe-band-saw-bsm-1200\/","title":{"rendered":"Pipe band saw BSM 1200"},"content":{"rendered":"\t\t<div data-elementor-type=\"wp-page\" data-elementor-id=\"21994\" class=\"elementor elementor-21994 elementor-21986\" data-elementor-post-type=\"page\">\n\t\t\t\t\t\t<section class=\"elementor-section elementor-top-section elementor-element elementor-element-3674ff77 elementor-section-boxed elementor-section-height-default elementor-section-height-default\" data-id=\"3674ff77\" data-element_type=\"section\" data-e-type=\"section\">\n\t\t\t\t\t\t<div class=\"elementor-container elementor-column-gap-default\">\n\t\t\t\t\t<div class=\"elementor-column elementor-col-100 elementor-top-column elementor-element elementor-element-474a5599\" data-id=\"474a5599\" data-element_type=\"column\" data-e-type=\"column\">\n\t\t\t<div class=\"elementor-widget-wrap elementor-element-populated\">\n\t\t\t\t\t\t<div class=\"elementor-element elementor-element-510ca892 elementor-widget elementor-widget-text-editor\" data-id=\"510ca892\" data-element_type=\"widget\" data-e-type=\"widget\" data-widget_type=\"text-editor.default\">\n\t\t\t\t<div class=\"elementor-widget-container\">\n\t\t\t\t\t\t\t\t\t<h1>Electric pipe band saws for plastic pipes \u00d8 400 mm &#8211; 1200 mm<\/h1>\n\t\t\t\t\t\t\t\t<\/div>\n\t\t\t\t<\/div>\n\t\t\t\t<section class=\"elementor-section elementor-inner-section elementor-element elementor-element-13e9a7c7 elementor-section-boxed elementor-section-height-default elementor-section-height-default\" data-id=\"13e9a7c7\" data-element_type=\"section\" data-e-type=\"section\">\n\t\t\t\t\t\t<div class=\"elementor-container elementor-column-gap-default\">\n\t\t\t\t\t<div class=\"elementor-column elementor-col-50 elementor-inner-column elementor-element elementor-element-2ee951f2\" data-id=\"2ee951f2\" data-element_type=\"column\" data-e-type=\"column\">\n\t\t\t<div class=\"elementor-widget-wrap elementor-element-populated\">\n\t\t\t\t\t\t<div class=\"elementor-element elementor-element-0c1ac7e elementor-widget elementor-widget-text-editor\" data-id=\"0c1ac7e\" data-element_type=\"widget\" data-e-type=\"widget\" data-widget_type=\"text-editor.default\">\n\t\t\t\t<div class=\"elementor-widget-container\">\n\t\t\t\t\t\t\t\t\t<p><span style=\"color: var( --e-global-color-text ); font-family: var( --e-global-typography-text-font-family ), arial; font-size: var( --e-global-typography-text-font-size ); font-weight: var( --e-global-typography-text-font-weight );\">Pipe band saws represent high-performance tools in machining that are specially designed for the precise cutting of pipes.<\/p>\n<p><\/span><\/p>\n<p>With their ability to produce clean and precise cuts in various materials, pipe band saws are indispensable equipment in workshops, production plants and processing companies.<\/p>\n<p>Ideal for<span style=\"color: var( --e-global-color-text ); font-family: var( --e-global-typography-text-font-family ), arial; font-size: var( --e-global-typography-text-font-size ); font-weight: var( --e-global-typography-text-font-weight );\">precise cutting of pipes for efficient processing<\/span>.<\/p>\n\t\t\t\t\t\t\t\t<\/div>\n\t\t\t\t<\/div>\n\t\t\t\t<div class=\"elementor-element elementor-element-303396d elementor-widget elementor-widget-text-editor\" data-id=\"303396d\" data-element_type=\"widget\" data-e-type=\"widget\" data-settings=\"{&quot;_animation&quot;:&quot;none&quot;}\" data-widget_type=\"text-editor.default\">\n\t\t\t\t<div class=\"elementor-widget-container\">\n\t\t\t\t\t\t\t\t\t<h5><strong>Mod. BSM 1200 for plastic pipes \u00d8 <\/strong><b> 400 mm &#8211; 1200 mm<\/b><\/h5>\n<h5><strong> <\/strong><\/h5>\n<p><strong>Description of the sawing machine <\/strong><strong>BSM 1200<\/strong><strong>:<\/strong><\/p>\n<\/p>\n<p>With its double-sided swivel saw arm, the machine offers the option of making angle cuts from -45\u00b0 to +45\u00b0, ideal for producing T-pieces and segment bends.<\/p>\n<\/p>\n<p><strong>The advantages at a glance:<\/strong><\/p>\n<\/p>\n<ul>\n<li><strong>Double-sided saw bow bearing<\/strong>: <br \/>This enables precise angle cuts from -45\u00b0 to +45\u00b0, which facilitates the production of T-pieces and segments.<\/li>\n<li><strong>Precise cutting process<\/strong>: <br \/>Precision guides and laser cutting detection ensure an accurate cutting process and optimum results.<\/li>\n<li><strong>Infinitely adjustable feed<\/strong>: <br \/>The feed is infinitely adjustable and is operated by an electric drive, which enables simple and precise control.<\/li>\n<li><strong>Cutting depth limitation<\/strong>: <br \/>A cutting depth limiter ensures control over the cutting depth and thus the safety of the cutting process.<\/li>\n<li><strong>V-table<\/strong>: <br \/>The V-table serves as a stable support for the pipe during the cutting process, ensuring precise and safe processing.<\/li>\n<\/ul>\n<p>Overall, the machine offers a wide range of functions that enable precise and efficient processing of plastic pipes for various applications.<\/p>\n<\/p>\n<p><strong>Technical data &#8211; <\/strong><strong>Dimensions and weight<\/strong><\/p>\n<div class=\"table-responsive\">\n<table class=\"table table-bordered table-hover\" style=\"height: 245px;\" width=\"540\">\n<thead>\n<tr>\n<th> <\/th>\n<th>MACHINE DIMENSION<\/th>\n<\/tr>\n<\/thead>\n<tbody>\n<tr>\n<th scope=\"row\">LENGTH:<\/th>\n<td>4,050 mm<\/td>\n<\/tr>\n<tr>\n<th scope=\"row\">WIDTH:<\/th>\n<td>4,450 mm<\/td>\n<\/tr>\n<tr>\n<th scope=\"row\">HEIGHT:<\/th>\n<td>3,500 mm<\/td>\n<\/tr>\n<tr>\n<th scope=\"row\">WEIGHT:<\/th>\n<td>2,200 kg<\/td>\n<\/tr>\n<tr>\n<th scope=\"row\">SAWING RANGE:<\/th>\n<td>400 &#8211; 1,200 mm<\/td>\n<\/tr>\n<tr>\n<th scope=\"row\">MATERIAL SUPPORT HEIGHT:<\/th>\n<td>523 &#8211; 585 mm<\/td>\n<\/tr>\n<tr>\n<th scope=\"row\">MATERIAL SUPPORT LENGTH:<\/th>\n<td>4,030 mm<\/td>\n<\/tr>\n<\/tbody>\n<\/table>\n<\/div>\n\t\t\t\t\t\t\t\t<\/div>\n\t\t\t\t<\/div>\n\t\t\t\t<div class=\"elementor-element elementor-element-7d4ca77 elementor-widget elementor-widget-text-editor\" data-id=\"7d4ca77\" data-element_type=\"widget\" data-e-type=\"widget\" data-widget_type=\"text-editor.default\">\n\t\t\t\t<div class=\"elementor-widget-container\">\n\t\t\t\t\t\t\t\t\t<p><\/p>\n<p><b>Features and functions of pipe band saws:<br><br><\/b><\/p>\n<p><strong>Properties:<br><br><\/strong><\/p>\n<ul>\n<li><strong style=\"background-color: transparent; color: var( --e-global-color-text ); font-family: var( --e-global-typography-text-font-family ), arial;\">Bandsaw blade:<\/strong><span style=\"background-color: transparent; color: var( --e-global-color-text ); font-family: var( --e-global-typography-text-font-family ), arial; font-weight: var( --e-global-typography-text-font-weight );\"><span style=\"background-color: transparent; color: var( --e-global-color-text ); font-family: var( --e-global-typography-text-font-family ), arial; font-weight: var( --e-global-typography-text-font-weight );\"> An endless bandsaw specially developed for cutting pipes and working in a closed circuit.<\/span><\/span>\n<p><\/p>\n<\/li>\n<li><strong style=\"background-color: transparent; color: var( --e-global-color-text ); font-family: var( --e-global-typography-text-font-family ), arial;\">Cutting speed:<\/strong><span style=\"background-color: transparent; color: var( --e-global-color-text ); font-family: var( --e-global-typography-text-font-family ), arial; font-weight: var( --e-global-typography-text-font-weight );\"><span style=\"background-color: transparent; color: var( --e-global-color-text ); font-family: var( --e-global-typography-text-font-family ), arial; font-weight: var( --e-global-typography-text-font-weight );\"> Pipe band saws offer variable cutting speeds to adapt to different materials and requirements.<\/span><\/span>\n<p><\/p>\n<\/li>\n<li><strong style=\"background-color: transparent; color: var( --e-global-color-text ); font-family: var( --e-global-typography-text-font-family ), arial;\">Inclinable cutting heads:<\/strong><span style=\"background-color: transparent; color: var( --e-global-color-text ); font-family: var( --e-global-typography-text-font-family ), arial; font-weight: var( --e-global-typography-text-font-weight );\"><span style=\"background-color: transparent; color: var( --e-global-color-text ); font-family: var( --e-global-typography-text-font-family ), arial; font-weight: var( --e-global-typography-text-font-weight );\"> Some models have tilting cutting heads that make it possible to perform precise miter cuts for various applications.<\/span><\/span>\n<p><\/p>\n<\/li>\n<li><strong style=\"background-color: transparent; color: var( --e-global-color-text ); font-family: var( --e-global-typography-text-font-family ), arial;\">Material feed system:<\/strong><span style=\"background-color: transparent; color: var( --e-global-color-text ); font-family: var( --e-global-typography-text-font-family ), arial; font-weight: var( --e-global-typography-text-font-weight );\"><span style=\"background-color: transparent; color: var( --e-global-color-text ); font-family: var( --e-global-typography-text-font-family ), arial; font-weight: var( --e-global-typography-text-font-weight );\"><span style=\"background-color: transparent; color: var( --e-global-color-text ); font-family: var( --e-global-typography-text-font-family ), arial; font-weight: var( --e-global-typography-text-font-weight );\"> Automated material feed systems ensure an even and controlled feed of the pipes to be cut.<\/span><\/span><\/span>\n<p><\/p>\n<\/li>\n<li><strong style=\"background-color: transparent; color: var( --e-global-color-text ); font-family: var( --e-global-typography-text-font-family ), arial;\">Cooling system:<\/strong><span style=\"background-color: transparent; color: var( --e-global-color-text ); font-family: var( --e-global-typography-text-font-family ), arial; font-weight: var( --e-global-typography-text-font-weight );\"><span style=\"background-color: transparent; color: var( --e-global-color-text ); font-family: var( --e-global-typography-text-font-family ), arial; font-weight: var( --e-global-typography-text-font-weight );\"><span style=\"background-color: transparent; color: var( --e-global-color-text ); font-family: var( --e-global-typography-text-font-family ), arial; font-weight: var( --e-global-typography-text-font-weight );\">An integrated cooling system ensures that the bandsaw blade and the workpiece are adequately cooled during the cutting process to extend the service life of the saw blade.<br><br><\/span><\/span><\/span>\n<p><\/p>\n<\/li>\n<\/ul>\n<p><strong style=\"color: var( --e-global-color-text ); font-family: var( --e-global-typography-text-font-family ), arial; font-size: var( --e-global-typography-text-font-size ); background-color: transparent;\">Functions:<br><br><\/strong><\/p>\n<ul>\n<li>\n<p><strong>Precise cuts:<\/strong> <br>Pipe band saws enable precise and smooth cuts, which is particularly important when exact dimensions and surface qualities are required.<\/p>\n<\/li>\n<li>\n<p><strong>Efficiency:<\/strong> <br>Thanks to the continuous movement of the band saw blade, pipe band saws enable efficient processing of pipes with minimal material loss.<\/p>\n<\/li>\n<li>\n<p><strong>Versatility:<\/strong> <br>With the ability to cut different materials, pipe band saws are extremely versatile in various industries.<\/p>\n<\/li>\n<li>\n<p><strong>Miter cuts:<\/strong> <br>Tiltable cutting heads enable precise cutting of miters, which is particularly necessary in applications where angular precision is important.<\/p>\n<\/li>\n<li>\n<p><strong>Repeatability:<\/strong> <br>Pipe band saws guarantee a high level of repeatability, ensuring consistent cutting quality and dimensional accuracy across a wide range of workpieces.<br><br><\/p>\n<\/li>\n<\/ul>\n<p><strong>Applications:<br><br><\/strong><\/p>\n<ul>\n<li>\n<p><strong>Metal construction and design:<\/strong> <br>In the metal construction industry, pipe band saws are used for the precise cutting of pipes for the manufacture of components, frames and structures.<\/p>\n<\/li>\n<li>\n<p><strong>Pipe production:<\/strong> <br>In pipe production, pipe band saws are used to produce pipe sections with high precision and efficiency.<\/p>\n<\/li>\n<li>\n<p><strong>Mechanical engineering:<\/strong> <br>In mechanical engineering, tube band saws are used in the manufacture of components for machines and equipment.<\/p>\n<\/li>\n<li>\n<p><strong>Metal processing and workshops:<\/strong> <br>Workshops use pipe band saws for a variety of metalworking projects, from small prototypes to larger fabrication jobs.<\/p>\n<\/li>\n<li>\n<p><strong>energy industry:<\/strong> <br>In energy production, particularly in the manufacture of pipelines, pipe band saws contribute to the precise preparation of pipe sections.<br><br><\/p>\n<\/li>\n<\/ul>\n<p>Pipe band saws are <b>indispensable tools<\/b> in machining, playing a <b>key role in the production of precise pipe cuts<\/b> thanks to their <b>precision, efficiency and versatility<\/b> <\/p>\t\t\t\t\t\t\t\t<\/div>\n\t\t\t\t<\/div>\n\t\t\t\t\t<\/div>\n\t\t<\/div>\n\t\t\t\t<div class=\"elementor-column elementor-col-50 elementor-inner-column elementor-element elementor-element-1e45b33\" data-id=\"1e45b33\" data-element_type=\"column\" data-e-type=\"column\">\n\t\t\t<div class=\"elementor-widget-wrap elementor-element-populated\">\n\t\t\t\t\t\t<div class=\"elementor-element elementor-element-427e49f0 elementor-widget elementor-widget-image\" data-id=\"427e49f0\" data-element_type=\"widget\" data-e-type=\"widget\" data-settings=\"{&quot;_animation&quot;:&quot;none&quot;}\" data-widget_type=\"image.default\">\n\t\t\t\t<div class=\"elementor-widget-container\">\n\t\t\t\t\t\t\t\t\t\t\t\t<figure class=\"wp-caption\">\n\t\t\t\t\t\t\t\t\t\t<img loading=\"lazy\" decoding=\"async\" width=\"246\" height=\"300\" src=\"https:\/\/www.akuplastics.com\/wp-content\/uploads\/2024\/04\/BSM-1200_Elektrische-Bandsaege-fuer-Kunsttoffrohre-246x300.png\" class=\"attachment-medium size-medium wp-image-21989\" alt=\"BSM 1000 Elektrische Bands\u00e4ge f\u00fcr Kunststoffrohre \u00d8 315 mm \u2013 1000 mm\" srcset=\"https:\/\/www.akuplastics.com\/wp-content\/uploads\/2024\/04\/BSM-1200_Elektrische-Bandsaege-fuer-Kunsttoffrohre-246x300.png 246w, https:\/\/www.akuplastics.com\/wp-content\/uploads\/2024\/04\/BSM-1200_Elektrische-Bandsaege-fuer-Kunsttoffrohre.png 455w\" sizes=\"auto, (max-width: 246px) 100vw, 246px\" \/>\t\t\t\t\t\t\t\t\t\t\t<figcaption class=\"widget-image-caption wp-caption-text\">BSM 1200 Electric band saw for plastic pipes \u00d8 400 mm - 1200 mm<\/figcaption>\n\t\t\t\t\t\t\t\t\t\t<\/figure>\n\t\t\t\t\t\t\t\t\t<\/div>\n\t\t\t\t<\/div>\n\t\t\t\t\t<\/div>\n\t\t<\/div>\n\t\t\t\t\t<\/div>\n\t\t<\/section>\n\t\t\t\t\t<\/div>\n\t\t<\/div>\n\t\t\t\t\t<\/div>\n\t\t<\/section>\n\t\t<div class=\"elementor-element elementor-element-efa8817 e-flex e-con-boxed e-con e-parent\" data-id=\"efa8817\" data-element_type=\"container\" data-e-type=\"container\">\n\t\t\t\t\t<div class=\"e-con-inner\">\n\t\t\t\t\t<\/div>\n\t\t\t\t<\/div>\n\t\t\t\t<\/div>\n\t\t","protected":false},"excerpt":{"rendered":"<p>Electric pipe band saws for plastic pipes \u00d8 400 mm &#8211; 1200 mm Pipe band saws represent high-performance tools in machining that are specially designed for the precise cutting of pipes. With their ability to produce clean and precise cuts in various materials, pipe band saws are indispensable equipment in workshops, production plants and processing [&hellip;]<\/p>\n","protected":false},"author":3,"featured_media":21989,"parent":8409,"menu_order":1,"comment_status":"closed","ping_status":"closed","template":"elementor_header_footer","meta":{"iawp_total_views":23,"footnotes":""},"class_list":["post-21994","page","type-page","status-publish","has-post-thumbnail","hentry"],"yoast_head":"<!-- This site is optimized with the Yoast SEO Premium plugin v27.4 (Yoast SEO v27.5) - https:\/\/yoast.com\/product\/yoast-seo-premium-wordpress\/ -->\n<title>Pipe band saws Band saws for plastic pipes Pipes 400 mm to 1200 mm<\/title>\n<meta name=\"description\" content=\"Our high-performance machining tools are specially designed for the precise cutting of pipes. Pipe band saws and band saws for plastic pipes Electric pipe band saws for plastic pipes \u00d8 400 mm to 1200 mm\" \/>\n<meta name=\"robots\" content=\"index, follow, max-snippet:-1, max-image-preview:large, max-video-preview:-1\" \/>\n<link rel=\"canonical\" href=\"https:\/\/www.akuplastics.com\/en\/machines-appliances-plastics-locksmiths-fabricators-tank-builders\/pipe-band-saw-bsm-1200\/\" \/>\n<script type=\"application\/ld+json\" class=\"yoast-schema-graph\">{\"@context\":\"https:\\\/\\\/schema.org\",\"@graph\":[{\"@type\":\"WebPage\",\"@id\":\"https:\\\/\\\/www.akuplastics.com\\\/en\\\/machines-appliances-plastics-locksmiths-fabricators-tank-builders\\\/pipe-band-saw-bsm-1200\\\/\",\"url\":\"https:\\\/\\\/www.akuplastics.com\\\/en\\\/machines-appliances-plastics-locksmiths-fabricators-tank-builders\\\/pipe-band-saw-bsm-1200\\\/\",\"name\":\"Pipe band saws Band saws for plastic pipes Pipes 400 mm to 1200 mm\",\"isPartOf\":{\"@id\":\"https:\\\/\\\/www.akuplastics.com\\\/en\\\/#website\"},\"primaryImageOfPage\":{\"@id\":\"https:\\\/\\\/www.akuplastics.com\\\/en\\\/machines-appliances-plastics-locksmiths-fabricators-tank-builders\\\/pipe-band-saw-bsm-1200\\\/#primaryimage\"},\"image\":{\"@id\":\"https:\\\/\\\/www.akuplastics.com\\\/en\\\/machines-appliances-plastics-locksmiths-fabricators-tank-builders\\\/pipe-band-saw-bsm-1200\\\/#primaryimage\"},\"thumbnailUrl\":\"https:\\\/\\\/www.akuplastics.com\\\/wp-content\\\/uploads\\\/2024\\\/04\\\/BSM-1200_Elektrische-Bandsaege-fuer-Kunsttoffrohre.png\",\"datePublished\":\"2024-04-16T11:14:07+00:00\",\"dateModified\":\"2024-04-16T11:17:23+00:00\",\"description\":\"Our high-performance machining tools are specially designed for the precise cutting of pipes. Pipe band saws and band saws for plastic pipes Electric pipe band saws for plastic pipes \u00d8 400 mm to 1200 mm\",\"breadcrumb\":{\"@id\":\"https:\\\/\\\/www.akuplastics.com\\\/en\\\/machines-appliances-plastics-locksmiths-fabricators-tank-builders\\\/pipe-band-saw-bsm-1200\\\/#breadcrumb\"},\"inLanguage\":\"en-US\",\"potentialAction\":[{\"@type\":\"ReadAction\",\"target\":[\"https:\\\/\\\/www.akuplastics.com\\\/en\\\/machines-appliances-plastics-locksmiths-fabricators-tank-builders\\\/pipe-band-saw-bsm-1200\\\/\"]}]},{\"@type\":\"ImageObject\",\"inLanguage\":\"en-US\",\"@id\":\"https:\\\/\\\/www.akuplastics.com\\\/en\\\/machines-appliances-plastics-locksmiths-fabricators-tank-builders\\\/pipe-band-saw-bsm-1200\\\/#primaryimage\",\"url\":\"https:\\\/\\\/www.akuplastics.com\\\/wp-content\\\/uploads\\\/2024\\\/04\\\/BSM-1200_Elektrische-Bandsaege-fuer-Kunsttoffrohre.png\",\"contentUrl\":\"https:\\\/\\\/www.akuplastics.com\\\/wp-content\\\/uploads\\\/2024\\\/04\\\/BSM-1200_Elektrische-Bandsaege-fuer-Kunsttoffrohre.png\",\"width\":455,\"height\":555,\"caption\":\"BSM 1200 Elektrische Bands\u00e4ge f\u00fcr Kunststoffrohre \u00d8 400 mm \u2013 1200 mm\"},{\"@type\":\"BreadcrumbList\",\"@id\":\"https:\\\/\\\/www.akuplastics.com\\\/en\\\/machines-appliances-plastics-locksmiths-fabricators-tank-builders\\\/pipe-band-saw-bsm-1200\\\/#breadcrumb\",\"itemListElement\":[{\"@type\":\"ListItem\",\"position\":1,\"name\":\"Homepage\",\"item\":\"https:\\\/\\\/www.akuplastics.com\\\/en\\\/\"},{\"@type\":\"ListItem\",\"position\":2,\"name\":\"Machines and devices\",\"item\":\"https:\\\/\\\/www.akuplastics.com\\\/en\\\/machines-appliances-plastics-locksmiths-fabricators-tank-builders\\\/\"},{\"@type\":\"ListItem\",\"position\":3,\"name\":\"Pipe band saw BSM 1200\"}]},{\"@type\":\"WebSite\",\"@id\":\"https:\\\/\\\/www.akuplastics.com\\\/en\\\/#website\",\"url\":\"https:\\\/\\\/www.akuplastics.com\\\/en\\\/\",\"name\":\"Semi-Finished Products \u2013 Finished Parts \u2013 Ventilation Moulded Parts \u2013 Machines\",\"description\":\"Halbzeuge, Halbfabrikate, Kunststoffhalbzeuge, Kunststoffhalbfabrikate\",\"publisher\":{\"@id\":\"https:\\\/\\\/www.akuplastics.com\\\/en\\\/#organization\"},\"alternateName\":\"AKUPLASTICS \u2013 Engineering in Plastics\",\"potentialAction\":[{\"@type\":\"SearchAction\",\"target\":{\"@type\":\"EntryPoint\",\"urlTemplate\":\"https:\\\/\\\/www.akuplastics.com\\\/en\\\/?s={search_term_string}\"},\"query-input\":{\"@type\":\"PropertyValueSpecification\",\"valueRequired\":true,\"valueName\":\"search_term_string\"}}],\"inLanguage\":\"en-US\"},{\"@type\":\"Organization\",\"@id\":\"https:\\\/\\\/www.akuplastics.com\\\/en\\\/#organization\",\"name\":\"Ing. Christian Ahlborn e.U.\",\"alternateName\":\"AKU\",\"url\":\"https:\\\/\\\/www.akuplastics.com\\\/en\\\/\",\"logo\":{\"@type\":\"ImageObject\",\"inLanguage\":\"en-US\",\"@id\":\"https:\\\/\\\/www.akuplastics.com\\\/en\\\/#\\\/schema\\\/logo\\\/image\\\/\",\"url\":\"https:\\\/\\\/www.akuplastics.com\\\/wp-content\\\/uploads\\\/2020\\\/07\\\/Grafik14-inkl-r.png\",\"contentUrl\":\"https:\\\/\\\/www.akuplastics.com\\\/wp-content\\\/uploads\\\/2020\\\/07\\\/Grafik14-inkl-r.png\",\"width\":1994,\"height\":743,\"caption\":\"Ing. Christian Ahlborn e.U.\"},\"image\":{\"@id\":\"https:\\\/\\\/www.akuplastics.com\\\/en\\\/#\\\/schema\\\/logo\\\/image\\\/\"}}]}<\/script>\n<!-- \/ Yoast SEO Premium plugin. -->","yoast_head_json":{"title":"Pipe band saws Band saws for plastic pipes Pipes 400 mm to 1200 mm","description":"Our high-performance machining tools are specially designed for the precise cutting of pipes. Pipe band saws and band saws for plastic pipes Electric pipe band saws for plastic pipes \u00d8 400 mm to 1200 mm","robots":{"index":"index","follow":"follow","max-snippet":"max-snippet:-1","max-image-preview":"max-image-preview:large","max-video-preview":"max-video-preview:-1"},"canonical":"https:\/\/www.akuplastics.com\/en\/machines-appliances-plastics-locksmiths-fabricators-tank-builders\/pipe-band-saw-bsm-1200\/","schema":{"@context":"https:\/\/schema.org","@graph":[{"@type":"WebPage","@id":"https:\/\/www.akuplastics.com\/en\/machines-appliances-plastics-locksmiths-fabricators-tank-builders\/pipe-band-saw-bsm-1200\/","url":"https:\/\/www.akuplastics.com\/en\/machines-appliances-plastics-locksmiths-fabricators-tank-builders\/pipe-band-saw-bsm-1200\/","name":"Pipe band saws Band saws for plastic pipes Pipes 400 mm to 1200 mm","isPartOf":{"@id":"https:\/\/www.akuplastics.com\/en\/#website"},"primaryImageOfPage":{"@id":"https:\/\/www.akuplastics.com\/en\/machines-appliances-plastics-locksmiths-fabricators-tank-builders\/pipe-band-saw-bsm-1200\/#primaryimage"},"image":{"@id":"https:\/\/www.akuplastics.com\/en\/machines-appliances-plastics-locksmiths-fabricators-tank-builders\/pipe-band-saw-bsm-1200\/#primaryimage"},"thumbnailUrl":"https:\/\/www.akuplastics.com\/wp-content\/uploads\/2024\/04\/BSM-1200_Elektrische-Bandsaege-fuer-Kunsttoffrohre.png","datePublished":"2024-04-16T11:14:07+00:00","dateModified":"2024-04-16T11:17:23+00:00","description":"Our high-performance machining tools are specially designed for the precise cutting of pipes. Pipe band saws and band saws for plastic pipes Electric pipe band saws for plastic pipes \u00d8 400 mm to 1200 mm","breadcrumb":{"@id":"https:\/\/www.akuplastics.com\/en\/machines-appliances-plastics-locksmiths-fabricators-tank-builders\/pipe-band-saw-bsm-1200\/#breadcrumb"},"inLanguage":"en-US","potentialAction":[{"@type":"ReadAction","target":["https:\/\/www.akuplastics.com\/en\/machines-appliances-plastics-locksmiths-fabricators-tank-builders\/pipe-band-saw-bsm-1200\/"]}]},{"@type":"ImageObject","inLanguage":"en-US","@id":"https:\/\/www.akuplastics.com\/en\/machines-appliances-plastics-locksmiths-fabricators-tank-builders\/pipe-band-saw-bsm-1200\/#primaryimage","url":"https:\/\/www.akuplastics.com\/wp-content\/uploads\/2024\/04\/BSM-1200_Elektrische-Bandsaege-fuer-Kunsttoffrohre.png","contentUrl":"https:\/\/www.akuplastics.com\/wp-content\/uploads\/2024\/04\/BSM-1200_Elektrische-Bandsaege-fuer-Kunsttoffrohre.png","width":455,"height":555,"caption":"BSM 1200 Elektrische Bands\u00e4ge f\u00fcr Kunststoffrohre \u00d8 400 mm \u2013 1200 mm"},{"@type":"BreadcrumbList","@id":"https:\/\/www.akuplastics.com\/en\/machines-appliances-plastics-locksmiths-fabricators-tank-builders\/pipe-band-saw-bsm-1200\/#breadcrumb","itemListElement":[{"@type":"ListItem","position":1,"name":"Homepage","item":"https:\/\/www.akuplastics.com\/en\/"},{"@type":"ListItem","position":2,"name":"Machines and devices","item":"https:\/\/www.akuplastics.com\/en\/machines-appliances-plastics-locksmiths-fabricators-tank-builders\/"},{"@type":"ListItem","position":3,"name":"Pipe band saw BSM 1200"}]},{"@type":"WebSite","@id":"https:\/\/www.akuplastics.com\/en\/#website","url":"https:\/\/www.akuplastics.com\/en\/","name":"Semi-Finished Products \u2013 Finished Parts \u2013 Ventilation Moulded Parts \u2013 Machines","description":"Halbzeuge, Halbfabrikate, Kunststoffhalbzeuge, Kunststoffhalbfabrikate","publisher":{"@id":"https:\/\/www.akuplastics.com\/en\/#organization"},"alternateName":"AKUPLASTICS \u2013 Engineering in Plastics","potentialAction":[{"@type":"SearchAction","target":{"@type":"EntryPoint","urlTemplate":"https:\/\/www.akuplastics.com\/en\/?s={search_term_string}"},"query-input":{"@type":"PropertyValueSpecification","valueRequired":true,"valueName":"search_term_string"}}],"inLanguage":"en-US"},{"@type":"Organization","@id":"https:\/\/www.akuplastics.com\/en\/#organization","name":"Ing. Christian Ahlborn e.U.","alternateName":"AKU","url":"https:\/\/www.akuplastics.com\/en\/","logo":{"@type":"ImageObject","inLanguage":"en-US","@id":"https:\/\/www.akuplastics.com\/en\/#\/schema\/logo\/image\/","url":"https:\/\/www.akuplastics.com\/wp-content\/uploads\/2020\/07\/Grafik14-inkl-r.png","contentUrl":"https:\/\/www.akuplastics.com\/wp-content\/uploads\/2020\/07\/Grafik14-inkl-r.png","width":1994,"height":743,"caption":"Ing. Christian Ahlborn e.U."},"image":{"@id":"https:\/\/www.akuplastics.com\/en\/#\/schema\/logo\/image\/"}}]}},"_links":{"self":[{"href":"https:\/\/www.akuplastics.com\/en\/wp-json\/wp\/v2\/pages\/21994","targetHints":{"allow":["GET"]}}],"collection":[{"href":"https:\/\/www.akuplastics.com\/en\/wp-json\/wp\/v2\/pages"}],"about":[{"href":"https:\/\/www.akuplastics.com\/en\/wp-json\/wp\/v2\/types\/page"}],"author":[{"embeddable":true,"href":"https:\/\/www.akuplastics.com\/en\/wp-json\/wp\/v2\/users\/3"}],"replies":[{"embeddable":true,"href":"https:\/\/www.akuplastics.com\/en\/wp-json\/wp\/v2\/comments?post=21994"}],"version-history":[{"count":2,"href":"https:\/\/www.akuplastics.com\/en\/wp-json\/wp\/v2\/pages\/21994\/revisions"}],"predecessor-version":[{"id":21996,"href":"https:\/\/www.akuplastics.com\/en\/wp-json\/wp\/v2\/pages\/21994\/revisions\/21996"}],"up":[{"embeddable":true,"href":"https:\/\/www.akuplastics.com\/en\/wp-json\/wp\/v2\/pages\/8409"}],"wp:featuredmedia":[{"embeddable":true,"href":"https:\/\/www.akuplastics.com\/en\/wp-json\/wp\/v2\/media\/21989"}],"wp:attachment":[{"href":"https:\/\/www.akuplastics.com\/en\/wp-json\/wp\/v2\/media?parent=21994"}],"curies":[{"name":"wp","href":"https:\/\/api.w.org\/{rel}","templated":true}]}}