{"id":21798,"date":"2024-04-15T17:03:22","date_gmt":"2024-04-15T15:03:22","guid":{"rendered":"https:\/\/www.akuplastics.com\/machines-and-devices\/orbital-saw\/"},"modified":"2024-04-19T09:18:00","modified_gmt":"2024-04-19T07:18:00","slug":"orbital-saw","status":"publish","type":"page","link":"https:\/\/www.akuplastics.com\/en\/machines-appliances-plastics-locksmiths-fabricators-tank-builders\/orbital-saw\/","title":{"rendered":"Orbital saw"},"content":{"rendered":"\t\t<div data-elementor-type=\"wp-page\" data-elementor-id=\"21798\" class=\"elementor elementor-21798 elementor-21786\" data-elementor-post-type=\"page\">\n\t\t\t\t\t\t<section class=\"elementor-section elementor-top-section elementor-element elementor-element-3674ff77 elementor-section-boxed elementor-section-height-default elementor-section-height-default\" data-id=\"3674ff77\" data-element_type=\"section\" data-e-type=\"section\">\n\t\t\t\t\t\t<div class=\"elementor-container elementor-column-gap-default\">\n\t\t\t\t\t<div class=\"elementor-column elementor-col-100 elementor-top-column elementor-element elementor-element-474a5599\" data-id=\"474a5599\" data-element_type=\"column\" data-e-type=\"column\">\n\t\t\t<div class=\"elementor-widget-wrap elementor-element-populated\">\n\t\t\t\t\t\t<div class=\"elementor-element elementor-element-510ca892 elementor-widget elementor-widget-text-editor\" data-id=\"510ca892\" data-element_type=\"widget\" data-e-type=\"widget\" data-widget_type=\"text-editor.default\">\n\t\t\t\t<div class=\"elementor-widget-container\">\n\t\t\t\t\t\t\t\t\t<h1>Orbital saw OS270 for straight cutting of plastic pipes to length<\/h1>\n\t\t\t\t\t\t\t\t<\/div>\n\t\t\t\t<\/div>\n\t\t\t\t<section class=\"elementor-section elementor-inner-section elementor-element elementor-element-13e9a7c7 elementor-section-boxed elementor-section-height-default elementor-section-height-default\" data-id=\"13e9a7c7\" data-element_type=\"section\" data-e-type=\"section\">\n\t\t\t\t\t\t<div class=\"elementor-container elementor-column-gap-default\">\n\t\t\t\t\t<div class=\"elementor-column elementor-col-50 elementor-inner-column elementor-element elementor-element-2ee951f2\" data-id=\"2ee951f2\" data-element_type=\"column\" data-e-type=\"column\">\n\t\t\t<div class=\"elementor-widget-wrap elementor-element-populated\">\n\t\t\t\t\t\t<div class=\"elementor-element elementor-element-0c1ac7e elementor-widget elementor-widget-text-editor\" data-id=\"0c1ac7e\" data-element_type=\"widget\" data-e-type=\"widget\" data-widget_type=\"text-editor.default\">\n\t\t\t\t<div class=\"elementor-widget-container\">\n\t\t\t\t\t\t\t\t\t<p><span style=\"color: var( --e-global-color-text ); font-family: var( --e-global-typography-text-font-family ), arial; font-size: var( --e-global-typography-text-font-size ); font-weight: var( --e-global-typography-text-font-weight );\">Pipe band saws represent high-performance tools in machining that are specially designed for the precise cutting of pipes.<\/p>\n<p><\/span><\/p>\n<p>With their ability to produce clean and precise cuts in various materials, pipe band saws are indispensable equipment in workshops, production plants and processing companies.<\/p>\n<p>Ideal for<span style=\"color: var( --e-global-color-text ); font-family: var( --e-global-typography-text-font-family ), arial; font-size: var( --e-global-typography-text-font-size ); font-weight: var( --e-global-typography-text-font-weight );\">precise cutting of pipes for efficient processing<\/span>.<\/p>\n\t\t\t\t\t\t\t\t<\/div>\n\t\t\t\t<\/div>\n\t\t\t\t<div class=\"elementor-element elementor-element-303396d elementor-widget elementor-widget-text-editor\" data-id=\"303396d\" data-element_type=\"widget\" data-e-type=\"widget\" data-widget_type=\"text-editor.default\">\n\t\t\t\t<div class=\"elementor-widget-container\">\n\t\t\t\t\t\t\t\t\t<p>The OS 270 orbital saw is the variable, mobile solution for cutting plastic pipes with a diameter of 630 mm to 1,200 mm* straight to length.<\/p><p>\u00a0<\/p><p><strong>Powerful and versatile.<\/strong><\/p><p>\u00a0<\/p><p>Easy to operate with infinitely variable electric feed and thanks to the variable chain tensioning system, even thin-walled pipes such as GFK pipes are not deformed when the machine is clamped or during sawing.<\/p><p>\u00a0<\/p><p><strong>All advantages at a glance<\/strong><\/p><ul><li>Precise saw cuts at any location.<\/li><li>Quick and easy to mount on the pipe<\/li><li>Variable chain lengths thanks to quick and easy click system with magnetic bolts<\/li><li>Suitable for use in the workshop and outdoors on the construction site<\/li><li>\u00a0<\/li><\/ul><p>The OS 270 orbital saw:<\/p><p>Compact design for location-independent sawing. With a suitable lifting device, the saw can be easily clamped onto the pipe by one person and then easily operated via the control box without further intervention.<\/p><p>\u00a0<\/p><p>The OS 270 orbital saw is the variable, mobile solution for cutting plastic pipes straight to length in the workshop and on the construction site.<br \/>The OS 270 orbital saw in action in the workshop and on the construction site<\/p><p>With the OS 270 orbital saw, you can make precise saw cuts on plastic pipes quickly and easily.<\/p><p>\u00a0<\/p><p>Variable chain lengths with a system:<\/p><p>The basic chain for pipes with a diameter of 630 mm can be extended to the required chain length for the respective pipe diameter using extension segments. This is done using a simple click system with magnetic bolts.<\/p><p>To determine the appropriate length, all supplementary segments are color-coded according to the table.<\/p><p>\u00a0<\/p><p>The basic configuration includes supplementary segments up to a pipe diameter of 1,200 mm, although larger diameters are possible.<\/p><p>\u00a0<\/p><p>Suitable supplementary segments for larger pipe diameters are available on request.<\/p>\t\t\t\t\t\t\t\t<\/div>\n\t\t\t\t<\/div>\n\t\t\t\t<div class=\"elementor-element elementor-element-8fb7c8d elementor-widget elementor-widget-text-editor\" data-id=\"8fb7c8d\" data-element_type=\"widget\" data-e-type=\"widget\" data-widget_type=\"text-editor.default\">\n\t\t\t\t<div class=\"elementor-widget-container\">\n\t\t\t\t\t\t\t\t\t<h5><strong>Technical data<\/strong><\/h5>\n<div class=\"table-responsive\">\n<table class=\"table table-bordered\">\n<thead>\n<tr>\n<th width=\"70%\">Dimensions and weight<\/th>\n<th class=\"text-center\" width=\"30%\">OS 270<\/th>\n<\/tr>\n<\/thead>\n<tbody>\n<tr>\n<th scope=\"row\">Installation dimensions (L x W x H in mm)<\/th>\n<td class=\"text-center\">940 x 370 x 420<\/td>\n<\/tr>\n<tr>\n<th scope=\"row\">Weight &#8211; saw unit (kg)<\/th>\n<td class=\"text-center\">30<\/td>\n<\/tr>\n<tr>\n<th scope=\"row\">Weight &#8211; control box (kg)<\/th>\n<td class=\"text-center\">6<\/td>\n<\/tr>\n<\/tbody>\n<\/table>\n<\/div>\n<div class=\"table-responsive\">\n<table class=\"table table-bordered\">\n<thead>\n<tr>\n<th width=\"70%\">Cutting data<\/th>\n<th class=\"text-center\" width=\"30%\">OS 270<\/th>\n<\/tr>\n<\/thead>\n<tbody>\n<tr>\n<th scope=\"row\">Material type<\/th>\n<td class=\"text-center\">PVC, PP, PE, GFK etc.<\/td>\n<\/tr>\n<tr>\n<th scope=\"row\">Material shape<\/th>\n<td class=\"text-center\">Tube, round<\/td>\n<\/tr>\n<tr>\n<th scope=\"row\">Cutting range min. (mm)<\/th>\n<td class=\"text-center\">630<\/td>\n<\/tr>\n<tr>\n<th scope=\"row\">Cutting range max. (mm)<\/th>\n<td class=\"text-center\">1.200<sup>*<\/sup><\/td>\n<\/tr>\n<tr>\n<th scope=\"row\">Cutting depth max. (mm)<\/th>\n<td class=\"text-center\">70<\/td>\n<\/tr>\n<\/tbody>\n<\/table>\n<\/div>\n<div class=\"table-responsive\">\n<table class=\"table table-bordered\">\n<thead>\n<tr>\n<th width=\"70%\">Performance features<\/th>\n<th class=\"text-center\" width=\"30%\">OS 270<\/th>\n<\/tr>\n<\/thead>\n<tbody>\n<tr>\n<th scope=\"row\">Total connected load (kW)<\/th>\n<td class=\"text-center\">2,0<\/td>\n<\/tr>\n<tr>\n<th scope=\"row\">Mains voltage (V)<br \/><small>according to EN 60204<\/small><\/th>\n<td class=\"text-center\">230<\/td>\n<\/tr>\n<tr>\n<th scope=\"row\">Control voltage (V-DC)<br \/><small>in accordance with EN 60204<\/small><\/th>\n<td class=\"text-center\">24<\/td>\n<\/tr>\n<tr>\n<th scope=\"row\">Mains frequency (Hz)<\/th>\n<td class=\"text-center\">50<\/td>\n<\/tr>\n<tr>\n<th scope=\"row\">Fuse protection (A)<\/th>\n<td class=\"text-center\">16<\/td>\n<\/tr>\n<tr>\n<th scope=\"row\">Connection type<\/th>\n<td class=\"text-center\">Schuko plug according to CEE 7\/4<\/td>\n<\/tr>\n<tr>\n<th scope=\"row\">Saw blade diameter max. (mm)<\/th>\n<td class=\"text-center\">270<\/td>\n<\/tr>\n<tr>\n<th scope=\"row\">Saw blade drive (kW)<\/th>\n<td class=\"text-center\">2,0<\/td>\n<\/tr>\n<tr>\n<th scope=\"row\">Saw feed<\/th>\n<td class=\"text-center\">electric<\/td>\n<\/tr>\n<tr>\n<th scope=\"row\">Material clamping<\/th>\n<td class=\"text-center\">manual<\/td>\n<\/tr>\n<tr>\n<th scope=\"row\">Paint finish (RAL)<\/th>\n<td class=\"text-center\">9011 (silk matt)<\/td>\n<\/tr>\n<\/tbody>\n<\/table>\n<\/div>\n\t\t\t\t\t\t\t\t<\/div>\n\t\t\t\t<\/div>\n\t\t\t\t<div class=\"elementor-element elementor-element-7d4ca77 elementor-widget elementor-widget-text-editor\" data-id=\"7d4ca77\" data-element_type=\"widget\" data-e-type=\"widget\" data-widget_type=\"text-editor.default\">\n\t\t\t\t<div class=\"elementor-widget-container\">\n\t\t\t\t\t\t\t\t\t<p><strong>Features of an orbital saw for plastic pipes:<\/strong><\/p><p>\u00a0<\/p><ul><li>Precise cuts: <br \/>The orbital saw ensures precise and clean cuts on plastic pipes without damage or deformation.<\/li><li>Variable electric feed: <br \/>It has a variable electric feed, which makes it easy to adjust the cutting speed and ensures optimum results.<\/li><li>Flexible chain tensioning system: <br \/>A flexible chain tensioning system allows pipes of different diameters to be securely fastened without them slipping or becoming deformed during sawing.<\/li><li>Ergonomic design: <br \/>With an ergonomic design, the orbital saw is easy to handle and allows comfortable operation over long periods of time.<\/li><li>Versatile application possibilities: <br \/>The saw is suitable for a wide range of plastic pipes, including PVC, PE, PP and GFK , and can be used both in workshops and on construction sites.<\/li><li>Fast assembly system: <br \/>A quick mounting system enables the saw to be mounted on the pipe quickly and easily, without additional tools or complicated adjustments.<\/li><li>Stepless adjustment options: <br \/>The saw offers infinitely variable adjustment options for cutting depth and speed to meet the requirements of different projects.<\/li><li>Robust construction: <br \/>A robust design ensures a long service life and reliability, even under demanding operating conditions.<\/li><\/ul><p>\u00a0<\/p><p>With these features, an orbital saw for plastic pipes offers an efficient and precise solution for cutting pipes in various applications.<\/p>\t\t\t\t\t\t\t\t<\/div>\n\t\t\t\t<\/div>\n\t\t\t\t\t<\/div>\n\t\t<\/div>\n\t\t\t\t<div class=\"elementor-column elementor-col-50 elementor-inner-column elementor-element elementor-element-1e45b33\" data-id=\"1e45b33\" data-element_type=\"column\" data-e-type=\"column\">\n\t\t\t<div class=\"elementor-widget-wrap elementor-element-populated\">\n\t\t\t\t\t\t<div class=\"elementor-element elementor-element-427e49f0 elementor-widget elementor-widget-image\" data-id=\"427e49f0\" data-element_type=\"widget\" data-e-type=\"widget\" data-settings=\"{&quot;_animation&quot;:&quot;none&quot;}\" data-widget_type=\"image.default\">\n\t\t\t\t<div class=\"elementor-widget-container\">\n\t\t\t\t\t\t\t\t\t\t\t\t<figure class=\"wp-caption\">\n\t\t\t\t\t\t\t\t\t\t<img loading=\"lazy\" decoding=\"async\" width=\"300\" height=\"300\" src=\"https:\/\/www.akuplastics.com\/wp-content\/uploads\/2024\/04\/Orbitalsaege-OS270-1-300x300.webp\" class=\"attachment-medium size-medium wp-image-22097\" alt=\"Orbitals\u00e4ge OS270 f\u00fcr gerades Abl\u00e4ngen von Kunststoffrohren\" srcset=\"https:\/\/www.akuplastics.com\/wp-content\/uploads\/2024\/04\/Orbitalsaege-OS270-1-300x300.webp 300w, https:\/\/www.akuplastics.com\/wp-content\/uploads\/2024\/04\/Orbitalsaege-OS270-1-150x150.webp 150w, https:\/\/www.akuplastics.com\/wp-content\/uploads\/2024\/04\/Orbitalsaege-OS270-1.webp 680w\" sizes=\"auto, (max-width: 300px) 100vw, 300px\" \/>\t\t\t\t\t\t\t\t\t\t\t<figcaption class=\"widget-image-caption wp-caption-text\">Orbital saw OS270 for straight cutting of plastic pipes to length <\/figcaption>\n\t\t\t\t\t\t\t\t\t\t<\/figure>\n\t\t\t\t\t\t\t\t\t<\/div>\n\t\t\t\t<\/div>\n\t\t\t\t<div class=\"elementor-element elementor-element-251ed15 elementor-widget elementor-widget-image\" data-id=\"251ed15\" data-element_type=\"widget\" data-e-type=\"widget\" data-widget_type=\"image.default\">\n\t\t\t\t<div class=\"elementor-widget-container\">\n\t\t\t\t\t\t\t\t\t\t\t\t<figure class=\"wp-caption\">\n\t\t\t\t\t\t\t\t\t\t<img loading=\"lazy\" decoding=\"async\" width=\"300\" height=\"300\" src=\"https:\/\/www.akuplastics.com\/wp-content\/uploads\/2024\/04\/Orbitalsaege-OS270-Kette-300x300.webp\" class=\"attachment-medium size-medium wp-image-21789\" alt=\"Orbitals\u00e4ge OS270 f\u00fcr gerades Abl\u00e4ngen von Kunststoffrohren\" srcset=\"https:\/\/www.akuplastics.com\/wp-content\/uploads\/2024\/04\/Orbitalsaege-OS270-Kette-300x300.webp 300w, https:\/\/www.akuplastics.com\/wp-content\/uploads\/2024\/04\/Orbitalsaege-OS270-Kette-150x150.webp 150w, https:\/\/www.akuplastics.com\/wp-content\/uploads\/2024\/04\/Orbitalsaege-OS270-Kette.webp 680w\" sizes=\"auto, (max-width: 300px) 100vw, 300px\" \/>\t\t\t\t\t\t\t\t\t\t\t<figcaption class=\"widget-image-caption wp-caption-text\">Orbital saw OS270 Chain for straight cutting of plastic pipes to length <\/figcaption>\n\t\t\t\t\t\t\t\t\t\t<\/figure>\n\t\t\t\t\t\t\t\t\t<\/div>\n\t\t\t\t<\/div>\n\t\t\t\t\t<\/div>\n\t\t<\/div>\n\t\t\t\t\t<\/div>\n\t\t<\/section>\n\t\t\t\t\t<\/div>\n\t\t<\/div>\n\t\t\t\t\t<\/div>\n\t\t<\/section>\n\t\t<div class=\"elementor-element elementor-element-efa8817 e-flex e-con-boxed e-con e-parent\" data-id=\"efa8817\" data-element_type=\"container\" data-e-type=\"container\">\n\t\t\t\t\t<div class=\"e-con-inner\">\n\t\t\t\t\t<\/div>\n\t\t\t\t<\/div>\n\t\t\t\t<\/div>\n\t\t","protected":false},"excerpt":{"rendered":"<p>Orbital saw OS270 for straight cutting of plastic pipes to length Pipe band saws represent high-performance tools in machining that are specially designed for the precise cutting of pipes. With their ability to produce clean and precise cuts in various materials, pipe band saws are indispensable equipment in workshops, production plants and processing companies. Ideal [&hellip;]<\/p>\n","protected":false},"author":3,"featured_media":21792,"parent":8409,"menu_order":1,"comment_status":"closed","ping_status":"closed","template":"elementor_header_footer","meta":{"iawp_total_views":24,"footnotes":""},"class_list":["post-21798","page","type-page","status-publish","has-post-thumbnail","hentry"],"yoast_head":"<!-- This site is optimized with the Yoast SEO Premium plugin v27.3 (Yoast SEO v27.3) - https:\/\/yoast.com\/product\/yoast-seo-premium-wordpress\/ -->\n<title>Orbital saw Saw straight to length Plastic pipes Pipes PVC PP PE GFK<\/title>\n<meta name=\"description\" content=\"The OS 270 orbital saw is a versatile and mobile solution for precise cutting to length of plastic pipes with a diameter of 630 mm to 1,200 mm. It offers powerful and variable electric feed as well as a flexible chain tensioning system that leaves even thin-walled pipes undeformed.\" \/>\n<meta name=\"robots\" content=\"index, follow, max-snippet:-1, max-image-preview:large, max-video-preview:-1\" \/>\n<link rel=\"canonical\" href=\"https:\/\/www.akuplastics.com\/en\/machines-appliances-plastics-locksmiths-fabricators-tank-builders\/orbital-saw\/\" \/>\n<script type=\"application\/ld+json\" class=\"yoast-schema-graph\">{\"@context\":\"https:\\\/\\\/schema.org\",\"@graph\":[{\"@type\":\"WebPage\",\"@id\":\"https:\\\/\\\/www.akuplastics.com\\\/en\\\/machines-appliances-plastics-locksmiths-fabricators-tank-builders\\\/orbital-saw\\\/\",\"url\":\"https:\\\/\\\/www.akuplastics.com\\\/en\\\/machines-appliances-plastics-locksmiths-fabricators-tank-builders\\\/orbital-saw\\\/\",\"name\":\"Orbital saw Saw straight to length Plastic pipes Pipes PVC PP PE GFK\",\"isPartOf\":{\"@id\":\"https:\\\/\\\/www.akuplastics.com\\\/en\\\/#website\"},\"primaryImageOfPage\":{\"@id\":\"https:\\\/\\\/www.akuplastics.com\\\/en\\\/machines-appliances-plastics-locksmiths-fabricators-tank-builders\\\/orbital-saw\\\/#primaryimage\"},\"image\":{\"@id\":\"https:\\\/\\\/www.akuplastics.com\\\/en\\\/machines-appliances-plastics-locksmiths-fabricators-tank-builders\\\/orbital-saw\\\/#primaryimage\"},\"thumbnailUrl\":\"https:\\\/\\\/www.akuplastics.com\\\/wp-content\\\/uploads\\\/2024\\\/04\\\/Orbitalsaege-OS270.webp\",\"datePublished\":\"2024-04-15T15:03:22+00:00\",\"dateModified\":\"2024-04-19T07:18:00+00:00\",\"description\":\"The OS 270 orbital saw is a versatile and mobile solution for precise cutting to length of plastic pipes with a diameter of 630 mm to 1,200 mm. It offers powerful and variable electric feed as well as a flexible chain tensioning system that leaves even thin-walled pipes undeformed.\",\"breadcrumb\":{\"@id\":\"https:\\\/\\\/www.akuplastics.com\\\/en\\\/machines-appliances-plastics-locksmiths-fabricators-tank-builders\\\/orbital-saw\\\/#breadcrumb\"},\"inLanguage\":\"en-US\",\"potentialAction\":[{\"@type\":\"ReadAction\",\"target\":[\"https:\\\/\\\/www.akuplastics.com\\\/en\\\/machines-appliances-plastics-locksmiths-fabricators-tank-builders\\\/orbital-saw\\\/\"]}]},{\"@type\":\"ImageObject\",\"inLanguage\":\"en-US\",\"@id\":\"https:\\\/\\\/www.akuplastics.com\\\/en\\\/machines-appliances-plastics-locksmiths-fabricators-tank-builders\\\/orbital-saw\\\/#primaryimage\",\"url\":\"https:\\\/\\\/www.akuplastics.com\\\/wp-content\\\/uploads\\\/2024\\\/04\\\/Orbitalsaege-OS270.webp\",\"contentUrl\":\"https:\\\/\\\/www.akuplastics.com\\\/wp-content\\\/uploads\\\/2024\\\/04\\\/Orbitalsaege-OS270.webp\",\"width\":680,\"height\":680,\"caption\":\"Orbitals\u00e4ge OS270 f\u00fcr gerades Abl\u00e4ngen von Kunststoffrohren\"},{\"@type\":\"BreadcrumbList\",\"@id\":\"https:\\\/\\\/www.akuplastics.com\\\/en\\\/machines-appliances-plastics-locksmiths-fabricators-tank-builders\\\/orbital-saw\\\/#breadcrumb\",\"itemListElement\":[{\"@type\":\"ListItem\",\"position\":1,\"name\":\"Homepage\",\"item\":\"https:\\\/\\\/www.akuplastics.com\\\/en\\\/\"},{\"@type\":\"ListItem\",\"position\":2,\"name\":\"Machines and devices\",\"item\":\"https:\\\/\\\/www.akuplastics.com\\\/en\\\/machines-appliances-plastics-locksmiths-fabricators-tank-builders\\\/\"},{\"@type\":\"ListItem\",\"position\":3,\"name\":\"Orbital saw\"}]},{\"@type\":\"WebSite\",\"@id\":\"https:\\\/\\\/www.akuplastics.com\\\/en\\\/#website\",\"url\":\"https:\\\/\\\/www.akuplastics.com\\\/en\\\/\",\"name\":\"Semi-Finished Products \u2013 Finished Parts \u2013 Ventilation Moulded Parts \u2013 Machines\",\"description\":\"Halbzeuge, Halbfabrikate, Kunststoffhalbzeuge, Kunststoffhalbfabrikate\",\"publisher\":{\"@id\":\"https:\\\/\\\/www.akuplastics.com\\\/en\\\/#organization\"},\"alternateName\":\"AKUPLASTICS \u2013 Engineering in Plastics\",\"potentialAction\":[{\"@type\":\"SearchAction\",\"target\":{\"@type\":\"EntryPoint\",\"urlTemplate\":\"https:\\\/\\\/www.akuplastics.com\\\/en\\\/?s={search_term_string}\"},\"query-input\":{\"@type\":\"PropertyValueSpecification\",\"valueRequired\":true,\"valueName\":\"search_term_string\"}}],\"inLanguage\":\"en-US\"},{\"@type\":\"Organization\",\"@id\":\"https:\\\/\\\/www.akuplastics.com\\\/en\\\/#organization\",\"name\":\"Ing. Christian Ahlborn e.U.\",\"alternateName\":\"AKU\",\"url\":\"https:\\\/\\\/www.akuplastics.com\\\/en\\\/\",\"logo\":{\"@type\":\"ImageObject\",\"inLanguage\":\"en-US\",\"@id\":\"https:\\\/\\\/www.akuplastics.com\\\/en\\\/#\\\/schema\\\/logo\\\/image\\\/\",\"url\":\"https:\\\/\\\/www.akuplastics.com\\\/wp-content\\\/uploads\\\/2020\\\/07\\\/Grafik14-inkl-r.png\",\"contentUrl\":\"https:\\\/\\\/www.akuplastics.com\\\/wp-content\\\/uploads\\\/2020\\\/07\\\/Grafik14-inkl-r.png\",\"width\":1994,\"height\":743,\"caption\":\"Ing. Christian Ahlborn e.U.\"},\"image\":{\"@id\":\"https:\\\/\\\/www.akuplastics.com\\\/en\\\/#\\\/schema\\\/logo\\\/image\\\/\"}}]}<\/script>\n<!-- \/ Yoast SEO Premium plugin. -->","yoast_head_json":{"title":"Orbital saw Saw straight to length Plastic pipes Pipes PVC PP PE GFK","description":"The OS 270 orbital saw is a versatile and mobile solution for precise cutting to length of plastic pipes with a diameter of 630 mm to 1,200 mm. It offers powerful and variable electric feed as well as a flexible chain tensioning system that leaves even thin-walled pipes undeformed.","robots":{"index":"index","follow":"follow","max-snippet":"max-snippet:-1","max-image-preview":"max-image-preview:large","max-video-preview":"max-video-preview:-1"},"canonical":"https:\/\/www.akuplastics.com\/en\/machines-appliances-plastics-locksmiths-fabricators-tank-builders\/orbital-saw\/","schema":{"@context":"https:\/\/schema.org","@graph":[{"@type":"WebPage","@id":"https:\/\/www.akuplastics.com\/en\/machines-appliances-plastics-locksmiths-fabricators-tank-builders\/orbital-saw\/","url":"https:\/\/www.akuplastics.com\/en\/machines-appliances-plastics-locksmiths-fabricators-tank-builders\/orbital-saw\/","name":"Orbital saw Saw straight to length Plastic pipes Pipes PVC PP PE GFK","isPartOf":{"@id":"https:\/\/www.akuplastics.com\/en\/#website"},"primaryImageOfPage":{"@id":"https:\/\/www.akuplastics.com\/en\/machines-appliances-plastics-locksmiths-fabricators-tank-builders\/orbital-saw\/#primaryimage"},"image":{"@id":"https:\/\/www.akuplastics.com\/en\/machines-appliances-plastics-locksmiths-fabricators-tank-builders\/orbital-saw\/#primaryimage"},"thumbnailUrl":"https:\/\/www.akuplastics.com\/wp-content\/uploads\/2024\/04\/Orbitalsaege-OS270.webp","datePublished":"2024-04-15T15:03:22+00:00","dateModified":"2024-04-19T07:18:00+00:00","description":"The OS 270 orbital saw is a versatile and mobile solution for precise cutting to length of plastic pipes with a diameter of 630 mm to 1,200 mm. It offers powerful and variable electric feed as well as a flexible chain tensioning system that leaves even thin-walled pipes undeformed.","breadcrumb":{"@id":"https:\/\/www.akuplastics.com\/en\/machines-appliances-plastics-locksmiths-fabricators-tank-builders\/orbital-saw\/#breadcrumb"},"inLanguage":"en-US","potentialAction":[{"@type":"ReadAction","target":["https:\/\/www.akuplastics.com\/en\/machines-appliances-plastics-locksmiths-fabricators-tank-builders\/orbital-saw\/"]}]},{"@type":"ImageObject","inLanguage":"en-US","@id":"https:\/\/www.akuplastics.com\/en\/machines-appliances-plastics-locksmiths-fabricators-tank-builders\/orbital-saw\/#primaryimage","url":"https:\/\/www.akuplastics.com\/wp-content\/uploads\/2024\/04\/Orbitalsaege-OS270.webp","contentUrl":"https:\/\/www.akuplastics.com\/wp-content\/uploads\/2024\/04\/Orbitalsaege-OS270.webp","width":680,"height":680,"caption":"Orbitals\u00e4ge OS270 f\u00fcr gerades Abl\u00e4ngen von Kunststoffrohren"},{"@type":"BreadcrumbList","@id":"https:\/\/www.akuplastics.com\/en\/machines-appliances-plastics-locksmiths-fabricators-tank-builders\/orbital-saw\/#breadcrumb","itemListElement":[{"@type":"ListItem","position":1,"name":"Homepage","item":"https:\/\/www.akuplastics.com\/en\/"},{"@type":"ListItem","position":2,"name":"Machines and devices","item":"https:\/\/www.akuplastics.com\/en\/machines-appliances-plastics-locksmiths-fabricators-tank-builders\/"},{"@type":"ListItem","position":3,"name":"Orbital saw"}]},{"@type":"WebSite","@id":"https:\/\/www.akuplastics.com\/en\/#website","url":"https:\/\/www.akuplastics.com\/en\/","name":"Semi-Finished Products \u2013 Finished Parts \u2013 Ventilation Moulded Parts \u2013 Machines","description":"Halbzeuge, Halbfabrikate, Kunststoffhalbzeuge, Kunststoffhalbfabrikate","publisher":{"@id":"https:\/\/www.akuplastics.com\/en\/#organization"},"alternateName":"AKUPLASTICS \u2013 Engineering in Plastics","potentialAction":[{"@type":"SearchAction","target":{"@type":"EntryPoint","urlTemplate":"https:\/\/www.akuplastics.com\/en\/?s={search_term_string}"},"query-input":{"@type":"PropertyValueSpecification","valueRequired":true,"valueName":"search_term_string"}}],"inLanguage":"en-US"},{"@type":"Organization","@id":"https:\/\/www.akuplastics.com\/en\/#organization","name":"Ing. Christian Ahlborn e.U.","alternateName":"AKU","url":"https:\/\/www.akuplastics.com\/en\/","logo":{"@type":"ImageObject","inLanguage":"en-US","@id":"https:\/\/www.akuplastics.com\/en\/#\/schema\/logo\/image\/","url":"https:\/\/www.akuplastics.com\/wp-content\/uploads\/2020\/07\/Grafik14-inkl-r.png","contentUrl":"https:\/\/www.akuplastics.com\/wp-content\/uploads\/2020\/07\/Grafik14-inkl-r.png","width":1994,"height":743,"caption":"Ing. Christian Ahlborn e.U."},"image":{"@id":"https:\/\/www.akuplastics.com\/en\/#\/schema\/logo\/image\/"}}]}},"_links":{"self":[{"href":"https:\/\/www.akuplastics.com\/en\/wp-json\/wp\/v2\/pages\/21798","targetHints":{"allow":["GET"]}}],"collection":[{"href":"https:\/\/www.akuplastics.com\/en\/wp-json\/wp\/v2\/pages"}],"about":[{"href":"https:\/\/www.akuplastics.com\/en\/wp-json\/wp\/v2\/types\/page"}],"author":[{"embeddable":true,"href":"https:\/\/www.akuplastics.com\/en\/wp-json\/wp\/v2\/users\/3"}],"replies":[{"embeddable":true,"href":"https:\/\/www.akuplastics.com\/en\/wp-json\/wp\/v2\/comments?post=21798"}],"version-history":[{"count":11,"href":"https:\/\/www.akuplastics.com\/en\/wp-json\/wp\/v2\/pages\/21798\/revisions"}],"predecessor-version":[{"id":22337,"href":"https:\/\/www.akuplastics.com\/en\/wp-json\/wp\/v2\/pages\/21798\/revisions\/22337"}],"up":[{"embeddable":true,"href":"https:\/\/www.akuplastics.com\/en\/wp-json\/wp\/v2\/pages\/8409"}],"wp:featuredmedia":[{"embeddable":true,"href":"https:\/\/www.akuplastics.com\/en\/wp-json\/wp\/v2\/media\/21792"}],"wp:attachment":[{"href":"https:\/\/www.akuplastics.com\/en\/wp-json\/wp\/v2\/media?parent=21798"}],"curies":[{"name":"wp","href":"https:\/\/api.w.org\/{rel}","templated":true}]}}