{"id":21464,"date":"2024-04-12T18:09:57","date_gmt":"2024-04-12T16:09:57","guid":{"rendered":"https:\/\/www.akuplastics.com\/surface-welding-machine\/"},"modified":"2025-03-29T16:40:01","modified_gmt":"2025-03-29T15:40:01","slug":"surface-welding-machine","status":"publish","type":"page","link":"https:\/\/www.akuplastics.com\/en\/surface-welding-machine\/","title":{"rendered":"Surface welding machine"},"content":{"rendered":"\t\t<div data-elementor-type=\"wp-page\" data-elementor-id=\"21464\" class=\"elementor elementor-21464 elementor-21434\" data-elementor-post-type=\"page\">\n\t\t\t\t\t\t<section class=\"elementor-section elementor-top-section elementor-element elementor-element-20ab3f5 elementor-section-boxed elementor-section-height-default elementor-section-height-default\" data-id=\"20ab3f5\" data-element_type=\"section\" data-e-type=\"section\">\n\t\t\t\t\t\t<div class=\"elementor-container elementor-column-gap-default\">\n\t\t\t\t\t<div class=\"elementor-column elementor-col-50 elementor-top-column elementor-element elementor-element-0c3e5d5\" data-id=\"0c3e5d5\" data-element_type=\"column\" data-e-type=\"column\">\n\t\t\t<div class=\"elementor-widget-wrap elementor-element-populated\">\n\t\t\t\t\t\t<div class=\"elementor-element elementor-element-b47ab76 elementor-widget__width-initial elementor-widget elementor-widget-text-editor\" data-id=\"b47ab76\" data-element_type=\"widget\" data-e-type=\"widget\" data-widget_type=\"text-editor.default\">\n\t\t\t\t<div class=\"elementor-widget-container\">\n\t\t\t\t\t\t\t\t\t<h1>Surface welding machine for pallets or panels<\/h1>\n<p><\/p>\n<p>The Y-P-SF series of surface welding machines are robust all-round machines that have been developed for welding large-surface components in a horizontal arrangement.<\/p>\n<p><\/p>\n<p>The welding cycle runs fully automatically and the most important welding parameters are determined by a master computer.<\/p>\n<p><\/p>\n<p>The minimum working width is 0.6 x 0.6 m (model 06.06 SP), while the maximum width is 2 x 2 m (model 20.20 SP).<\/p>\n<p><\/p>\n<p><strong>These machines are suitable for processing all common thermoplastic materials.<\/strong><\/p>\n<p><strong>&nbsp;<\/strong><\/p>\n<p><strong>Additional equipment&nbsp;Y-P-SF<\/strong><\/p>\n<ul>\n<li>Additional clamping areas for clamping multiple workpieces<\/li>\n<li>Machine enclosure with extraction nozzle (without blower), for the removal of welding gases<\/li>\n<li>Safety door for manual machine loading and emptying<\/li>\n<li>Width adjustment range transport unit for automatic&nbsp;loading and unloading<\/li>\n<li>Extension of the products, incl. Feeding &amp; end loading conveyor<\/li>\n<li>Special energy supply on request<\/li>\n<li>Force measuring system with force control and offset compensation,&nbsp;FESTO<\/li>\n<li>Complete solution incl. Printer<\/li>\n<li>Special paintwork<\/li>\n<li>Online diagnostic system&nbsp;<\/li>\n<\/ul>\n<p><strong>&nbsp;<\/strong><\/p>\n<p>The following models are available:<\/p>\n<table style=\"background-color: #ffffff; margin-bottom: 20px; margin-top: 0px; width: 693px; border: 1px solid #e9e9e9; color: #706e6f; font-family: Helvetica, Arial; font-size: 14px; text-align: center; height: 153px;\" width=\"0\">\n<tbody>\n<tr>\n<td style=\"border-color: #e9e9e9; line-height: 1.42857; padding: 5px; vertical-align: middle;\" width=\"151\">\n<p style=\"margin-top: 0px; margin-bottom: 0.9375rem; word-break: break-word; overflow-wrap: break-word;\"><strong style=\"font-weight: bold;\">Model<\/strong><\/p>\n<\/td>\n<td style=\"border-color: #e9e9e9; line-height: 1.42857; padding: 5px; vertical-align: middle;\" width=\"151\"><strong style=\"font-weight: bold;\">Max. Work surface<\/strong><\/td>\n<\/tr>\n<tr>\n<td style=\"border-color: #e9e9e9; line-height: 1.42857; padding: 5px; vertical-align: middle;\" width=\"151\">06.06 Y-P-SF<\/td>\n<td style=\"border-color: #e9e9e9; line-height: 1.42857; padding: 5px; vertical-align: middle;\" width=\"151\">650 x 650 mm<\/td>\n<\/tr>\n<tr>\n<td style=\"border-color: #e9e9e9; line-height: 1.42857; padding: 5px; vertical-align: middle;\" width=\"151\">12.08 Y-P-SF<\/td>\n<td style=\"border-color: #e9e9e9; line-height: 1.42857; padding: 5px; vertical-align: middle;\" width=\"151\">1,205 x 850 mm<\/td>\n<\/tr>\n<tr>\n<td style=\"border-color: #e9e9e9; line-height: 1.42857; padding: 5px; vertical-align: middle;\" width=\"151\">12.12 Y-P-SF<\/td>\n<td style=\"border-color: #e9e9e9; line-height: 1.42857; padding: 5px; vertical-align: middle;\" width=\"151\">1,250 x 1,250 mm<\/td>\n<\/tr>\n<\/tbody>\n<\/table>\t\t\t\t\t\t\t\t<\/div>\n\t\t\t\t<\/div>\n\t\t\t\t\t<\/div>\n\t\t<\/div>\n\t\t\t\t<div class=\"elementor-column elementor-col-50 elementor-top-column elementor-element elementor-element-28dbbbc\" data-id=\"28dbbbc\" data-element_type=\"column\" data-e-type=\"column\">\n\t\t\t<div class=\"elementor-widget-wrap elementor-element-populated\">\n\t\t\t\t\t\t<div class=\"elementor-element elementor-element-ed8acd1 elementor-widget elementor-widget-image\" data-id=\"ed8acd1\" data-element_type=\"widget\" data-e-type=\"widget\" data-widget_type=\"image.default\">\n\t\t\t\t<div class=\"elementor-widget-container\">\n\t\t\t\t\t\t\t\t\t\t\t\t<figure class=\"wp-caption\">\n\t\t\t\t\t\t\t\t\t\t<img loading=\"lazy\" decoding=\"async\" width=\"300\" height=\"225\" src=\"https:\/\/www.akuplastics.com\/wp-content\/uploads\/2024\/04\/Flaechenschweissanlage-innen-300x225.jpg\" class=\"attachment-medium size-medium wp-image-21443\" alt=\"Fl\u00e4chen-Schwei\u00dfmaschine Y-P-SF f\u00fcr Paletten oder Paneele\" srcset=\"https:\/\/www.akuplastics.com\/wp-content\/uploads\/2024\/04\/Flaechenschweissanlage-innen-300x225.jpg 300w, https:\/\/www.akuplastics.com\/wp-content\/uploads\/2024\/04\/Flaechenschweissanlage-innen-768x576.jpg 768w, https:\/\/www.akuplastics.com\/wp-content\/uploads\/2024\/04\/Flaechenschweissanlage-innen.jpg 1024w\" sizes=\"auto, (max-width: 300px) 100vw, 300px\" \/>\t\t\t\t\t\t\t\t\t\t\t<figcaption class=\"widget-image-caption wp-caption-text\">Y-P-SF surface welding machine for pallets or panels<\/figcaption>\n\t\t\t\t\t\t\t\t\t\t<\/figure>\n\t\t\t\t\t\t\t\t\t<\/div>\n\t\t\t\t<\/div>\n\t\t\t\t<div class=\"elementor-element elementor-element-771693b elementor-widget elementor-widget-image\" data-id=\"771693b\" data-element_type=\"widget\" data-e-type=\"widget\" data-widget_type=\"image.default\">\n\t\t\t\t<div class=\"elementor-widget-container\">\n\t\t\t\t\t\t\t\t\t\t\t\t<figure class=\"wp-caption\">\n\t\t\t\t\t\t\t\t\t\t<img loading=\"lazy\" decoding=\"async\" width=\"300\" height=\"267\" src=\"https:\/\/www.akuplastics.com\/wp-content\/uploads\/2024\/04\/Flaechenschweissanlage-300x267.jpg\" class=\"attachment-medium size-medium wp-image-21440\" alt=\"Fl\u00e4chen-Schwei\u00dfmaschine Y-P-SF f\u00fcr Paletten oder Paneele\" srcset=\"https:\/\/www.akuplastics.com\/wp-content\/uploads\/2024\/04\/Flaechenschweissanlage-300x267.jpg 300w, https:\/\/www.akuplastics.com\/wp-content\/uploads\/2024\/04\/Flaechenschweissanlage-768x683.jpg 768w, https:\/\/www.akuplastics.com\/wp-content\/uploads\/2024\/04\/Flaechenschweissanlage.jpg 926w\" sizes=\"auto, (max-width: 300px) 100vw, 300px\" \/>\t\t\t\t\t\t\t\t\t\t\t<figcaption class=\"widget-image-caption wp-caption-text\">Y-P-SF surface welding machine for pallets or panels<\/figcaption>\n\t\t\t\t\t\t\t\t\t\t<\/figure>\n\t\t\t\t\t\t\t\t\t<\/div>\n\t\t\t\t<\/div>\n\t\t\t\t<div class=\"elementor-element elementor-element-ec63390 elementor-widget elementor-widget-image\" data-id=\"ec63390\" data-element_type=\"widget\" data-e-type=\"widget\" data-widget_type=\"image.default\">\n\t\t\t\t<div class=\"elementor-widget-container\">\n\t\t\t\t\t\t\t\t\t\t\t\t<figure class=\"wp-caption\">\n\t\t\t\t\t\t\t\t\t\t<img loading=\"lazy\" decoding=\"async\" width=\"300\" height=\"166\" src=\"https:\/\/www.akuplastics.com\/wp-content\/uploads\/2024\/04\/Flaechenschweissanlage-Produkte-300x166.jpg\" class=\"attachment-medium size-medium wp-image-21437\" alt=\"Produkte der Fl\u00e4chen-Schwei\u00dfmaschine Y-P-SF\" srcset=\"https:\/\/www.akuplastics.com\/wp-content\/uploads\/2024\/04\/Flaechenschweissanlage-Produkte-300x166.jpg 300w, https:\/\/www.akuplastics.com\/wp-content\/uploads\/2024\/04\/Flaechenschweissanlage-Produkte-768x426.jpg 768w, https:\/\/www.akuplastics.com\/wp-content\/uploads\/2024\/04\/Flaechenschweissanlage-Produkte.jpg 905w\" sizes=\"auto, (max-width: 300px) 100vw, 300px\" \/>\t\t\t\t\t\t\t\t\t\t\t<figcaption class=\"widget-image-caption wp-caption-text\">Products of the Y-P-SF surface welding machine <\/figcaption>\n\t\t\t\t\t\t\t\t\t\t<\/figure>\n\t\t\t\t\t\t\t\t\t<\/div>\n\t\t\t\t<\/div>\n\t\t\t\t<div class=\"elementor-element elementor-element-72630ab elementor-widget elementor-widget-video\" data-id=\"72630ab\" data-element_type=\"widget\" data-e-type=\"widget\" data-settings=\"{&quot;video_type&quot;:&quot;hosted&quot;,&quot;controls&quot;:&quot;yes&quot;}\" data-widget_type=\"video.default\">\n\t\t\t\t<div class=\"elementor-widget-container\">\n\t\t\t\t\t\t\t<div class=\"e-hosted-video elementor-wrapper elementor-open-inline\">\n\t\t\t\t\t<video class=\"elementor-video\" src=\"https:\/\/www.akuplastics.com\/wp-content\/uploads\/2025\/03\/AKU-KG-Palettenschweissanlage.webm\" controls=\"\" preload=\"metadata\" controlsList=\"nodownload\" poster=\"https:\/\/www.akuplastics.com\/wp-content\/uploads\/2024\/04\/Flaechenschweissanlage.jpg\"><\/video>\n\t\t\t\t<\/div>\n\t\t\t\t\t\t<\/div>\n\t\t\t\t<\/div>\n\t\t\t\t\t<\/div>\n\t\t<\/div>\n\t\t\t\t\t<\/div>\n\t\t<\/section>\n\t\t\t\t<\/div>\n\t\t","protected":false},"excerpt":{"rendered":"<p>Surface welding machine for pallets or panels The Y-P-SF series of surface welding machines are robust all-round machines that have been developed for welding large-surface components in a horizontal arrangement. The welding cycle runs fully automatically and the most important welding parameters are determined by a master computer. The minimum working width is 0.6 x [&hellip;]<\/p>\n","protected":false},"author":3,"featured_media":0,"parent":0,"menu_order":0,"comment_status":"closed","ping_status":"closed","template":"elementor_header_footer","meta":{"iawp_total_views":37,"footnotes":""},"class_list":["post-21464","page","type-page","status-publish","hentry"],"yoast_head":"<!-- This site is optimized with the Yoast SEO Premium plugin v27.4 (Yoast SEO v27.5) - https:\/\/yoast.com\/product\/yoast-seo-premium-wordpress\/ -->\n<title>Surface welding machine Pallet panels Plastic welding machine Welding system<\/title>\n<meta name=\"description\" content=\"The Y-P-SF series of surface welding machines are robust all-round machines that have been developed for welding large-surface components in a horizontal arrangement. The welding cycle runs fully automatically and the most important welding parameters are determined by a master computer.\" \/>\n<meta name=\"robots\" content=\"index, follow, max-snippet:-1, max-image-preview:large, max-video-preview:-1\" \/>\n<link rel=\"canonical\" href=\"https:\/\/www.akuplastics.com\/en\/surface-welding-machine\/\" \/>\n<script type=\"application\/ld+json\" class=\"yoast-schema-graph\">{\"@context\":\"https:\\\/\\\/schema.org\",\"@graph\":[{\"@type\":\"WebPage\",\"@id\":\"https:\\\/\\\/www.akuplastics.com\\\/en\\\/surface-welding-machine\\\/\",\"url\":\"https:\\\/\\\/www.akuplastics.com\\\/en\\\/surface-welding-machine\\\/\",\"name\":\"Surface welding machine Pallet panels Plastic welding machine Welding system\",\"isPartOf\":{\"@id\":\"https:\\\/\\\/www.akuplastics.com\\\/en\\\/#website\"},\"primaryImageOfPage\":{\"@id\":\"https:\\\/\\\/www.akuplastics.com\\\/en\\\/surface-welding-machine\\\/#primaryimage\"},\"image\":{\"@id\":\"https:\\\/\\\/www.akuplastics.com\\\/en\\\/surface-welding-machine\\\/#primaryimage\"},\"thumbnailUrl\":\"https:\\\/\\\/www.akuplastics.com\\\/wp-content\\\/uploads\\\/2024\\\/04\\\/Flaechenschweissanlage-innen-300x225.jpg\",\"datePublished\":\"2024-04-12T16:09:57+00:00\",\"dateModified\":\"2025-03-29T15:40:01+00:00\",\"description\":\"The Y-P-SF series of surface welding machines are robust all-round machines that have been developed for welding large-surface components in a horizontal arrangement. The welding cycle runs fully automatically and the most important welding parameters are determined by a master computer.\",\"breadcrumb\":{\"@id\":\"https:\\\/\\\/www.akuplastics.com\\\/en\\\/surface-welding-machine\\\/#breadcrumb\"},\"inLanguage\":\"en-US\",\"potentialAction\":[{\"@type\":\"ReadAction\",\"target\":[\"https:\\\/\\\/www.akuplastics.com\\\/en\\\/surface-welding-machine\\\/\"]}]},{\"@type\":\"ImageObject\",\"inLanguage\":\"en-US\",\"@id\":\"https:\\\/\\\/www.akuplastics.com\\\/en\\\/surface-welding-machine\\\/#primaryimage\",\"url\":\"https:\\\/\\\/www.akuplastics.com\\\/wp-content\\\/uploads\\\/2024\\\/04\\\/Flaechenschweissanlage-innen-300x225.jpg\",\"contentUrl\":\"https:\\\/\\\/www.akuplastics.com\\\/wp-content\\\/uploads\\\/2024\\\/04\\\/Flaechenschweissanlage-innen-300x225.jpg\"},{\"@type\":\"BreadcrumbList\",\"@id\":\"https:\\\/\\\/www.akuplastics.com\\\/en\\\/surface-welding-machine\\\/#breadcrumb\",\"itemListElement\":[{\"@type\":\"ListItem\",\"position\":1,\"name\":\"Homepage\",\"item\":\"https:\\\/\\\/www.akuplastics.com\\\/en\\\/\"},{\"@type\":\"ListItem\",\"position\":2,\"name\":\"Surface welding machine\"}]},{\"@type\":\"WebSite\",\"@id\":\"https:\\\/\\\/www.akuplastics.com\\\/en\\\/#website\",\"url\":\"https:\\\/\\\/www.akuplastics.com\\\/en\\\/\",\"name\":\"Semi-Finished Products \u2013 Finished Parts \u2013 Ventilation Moulded Parts \u2013 Machines\",\"description\":\"Halbzeuge, Halbfabrikate, Kunststoffhalbzeuge, Kunststoffhalbfabrikate\",\"publisher\":{\"@id\":\"https:\\\/\\\/www.akuplastics.com\\\/en\\\/#organization\"},\"alternateName\":\"AKUPLASTICS \u2013 Engineering in Plastics\",\"potentialAction\":[{\"@type\":\"SearchAction\",\"target\":{\"@type\":\"EntryPoint\",\"urlTemplate\":\"https:\\\/\\\/www.akuplastics.com\\\/en\\\/?s={search_term_string}\"},\"query-input\":{\"@type\":\"PropertyValueSpecification\",\"valueRequired\":true,\"valueName\":\"search_term_string\"}}],\"inLanguage\":\"en-US\"},{\"@type\":\"Organization\",\"@id\":\"https:\\\/\\\/www.akuplastics.com\\\/en\\\/#organization\",\"name\":\"Ing. Christian Ahlborn e.U.\",\"alternateName\":\"AKU\",\"url\":\"https:\\\/\\\/www.akuplastics.com\\\/en\\\/\",\"logo\":{\"@type\":\"ImageObject\",\"inLanguage\":\"en-US\",\"@id\":\"https:\\\/\\\/www.akuplastics.com\\\/en\\\/#\\\/schema\\\/logo\\\/image\\\/\",\"url\":\"https:\\\/\\\/www.akuplastics.com\\\/wp-content\\\/uploads\\\/2020\\\/07\\\/Grafik14-inkl-r.png\",\"contentUrl\":\"https:\\\/\\\/www.akuplastics.com\\\/wp-content\\\/uploads\\\/2020\\\/07\\\/Grafik14-inkl-r.png\",\"width\":1994,\"height\":743,\"caption\":\"Ing. Christian Ahlborn e.U.\"},\"image\":{\"@id\":\"https:\\\/\\\/www.akuplastics.com\\\/en\\\/#\\\/schema\\\/logo\\\/image\\\/\"}}]}<\/script>\n<!-- \/ Yoast SEO Premium plugin. -->","yoast_head_json":{"title":"Surface welding machine Pallet panels Plastic welding machine Welding system","description":"The Y-P-SF series of surface welding machines are robust all-round machines that have been developed for welding large-surface components in a horizontal arrangement. The welding cycle runs fully automatically and the most important welding parameters are determined by a master computer.","robots":{"index":"index","follow":"follow","max-snippet":"max-snippet:-1","max-image-preview":"max-image-preview:large","max-video-preview":"max-video-preview:-1"},"canonical":"https:\/\/www.akuplastics.com\/en\/surface-welding-machine\/","schema":{"@context":"https:\/\/schema.org","@graph":[{"@type":"WebPage","@id":"https:\/\/www.akuplastics.com\/en\/surface-welding-machine\/","url":"https:\/\/www.akuplastics.com\/en\/surface-welding-machine\/","name":"Surface welding machine Pallet panels Plastic welding machine Welding system","isPartOf":{"@id":"https:\/\/www.akuplastics.com\/en\/#website"},"primaryImageOfPage":{"@id":"https:\/\/www.akuplastics.com\/en\/surface-welding-machine\/#primaryimage"},"image":{"@id":"https:\/\/www.akuplastics.com\/en\/surface-welding-machine\/#primaryimage"},"thumbnailUrl":"https:\/\/www.akuplastics.com\/wp-content\/uploads\/2024\/04\/Flaechenschweissanlage-innen-300x225.jpg","datePublished":"2024-04-12T16:09:57+00:00","dateModified":"2025-03-29T15:40:01+00:00","description":"The Y-P-SF series of surface welding machines are robust all-round machines that have been developed for welding large-surface components in a horizontal arrangement. The welding cycle runs fully automatically and the most important welding parameters are determined by a master computer.","breadcrumb":{"@id":"https:\/\/www.akuplastics.com\/en\/surface-welding-machine\/#breadcrumb"},"inLanguage":"en-US","potentialAction":[{"@type":"ReadAction","target":["https:\/\/www.akuplastics.com\/en\/surface-welding-machine\/"]}]},{"@type":"ImageObject","inLanguage":"en-US","@id":"https:\/\/www.akuplastics.com\/en\/surface-welding-machine\/#primaryimage","url":"https:\/\/www.akuplastics.com\/wp-content\/uploads\/2024\/04\/Flaechenschweissanlage-innen-300x225.jpg","contentUrl":"https:\/\/www.akuplastics.com\/wp-content\/uploads\/2024\/04\/Flaechenschweissanlage-innen-300x225.jpg"},{"@type":"BreadcrumbList","@id":"https:\/\/www.akuplastics.com\/en\/surface-welding-machine\/#breadcrumb","itemListElement":[{"@type":"ListItem","position":1,"name":"Homepage","item":"https:\/\/www.akuplastics.com\/en\/"},{"@type":"ListItem","position":2,"name":"Surface welding machine"}]},{"@type":"WebSite","@id":"https:\/\/www.akuplastics.com\/en\/#website","url":"https:\/\/www.akuplastics.com\/en\/","name":"Semi-Finished Products \u2013 Finished Parts \u2013 Ventilation Moulded Parts \u2013 Machines","description":"Halbzeuge, Halbfabrikate, Kunststoffhalbzeuge, Kunststoffhalbfabrikate","publisher":{"@id":"https:\/\/www.akuplastics.com\/en\/#organization"},"alternateName":"AKUPLASTICS \u2013 Engineering in Plastics","potentialAction":[{"@type":"SearchAction","target":{"@type":"EntryPoint","urlTemplate":"https:\/\/www.akuplastics.com\/en\/?s={search_term_string}"},"query-input":{"@type":"PropertyValueSpecification","valueRequired":true,"valueName":"search_term_string"}}],"inLanguage":"en-US"},{"@type":"Organization","@id":"https:\/\/www.akuplastics.com\/en\/#organization","name":"Ing. Christian Ahlborn e.U.","alternateName":"AKU","url":"https:\/\/www.akuplastics.com\/en\/","logo":{"@type":"ImageObject","inLanguage":"en-US","@id":"https:\/\/www.akuplastics.com\/en\/#\/schema\/logo\/image\/","url":"https:\/\/www.akuplastics.com\/wp-content\/uploads\/2020\/07\/Grafik14-inkl-r.png","contentUrl":"https:\/\/www.akuplastics.com\/wp-content\/uploads\/2020\/07\/Grafik14-inkl-r.png","width":1994,"height":743,"caption":"Ing. Christian Ahlborn e.U."},"image":{"@id":"https:\/\/www.akuplastics.com\/en\/#\/schema\/logo\/image\/"}}]}},"_links":{"self":[{"href":"https:\/\/www.akuplastics.com\/en\/wp-json\/wp\/v2\/pages\/21464","targetHints":{"allow":["GET"]}}],"collection":[{"href":"https:\/\/www.akuplastics.com\/en\/wp-json\/wp\/v2\/pages"}],"about":[{"href":"https:\/\/www.akuplastics.com\/en\/wp-json\/wp\/v2\/types\/page"}],"author":[{"embeddable":true,"href":"https:\/\/www.akuplastics.com\/en\/wp-json\/wp\/v2\/users\/3"}],"replies":[{"embeddable":true,"href":"https:\/\/www.akuplastics.com\/en\/wp-json\/wp\/v2\/comments?post=21464"}],"version-history":[{"count":7,"href":"https:\/\/www.akuplastics.com\/en\/wp-json\/wp\/v2\/pages\/21464\/revisions"}],"predecessor-version":[{"id":26526,"href":"https:\/\/www.akuplastics.com\/en\/wp-json\/wp\/v2\/pages\/21464\/revisions\/26526"}],"wp:attachment":[{"href":"https:\/\/www.akuplastics.com\/en\/wp-json\/wp\/v2\/media?parent=21464"}],"curies":[{"name":"wp","href":"https:\/\/api.w.org\/{rel}","templated":true}]}}