{"id":20972,"date":"2024-04-10T14:37:36","date_gmt":"2024-04-10T12:37:36","guid":{"rendered":"https:\/\/www.akuplastics.com\/hsk-apx300-tarps\/"},"modified":"2024-04-19T09:32:41","modified_gmt":"2024-04-19T07:32:41","slug":"hot-air-tarps-truck-plastic-welding-processing-repair","status":"publish","type":"page","link":"https:\/\/www.akuplastics.com\/en\/hot-air-tarps-truck-plastic-welding-processing-repair\/","title":{"rendered":"HSK-APX300 tarps"},"content":{"rendered":"\t\t<div data-elementor-type=\"wp-page\" data-elementor-id=\"20972\" class=\"elementor elementor-20972 elementor-20954\" data-elementor-post-type=\"page\">\n\t\t\t\t\t\t<section class=\"elementor-section elementor-top-section elementor-element elementor-element-b6f191f elementor-section-boxed elementor-section-height-default elementor-section-height-default\" data-id=\"b6f191f\" data-element_type=\"section\" data-e-type=\"section\">\n\t\t\t\t\t\t<div class=\"elementor-container elementor-column-gap-default\">\n\t\t\t\t\t<div class=\"elementor-column elementor-col-100 elementor-top-column elementor-element elementor-element-2109bfd\" data-id=\"2109bfd\" data-element_type=\"column\" data-e-type=\"column\">\n\t\t\t<div class=\"elementor-widget-wrap elementor-element-populated\">\n\t\t\t\t\t\t<div class=\"elementor-element elementor-element-5a31dc9 elementor-widget elementor-widget-text-editor\" data-id=\"5a31dc9\" data-element_type=\"widget\" data-e-type=\"widget\" data-widget_type=\"text-editor.default\">\n\t\t\t\t<div class=\"elementor-widget-container\">\n\t\t\t\t\t\t\t\t\t<h1>APX300 hot air hand tool set for professional processing or repair of truck tarpaulins.<\/h1>\n\t\t\t\t\t\t\t\t<\/div>\n\t\t\t\t<\/div>\n\t\t\t\t<section class=\"elementor-section elementor-inner-section elementor-element elementor-element-5386378 elementor-section-boxed elementor-section-height-default elementor-section-height-default\" data-id=\"5386378\" data-element_type=\"section\" data-e-type=\"section\">\n\t\t\t\t\t\t<div class=\"elementor-container elementor-column-gap-default\">\n\t\t\t\t\t<div class=\"elementor-column elementor-col-50 elementor-inner-column elementor-element elementor-element-3819d49\" data-id=\"3819d49\" data-element_type=\"column\" data-e-type=\"column\">\n\t\t\t<div class=\"elementor-widget-wrap elementor-element-populated\">\n\t\t\t\t\t\t<div class=\"elementor-element elementor-element-b64a1c7 elementor-widget elementor-widget-text-editor\" data-id=\"b64a1c7\" data-element_type=\"widget\" data-e-type=\"widget\" data-widget_type=\"text-editor.default\">\n\t\t\t\t<div class=\"elementor-widget-container\">\n\t\t\t\t\t\t\t\t\t<p>As a fabricator of tarps, you know how important it is to have reliable and powerful tools to implement your projects or carry out repairs efficiently.<\/p><p>The APX300 as a set is just that: a compact and powerful hot air hand tool that has been specially developed for a variety of professional applications, including the repair of truck tarpaulins. This also includes the necessary accessories to realize this.<\/p><p><span style=\"color: var( --e-global-color-text ); font-family: var( --e-global-typography-text-font-family ), arial; font-size: var( --e-global-typography-text-font-size ); font-weight: var( --e-global-typography-text-font-weight ); letter-spacing: 0px;\">With its modern design and solid performance, the APX300 is impressive across the board. Whether you need to weld tarps, shape materials or process surfaces, this device offers you the performance and reliability you need to carry out your work with the utmost precision.<\/span><\/p><p>\u00a0<\/p><p>What particularly distinguishes the APX300 is its unbeatable price-performance ratio. Despite its first-class quality and performance, this appliance is extremely affordable and therefore offers you excellent value for money.<\/p><p>Discover the advantages of the APX300 and experience how this compact and powerful hot air hand tool optimizes your workflow and helps you to<span style=\"color: var( --e-global-color-text ); font-family: var( --e-global-typography-text-font-family ), arial; font-size: var( --e-global-typography-text-font-size ); font-weight: var( --e-global-typography-text-font-weight ); letter-spacing: 0px;\"> master<\/span> your projects with ease.<\/p><p>\u00a0<\/p><p><strong>Functions:<\/strong><\/p><ul><li>Stepless variable temperature setting up to 700\u00b0C<\/li><li>Ceramic heating element<\/li><li>Robust brush motor<\/li><li><span style=\"background-color: transparent; color: var( --e-global-color-text ); font-family: var( --e-global-typography-text-font-family ), arial; font-weight: var( --e-global-typography-text-font-weight ); letter-spacing: 0px;\">Ergonomic handle<\/span><\/li><li><span style=\"background-color: transparent; color: var( --e-global-color-text ); font-family: var( --e-global-typography-text-font-family ), arial; font-weight: var( --e-global-typography-text-font-weight ); letter-spacing: 0px;\">Dust filter<\/span><\/li><\/ul><div>\u00a0<\/div><div><p><strong>Scope of delivery<\/strong><\/p><ul><li>APX300 hot air hand tool<\/li><li>Additional ceramic heating element<\/li><li>Wide slot nozzle 20 mm<\/li><li>Wide slot nozzle 40 mm<\/li><li>Pressure roller 45 mm 1-arm<\/li><li>Transport case<\/li><\/ul><\/div><div>\u00a0<\/div><p><strong>Technical data <\/strong><\/p><ul><li>Voltage 230V<\/li><li>Max. Power 1600W<\/li><li>Temperature 40-700\u00b0C<\/li><li>Air volume 240l\/min<\/li><li>Static pressure 2600Pa<\/li><li>Dimensions LxW 346&#215;101 mm<\/li><li>Handle \u00d859 mm<\/li><\/ul><div>\u00a0<\/div><div><strong>Product brochures PDF<\/strong><\/div><div><strong><a href=\"https:\/\/www.akuplastics.com\/wp-content\/uploads\/2024\/04\/Handschweissgeraet-HSK-APX300-SET_AKU-DE-.pdf\" target=\"_blank\" rel=\"noopener\">Hand welder APX300 SET_AKU EN<\/a><\/strong><\/div><div><strong><a href=\"https:\/\/www.akuplastics.com\/wp-content\/uploads\/2024\/04\/hot-air-hand-tool-HSK-APX300-SET_AKU-EN.pdf\" target=\"_blank\" rel=\"noopener\">hot air hand tool APX300 SET_AKU EN<\/a><\/strong><\/div><div><strong><a href=\"https:\/\/www.akuplastics.com\/wp-content\/uploads\/2024\/04\/Aparat-de-sudura-manuala-cu-aer-cald-HSK-APX300-SET-GA.pdf\" target=\"_blank\" rel=\"noopener\">Aparat de sudura manuala cu aer cald APX300 SET RO<\/a><\/strong><\/div><div><strong><a href=\"https:\/\/www.akuplastics.com\/wp-content\/uploads\/2024\/04\/Kezi-Holegfuvo_Muanyag-hegeszto-HSK-APX300-SET-GA.pdf\" target=\"_blank\" rel=\"noopener\">K\u00e9zi H\u0151l\u00e9gf\u00fav\u00f3_M\u0171anyag hegeszt\u0151 APX300 SET HU<\/a><\/strong><\/div><div>\u00a0<\/div><div>\u00a0<\/div><div>\u00a0<\/div><div>\u00a0<\/div>\t\t\t\t\t\t\t\t<\/div>\n\t\t\t\t<\/div>\n\t\t\t\t\t<\/div>\n\t\t<\/div>\n\t\t\t\t<div class=\"elementor-column elementor-col-50 elementor-inner-column elementor-element elementor-element-2b1eac8\" data-id=\"2b1eac8\" data-element_type=\"column\" data-e-type=\"column\">\n\t\t\t<div class=\"elementor-widget-wrap elementor-element-populated\">\n\t\t\t\t\t\t<div class=\"elementor-element elementor-element-700d6f6 elementor-widget elementor-widget-image\" data-id=\"700d6f6\" data-element_type=\"widget\" data-e-type=\"widget\" data-widget_type=\"image.default\">\n\t\t\t\t<div class=\"elementor-widget-container\">\n\t\t\t\t\t\t\t\t\t\t\t\t<figure class=\"wp-caption\">\n\t\t\t\t\t\t\t\t\t\t<img loading=\"lazy\" decoding=\"async\" width=\"300\" height=\"168\" src=\"https:\/\/www.akuplastics.com\/wp-content\/uploads\/2024\/04\/IMG_2307-300x168.png\" class=\"attachment-medium size-medium wp-image-21068\" alt=\"HSK-APX300 Hei\u00dfluft Handger\u00e4t Set  Verarbeitung Reparatur LKW Planen\" srcset=\"https:\/\/www.akuplastics.com\/wp-content\/uploads\/2024\/04\/IMG_2307-300x168.png 300w, https:\/\/www.akuplastics.com\/wp-content\/uploads\/2024\/04\/IMG_2307-1024x575.png 1024w, https:\/\/www.akuplastics.com\/wp-content\/uploads\/2024\/04\/IMG_2307-768x431.png 768w, https:\/\/www.akuplastics.com\/wp-content\/uploads\/2024\/04\/IMG_2307-1536x862.png 1536w, https:\/\/www.akuplastics.com\/wp-content\/uploads\/2024\/04\/IMG_2307.png 1920w\" sizes=\"auto, (max-width: 300px) 100vw, 300px\" \/>\t\t\t\t\t\t\t\t\t\t\t<figcaption class=\"widget-image-caption wp-caption-text\">Hot air hand tool set APX300 incl. carrying case truck tarpaulin<\/figcaption>\n\t\t\t\t\t\t\t\t\t\t<\/figure>\n\t\t\t\t\t\t\t\t\t<\/div>\n\t\t\t\t<\/div>\n\t\t\t\t<div class=\"elementor-element elementor-element-51a041c elementor-widget elementor-widget-image\" data-id=\"51a041c\" data-element_type=\"widget\" data-e-type=\"widget\" data-widget_type=\"image.default\">\n\t\t\t\t<div class=\"elementor-widget-container\">\n\t\t\t\t\t\t\t\t\t\t\t\t<figure class=\"wp-caption\">\n\t\t\t\t\t\t\t\t\t\t<img loading=\"lazy\" decoding=\"async\" width=\"168\" height=\"300\" src=\"https:\/\/www.akuplastics.com\/wp-content\/uploads\/2024\/04\/IMG_2313-168x300.png\" class=\"attachment-medium size-medium wp-image-21071\" alt=\"Hei\u00dfluft Handger\u00e4t Set  APX300 LKW Planen\" srcset=\"https:\/\/www.akuplastics.com\/wp-content\/uploads\/2024\/04\/IMG_2313-168x300.png 168w, https:\/\/www.akuplastics.com\/wp-content\/uploads\/2024\/04\/IMG_2313-575x1024.png 575w, https:\/\/www.akuplastics.com\/wp-content\/uploads\/2024\/04\/IMG_2313-768x1368.png 768w, https:\/\/www.akuplastics.com\/wp-content\/uploads\/2024\/04\/IMG_2313-862x1536.png 862w, https:\/\/www.akuplastics.com\/wp-content\/uploads\/2024\/04\/IMG_2313.png 1078w\" sizes=\"auto, (max-width: 168px) 100vw, 168px\" \/>\t\t\t\t\t\t\t\t\t\t\t<figcaption class=\"widget-image-caption wp-caption-text\">Hot air hand tool set APX300 truck tarpaulins<\/figcaption>\n\t\t\t\t\t\t\t\t\t\t<\/figure>\n\t\t\t\t\t\t\t\t\t<\/div>\n\t\t\t\t<\/div>\n\t\t\t\t<div class=\"elementor-element elementor-element-2334789 elementor-widget elementor-widget-image\" data-id=\"2334789\" data-element_type=\"widget\" data-e-type=\"widget\" data-widget_type=\"image.default\">\n\t\t\t\t<div class=\"elementor-widget-container\">\n\t\t\t\t\t\t\t\t\t\t\t\t<figure class=\"wp-caption\">\n\t\t\t\t\t\t\t\t\t\t<img loading=\"lazy\" decoding=\"async\" width=\"300\" height=\"168\" src=\"https:\/\/www.akuplastics.com\/wp-content\/uploads\/2024\/04\/IMG_2317-300x168.png\" class=\"attachment-medium size-medium wp-image-21031\" alt=\"HSK-APX300 Hei\u00dfluft Handger\u00e4t Set  Verarbeitung Reparatur LKW Planen\" srcset=\"https:\/\/www.akuplastics.com\/wp-content\/uploads\/2024\/04\/IMG_2317-300x168.png 300w, https:\/\/www.akuplastics.com\/wp-content\/uploads\/2024\/04\/IMG_2317-1024x575.png 1024w, https:\/\/www.akuplastics.com\/wp-content\/uploads\/2024\/04\/IMG_2317-768x431.png 768w, https:\/\/www.akuplastics.com\/wp-content\/uploads\/2024\/04\/IMG_2317-1536x862.png 1536w, https:\/\/www.akuplastics.com\/wp-content\/uploads\/2024\/04\/IMG_2317.png 1920w\" sizes=\"auto, (max-width: 300px) 100vw, 300px\" \/>\t\t\t\t\t\t\t\t\t\t\t<figcaption class=\"widget-image-caption wp-caption-text\"> APX-300 hot air hand tool in truck tarpaulin set<\/figcaption>\n\t\t\t\t\t\t\t\t\t\t<\/figure>\n\t\t\t\t\t\t\t\t\t<\/div>\n\t\t\t\t<\/div>\n\t\t\t\t<div class=\"elementor-element elementor-element-bb58773 elementor-widget elementor-widget-image\" data-id=\"bb58773\" data-element_type=\"widget\" data-e-type=\"widget\" data-widget_type=\"image.default\">\n\t\t\t\t<div class=\"elementor-widget-container\">\n\t\t\t\t\t\t\t\t\t\t\t\t<figure class=\"wp-caption\">\n\t\t\t\t\t\t\t\t\t\t<img loading=\"lazy\" decoding=\"async\" width=\"168\" height=\"300\" src=\"https:\/\/www.akuplastics.com\/wp-content\/uploads\/2024\/04\/IMG_2329-168x300.png\" class=\"attachment-medium size-medium wp-image-21053\" alt=\"HSK-APX300 Hei\u00dfluft Handger\u00e4t Set  Verarbeitung Reparatur LKW Planen\" srcset=\"https:\/\/www.akuplastics.com\/wp-content\/uploads\/2024\/04\/IMG_2329-168x300.png 168w, https:\/\/www.akuplastics.com\/wp-content\/uploads\/2024\/04\/IMG_2329-575x1024.png 575w, https:\/\/www.akuplastics.com\/wp-content\/uploads\/2024\/04\/IMG_2329-768x1368.png 768w, https:\/\/www.akuplastics.com\/wp-content\/uploads\/2024\/04\/IMG_2329-862x1536.png 862w, https:\/\/www.akuplastics.com\/wp-content\/uploads\/2024\/04\/IMG_2329.png 1078w\" sizes=\"auto, (max-width: 168px) 100vw, 168px\" \/>\t\t\t\t\t\t\t\t\t\t\t<figcaption class=\"widget-image-caption wp-caption-text\">Wide slot nozzle 40 mm in hot air hand tool set for truck tarpaulins<\/figcaption>\n\t\t\t\t\t\t\t\t\t\t<\/figure>\n\t\t\t\t\t\t\t\t\t<\/div>\n\t\t\t\t<\/div>\n\t\t\t\t<div class=\"elementor-element elementor-element-f583e74 elementor-widget elementor-widget-image\" data-id=\"f583e74\" data-element_type=\"widget\" data-e-type=\"widget\" data-widget_type=\"image.default\">\n\t\t\t\t<div class=\"elementor-widget-container\">\n\t\t\t\t\t\t\t\t\t\t\t\t<figure class=\"wp-caption\">\n\t\t\t\t\t\t\t\t\t\t<img loading=\"lazy\" decoding=\"async\" width=\"168\" height=\"300\" src=\"https:\/\/www.akuplastics.com\/wp-content\/uploads\/2024\/04\/IMG_2331-168x300.png\" class=\"attachment-medium size-medium wp-image-21059\" alt=\"Breitschlitzd\u00fcse 40 mm Hei\u00dfluft Handger\u00e4t Set  Verarbeitung Reparatur LKW Planen\" srcset=\"https:\/\/www.akuplastics.com\/wp-content\/uploads\/2024\/04\/IMG_2331-168x300.png 168w, https:\/\/www.akuplastics.com\/wp-content\/uploads\/2024\/04\/IMG_2331-575x1024.png 575w, https:\/\/www.akuplastics.com\/wp-content\/uploads\/2024\/04\/IMG_2331-768x1368.png 768w, https:\/\/www.akuplastics.com\/wp-content\/uploads\/2024\/04\/IMG_2331-862x1536.png 862w, https:\/\/www.akuplastics.com\/wp-content\/uploads\/2024\/04\/IMG_2331.png 1078w\" sizes=\"auto, (max-width: 168px) 100vw, 168px\" \/>\t\t\t\t\t\t\t\t\t\t\t<figcaption class=\"widget-image-caption wp-caption-text\">Wide slot nozzle 20 mm in hot air hand tool set for truck tarpaulins<\/figcaption>\n\t\t\t\t\t\t\t\t\t\t<\/figure>\n\t\t\t\t\t\t\t\t\t<\/div>\n\t\t\t\t<\/div>\n\t\t\t\t<div class=\"elementor-element elementor-element-30f0508 elementor-widget elementor-widget-image\" data-id=\"30f0508\" data-element_type=\"widget\" data-e-type=\"widget\" data-widget_type=\"image.default\">\n\t\t\t\t<div class=\"elementor-widget-container\">\n\t\t\t\t\t\t\t\t\t\t\t\t<figure class=\"wp-caption\">\n\t\t\t\t\t\t\t\t\t\t<img loading=\"lazy\" decoding=\"async\" width=\"168\" height=\"300\" src=\"https:\/\/www.akuplastics.com\/wp-content\/uploads\/2024\/04\/IMG_2337-168x300.png\" class=\"attachment-medium size-medium wp-image-21062\" alt=\"Breitschlitzd\u00fcse 20 mm Hei\u00dfluft Handger\u00e4t Set  Verarbeitung Reparatur LKW Planen\" srcset=\"https:\/\/www.akuplastics.com\/wp-content\/uploads\/2024\/04\/IMG_2337-168x300.png 168w, https:\/\/www.akuplastics.com\/wp-content\/uploads\/2024\/04\/IMG_2337-575x1024.png 575w, https:\/\/www.akuplastics.com\/wp-content\/uploads\/2024\/04\/IMG_2337-768x1368.png 768w, https:\/\/www.akuplastics.com\/wp-content\/uploads\/2024\/04\/IMG_2337-862x1536.png 862w, https:\/\/www.akuplastics.com\/wp-content\/uploads\/2024\/04\/IMG_2337.png 1078w\" sizes=\"auto, (max-width: 168px) 100vw, 168px\" \/>\t\t\t\t\t\t\t\t\t\t\t<figcaption class=\"widget-image-caption wp-caption-text\">Ceramic heating element in the hot air hand tool set truck tarpaulins<\/figcaption>\n\t\t\t\t\t\t\t\t\t\t<\/figure>\n\t\t\t\t\t\t\t\t\t<\/div>\n\t\t\t\t<\/div>\n\t\t\t\t<div class=\"elementor-element elementor-element-d29d2aa elementor-widget elementor-widget-image\" data-id=\"d29d2aa\" data-element_type=\"widget\" data-e-type=\"widget\" data-widget_type=\"image.default\">\n\t\t\t\t<div class=\"elementor-widget-container\">\n\t\t\t\t\t\t\t\t\t\t\t\t<figure class=\"wp-caption\">\n\t\t\t\t\t\t\t\t\t\t<img loading=\"lazy\" decoding=\"async\" width=\"300\" height=\"168\" src=\"https:\/\/www.akuplastics.com\/wp-content\/uploads\/2024\/04\/IMG_2327-300x168.png\" class=\"attachment-medium size-medium wp-image-21050\" alt=\"Keramikheizelement Hei\u00dfluft Handger\u00e4t Set  Verarbeitung Reparatur LKW Planen\" srcset=\"https:\/\/www.akuplastics.com\/wp-content\/uploads\/2024\/04\/IMG_2327-300x168.png 300w, https:\/\/www.akuplastics.com\/wp-content\/uploads\/2024\/04\/IMG_2327-1024x575.png 1024w, https:\/\/www.akuplastics.com\/wp-content\/uploads\/2024\/04\/IMG_2327-768x431.png 768w, https:\/\/www.akuplastics.com\/wp-content\/uploads\/2024\/04\/IMG_2327-1536x862.png 1536w, https:\/\/www.akuplastics.com\/wp-content\/uploads\/2024\/04\/IMG_2327.png 1920w\" sizes=\"auto, (max-width: 300px) 100vw, 300px\" \/>\t\t\t\t\t\t\t\t\t\t\t<figcaption class=\"widget-image-caption wp-caption-text\">Pressure roller 45 mm 1-arm in hot air hand tool set for truck tarpaulins<\/figcaption>\n\t\t\t\t\t\t\t\t\t\t<\/figure>\n\t\t\t\t\t\t\t\t\t<\/div>\n\t\t\t\t<\/div>\n\t\t\t\t\t<\/div>\n\t\t<\/div>\n\t\t\t\t\t<\/div>\n\t\t<\/section>\n\t\t\t\t\t<\/div>\n\t\t<\/div>\n\t\t\t\t\t<\/div>\n\t\t<\/section>\n\t\t\t\t<\/div>\n\t\t","protected":false},"excerpt":{"rendered":"<p>APX300 hot air hand tool set for professional processing or repair of truck tarpaulins. As a fabricator of tarps, you know how important it is to have reliable and powerful tools to implement your projects or carry out repairs efficiently. The APX300 as a set is just that: a compact and powerful hot air hand [&hellip;]<\/p>\n","protected":false},"author":3,"featured_media":0,"parent":0,"menu_order":0,"comment_status":"closed","ping_status":"closed","template":"elementor_header_footer","meta":{"iawp_total_views":51,"footnotes":""},"class_list":["post-20972","page","type-page","status-publish","hentry"],"yoast_head":"<!-- This site is optimized with the Yoast SEO Premium plugin v27.4 (Yoast SEO v27.5) - https:\/\/yoast.com\/product\/yoast-seo-premium-wordpress\/ -->\n<title>Hot air tarps truck plastic welding processing repair<\/title>\n<meta name=\"description\" content=\"The APX300: reliable hot air hand tool for professional applications in tarpaulin processing or repair. Whether you need to weld tarps, shape materials or process surfaces, this device offers you the performance and reliability you need to carry out your work with the utmost precision.\" \/>\n<meta name=\"robots\" content=\"index, follow, max-snippet:-1, max-image-preview:large, max-video-preview:-1\" \/>\n<link rel=\"canonical\" href=\"https:\/\/www.akuplastics.com\/en\/hot-air-tarps-truck-plastic-welding-processing-repair\/\" \/>\n<script type=\"application\/ld+json\" class=\"yoast-schema-graph\">{\"@context\":\"https:\\\/\\\/schema.org\",\"@graph\":[{\"@type\":\"WebPage\",\"@id\":\"https:\\\/\\\/www.akuplastics.com\\\/en\\\/hot-air-tarps-truck-plastic-welding-processing-repair\\\/\",\"url\":\"https:\\\/\\\/www.akuplastics.com\\\/en\\\/hot-air-tarps-truck-plastic-welding-processing-repair\\\/\",\"name\":\"Hot air tarps truck plastic welding processing repair\",\"isPartOf\":{\"@id\":\"https:\\\/\\\/www.akuplastics.com\\\/en\\\/#website\"},\"primaryImageOfPage\":{\"@id\":\"https:\\\/\\\/www.akuplastics.com\\\/en\\\/hot-air-tarps-truck-plastic-welding-processing-repair\\\/#primaryimage\"},\"image\":{\"@id\":\"https:\\\/\\\/www.akuplastics.com\\\/en\\\/hot-air-tarps-truck-plastic-welding-processing-repair\\\/#primaryimage\"},\"thumbnailUrl\":\"https:\\\/\\\/www.akuplastics.com\\\/wp-content\\\/uploads\\\/2024\\\/04\\\/IMG_2307-300x168.png\",\"datePublished\":\"2024-04-10T12:37:36+00:00\",\"dateModified\":\"2024-04-19T07:32:41+00:00\",\"description\":\"The APX300: reliable hot air hand tool for professional applications in tarpaulin processing or repair. Whether you need to weld tarps, shape materials or process surfaces, this device offers you the performance and reliability you need to carry out your work with the utmost precision.\",\"breadcrumb\":{\"@id\":\"https:\\\/\\\/www.akuplastics.com\\\/en\\\/hot-air-tarps-truck-plastic-welding-processing-repair\\\/#breadcrumb\"},\"inLanguage\":\"en-US\",\"potentialAction\":[{\"@type\":\"ReadAction\",\"target\":[\"https:\\\/\\\/www.akuplastics.com\\\/en\\\/hot-air-tarps-truck-plastic-welding-processing-repair\\\/\"]}]},{\"@type\":\"ImageObject\",\"inLanguage\":\"en-US\",\"@id\":\"https:\\\/\\\/www.akuplastics.com\\\/en\\\/hot-air-tarps-truck-plastic-welding-processing-repair\\\/#primaryimage\",\"url\":\"https:\\\/\\\/www.akuplastics.com\\\/wp-content\\\/uploads\\\/2024\\\/04\\\/IMG_2307-300x168.png\",\"contentUrl\":\"https:\\\/\\\/www.akuplastics.com\\\/wp-content\\\/uploads\\\/2024\\\/04\\\/IMG_2307-300x168.png\"},{\"@type\":\"BreadcrumbList\",\"@id\":\"https:\\\/\\\/www.akuplastics.com\\\/en\\\/hot-air-tarps-truck-plastic-welding-processing-repair\\\/#breadcrumb\",\"itemListElement\":[{\"@type\":\"ListItem\",\"position\":1,\"name\":\"Homepage\",\"item\":\"https:\\\/\\\/www.akuplastics.com\\\/en\\\/\"},{\"@type\":\"ListItem\",\"position\":2,\"name\":\"HSK-APX300 tarps\"}]},{\"@type\":\"WebSite\",\"@id\":\"https:\\\/\\\/www.akuplastics.com\\\/en\\\/#website\",\"url\":\"https:\\\/\\\/www.akuplastics.com\\\/en\\\/\",\"name\":\"Semi-Finished Products \u2013 Finished Parts \u2013 Ventilation Moulded Parts \u2013 Machines\",\"description\":\"Halbzeuge, Halbfabrikate, Kunststoffhalbzeuge, Kunststoffhalbfabrikate\",\"publisher\":{\"@id\":\"https:\\\/\\\/www.akuplastics.com\\\/en\\\/#organization\"},\"alternateName\":\"AKUPLASTICS \u2013 Engineering in Plastics\",\"potentialAction\":[{\"@type\":\"SearchAction\",\"target\":{\"@type\":\"EntryPoint\",\"urlTemplate\":\"https:\\\/\\\/www.akuplastics.com\\\/en\\\/?s={search_term_string}\"},\"query-input\":{\"@type\":\"PropertyValueSpecification\",\"valueRequired\":true,\"valueName\":\"search_term_string\"}}],\"inLanguage\":\"en-US\"},{\"@type\":\"Organization\",\"@id\":\"https:\\\/\\\/www.akuplastics.com\\\/en\\\/#organization\",\"name\":\"Ing. Christian Ahlborn e.U.\",\"alternateName\":\"AKU\",\"url\":\"https:\\\/\\\/www.akuplastics.com\\\/en\\\/\",\"logo\":{\"@type\":\"ImageObject\",\"inLanguage\":\"en-US\",\"@id\":\"https:\\\/\\\/www.akuplastics.com\\\/en\\\/#\\\/schema\\\/logo\\\/image\\\/\",\"url\":\"https:\\\/\\\/www.akuplastics.com\\\/wp-content\\\/uploads\\\/2020\\\/07\\\/Grafik14-inkl-r.png\",\"contentUrl\":\"https:\\\/\\\/www.akuplastics.com\\\/wp-content\\\/uploads\\\/2020\\\/07\\\/Grafik14-inkl-r.png\",\"width\":1994,\"height\":743,\"caption\":\"Ing. Christian Ahlborn e.U.\"},\"image\":{\"@id\":\"https:\\\/\\\/www.akuplastics.com\\\/en\\\/#\\\/schema\\\/logo\\\/image\\\/\"}}]}<\/script>\n<!-- \/ Yoast SEO Premium plugin. -->","yoast_head_json":{"title":"Hot air tarps truck plastic welding processing repair","description":"The APX300: reliable hot air hand tool for professional applications in tarpaulin processing or repair. Whether you need to weld tarps, shape materials or process surfaces, this device offers you the performance and reliability you need to carry out your work with the utmost precision.","robots":{"index":"index","follow":"follow","max-snippet":"max-snippet:-1","max-image-preview":"max-image-preview:large","max-video-preview":"max-video-preview:-1"},"canonical":"https:\/\/www.akuplastics.com\/en\/hot-air-tarps-truck-plastic-welding-processing-repair\/","schema":{"@context":"https:\/\/schema.org","@graph":[{"@type":"WebPage","@id":"https:\/\/www.akuplastics.com\/en\/hot-air-tarps-truck-plastic-welding-processing-repair\/","url":"https:\/\/www.akuplastics.com\/en\/hot-air-tarps-truck-plastic-welding-processing-repair\/","name":"Hot air tarps truck plastic welding processing repair","isPartOf":{"@id":"https:\/\/www.akuplastics.com\/en\/#website"},"primaryImageOfPage":{"@id":"https:\/\/www.akuplastics.com\/en\/hot-air-tarps-truck-plastic-welding-processing-repair\/#primaryimage"},"image":{"@id":"https:\/\/www.akuplastics.com\/en\/hot-air-tarps-truck-plastic-welding-processing-repair\/#primaryimage"},"thumbnailUrl":"https:\/\/www.akuplastics.com\/wp-content\/uploads\/2024\/04\/IMG_2307-300x168.png","datePublished":"2024-04-10T12:37:36+00:00","dateModified":"2024-04-19T07:32:41+00:00","description":"The APX300: reliable hot air hand tool for professional applications in tarpaulin processing or repair. Whether you need to weld tarps, shape materials or process surfaces, this device offers you the performance and reliability you need to carry out your work with the utmost precision.","breadcrumb":{"@id":"https:\/\/www.akuplastics.com\/en\/hot-air-tarps-truck-plastic-welding-processing-repair\/#breadcrumb"},"inLanguage":"en-US","potentialAction":[{"@type":"ReadAction","target":["https:\/\/www.akuplastics.com\/en\/hot-air-tarps-truck-plastic-welding-processing-repair\/"]}]},{"@type":"ImageObject","inLanguage":"en-US","@id":"https:\/\/www.akuplastics.com\/en\/hot-air-tarps-truck-plastic-welding-processing-repair\/#primaryimage","url":"https:\/\/www.akuplastics.com\/wp-content\/uploads\/2024\/04\/IMG_2307-300x168.png","contentUrl":"https:\/\/www.akuplastics.com\/wp-content\/uploads\/2024\/04\/IMG_2307-300x168.png"},{"@type":"BreadcrumbList","@id":"https:\/\/www.akuplastics.com\/en\/hot-air-tarps-truck-plastic-welding-processing-repair\/#breadcrumb","itemListElement":[{"@type":"ListItem","position":1,"name":"Homepage","item":"https:\/\/www.akuplastics.com\/en\/"},{"@type":"ListItem","position":2,"name":"HSK-APX300 tarps"}]},{"@type":"WebSite","@id":"https:\/\/www.akuplastics.com\/en\/#website","url":"https:\/\/www.akuplastics.com\/en\/","name":"Semi-Finished Products \u2013 Finished Parts \u2013 Ventilation Moulded Parts \u2013 Machines","description":"Halbzeuge, Halbfabrikate, Kunststoffhalbzeuge, Kunststoffhalbfabrikate","publisher":{"@id":"https:\/\/www.akuplastics.com\/en\/#organization"},"alternateName":"AKUPLASTICS \u2013 Engineering in Plastics","potentialAction":[{"@type":"SearchAction","target":{"@type":"EntryPoint","urlTemplate":"https:\/\/www.akuplastics.com\/en\/?s={search_term_string}"},"query-input":{"@type":"PropertyValueSpecification","valueRequired":true,"valueName":"search_term_string"}}],"inLanguage":"en-US"},{"@type":"Organization","@id":"https:\/\/www.akuplastics.com\/en\/#organization","name":"Ing. Christian Ahlborn e.U.","alternateName":"AKU","url":"https:\/\/www.akuplastics.com\/en\/","logo":{"@type":"ImageObject","inLanguage":"en-US","@id":"https:\/\/www.akuplastics.com\/en\/#\/schema\/logo\/image\/","url":"https:\/\/www.akuplastics.com\/wp-content\/uploads\/2020\/07\/Grafik14-inkl-r.png","contentUrl":"https:\/\/www.akuplastics.com\/wp-content\/uploads\/2020\/07\/Grafik14-inkl-r.png","width":1994,"height":743,"caption":"Ing. Christian Ahlborn e.U."},"image":{"@id":"https:\/\/www.akuplastics.com\/en\/#\/schema\/logo\/image\/"}}]}},"_links":{"self":[{"href":"https:\/\/www.akuplastics.com\/en\/wp-json\/wp\/v2\/pages\/20972","targetHints":{"allow":["GET"]}}],"collection":[{"href":"https:\/\/www.akuplastics.com\/en\/wp-json\/wp\/v2\/pages"}],"about":[{"href":"https:\/\/www.akuplastics.com\/en\/wp-json\/wp\/v2\/types\/page"}],"author":[{"embeddable":true,"href":"https:\/\/www.akuplastics.com\/en\/wp-json\/wp\/v2\/users\/3"}],"replies":[{"embeddable":true,"href":"https:\/\/www.akuplastics.com\/en\/wp-json\/wp\/v2\/comments?post=20972"}],"version-history":[{"count":15,"href":"https:\/\/www.akuplastics.com\/en\/wp-json\/wp\/v2\/pages\/20972\/revisions"}],"predecessor-version":[{"id":22388,"href":"https:\/\/www.akuplastics.com\/en\/wp-json\/wp\/v2\/pages\/20972\/revisions\/22388"}],"wp:attachment":[{"href":"https:\/\/www.akuplastics.com\/en\/wp-json\/wp\/v2\/media?parent=20972"}],"curies":[{"name":"wp","href":"https:\/\/api.w.org\/{rel}","templated":true}]}}